{"id":20808,"date":"2025-12-20T07:36:00","date_gmt":"2025-12-20T06:36:00","guid":{"rendered":"https:\/\/www.mentaymora.com\/?post_type=product&#038;p=20808"},"modified":"2025-12-20T07:37:41","modified_gmt":"2025-12-20T06:37:41","slug":"chupetero-personalizado-atletico-de-madrid","status":"publish","type":"product","link":"https:\/\/www.mentaymora.com\/index.php\/producto\/chupetero-personalizado-atletico-de-madrid\/","title":{"rendered":"Chupetero Personalizado \u00abAtl\u00e9tico de Madrid\u00bb"},"content":{"rendered":"<p>Chupetero Personalizado \u00abAtl\u00e9tico de Madrid\u00bb<\/p>\n<div class=\"x_elementToProof\">\n<p>El\u00a0<strong>chupetero personalizado con el nombre del beb\u00e9<\/strong>\u00a0es un accesorio esencial para el equipamiento de guarder\u00eda. No solo es pr\u00e1ctico, sino que tambi\u00e9n ofrece seguridad y estilo en todo momento.<\/p>\n<p><strong>Caracter\u00edsticas destacadas<\/strong>:<\/p>\n<ul>\n<li><strong>Silicona de grado alimenticio<\/strong>: El chupetero est\u00e1 fabricado con\u00a0<strong>silicona de grado alimenticio<\/strong>, garantizando que no pierda propiedades ni sea nocivo para el beb\u00e9. Es completamente seguro para el contacto con la boca y la saliva.<\/li>\n<li><strong>Libre de sustancias t\u00f3xicas<\/strong>: Este chupetero es\u00a0<strong>libre de BPA<\/strong>,\u00a0<strong>PVC<\/strong>,\u00a0<strong>ftalatos<\/strong>,\u00a0<strong>cadmio<\/strong>,\u00a0<strong>plomo<\/strong>\u00a0y\u00a0<strong>l\u00e1tex<\/strong>, lo que asegura que tu beb\u00e9 est\u00e9 protegido contra materiales peligrosos.<\/li>\n<\/ul>\n<p><strong>Recomendaciones de uso<\/strong>:<\/p>\n<ul>\n<li>No se debe usar el chupetero como juguete.<\/li>\n<li>Se recomienda limpiarlo con\u00a0<strong>agua y jab\u00f3n<\/strong>\u00a0y aclararlo bien cuando sea necesario.<\/li>\n<li>La vida \u00fatil del chupetero no debe superar los\u00a0<strong>3 meses de uso<\/strong>.<\/li>\n<li>Retirar el chupetero cuando el beb\u00e9 se encuentre en la\u00a0<strong>cuna, mois\u00e9s o cama<\/strong>.<\/li>\n<li style=\"list-style-type: none;\">\u00a0<\/li>\n<\/ul>\n<p>Este chupetero personalizado es ideal para mantener el chupete siempre a mano de forma segura, mientras a\u00f1ade un toque personal al guardarropa de tu beb\u00e9.<\/p>\n<p style=\"text-align: center;\"><a href=\"https:\/\/www.mentaymora.com\/\">Menta y Mora<\/a> Te Enamora\u00a0 \u00a0 \u00a0 S\u00edguenos en nuestras RRSS (<a href=\"https:\/\/es-es.facebook.com\/MentayMora\/\">Facebook<\/a>\u00a0e\u00a0<a href=\"https:\/\/www.instagram.com\/mentaymora.illescas\/?hl=es\">Instagram<\/a>)\u00a0 \u00a0 \u00a0\u00a0Si tienes alguna consulta,\u00a0<a href=\"mailto:%20info@mentaymora.com\">preg\u00fantanos<\/a><\/p>\n<\/div>\n","protected":false},"excerpt":{"rendered":"<p>El\u00a0<strong>chupetero personalizado con el nombre del beb\u00e9<\/strong>\u00a0es un accesorio esencial para el equipamiento de guarder\u00eda. No solo es pr\u00e1ctico, sino que tambi\u00e9n ofrece seguridad y estilo en todo momento.<\/p>\n<ul>\n<li><strong>Silicona de grado alimenticio<\/strong>: El chupetero est\u00e1 fabricado con\u00a0<strong>silicona de grado alimenticio<\/strong>, garantizando que no pierda propiedades ni sea nocivo para el beb\u00e9. Es completamente seguro para el contacto con la boca y la saliva.<\/li>\n<\/ul>\n","protected":false},"featured_media":20809,"comment_status":"open","ping_status":"closed","template":"","meta":{"_acf_changed":false,"_joinchat":[]},"product_brand":[1539],"product_cat":[1402],"product_tag":[1729,1403],"class_list":{"0":"post-20808","1":"product","2":"type-product","3":"status-publish","4":"has-post-thumbnail","6":"product_brand-menta-y-mora","7":"product_cat-chupeteros","8":"product_tag-atleti","9":"product_tag-chupetero","10":"latest_post","12":"first","13":"instock","14":"taxable","15":"shipping-taxable","16":"purchasable","17":"product-type-simple"},"acf":[],"yoast_head":"<!-- This site is optimized with the Yoast SEO plugin v27.4 - https:\/\/yoast.com\/product\/yoast-seo-wordpress\/ -->\n<title>Chupetero Personalizado \u00abAtl\u00e9tico de Madrid\u00bb - Menta y Mora<\/title>\n<meta name=\"description\" content=\"Chupetero Personalizado \u00abAtl\u00e9tico de Madrid\u00bb El\u00a0chupetero personalizado con el nombre del beb\u00e9\u00a0es un accesorio esencial para el equipamiento de guarder\u00eda.\" \/>\n<meta name=\"robots\" content=\"index, follow, max-snippet:-1, max-image-preview:large, max-video-preview:-1\" \/>\n<link rel=\"canonical\" href=\"https:\/\/www.mentaymora.com\/index.php\/producto\/chupetero-personalizado-atletico-de-madrid\/\" \/>\n<meta property=\"og:locale\" content=\"es_ES\" \/>\n<meta property=\"og:type\" content=\"article\" \/>\n<meta property=\"og:title\" content=\"Chupetero Personalizado \u00abAtl\u00e9tico de Madrid\u00bb - Menta y Mora\" \/>\n<meta property=\"og:description\" content=\"Chupetero Personalizado \u00abAtl\u00e9tico de Madrid\u00bb El\u00a0chupetero personalizado con el nombre del beb\u00e9\u00a0es un accesorio esencial para el equipamiento de guarder\u00eda.\" \/>\n<meta property=\"og:url\" content=\"https:\/\/www.mentaymora.com\/index.php\/producto\/chupetero-personalizado-atletico-de-madrid\/\" \/>\n<meta property=\"og:site_name\" content=\"Menta y Mora\" \/>\n<meta property=\"article:publisher\" content=\"https:\/\/es-es.facebook.com\/MentayMora\/\" \/>\n<meta property=\"article:modified_time\" content=\"2025-12-20T06:37:41+00:00\" \/>\n<meta property=\"og:image\" content=\"https:\/\/www.mentaymora.com\/wp-content\/uploads\/2025\/12\/chupetero_estrella_atletico_de_madrid.jpg\" \/>\n\t<meta property=\"og:image:width\" content=\"864\" \/>\n\t<meta property=\"og:image:height\" content=\"864\" \/>\n\t<meta property=\"og:image:type\" content=\"image\/jpeg\" \/>\n<meta name=\"twitter:card\" content=\"summary_large_image\" \/>\n<meta name=\"twitter:label1\" content=\"Tiempo de lectura\" \/>\n\t<meta name=\"twitter:data1\" content=\"2 minutos\" \/>\n<script type=\"application\/ld+json\" class=\"yoast-schema-graph\">{\"@context\":\"https:\\\/\\\/schema.org\",\"@graph\":[{\"@type\":\"WebPage\",\"@id\":\"https:\\\/\\\/www.mentaymora.com\\\/index.php\\\/producto\\\/chupetero-personalizado-atletico-de-madrid\\\/\",\"url\":\"https:\\\/\\\/www.mentaymora.com\\\/index.php\\\/producto\\\/chupetero-personalizado-atletico-de-madrid\\\/\",\"name\":\"Chupetero Personalizado \u00abAtl\u00e9tico de Madrid\u00bb - Menta y Mora\",\"isPartOf\":{\"@id\":\"https:\\\/\\\/www.mentaymora.com\\\/#website\"},\"primaryImageOfPage\":{\"@id\":\"https:\\\/\\\/www.mentaymora.com\\\/index.php\\\/producto\\\/chupetero-personalizado-atletico-de-madrid\\\/#primaryimage\"},\"image\":{\"@id\":\"https:\\\/\\\/www.mentaymora.com\\\/index.php\\\/producto\\\/chupetero-personalizado-atletico-de-madrid\\\/#primaryimage\"},\"thumbnailUrl\":\"https:\\\/\\\/www.mentaymora.com\\\/wp-content\\\/uploads\\\/2025\\\/12\\\/chupetero_estrella_atletico_de_madrid.jpg\",\"datePublished\":\"2025-12-20T06:36:00+00:00\",\"dateModified\":\"2025-12-20T06:37:41+00:00\",\"description\":\"Chupetero Personalizado \u00abAtl\u00e9tico de Madrid\u00bb El\u00a0chupetero personalizado con el nombre del beb\u00e9\u00a0es un accesorio esencial para el equipamiento de guarder\u00eda.\",\"breadcrumb\":{\"@id\":\"https:\\\/\\\/www.mentaymora.com\\\/index.php\\\/producto\\\/chupetero-personalizado-atletico-de-madrid\\\/#breadcrumb\"},\"inLanguage\":\"es\",\"potentialAction\":[{\"@type\":\"ReadAction\",\"target\":[\"https:\\\/\\\/www.mentaymora.com\\\/index.php\\\/producto\\\/chupetero-personalizado-atletico-de-madrid\\\/\"]}]},{\"@type\":\"ImageObject\",\"inLanguage\":\"es\",\"@id\":\"https:\\\/\\\/www.mentaymora.com\\\/index.php\\\/producto\\\/chupetero-personalizado-atletico-de-madrid\\\/#primaryimage\",\"url\":\"https:\\\/\\\/www.mentaymora.com\\\/wp-content\\\/uploads\\\/2025\\\/12\\\/chupetero_estrella_atletico_de_madrid.jpg\",\"contentUrl\":\"https:\\\/\\\/www.mentaymora.com\\\/wp-content\\\/uploads\\\/2025\\\/12\\\/chupetero_estrella_atletico_de_madrid.jpg\",\"width\":864,\"height\":864,\"caption\":\"chupetero estrella atletico de madrid\"},{\"@type\":\"BreadcrumbList\",\"@id\":\"https:\\\/\\\/www.mentaymora.com\\\/index.php\\\/producto\\\/chupetero-personalizado-atletico-de-madrid\\\/#breadcrumb\",\"itemListElement\":[{\"@type\":\"ListItem\",\"position\":1,\"name\":\"Portada\",\"item\":\"https:\\\/\\\/www.mentaymora.com\\\/\"},{\"@type\":\"ListItem\",\"position\":2,\"name\":\"Productos\",\"item\":\"https:\\\/\\\/www.mentaymora.com\\\/index.php\\\/tienda\\\/\"},{\"@type\":\"ListItem\",\"position\":3,\"name\":\"Chupetero Personalizado \u00abAtl\u00e9tico de Madrid\u00bb\"}]},{\"@type\":\"WebSite\",\"@id\":\"https:\\\/\\\/www.mentaymora.com\\\/#website\",\"url\":\"https:\\\/\\\/www.mentaymora.com\\\/\",\"name\":\"Menta y Mora\",\"description\":\"Regalos y Complementos\",\"publisher\":{\"@id\":\"https:\\\/\\\/www.mentaymora.com\\\/#organization\"},\"potentialAction\":[{\"@type\":\"SearchAction\",\"target\":{\"@type\":\"EntryPoint\",\"urlTemplate\":\"https:\\\/\\\/www.mentaymora.com\\\/?s={search_term_string}\"},\"query-input\":{\"@type\":\"PropertyValueSpecification\",\"valueRequired\":true,\"valueName\":\"search_term_string\"}}],\"inLanguage\":\"es\"},{\"@type\":\"Organization\",\"@id\":\"https:\\\/\\\/www.mentaymora.com\\\/#organization\",\"name\":\"Menta y Mora\",\"url\":\"https:\\\/\\\/www.mentaymora.com\\\/\",\"logo\":{\"@type\":\"ImageObject\",\"inLanguage\":\"es\",\"@id\":\"https:\\\/\\\/www.mentaymora.com\\\/#\\\/schema\\\/logo\\\/image\\\/\",\"url\":\"https:\\\/\\\/www.mentaymora.com\\\/wp-content\\\/uploads\\\/2021\\\/07\\\/Logo.jpg\",\"contentUrl\":\"https:\\\/\\\/www.mentaymora.com\\\/wp-content\\\/uploads\\\/2021\\\/07\\\/Logo.jpg\",\"width\":1172,\"height\":1172,\"caption\":\"Menta y Mora\"},\"image\":{\"@id\":\"https:\\\/\\\/www.mentaymora.com\\\/#\\\/schema\\\/logo\\\/image\\\/\"},\"sameAs\":[\"https:\\\/\\\/es-es.facebook.com\\\/MentayMora\\\/\",\"https:\\\/\\\/www.instagram.com\\\/mentaymora.illescas\\\/?hl=es\",\"https:\\\/\\\/www.youtube.com\\\/channel\\\/UCuMMtdck_1XS-MyW6ZnBAlw\"]}]}<\/script>\n<!-- \/ Yoast SEO plugin. -->","yoast_head_json":{"title":"Chupetero Personalizado \u00abAtl\u00e9tico de Madrid\u00bb - Menta y Mora","description":"Chupetero Personalizado \u00abAtl\u00e9tico de Madrid\u00bb El\u00a0chupetero personalizado con el nombre del beb\u00e9\u00a0es un accesorio esencial para el equipamiento de guarder\u00eda.","robots":{"index":"index","follow":"follow","max-snippet":"max-snippet:-1","max-image-preview":"max-image-preview:large","max-video-preview":"max-video-preview:-1"},"canonical":"https:\/\/www.mentaymora.com\/index.php\/producto\/chupetero-personalizado-atletico-de-madrid\/","og_locale":"es_ES","og_type":"article","og_title":"Chupetero Personalizado \u00abAtl\u00e9tico de Madrid\u00bb - Menta y Mora","og_description":"Chupetero Personalizado \u00abAtl\u00e9tico de Madrid\u00bb El\u00a0chupetero personalizado con el nombre del beb\u00e9\u00a0es un accesorio esencial para el equipamiento de guarder\u00eda.","og_url":"https:\/\/www.mentaymora.com\/index.php\/producto\/chupetero-personalizado-atletico-de-madrid\/","og_site_name":"Menta y Mora","article_publisher":"https:\/\/es-es.facebook.com\/MentayMora\/","article_modified_time":"2025-12-20T06:37:41+00:00","og_image":[{"width":864,"height":864,"url":"https:\/\/www.mentaymora.com\/wp-content\/uploads\/2025\/12\/chupetero_estrella_atletico_de_madrid.jpg","type":"image\/jpeg"}],"twitter_card":"summary_large_image","twitter_misc":{"Tiempo de lectura":"2 minutos"},"schema":{"@context":"https:\/\/schema.org","@graph":[{"@type":"WebPage","@id":"https:\/\/www.mentaymora.com\/index.php\/producto\/chupetero-personalizado-atletico-de-madrid\/","url":"https:\/\/www.mentaymora.com\/index.php\/producto\/chupetero-personalizado-atletico-de-madrid\/","name":"Chupetero Personalizado \u00abAtl\u00e9tico de Madrid\u00bb - Menta y Mora","isPartOf":{"@id":"https:\/\/www.mentaymora.com\/#website"},"primaryImageOfPage":{"@id":"https:\/\/www.mentaymora.com\/index.php\/producto\/chupetero-personalizado-atletico-de-madrid\/#primaryimage"},"image":{"@id":"https:\/\/www.mentaymora.com\/index.php\/producto\/chupetero-personalizado-atletico-de-madrid\/#primaryimage"},"thumbnailUrl":"https:\/\/www.mentaymora.com\/wp-content\/uploads\/2025\/12\/chupetero_estrella_atletico_de_madrid.jpg","datePublished":"2025-12-20T06:36:00+00:00","dateModified":"2025-12-20T06:37:41+00:00","description":"Chupetero Personalizado \u00abAtl\u00e9tico de Madrid\u00bb El\u00a0chupetero personalizado con el nombre del beb\u00e9\u00a0es un accesorio esencial para el equipamiento de guarder\u00eda.","breadcrumb":{"@id":"https:\/\/www.mentaymora.com\/index.php\/producto\/chupetero-personalizado-atletico-de-madrid\/#breadcrumb"},"inLanguage":"es","potentialAction":[{"@type":"ReadAction","target":["https:\/\/www.mentaymora.com\/index.php\/producto\/chupetero-personalizado-atletico-de-madrid\/"]}]},{"@type":"ImageObject","inLanguage":"es","@id":"https:\/\/www.mentaymora.com\/index.php\/producto\/chupetero-personalizado-atletico-de-madrid\/#primaryimage","url":"https:\/\/www.mentaymora.com\/wp-content\/uploads\/2025\/12\/chupetero_estrella_atletico_de_madrid.jpg","contentUrl":"https:\/\/www.mentaymora.com\/wp-content\/uploads\/2025\/12\/chupetero_estrella_atletico_de_madrid.jpg","width":864,"height":864,"caption":"chupetero estrella atletico de madrid"},{"@type":"BreadcrumbList","@id":"https:\/\/www.mentaymora.com\/index.php\/producto\/chupetero-personalizado-atletico-de-madrid\/#breadcrumb","itemListElement":[{"@type":"ListItem","position":1,"name":"Portada","item":"https:\/\/www.mentaymora.com\/"},{"@type":"ListItem","position":2,"name":"Productos","item":"https:\/\/www.mentaymora.com\/index.php\/tienda\/"},{"@type":"ListItem","position":3,"name":"Chupetero Personalizado \u00abAtl\u00e9tico de Madrid\u00bb"}]},{"@type":"WebSite","@id":"https:\/\/www.mentaymora.com\/#website","url":"https:\/\/www.mentaymora.com\/","name":"Menta y Mora","description":"Regalos y Complementos","publisher":{"@id":"https:\/\/www.mentaymora.com\/#organization"},"potentialAction":[{"@type":"SearchAction","target":{"@type":"EntryPoint","urlTemplate":"https:\/\/www.mentaymora.com\/?s={search_term_string}"},"query-input":{"@type":"PropertyValueSpecification","valueRequired":true,"valueName":"search_term_string"}}],"inLanguage":"es"},{"@type":"Organization","@id":"https:\/\/www.mentaymora.com\/#organization","name":"Menta y Mora","url":"https:\/\/www.mentaymora.com\/","logo":{"@type":"ImageObject","inLanguage":"es","@id":"https:\/\/www.mentaymora.com\/#\/schema\/logo\/image\/","url":"https:\/\/www.mentaymora.com\/wp-content\/uploads\/2021\/07\/Logo.jpg","contentUrl":"https:\/\/www.mentaymora.com\/wp-content\/uploads\/2021\/07\/Logo.jpg","width":1172,"height":1172,"caption":"Menta y Mora"},"image":{"@id":"https:\/\/www.mentaymora.com\/#\/schema\/logo\/image\/"},"sameAs":["https:\/\/es-es.facebook.com\/MentayMora\/","https:\/\/www.instagram.com\/mentaymora.illescas\/?hl=es","https:\/\/www.youtube.com\/channel\/UCuMMtdck_1XS-MyW6ZnBAlw"]}]}},"_links":{"self":[{"href":"https:\/\/www.mentaymora.com\/index.php\/wp-json\/wp\/v2\/product\/20808","targetHints":{"allow":["GET"]}}],"collection":[{"href":"https:\/\/www.mentaymora.com\/index.php\/wp-json\/wp\/v2\/product"}],"about":[{"href":"https:\/\/www.mentaymora.com\/index.php\/wp-json\/wp\/v2\/types\/product"}],"replies":[{"embeddable":true,"href":"https:\/\/www.mentaymora.com\/index.php\/wp-json\/wp\/v2\/comments?post=20808"}],"wp:featuredmedia":[{"embeddable":true,"href":"https:\/\/www.mentaymora.com\/index.php\/wp-json\/wp\/v2\/media\/20809"}],"wp:attachment":[{"href":"https:\/\/www.mentaymora.com\/index.php\/wp-json\/wp\/v2\/media?parent=20808"}],"wp:term":[{"taxonomy":"product_brand","embeddable":true,"href":"https:\/\/www.mentaymora.com\/index.php\/wp-json\/wp\/v2\/product_brand?post=20808"},{"taxonomy":"product_cat","embeddable":true,"href":"https:\/\/www.mentaymora.com\/index.php\/wp-json\/wp\/v2\/product_cat?post=20808"},{"taxonomy":"product_tag","embeddable":true,"href":"https:\/\/www.mentaymora.com\/index.php\/wp-json\/wp\/v2\/product_tag?post=20808"}],"curies":[{"name":"wp","href":"https:\/\/api.w.org\/{rel}","templated":true}]}}