{"id":21068,"date":"2026-01-23T17:32:14","date_gmt":"2026-01-23T16:32:14","guid":{"rendered":"https:\/\/www.mentaymora.com\/?post_type=product&#038;p=21068"},"modified":"2026-01-23T17:32:15","modified_gmt":"2026-01-23T16:32:15","slug":"pack-5-bombas-de-bano-tfc","status":"publish","type":"product","link":"https:\/\/www.mentaymora.com\/index.php\/producto\/pack-5-bombas-de-bano-tfc\/","title":{"rendered":"Pack 5 Bombas de Ba\u00f1o &#8211; TFC"},"content":{"rendered":"<p>Pack 5 Bombas de Ba\u00f1o &#8211; TFC<\/p>\n<p data-start=\"551\" data-end=\"931\">Disfruta de un aut\u00e9ntico ritual de bienestar con este <strong data-start=\"605\" data-end=\"644\">pack de 5 bombas de ba\u00f1o arom\u00e1ticas<\/strong>, perfectas para transformar tu ba\u00f1o diario en un momento de relajaci\u00f3n y cuidado personal. Cada bomba est\u00e1 elaborada con <strong data-start=\"766\" data-end=\"822\">aceite de coco, manteca de karit\u00e9 y manteca de cacao<\/strong>, una combinaci\u00f3n ideal para <strong data-start=\"851\" data-end=\"887\">nutrir, hidratar y mimar la piel<\/strong> mientras se disuelve suavemente en el agua.<\/p>\n<p data-start=\"933\" data-end=\"1259\">Sus <strong data-start=\"937\" data-end=\"956\">aromas frutales<\/strong> \u2014sand\u00eda, manzana, cereza, fresa y pi\u00f1a\u2014 llenan la ba\u00f1era de una fragancia fresca y dulce, creando una experiencia sensorial que invita a desconectar y disfrutar del momento. Adem\u00e1s de perfumar el agua, estas bombas de ba\u00f1o ayudan a dejar la piel suave, flexible y agradablemente perfumada tras el ba\u00f1o.<\/p>\n<p data-start=\"1261\" data-end=\"1547\">Este pack es una opci\u00f3n ideal tanto para darte un capricho como para <strong data-start=\"1330\" data-end=\"1341\">regalar<\/strong>, ya que combina cuidado corporal, aromas irresistibles y una presentaci\u00f3n perfecta para sorprender. Un detalle ideal para amantes del bienestar, la cosm\u00e9tica de ba\u00f1o y los peque\u00f1os momentos de autocuidado.<\/p>\n<p data-start=\"1549\" data-end=\"1752\">Perfectas para adultos y j\u00f3venes, estas bombas de ba\u00f1o son una apuesta segura si buscas <strong data-start=\"1637\" data-end=\"1669\">productos de ba\u00f1o originales<\/strong>, regalos especiales o completar una <strong data-start=\"1706\" data-end=\"1735\">cesta de cuidado personal<\/strong> en Menta y Mora.<\/p>\n<p style=\"text-align: center;\" data-start=\"1549\" data-end=\"1752\"><a href=\"https:\/\/www.mentaymora.com\/\">Menta y Mora<\/a>\u00a0Te Enamora\u00a0 \u00a0 S\u00edguenos en nuestras RRSS (<a href=\"https:\/\/es-es.facebook.com\/MentayMora\/\">Facebook<\/a>\u00a0e\u00a0<a href=\"https:\/\/www.instagram.com\/mentaymora.illescas\/?hl=es\">Instagram<\/a>)\u00a0 \u00a0 Si tienes alguna consulta,\u00a0<a href=\"mailto:%20info@mentaymora.com\">preg\u00fantanos<\/a>.<\/p>\n","protected":false},"excerpt":{"rendered":"<p data-start=\"167\" data-end=\"337\">Pack de 5 bombas de ba\u00f1o enriquecidas con aceite de coco, manteca de karit\u00e9 y manteca de cacao. Un momento de relax y cuidado para la piel con deliciosos aromas frutales.<\/p>\n<p data-start=\"339\" data-end=\"371\"><strong data-start=\"339\" data-end=\"371\">Caracter\u00edsticas principales:<\/strong><\/p>\n<ul data-start=\"372\" data-end=\"499\">\n<li data-start=\"372\" data-end=\"426\">\n<p data-start=\"374\" data-end=\"426\">F\u00f3rmula nutritiva que hidrata y suaviza la piel<\/p>\n<\/li>\n<li data-start=\"427\" data-end=\"499\">\n<p data-start=\"429\" data-end=\"499\">Surtido de aromas frutales: sand\u00eda, manzana, cereza, fresa y pi\u00f1a<\/p>\n<\/li>\n<\/ul>\n","protected":false},"featured_media":21074,"comment_status":"open","ping_status":"closed","template":"","meta":{"_acf_changed":false,"_joinchat":[]},"product_brand":[1672],"product_cat":[828,832,1414],"product_tag":[835,1758],"class_list":{"0":"post-21068","1":"product","2":"type-product","3":"status-publish","4":"has-post-thumbnail","6":"product_brand-the-fruit-company","7":"product_cat-bombas-de-bano","8":"product_cat-divertidas","9":"product_cat-packs-tfc","10":"product_tag-bomba-de-bano","11":"product_tag-fruta","12":"latest_post","14":"first","15":"instock","16":"taxable","17":"shipping-taxable","18":"purchasable","19":"product-type-simple"},"acf":[],"yoast_head":"<!-- This site is optimized with the Yoast SEO plugin v27.4 - https:\/\/yoast.com\/product\/yoast-seo-wordpress\/ -->\n<title>Pack 5 Bombas de Ba\u00f1o - TFC - Menta y Mora<\/title>\n<meta name=\"description\" content=\"Pack 5 Bombas de Ba\u00f1o - TFC Disfruta de un aut\u00e9ntico ritual de bienestar con este pack de 5 bombas de ba\u00f1o arom\u00e1ticas, perfectas para transformar\" \/>\n<meta name=\"robots\" content=\"index, follow, max-snippet:-1, max-image-preview:large, max-video-preview:-1\" \/>\n<link rel=\"canonical\" href=\"https:\/\/www.mentaymora.com\/index.php\/producto\/pack-5-bombas-de-bano-tfc\/\" \/>\n<meta property=\"og:locale\" content=\"es_ES\" \/>\n<meta property=\"og:type\" content=\"article\" \/>\n<meta property=\"og:title\" content=\"Pack 5 Bombas de Ba\u00f1o - TFC - Menta y Mora\" \/>\n<meta property=\"og:description\" content=\"Pack 5 Bombas de Ba\u00f1o - TFC Disfruta de un aut\u00e9ntico ritual de bienestar con este pack de 5 bombas de ba\u00f1o arom\u00e1ticas, perfectas para transformar\" \/>\n<meta property=\"og:url\" content=\"https:\/\/www.mentaymora.com\/index.php\/producto\/pack-5-bombas-de-bano-tfc\/\" \/>\n<meta property=\"og:site_name\" content=\"Menta y Mora\" \/>\n<meta property=\"article:publisher\" content=\"https:\/\/es-es.facebook.com\/MentayMora\/\" \/>\n<meta property=\"article:modified_time\" content=\"2026-01-23T16:32:15+00:00\" \/>\n<meta property=\"og:image\" content=\"https:\/\/www.mentaymora.com\/wp-content\/uploads\/2026\/01\/bombas-de-bano-00.jpg\" \/>\n\t<meta property=\"og:image:width\" content=\"1080\" \/>\n\t<meta property=\"og:image:height\" content=\"1080\" \/>\n\t<meta property=\"og:image:type\" content=\"image\/jpeg\" \/>\n<meta name=\"twitter:card\" content=\"summary_large_image\" \/>\n<meta name=\"twitter:label1\" content=\"Tiempo de lectura\" \/>\n\t<meta name=\"twitter:data1\" content=\"2 minutos\" \/>\n<script type=\"application\/ld+json\" class=\"yoast-schema-graph\">{\"@context\":\"https:\\\/\\\/schema.org\",\"@graph\":[{\"@type\":\"WebPage\",\"@id\":\"https:\\\/\\\/www.mentaymora.com\\\/index.php\\\/producto\\\/pack-5-bombas-de-bano-tfc\\\/\",\"url\":\"https:\\\/\\\/www.mentaymora.com\\\/index.php\\\/producto\\\/pack-5-bombas-de-bano-tfc\\\/\",\"name\":\"Pack 5 Bombas de Ba\u00f1o - TFC - Menta y Mora\",\"isPartOf\":{\"@id\":\"https:\\\/\\\/www.mentaymora.com\\\/#website\"},\"primaryImageOfPage\":{\"@id\":\"https:\\\/\\\/www.mentaymora.com\\\/index.php\\\/producto\\\/pack-5-bombas-de-bano-tfc\\\/#primaryimage\"},\"image\":{\"@id\":\"https:\\\/\\\/www.mentaymora.com\\\/index.php\\\/producto\\\/pack-5-bombas-de-bano-tfc\\\/#primaryimage\"},\"thumbnailUrl\":\"https:\\\/\\\/www.mentaymora.com\\\/wp-content\\\/uploads\\\/2026\\\/01\\\/bombas-de-bano-00.jpg\",\"datePublished\":\"2026-01-23T16:32:14+00:00\",\"dateModified\":\"2026-01-23T16:32:15+00:00\",\"description\":\"Pack 5 Bombas de Ba\u00f1o - TFC Disfruta de un aut\u00e9ntico ritual de bienestar con este pack de 5 bombas de ba\u00f1o arom\u00e1ticas, perfectas para transformar\",\"breadcrumb\":{\"@id\":\"https:\\\/\\\/www.mentaymora.com\\\/index.php\\\/producto\\\/pack-5-bombas-de-bano-tfc\\\/#breadcrumb\"},\"inLanguage\":\"es\",\"potentialAction\":[{\"@type\":\"ReadAction\",\"target\":[\"https:\\\/\\\/www.mentaymora.com\\\/index.php\\\/producto\\\/pack-5-bombas-de-bano-tfc\\\/\"]}]},{\"@type\":\"ImageObject\",\"inLanguage\":\"es\",\"@id\":\"https:\\\/\\\/www.mentaymora.com\\\/index.php\\\/producto\\\/pack-5-bombas-de-bano-tfc\\\/#primaryimage\",\"url\":\"https:\\\/\\\/www.mentaymora.com\\\/wp-content\\\/uploads\\\/2026\\\/01\\\/bombas-de-bano-00.jpg\",\"contentUrl\":\"https:\\\/\\\/www.mentaymora.com\\\/wp-content\\\/uploads\\\/2026\\\/01\\\/bombas-de-bano-00.jpg\",\"width\":1080,\"height\":1080,\"caption\":\"bombas de bano 00\"},{\"@type\":\"BreadcrumbList\",\"@id\":\"https:\\\/\\\/www.mentaymora.com\\\/index.php\\\/producto\\\/pack-5-bombas-de-bano-tfc\\\/#breadcrumb\",\"itemListElement\":[{\"@type\":\"ListItem\",\"position\":1,\"name\":\"Portada\",\"item\":\"https:\\\/\\\/www.mentaymora.com\\\/\"},{\"@type\":\"ListItem\",\"position\":2,\"name\":\"Productos\",\"item\":\"https:\\\/\\\/www.mentaymora.com\\\/index.php\\\/tienda\\\/\"},{\"@type\":\"ListItem\",\"position\":3,\"name\":\"Pack 5 Bombas de Ba\u00f1o &#8211; TFC\"}]},{\"@type\":\"WebSite\",\"@id\":\"https:\\\/\\\/www.mentaymora.com\\\/#website\",\"url\":\"https:\\\/\\\/www.mentaymora.com\\\/\",\"name\":\"Menta y Mora\",\"description\":\"Regalos y Complementos\",\"publisher\":{\"@id\":\"https:\\\/\\\/www.mentaymora.com\\\/#organization\"},\"potentialAction\":[{\"@type\":\"SearchAction\",\"target\":{\"@type\":\"EntryPoint\",\"urlTemplate\":\"https:\\\/\\\/www.mentaymora.com\\\/?s={search_term_string}\"},\"query-input\":{\"@type\":\"PropertyValueSpecification\",\"valueRequired\":true,\"valueName\":\"search_term_string\"}}],\"inLanguage\":\"es\"},{\"@type\":\"Organization\",\"@id\":\"https:\\\/\\\/www.mentaymora.com\\\/#organization\",\"name\":\"Menta y Mora\",\"url\":\"https:\\\/\\\/www.mentaymora.com\\\/\",\"logo\":{\"@type\":\"ImageObject\",\"inLanguage\":\"es\",\"@id\":\"https:\\\/\\\/www.mentaymora.com\\\/#\\\/schema\\\/logo\\\/image\\\/\",\"url\":\"https:\\\/\\\/www.mentaymora.com\\\/wp-content\\\/uploads\\\/2021\\\/07\\\/Logo.jpg\",\"contentUrl\":\"https:\\\/\\\/www.mentaymora.com\\\/wp-content\\\/uploads\\\/2021\\\/07\\\/Logo.jpg\",\"width\":1172,\"height\":1172,\"caption\":\"Menta y Mora\"},\"image\":{\"@id\":\"https:\\\/\\\/www.mentaymora.com\\\/#\\\/schema\\\/logo\\\/image\\\/\"},\"sameAs\":[\"https:\\\/\\\/es-es.facebook.com\\\/MentayMora\\\/\",\"https:\\\/\\\/www.instagram.com\\\/mentaymora.illescas\\\/?hl=es\",\"https:\\\/\\\/www.youtube.com\\\/channel\\\/UCuMMtdck_1XS-MyW6ZnBAlw\"]}]}<\/script>\n<!-- \/ Yoast SEO plugin. -->","yoast_head_json":{"title":"Pack 5 Bombas de Ba\u00f1o - TFC - Menta y Mora","description":"Pack 5 Bombas de Ba\u00f1o - TFC Disfruta de un aut\u00e9ntico ritual de bienestar con este pack de 5 bombas de ba\u00f1o arom\u00e1ticas, perfectas para transformar","robots":{"index":"index","follow":"follow","max-snippet":"max-snippet:-1","max-image-preview":"max-image-preview:large","max-video-preview":"max-video-preview:-1"},"canonical":"https:\/\/www.mentaymora.com\/index.php\/producto\/pack-5-bombas-de-bano-tfc\/","og_locale":"es_ES","og_type":"article","og_title":"Pack 5 Bombas de Ba\u00f1o - TFC - Menta y Mora","og_description":"Pack 5 Bombas de Ba\u00f1o - TFC Disfruta de un aut\u00e9ntico ritual de bienestar con este pack de 5 bombas de ba\u00f1o arom\u00e1ticas, perfectas para transformar","og_url":"https:\/\/www.mentaymora.com\/index.php\/producto\/pack-5-bombas-de-bano-tfc\/","og_site_name":"Menta y Mora","article_publisher":"https:\/\/es-es.facebook.com\/MentayMora\/","article_modified_time":"2026-01-23T16:32:15+00:00","og_image":[{"width":1080,"height":1080,"url":"https:\/\/www.mentaymora.com\/wp-content\/uploads\/2026\/01\/bombas-de-bano-00.jpg","type":"image\/jpeg"}],"twitter_card":"summary_large_image","twitter_misc":{"Tiempo de lectura":"2 minutos"},"schema":{"@context":"https:\/\/schema.org","@graph":[{"@type":"WebPage","@id":"https:\/\/www.mentaymora.com\/index.php\/producto\/pack-5-bombas-de-bano-tfc\/","url":"https:\/\/www.mentaymora.com\/index.php\/producto\/pack-5-bombas-de-bano-tfc\/","name":"Pack 5 Bombas de Ba\u00f1o - TFC - Menta y Mora","isPartOf":{"@id":"https:\/\/www.mentaymora.com\/#website"},"primaryImageOfPage":{"@id":"https:\/\/www.mentaymora.com\/index.php\/producto\/pack-5-bombas-de-bano-tfc\/#primaryimage"},"image":{"@id":"https:\/\/www.mentaymora.com\/index.php\/producto\/pack-5-bombas-de-bano-tfc\/#primaryimage"},"thumbnailUrl":"https:\/\/www.mentaymora.com\/wp-content\/uploads\/2026\/01\/bombas-de-bano-00.jpg","datePublished":"2026-01-23T16:32:14+00:00","dateModified":"2026-01-23T16:32:15+00:00","description":"Pack 5 Bombas de Ba\u00f1o - TFC Disfruta de un aut\u00e9ntico ritual de bienestar con este pack de 5 bombas de ba\u00f1o arom\u00e1ticas, perfectas para transformar","breadcrumb":{"@id":"https:\/\/www.mentaymora.com\/index.php\/producto\/pack-5-bombas-de-bano-tfc\/#breadcrumb"},"inLanguage":"es","potentialAction":[{"@type":"ReadAction","target":["https:\/\/www.mentaymora.com\/index.php\/producto\/pack-5-bombas-de-bano-tfc\/"]}]},{"@type":"ImageObject","inLanguage":"es","@id":"https:\/\/www.mentaymora.com\/index.php\/producto\/pack-5-bombas-de-bano-tfc\/#primaryimage","url":"https:\/\/www.mentaymora.com\/wp-content\/uploads\/2026\/01\/bombas-de-bano-00.jpg","contentUrl":"https:\/\/www.mentaymora.com\/wp-content\/uploads\/2026\/01\/bombas-de-bano-00.jpg","width":1080,"height":1080,"caption":"bombas de bano 00"},{"@type":"BreadcrumbList","@id":"https:\/\/www.mentaymora.com\/index.php\/producto\/pack-5-bombas-de-bano-tfc\/#breadcrumb","itemListElement":[{"@type":"ListItem","position":1,"name":"Portada","item":"https:\/\/www.mentaymora.com\/"},{"@type":"ListItem","position":2,"name":"Productos","item":"https:\/\/www.mentaymora.com\/index.php\/tienda\/"},{"@type":"ListItem","position":3,"name":"Pack 5 Bombas de Ba\u00f1o &#8211; TFC"}]},{"@type":"WebSite","@id":"https:\/\/www.mentaymora.com\/#website","url":"https:\/\/www.mentaymora.com\/","name":"Menta y Mora","description":"Regalos y Complementos","publisher":{"@id":"https:\/\/www.mentaymora.com\/#organization"},"potentialAction":[{"@type":"SearchAction","target":{"@type":"EntryPoint","urlTemplate":"https:\/\/www.mentaymora.com\/?s={search_term_string}"},"query-input":{"@type":"PropertyValueSpecification","valueRequired":true,"valueName":"search_term_string"}}],"inLanguage":"es"},{"@type":"Organization","@id":"https:\/\/www.mentaymora.com\/#organization","name":"Menta y Mora","url":"https:\/\/www.mentaymora.com\/","logo":{"@type":"ImageObject","inLanguage":"es","@id":"https:\/\/www.mentaymora.com\/#\/schema\/logo\/image\/","url":"https:\/\/www.mentaymora.com\/wp-content\/uploads\/2021\/07\/Logo.jpg","contentUrl":"https:\/\/www.mentaymora.com\/wp-content\/uploads\/2021\/07\/Logo.jpg","width":1172,"height":1172,"caption":"Menta y Mora"},"image":{"@id":"https:\/\/www.mentaymora.com\/#\/schema\/logo\/image\/"},"sameAs":["https:\/\/es-es.facebook.com\/MentayMora\/","https:\/\/www.instagram.com\/mentaymora.illescas\/?hl=es","https:\/\/www.youtube.com\/channel\/UCuMMtdck_1XS-MyW6ZnBAlw"]}]}},"_links":{"self":[{"href":"https:\/\/www.mentaymora.com\/index.php\/wp-json\/wp\/v2\/product\/21068","targetHints":{"allow":["GET"]}}],"collection":[{"href":"https:\/\/www.mentaymora.com\/index.php\/wp-json\/wp\/v2\/product"}],"about":[{"href":"https:\/\/www.mentaymora.com\/index.php\/wp-json\/wp\/v2\/types\/product"}],"replies":[{"embeddable":true,"href":"https:\/\/www.mentaymora.com\/index.php\/wp-json\/wp\/v2\/comments?post=21068"}],"wp:featuredmedia":[{"embeddable":true,"href":"https:\/\/www.mentaymora.com\/index.php\/wp-json\/wp\/v2\/media\/21074"}],"wp:attachment":[{"href":"https:\/\/www.mentaymora.com\/index.php\/wp-json\/wp\/v2\/media?parent=21068"}],"wp:term":[{"taxonomy":"product_brand","embeddable":true,"href":"https:\/\/www.mentaymora.com\/index.php\/wp-json\/wp\/v2\/product_brand?post=21068"},{"taxonomy":"product_cat","embeddable":true,"href":"https:\/\/www.mentaymora.com\/index.php\/wp-json\/wp\/v2\/product_cat?post=21068"},{"taxonomy":"product_tag","embeddable":true,"href":"https:\/\/www.mentaymora.com\/index.php\/wp-json\/wp\/v2\/product_tag?post=21068"}],"curies":[{"name":"wp","href":"https:\/\/api.w.org\/{rel}","templated":true}]}}