{"id":21141,"date":"2026-01-23T21:10:47","date_gmt":"2026-01-23T20:10:47","guid":{"rendered":"https:\/\/www.mentaymora.com\/?post_type=product&#038;p=21141"},"modified":"2026-01-23T21:12:20","modified_gmt":"2026-01-23T20:12:20","slug":"paraguas-plegable-hojas-negro-la-matilda","status":"publish","type":"product","link":"https:\/\/www.mentaymora.com\/index.php\/producto\/paraguas-plegable-hojas-negro-la-matilda\/","title":{"rendered":"Paraguas Plegable Hojas Negro &#8211; La Matilda"},"content":{"rendered":"<p>Paraguas Plegable Hojas Negro &#8211; La Matilda<\/p>\n<p data-start=\"535\" data-end=\"867\">El <strong data-start=\"538\" data-end=\"573\">paraguas plegable de La Matilda<\/strong> est\u00e1 dise\u00f1ado para ofrecer <strong data-start=\"601\" data-end=\"637\">protecci\u00f3n, durabilidad y estilo<\/strong> en un formato pr\u00e1ctico y f\u00e1cil de transportar. Su <strong data-start=\"688\" data-end=\"739\">estructura de 8 varillas con sistema antiviento<\/strong> proporciona una excelente estabilidad frente a rachas de aire, garantizando un uso c\u00f3modo y seguro incluso en d\u00edas complicados.<\/p>\n<p data-start=\"869\" data-end=\"1168\">Cuenta con <strong data-start=\"880\" data-end=\"908\">apertura y cierre manual<\/strong>, incorporando una empu\u00f1adura con bot\u00f3n que facilita su manejo. El <strong data-start=\"975\" data-end=\"1037\">revestimiento interior negro con tratamiento Black Coating<\/strong> no solo aporta un acabado elegante, sino que tambi\u00e9n ofrece <strong data-start=\"1098\" data-end=\"1115\">protecci\u00f3n UV<\/strong>, creando un efecto de sombra m\u00e1s fresca y agradable.<\/p>\n<p data-start=\"1170\" data-end=\"1377\">Incluye una <strong data-start=\"1182\" data-end=\"1227\">cinta de cierre con el nombre de la marca<\/strong>, as\u00ed como una <strong data-start=\"1242\" data-end=\"1296\">bolsa de transporte a juego con el mismo estampado<\/strong>, pensadas para mantener el paraguas protegido y organizado cuando no se utiliza.<\/p>\n<p data-start=\"1379\" data-end=\"1540\">Ligero, funcional y con el estilo caracter\u00edstico de La Matilda, es el complemento perfecto para el d\u00eda a d\u00eda, viajes o para llevar siempre en el bolso o mochila.<\/p>\n<p data-start=\"1542\" data-end=\"1568\"><strong data-start=\"1542\" data-end=\"1568\">Detalles del producto:<\/strong><\/p>\n<ul data-start=\"1569\" data-end=\"1726\">\n<li data-start=\"1569\" data-end=\"1626\">\n<p data-start=\"1571\" data-end=\"1626\"><strong data-start=\"1571\" data-end=\"1582\">Tama\u00f1o:<\/strong> 26 cm cerrado \u00b7 98 cm de di\u00e1metro abierto<\/p>\n<\/li>\n<li data-start=\"1627\" data-end=\"1662\">\n<p data-start=\"1629\" data-end=\"1662\"><strong data-start=\"1629\" data-end=\"1645\">Composici\u00f3n:<\/strong> 100% poli\u00e9ster<\/p>\n<\/li>\n<li data-start=\"1663\" data-end=\"1726\">\n<p data-start=\"1665\" data-end=\"1726\"><strong data-start=\"1665\" data-end=\"1692\">Revestimiento interior:<\/strong> Black Coating con protecci\u00f3n UV<\/p>\n<\/li>\n<\/ul>\n<p data-start=\"1728\" data-end=\"1863\">Ideal como <strong data-start=\"1739\" data-end=\"1771\">paraguas plegable antiviento<\/strong>, pr\u00e1ctico y elegante, y una excelente opci\u00f3n tanto para uso personal como para <strong data-start=\"1851\" data-end=\"1862\">regalar<\/strong>.<\/p>\n<p style=\"text-align: center;\" data-start=\"1728\" data-end=\"1863\"><a href=\"https:\/\/www.mentaymora.com\/\">Menta y Mora<\/a>\u00a0Te Enamora\u00a0 \u00a0 S\u00edguenos en nuestras RRSS (<a href=\"https:\/\/es-es.facebook.com\/MentayMora\/\">Facebook<\/a>\u00a0e\u00a0<a href=\"https:\/\/www.instagram.com\/mentaymora.illescas\/?hl=es\">Instagram<\/a>)\u00a0 \u00a0 Si tienes alguna consulta,\u00a0<a href=\"mailto:%20info@mentaymora.com\">preg\u00fantanos<\/a>.<\/p>\n","protected":false},"excerpt":{"rendered":"<p data-start=\"169\" data-end=\"331\">El paraguas plegable de <strong data-start=\"193\" data-end=\"234\"><span class=\"hover:entity-accent entity-underline inline cursor-pointer align-baseline\"><span class=\"whitespace-normal\">La Matilda<\/span><\/span><\/strong> combina ligereza, resistencia y estilo para protegerte con comodidad en cualquier \u00e9poca del a\u00f1o.<\/p>\n<p data-start=\"333\" data-end=\"365\"><strong data-start=\"333\" data-end=\"365\">Caracter\u00edsticas principales:<\/strong><\/p>\n<ul data-start=\"366\" data-end=\"483\">\n<li data-start=\"366\" data-end=\"421\">\n<p data-start=\"368\" data-end=\"421\">Estructura de 8 varillas con sistema anti viento<\/p>\n<\/li>\n<li data-start=\"366\" data-end=\"421\">\n<p data-start=\"368\" data-end=\"421\">Revestimiento interior Black Coating con protecci\u00f3n UV<\/p>\n<\/li>\n<\/ul>\n","protected":false},"featured_media":21132,"comment_status":"open","ping_status":"closed","template":"","meta":{"_acf_changed":false,"_joinchat":[]},"product_brand":[1768],"product_cat":[1771],"product_tag":[1770],"class_list":{"0":"post-21141","1":"product","2":"type-product","3":"status-publish","4":"has-post-thumbnail","6":"product_brand-la-matilda","7":"product_cat-paraguas","8":"product_tag-paraguas","9":"latest_post","11":"first","12":"instock","13":"taxable","14":"shipping-taxable","15":"purchasable","16":"product-type-simple"},"acf":[],"yoast_head":"<!-- This site is optimized with the Yoast SEO plugin v27.5 - https:\/\/yoast.com\/product\/yoast-seo-wordpress\/ -->\n<title>Paraguas Plegable Hojas Negro - La Matilda - Menta y Mora<\/title>\n<meta name=\"description\" content=\"Paraguas Plegable Hojas Negro - La Matilda El paraguas plegable de La Matilda est\u00e1 dise\u00f1ado para ofrecer protecci\u00f3n, durabilidad y estilo en un formato\" \/>\n<meta name=\"robots\" content=\"index, follow, max-snippet:-1, max-image-preview:large, max-video-preview:-1\" \/>\n<link rel=\"canonical\" href=\"https:\/\/www.mentaymora.com\/index.php\/producto\/paraguas-plegable-hojas-negro-la-matilda\/\" \/>\n<meta property=\"og:locale\" content=\"es_ES\" \/>\n<meta property=\"og:type\" content=\"article\" \/>\n<meta property=\"og:title\" content=\"Paraguas Plegable Hojas Negro - La Matilda - Menta y Mora\" \/>\n<meta property=\"og:description\" content=\"Paraguas Plegable Hojas Negro - La Matilda El paraguas plegable de La Matilda est\u00e1 dise\u00f1ado para ofrecer protecci\u00f3n, durabilidad y estilo en un formato\" \/>\n<meta property=\"og:url\" content=\"https:\/\/www.mentaymora.com\/index.php\/producto\/paraguas-plegable-hojas-negro-la-matilda\/\" \/>\n<meta property=\"og:site_name\" content=\"Menta y Mora\" \/>\n<meta property=\"article:publisher\" content=\"https:\/\/es-es.facebook.com\/MentayMora\/\" \/>\n<meta property=\"article:modified_time\" content=\"2026-01-23T20:12:20+00:00\" \/>\n<meta property=\"og:image\" content=\"https:\/\/www.mentaymora.com\/wp-content\/uploads\/2026\/01\/M382-79-2.png\" \/>\n\t<meta property=\"og:image:width\" content=\"900\" \/>\n\t<meta property=\"og:image:height\" content=\"1200\" \/>\n\t<meta property=\"og:image:type\" content=\"image\/png\" \/>\n<meta name=\"twitter:card\" content=\"summary_large_image\" \/>\n<meta name=\"twitter:label1\" content=\"Tiempo de lectura\" \/>\n\t<meta name=\"twitter:data1\" content=\"2 minutos\" \/>\n<script type=\"application\/ld+json\" class=\"yoast-schema-graph\">{\"@context\":\"https:\\\/\\\/schema.org\",\"@graph\":[{\"@type\":\"WebPage\",\"@id\":\"https:\\\/\\\/www.mentaymora.com\\\/index.php\\\/producto\\\/paraguas-plegable-hojas-negro-la-matilda\\\/\",\"url\":\"https:\\\/\\\/www.mentaymora.com\\\/index.php\\\/producto\\\/paraguas-plegable-hojas-negro-la-matilda\\\/\",\"name\":\"Paraguas Plegable Hojas Negro - La Matilda - Menta y Mora\",\"isPartOf\":{\"@id\":\"https:\\\/\\\/www.mentaymora.com\\\/#website\"},\"primaryImageOfPage\":{\"@id\":\"https:\\\/\\\/www.mentaymora.com\\\/index.php\\\/producto\\\/paraguas-plegable-hojas-negro-la-matilda\\\/#primaryimage\"},\"image\":{\"@id\":\"https:\\\/\\\/www.mentaymora.com\\\/index.php\\\/producto\\\/paraguas-plegable-hojas-negro-la-matilda\\\/#primaryimage\"},\"thumbnailUrl\":\"https:\\\/\\\/www.mentaymora.com\\\/wp-content\\\/uploads\\\/2026\\\/01\\\/M382-79-2.png\",\"datePublished\":\"2026-01-23T20:10:47+00:00\",\"dateModified\":\"2026-01-23T20:12:20+00:00\",\"description\":\"Paraguas Plegable Hojas Negro - La Matilda El paraguas plegable de La Matilda est\u00e1 dise\u00f1ado para ofrecer protecci\u00f3n, durabilidad y estilo en un formato\",\"breadcrumb\":{\"@id\":\"https:\\\/\\\/www.mentaymora.com\\\/index.php\\\/producto\\\/paraguas-plegable-hojas-negro-la-matilda\\\/#breadcrumb\"},\"inLanguage\":\"es\",\"potentialAction\":[{\"@type\":\"ReadAction\",\"target\":[\"https:\\\/\\\/www.mentaymora.com\\\/index.php\\\/producto\\\/paraguas-plegable-hojas-negro-la-matilda\\\/\"]}]},{\"@type\":\"ImageObject\",\"inLanguage\":\"es\",\"@id\":\"https:\\\/\\\/www.mentaymora.com\\\/index.php\\\/producto\\\/paraguas-plegable-hojas-negro-la-matilda\\\/#primaryimage\",\"url\":\"https:\\\/\\\/www.mentaymora.com\\\/wp-content\\\/uploads\\\/2026\\\/01\\\/M382-79-2.png\",\"contentUrl\":\"https:\\\/\\\/www.mentaymora.com\\\/wp-content\\\/uploads\\\/2026\\\/01\\\/M382-79-2.png\",\"width\":900,\"height\":1200,\"caption\":\"M382 79 2\"},{\"@type\":\"BreadcrumbList\",\"@id\":\"https:\\\/\\\/www.mentaymora.com\\\/index.php\\\/producto\\\/paraguas-plegable-hojas-negro-la-matilda\\\/#breadcrumb\",\"itemListElement\":[{\"@type\":\"ListItem\",\"position\":1,\"name\":\"Portada\",\"item\":\"https:\\\/\\\/www.mentaymora.com\\\/\"},{\"@type\":\"ListItem\",\"position\":2,\"name\":\"Productos\",\"item\":\"https:\\\/\\\/www.mentaymora.com\\\/index.php\\\/tienda\\\/\"},{\"@type\":\"ListItem\",\"position\":3,\"name\":\"Paraguas Plegable Hojas Negro &#8211; La Matilda\"}]},{\"@type\":\"WebSite\",\"@id\":\"https:\\\/\\\/www.mentaymora.com\\\/#website\",\"url\":\"https:\\\/\\\/www.mentaymora.com\\\/\",\"name\":\"Menta y Mora\",\"description\":\"Regalos y Complementos\",\"publisher\":{\"@id\":\"https:\\\/\\\/www.mentaymora.com\\\/#organization\"},\"potentialAction\":[{\"@type\":\"SearchAction\",\"target\":{\"@type\":\"EntryPoint\",\"urlTemplate\":\"https:\\\/\\\/www.mentaymora.com\\\/?s={search_term_string}\"},\"query-input\":{\"@type\":\"PropertyValueSpecification\",\"valueRequired\":true,\"valueName\":\"search_term_string\"}}],\"inLanguage\":\"es\"},{\"@type\":\"Organization\",\"@id\":\"https:\\\/\\\/www.mentaymora.com\\\/#organization\",\"name\":\"Menta y Mora\",\"url\":\"https:\\\/\\\/www.mentaymora.com\\\/\",\"logo\":{\"@type\":\"ImageObject\",\"inLanguage\":\"es\",\"@id\":\"https:\\\/\\\/www.mentaymora.com\\\/#\\\/schema\\\/logo\\\/image\\\/\",\"url\":\"https:\\\/\\\/www.mentaymora.com\\\/wp-content\\\/uploads\\\/2021\\\/07\\\/Logo.jpg\",\"contentUrl\":\"https:\\\/\\\/www.mentaymora.com\\\/wp-content\\\/uploads\\\/2021\\\/07\\\/Logo.jpg\",\"width\":1172,\"height\":1172,\"caption\":\"Menta y Mora\"},\"image\":{\"@id\":\"https:\\\/\\\/www.mentaymora.com\\\/#\\\/schema\\\/logo\\\/image\\\/\"},\"sameAs\":[\"https:\\\/\\\/es-es.facebook.com\\\/MentayMora\\\/\",\"https:\\\/\\\/www.instagram.com\\\/mentaymora.illescas\\\/?hl=es\",\"https:\\\/\\\/www.youtube.com\\\/channel\\\/UCuMMtdck_1XS-MyW6ZnBAlw\"]}]}<\/script>\n<!-- \/ Yoast SEO plugin. -->","yoast_head_json":{"title":"Paraguas Plegable Hojas Negro - La Matilda - Menta y Mora","description":"Paraguas Plegable Hojas Negro - La Matilda El paraguas plegable de La Matilda est\u00e1 dise\u00f1ado para ofrecer protecci\u00f3n, durabilidad y estilo en un formato","robots":{"index":"index","follow":"follow","max-snippet":"max-snippet:-1","max-image-preview":"max-image-preview:large","max-video-preview":"max-video-preview:-1"},"canonical":"https:\/\/www.mentaymora.com\/index.php\/producto\/paraguas-plegable-hojas-negro-la-matilda\/","og_locale":"es_ES","og_type":"article","og_title":"Paraguas Plegable Hojas Negro - La Matilda - Menta y Mora","og_description":"Paraguas Plegable Hojas Negro - La Matilda El paraguas plegable de La Matilda est\u00e1 dise\u00f1ado para ofrecer protecci\u00f3n, durabilidad y estilo en un formato","og_url":"https:\/\/www.mentaymora.com\/index.php\/producto\/paraguas-plegable-hojas-negro-la-matilda\/","og_site_name":"Menta y Mora","article_publisher":"https:\/\/es-es.facebook.com\/MentayMora\/","article_modified_time":"2026-01-23T20:12:20+00:00","og_image":[{"width":900,"height":1200,"url":"https:\/\/www.mentaymora.com\/wp-content\/uploads\/2026\/01\/M382-79-2.png","type":"image\/png"}],"twitter_card":"summary_large_image","twitter_misc":{"Tiempo de lectura":"2 minutos"},"schema":{"@context":"https:\/\/schema.org","@graph":[{"@type":"WebPage","@id":"https:\/\/www.mentaymora.com\/index.php\/producto\/paraguas-plegable-hojas-negro-la-matilda\/","url":"https:\/\/www.mentaymora.com\/index.php\/producto\/paraguas-plegable-hojas-negro-la-matilda\/","name":"Paraguas Plegable Hojas Negro - La Matilda - Menta y Mora","isPartOf":{"@id":"https:\/\/www.mentaymora.com\/#website"},"primaryImageOfPage":{"@id":"https:\/\/www.mentaymora.com\/index.php\/producto\/paraguas-plegable-hojas-negro-la-matilda\/#primaryimage"},"image":{"@id":"https:\/\/www.mentaymora.com\/index.php\/producto\/paraguas-plegable-hojas-negro-la-matilda\/#primaryimage"},"thumbnailUrl":"https:\/\/www.mentaymora.com\/wp-content\/uploads\/2026\/01\/M382-79-2.png","datePublished":"2026-01-23T20:10:47+00:00","dateModified":"2026-01-23T20:12:20+00:00","description":"Paraguas Plegable Hojas Negro - La Matilda El paraguas plegable de La Matilda est\u00e1 dise\u00f1ado para ofrecer protecci\u00f3n, durabilidad y estilo en un formato","breadcrumb":{"@id":"https:\/\/www.mentaymora.com\/index.php\/producto\/paraguas-plegable-hojas-negro-la-matilda\/#breadcrumb"},"inLanguage":"es","potentialAction":[{"@type":"ReadAction","target":["https:\/\/www.mentaymora.com\/index.php\/producto\/paraguas-plegable-hojas-negro-la-matilda\/"]}]},{"@type":"ImageObject","inLanguage":"es","@id":"https:\/\/www.mentaymora.com\/index.php\/producto\/paraguas-plegable-hojas-negro-la-matilda\/#primaryimage","url":"https:\/\/www.mentaymora.com\/wp-content\/uploads\/2026\/01\/M382-79-2.png","contentUrl":"https:\/\/www.mentaymora.com\/wp-content\/uploads\/2026\/01\/M382-79-2.png","width":900,"height":1200,"caption":"M382 79 2"},{"@type":"BreadcrumbList","@id":"https:\/\/www.mentaymora.com\/index.php\/producto\/paraguas-plegable-hojas-negro-la-matilda\/#breadcrumb","itemListElement":[{"@type":"ListItem","position":1,"name":"Portada","item":"https:\/\/www.mentaymora.com\/"},{"@type":"ListItem","position":2,"name":"Productos","item":"https:\/\/www.mentaymora.com\/index.php\/tienda\/"},{"@type":"ListItem","position":3,"name":"Paraguas Plegable Hojas Negro &#8211; La Matilda"}]},{"@type":"WebSite","@id":"https:\/\/www.mentaymora.com\/#website","url":"https:\/\/www.mentaymora.com\/","name":"Menta y Mora","description":"Regalos y Complementos","publisher":{"@id":"https:\/\/www.mentaymora.com\/#organization"},"potentialAction":[{"@type":"SearchAction","target":{"@type":"EntryPoint","urlTemplate":"https:\/\/www.mentaymora.com\/?s={search_term_string}"},"query-input":{"@type":"PropertyValueSpecification","valueRequired":true,"valueName":"search_term_string"}}],"inLanguage":"es"},{"@type":"Organization","@id":"https:\/\/www.mentaymora.com\/#organization","name":"Menta y Mora","url":"https:\/\/www.mentaymora.com\/","logo":{"@type":"ImageObject","inLanguage":"es","@id":"https:\/\/www.mentaymora.com\/#\/schema\/logo\/image\/","url":"https:\/\/www.mentaymora.com\/wp-content\/uploads\/2021\/07\/Logo.jpg","contentUrl":"https:\/\/www.mentaymora.com\/wp-content\/uploads\/2021\/07\/Logo.jpg","width":1172,"height":1172,"caption":"Menta y Mora"},"image":{"@id":"https:\/\/www.mentaymora.com\/#\/schema\/logo\/image\/"},"sameAs":["https:\/\/es-es.facebook.com\/MentayMora\/","https:\/\/www.instagram.com\/mentaymora.illescas\/?hl=es","https:\/\/www.youtube.com\/channel\/UCuMMtdck_1XS-MyW6ZnBAlw"]}]}},"_links":{"self":[{"href":"https:\/\/www.mentaymora.com\/index.php\/wp-json\/wp\/v2\/product\/21141","targetHints":{"allow":["GET"]}}],"collection":[{"href":"https:\/\/www.mentaymora.com\/index.php\/wp-json\/wp\/v2\/product"}],"about":[{"href":"https:\/\/www.mentaymora.com\/index.php\/wp-json\/wp\/v2\/types\/product"}],"replies":[{"embeddable":true,"href":"https:\/\/www.mentaymora.com\/index.php\/wp-json\/wp\/v2\/comments?post=21141"}],"wp:featuredmedia":[{"embeddable":true,"href":"https:\/\/www.mentaymora.com\/index.php\/wp-json\/wp\/v2\/media\/21132"}],"wp:attachment":[{"href":"https:\/\/www.mentaymora.com\/index.php\/wp-json\/wp\/v2\/media?parent=21141"}],"wp:term":[{"taxonomy":"product_brand","embeddable":true,"href":"https:\/\/www.mentaymora.com\/index.php\/wp-json\/wp\/v2\/product_brand?post=21141"},{"taxonomy":"product_cat","embeddable":true,"href":"https:\/\/www.mentaymora.com\/index.php\/wp-json\/wp\/v2\/product_cat?post=21141"},{"taxonomy":"product_tag","embeddable":true,"href":"https:\/\/www.mentaymora.com\/index.php\/wp-json\/wp\/v2\/product_tag?post=21141"}],"curies":[{"name":"wp","href":"https:\/\/api.w.org\/{rel}","templated":true}]}}