{"id":2137,"date":"2021-05-08T07:53:37","date_gmt":"2021-05-08T06:53:37","guid":{"rendered":"https:\/\/www.mentaymora.com\/index.php\/producto\/crema-facial-rosa-mosqueta-dia-50ml-regeneradora\/"},"modified":"2025-03-26T10:41:52","modified_gmt":"2025-03-26T09:41:52","slug":"crema-facial-rosa-mosqueta-dia-50ml-regeneradora","status":"publish","type":"product","link":"https:\/\/www.mentaymora.com\/index.php\/producto\/crema-facial-rosa-mosqueta-dia-50ml-regeneradora\/","title":{"rendered":"Crema Facial Rosa Mosqueta D\u00eda 50ml (Regeneradora)"},"content":{"rendered":"<p>Crema Facial Rosa Mosqueta D\u00eda 50ml (Regeneradora)<\/p>\n<p>Destaca por sus <strong>incre\u00edbles propiedades regeneradoras e hidratantes.<\/strong>\u00a0Es muy nutritiva y ayuda a proteger nuestra piel de los rayos UVA, haciendo que luzca un\u00a0<strong>aspecto m\u00e1s joven y saludable.\u00a0<\/strong><\/p>\n<p>Re\u00fane las propiedades de los principios activos que la componen: Aceite de Rosa Mosqueta, Col\u00e1geno Marino, Vitamina E, Aceite de Avellanas y Aloe Vera.<\/p>\n<p>Gracias a todas sus propiedades, esta crema\u00a0<strong>es ideal para regenerar e hidratar nuestra piel.<\/strong>\u00a0Reduce las manchas, arrugas y cicatrices. Retrasa el envejecimiento cut\u00e1neo d\u00e1ndole al rostro un aspecto visiblemente m\u00e1s joven y renovado.<\/p>\n<p><strong>R\u00e1pida absorci\u00f3n.<\/strong><\/p>\n<p><strong>Ingredientes principales:<\/strong><\/p>\n<ul>\n<li><strong>Rosa Mosqueta:<\/strong>\u00a0suaviza marcas en la piel y ayuda en la cicatrizaci\u00f3n.<\/li>\n<li><strong>Col\u00e1geno Vegetal Marino:<\/strong>\u00a0favorece la retenci\u00f3n de agua en el organismo.<\/li>\n<li><strong>Aceite de Avellanas:<\/strong>\u00a0penetra r\u00e1pidamente en la piel. Es ideal para tratar cicatrices, estr\u00edas, quemaduras y piel da\u00f1ada.<\/li>\n<li><strong>Aloe Vera:<\/strong>\u00a0potente hidratante natural.<\/li>\n<li><strong>Vitamina E:<\/strong>\u00a0neutraliza los radicales libre y protege las c\u00e9lulas.<\/li>\n<\/ul>\n<p><strong>Modo de empleo:<\/strong>\u00a0Aplicar sobre la piel limpia, masajeando la zona hasta su casi total absorci\u00f3n.<\/p>\n<p><em>Producto natural. Sin al\u00e9rgenos ni parabenos.<\/em><\/p>\n<p><em>Apta para todo tipo de pieles. Testada dermatol\u00f3gicamente. Producto fabricado en Espa\u00f1a.<\/em><\/p>\n<p>Contenido: 50ml.<\/p>\n<p>Recuerda recomendar a\u00a0<a href=\"https:\/\/www.mentaymora.com\/\">Menta y Mora<\/a>\u00a0para cuidar tu piel.<\/p>\n<p>S\u00edguenos en nuestras RRSS (<a href=\"https:\/\/es-es.facebook.com\/MentayMora\/\">Facebook<\/a>\u00a0e\u00a0<a href=\"https:\/\/www.instagram.com\/mentaymora.illescas\/?hl=es\">Instagram<\/a>)<\/p>\n<p>Si tienes alguna consulta,\u00a0<a href=\"mailto:%20info@mentaymora.com\">preg\u00fantanos<\/a>.<\/p>\n","protected":false},"excerpt":{"rendered":"<p>Es muy nutritiva y ayuda a proteger nuestra piel de los rayos UVA, haciendo que luzca un\u00a0<strong>aspecto m\u00e1s joven y saludable.\u00a0<\/strong><\/p>\n<p>Contenido: 50ml.<\/p>\n<p><img decoding=\"async\" class=\" wp-image-2181\" title=\"Logo Sin Parabenos Sin Sulfatos\" src=\"https:\/\/www.mentaymora.com\/wp-content\/uploads\/2021\/05\/Logo-Sin-Parabenos-Sin-Sulfatos.png\" alt=\"Logo Sin Parabenos Sin Sulfatos\" width=\"75\" height=\"73\" srcset=\"https:\/\/www.mentaymora.com\/wp-content\/uploads\/2021\/05\/Logo-Sin-Parabenos-Sin-Sulfatos.png 210w, https:\/\/www.mentaymora.com\/wp-content\/uploads\/2021\/05\/Logo-Sin-Parabenos-Sin-Sulfatos-62x60.png 62w\" sizes=\"(max-width: 75px) 100vw, 75px\" \/><\/p>\n","protected":false},"featured_media":2239,"comment_status":"open","ping_status":"closed","template":"","meta":{"_acf_changed":false,"_joinchat":[]},"product_brand":[],"product_cat":[273,76],"product_tag":[181,182,278,277],"class_list":{"0":"post-2137","1":"product","2":"type-product","3":"status-publish","4":"has-post-thumbnail","6":"product_cat-cremas-faciales","7":"product_cat-laboratorio-sys","8":"product_tag-crema-facial","9":"product_tag-dia","10":"product_tag-regeneradora","11":"product_tag-rosa-mosqueta","12":"latest_post","14":"first","15":"instock","16":"taxable","17":"shipping-taxable","18":"purchasable","19":"product-type-simple"},"acf":[],"yoast_head":"<!-- This site is optimized with the Yoast SEO plugin v27.3 - https:\/\/yoast.com\/product\/yoast-seo-wordpress\/ -->\n<title>Crema Facial Rosa Mosqueta D\u00eda 50ml (Regeneradora) - Menta y Mora<\/title>\n<meta name=\"description\" content=\"Crema Facial Rosa Mosqueta D\u00eda 50ml (Regeneradora) Destaca por sus incre\u00edbles propiedades regeneradoras e hidratantes.\u00a0\" \/>\n<meta name=\"robots\" content=\"index, follow, max-snippet:-1, max-image-preview:large, max-video-preview:-1\" \/>\n<link rel=\"canonical\" href=\"https:\/\/www.mentaymora.com\/index.php\/producto\/crema-facial-rosa-mosqueta-dia-50ml-regeneradora\/\" \/>\n<meta property=\"og:locale\" content=\"es_ES\" \/>\n<meta property=\"og:type\" content=\"article\" \/>\n<meta property=\"og:title\" content=\"Crema Facial Rosa Mosqueta D\u00eda 50ml (Regeneradora) - Menta y Mora\" \/>\n<meta property=\"og:description\" content=\"Crema Facial Rosa Mosqueta D\u00eda 50ml (Regeneradora) Destaca por sus incre\u00edbles propiedades regeneradoras e hidratantes.\u00a0\" \/>\n<meta property=\"og:url\" content=\"https:\/\/www.mentaymora.com\/index.php\/producto\/crema-facial-rosa-mosqueta-dia-50ml-regeneradora\/\" \/>\n<meta property=\"og:site_name\" content=\"Menta y Mora\" \/>\n<meta property=\"article:publisher\" content=\"https:\/\/es-es.facebook.com\/MentayMora\/\" \/>\n<meta property=\"article:modified_time\" content=\"2025-03-26T09:41:52+00:00\" \/>\n<meta property=\"og:image\" content=\"https:\/\/www.mentaymora.com\/wp-content\/uploads\/2021\/05\/facialmosquetadia.jpg\" \/>\n\t<meta property=\"og:image:width\" content=\"1200\" \/>\n\t<meta property=\"og:image:height\" content=\"1200\" \/>\n\t<meta property=\"og:image:type\" content=\"image\/jpeg\" \/>\n<meta name=\"twitter:card\" content=\"summary_large_image\" \/>\n<meta name=\"twitter:label1\" content=\"Tiempo de lectura\" \/>\n\t<meta name=\"twitter:data1\" content=\"1 minuto\" \/>\n<script type=\"application\/ld+json\" class=\"yoast-schema-graph\">{\"@context\":\"https:\\\/\\\/schema.org\",\"@graph\":[{\"@type\":\"WebPage\",\"@id\":\"https:\\\/\\\/www.mentaymora.com\\\/index.php\\\/producto\\\/crema-facial-rosa-mosqueta-dia-50ml-regeneradora\\\/\",\"url\":\"https:\\\/\\\/www.mentaymora.com\\\/index.php\\\/producto\\\/crema-facial-rosa-mosqueta-dia-50ml-regeneradora\\\/\",\"name\":\"Crema Facial Rosa Mosqueta D\u00eda 50ml (Regeneradora) - Menta y Mora\",\"isPartOf\":{\"@id\":\"https:\\\/\\\/www.mentaymora.com\\\/#website\"},\"primaryImageOfPage\":{\"@id\":\"https:\\\/\\\/www.mentaymora.com\\\/index.php\\\/producto\\\/crema-facial-rosa-mosqueta-dia-50ml-regeneradora\\\/#primaryimage\"},\"image\":{\"@id\":\"https:\\\/\\\/www.mentaymora.com\\\/index.php\\\/producto\\\/crema-facial-rosa-mosqueta-dia-50ml-regeneradora\\\/#primaryimage\"},\"thumbnailUrl\":\"https:\\\/\\\/www.mentaymora.com\\\/wp-content\\\/uploads\\\/2021\\\/05\\\/facialmosquetadia.jpg\",\"datePublished\":\"2021-05-08T06:53:37+00:00\",\"dateModified\":\"2025-03-26T09:41:52+00:00\",\"description\":\"Crema Facial Rosa Mosqueta D\u00eda 50ml (Regeneradora) Destaca por sus incre\u00edbles propiedades regeneradoras e hidratantes.\u00a0\",\"breadcrumb\":{\"@id\":\"https:\\\/\\\/www.mentaymora.com\\\/index.php\\\/producto\\\/crema-facial-rosa-mosqueta-dia-50ml-regeneradora\\\/#breadcrumb\"},\"inLanguage\":\"es\",\"potentialAction\":[{\"@type\":\"ReadAction\",\"target\":[\"https:\\\/\\\/www.mentaymora.com\\\/index.php\\\/producto\\\/crema-facial-rosa-mosqueta-dia-50ml-regeneradora\\\/\"]}]},{\"@type\":\"ImageObject\",\"inLanguage\":\"es\",\"@id\":\"https:\\\/\\\/www.mentaymora.com\\\/index.php\\\/producto\\\/crema-facial-rosa-mosqueta-dia-50ml-regeneradora\\\/#primaryimage\",\"url\":\"https:\\\/\\\/www.mentaymora.com\\\/wp-content\\\/uploads\\\/2021\\\/05\\\/facialmosquetadia.jpg\",\"contentUrl\":\"https:\\\/\\\/www.mentaymora.com\\\/wp-content\\\/uploads\\\/2021\\\/05\\\/facialmosquetadia.jpg\",\"width\":1200,\"height\":1200,\"caption\":\"facialmosquetadia\"},{\"@type\":\"BreadcrumbList\",\"@id\":\"https:\\\/\\\/www.mentaymora.com\\\/index.php\\\/producto\\\/crema-facial-rosa-mosqueta-dia-50ml-regeneradora\\\/#breadcrumb\",\"itemListElement\":[{\"@type\":\"ListItem\",\"position\":1,\"name\":\"Portada\",\"item\":\"https:\\\/\\\/www.mentaymora.com\\\/\"},{\"@type\":\"ListItem\",\"position\":2,\"name\":\"Productos\",\"item\":\"https:\\\/\\\/www.mentaymora.com\\\/index.php\\\/tienda\\\/\"},{\"@type\":\"ListItem\",\"position\":3,\"name\":\"Crema Facial Rosa Mosqueta D\u00eda 50ml (Regeneradora)\"}]},{\"@type\":\"WebSite\",\"@id\":\"https:\\\/\\\/www.mentaymora.com\\\/#website\",\"url\":\"https:\\\/\\\/www.mentaymora.com\\\/\",\"name\":\"Menta y Mora\",\"description\":\"Regalos y Complementos\",\"publisher\":{\"@id\":\"https:\\\/\\\/www.mentaymora.com\\\/#organization\"},\"potentialAction\":[{\"@type\":\"SearchAction\",\"target\":{\"@type\":\"EntryPoint\",\"urlTemplate\":\"https:\\\/\\\/www.mentaymora.com\\\/?s={search_term_string}\"},\"query-input\":{\"@type\":\"PropertyValueSpecification\",\"valueRequired\":true,\"valueName\":\"search_term_string\"}}],\"inLanguage\":\"es\"},{\"@type\":\"Organization\",\"@id\":\"https:\\\/\\\/www.mentaymora.com\\\/#organization\",\"name\":\"Menta y Mora\",\"url\":\"https:\\\/\\\/www.mentaymora.com\\\/\",\"logo\":{\"@type\":\"ImageObject\",\"inLanguage\":\"es\",\"@id\":\"https:\\\/\\\/www.mentaymora.com\\\/#\\\/schema\\\/logo\\\/image\\\/\",\"url\":\"https:\\\/\\\/www.mentaymora.com\\\/wp-content\\\/uploads\\\/2021\\\/07\\\/Logo.jpg\",\"contentUrl\":\"https:\\\/\\\/www.mentaymora.com\\\/wp-content\\\/uploads\\\/2021\\\/07\\\/Logo.jpg\",\"width\":1172,\"height\":1172,\"caption\":\"Menta y Mora\"},\"image\":{\"@id\":\"https:\\\/\\\/www.mentaymora.com\\\/#\\\/schema\\\/logo\\\/image\\\/\"},\"sameAs\":[\"https:\\\/\\\/es-es.facebook.com\\\/MentayMora\\\/\",\"https:\\\/\\\/www.instagram.com\\\/mentaymora.illescas\\\/?hl=es\",\"https:\\\/\\\/www.youtube.com\\\/channel\\\/UCuMMtdck_1XS-MyW6ZnBAlw\"]}]}<\/script>\n<!-- \/ Yoast SEO plugin. -->","yoast_head_json":{"title":"Crema Facial Rosa Mosqueta D\u00eda 50ml (Regeneradora) - Menta y Mora","description":"Crema Facial Rosa Mosqueta D\u00eda 50ml (Regeneradora) Destaca por sus incre\u00edbles propiedades regeneradoras e hidratantes.\u00a0","robots":{"index":"index","follow":"follow","max-snippet":"max-snippet:-1","max-image-preview":"max-image-preview:large","max-video-preview":"max-video-preview:-1"},"canonical":"https:\/\/www.mentaymora.com\/index.php\/producto\/crema-facial-rosa-mosqueta-dia-50ml-regeneradora\/","og_locale":"es_ES","og_type":"article","og_title":"Crema Facial Rosa Mosqueta D\u00eda 50ml (Regeneradora) - Menta y Mora","og_description":"Crema Facial Rosa Mosqueta D\u00eda 50ml (Regeneradora) Destaca por sus incre\u00edbles propiedades regeneradoras e hidratantes.\u00a0","og_url":"https:\/\/www.mentaymora.com\/index.php\/producto\/crema-facial-rosa-mosqueta-dia-50ml-regeneradora\/","og_site_name":"Menta y Mora","article_publisher":"https:\/\/es-es.facebook.com\/MentayMora\/","article_modified_time":"2025-03-26T09:41:52+00:00","og_image":[{"width":1200,"height":1200,"url":"https:\/\/www.mentaymora.com\/wp-content\/uploads\/2021\/05\/facialmosquetadia.jpg","type":"image\/jpeg"}],"twitter_card":"summary_large_image","twitter_misc":{"Tiempo de lectura":"1 minuto"},"schema":{"@context":"https:\/\/schema.org","@graph":[{"@type":"WebPage","@id":"https:\/\/www.mentaymora.com\/index.php\/producto\/crema-facial-rosa-mosqueta-dia-50ml-regeneradora\/","url":"https:\/\/www.mentaymora.com\/index.php\/producto\/crema-facial-rosa-mosqueta-dia-50ml-regeneradora\/","name":"Crema Facial Rosa Mosqueta D\u00eda 50ml (Regeneradora) - Menta y Mora","isPartOf":{"@id":"https:\/\/www.mentaymora.com\/#website"},"primaryImageOfPage":{"@id":"https:\/\/www.mentaymora.com\/index.php\/producto\/crema-facial-rosa-mosqueta-dia-50ml-regeneradora\/#primaryimage"},"image":{"@id":"https:\/\/www.mentaymora.com\/index.php\/producto\/crema-facial-rosa-mosqueta-dia-50ml-regeneradora\/#primaryimage"},"thumbnailUrl":"https:\/\/www.mentaymora.com\/wp-content\/uploads\/2021\/05\/facialmosquetadia.jpg","datePublished":"2021-05-08T06:53:37+00:00","dateModified":"2025-03-26T09:41:52+00:00","description":"Crema Facial Rosa Mosqueta D\u00eda 50ml (Regeneradora) Destaca por sus incre\u00edbles propiedades regeneradoras e hidratantes.\u00a0","breadcrumb":{"@id":"https:\/\/www.mentaymora.com\/index.php\/producto\/crema-facial-rosa-mosqueta-dia-50ml-regeneradora\/#breadcrumb"},"inLanguage":"es","potentialAction":[{"@type":"ReadAction","target":["https:\/\/www.mentaymora.com\/index.php\/producto\/crema-facial-rosa-mosqueta-dia-50ml-regeneradora\/"]}]},{"@type":"ImageObject","inLanguage":"es","@id":"https:\/\/www.mentaymora.com\/index.php\/producto\/crema-facial-rosa-mosqueta-dia-50ml-regeneradora\/#primaryimage","url":"https:\/\/www.mentaymora.com\/wp-content\/uploads\/2021\/05\/facialmosquetadia.jpg","contentUrl":"https:\/\/www.mentaymora.com\/wp-content\/uploads\/2021\/05\/facialmosquetadia.jpg","width":1200,"height":1200,"caption":"facialmosquetadia"},{"@type":"BreadcrumbList","@id":"https:\/\/www.mentaymora.com\/index.php\/producto\/crema-facial-rosa-mosqueta-dia-50ml-regeneradora\/#breadcrumb","itemListElement":[{"@type":"ListItem","position":1,"name":"Portada","item":"https:\/\/www.mentaymora.com\/"},{"@type":"ListItem","position":2,"name":"Productos","item":"https:\/\/www.mentaymora.com\/index.php\/tienda\/"},{"@type":"ListItem","position":3,"name":"Crema Facial Rosa Mosqueta D\u00eda 50ml (Regeneradora)"}]},{"@type":"WebSite","@id":"https:\/\/www.mentaymora.com\/#website","url":"https:\/\/www.mentaymora.com\/","name":"Menta y Mora","description":"Regalos y Complementos","publisher":{"@id":"https:\/\/www.mentaymora.com\/#organization"},"potentialAction":[{"@type":"SearchAction","target":{"@type":"EntryPoint","urlTemplate":"https:\/\/www.mentaymora.com\/?s={search_term_string}"},"query-input":{"@type":"PropertyValueSpecification","valueRequired":true,"valueName":"search_term_string"}}],"inLanguage":"es"},{"@type":"Organization","@id":"https:\/\/www.mentaymora.com\/#organization","name":"Menta y Mora","url":"https:\/\/www.mentaymora.com\/","logo":{"@type":"ImageObject","inLanguage":"es","@id":"https:\/\/www.mentaymora.com\/#\/schema\/logo\/image\/","url":"https:\/\/www.mentaymora.com\/wp-content\/uploads\/2021\/07\/Logo.jpg","contentUrl":"https:\/\/www.mentaymora.com\/wp-content\/uploads\/2021\/07\/Logo.jpg","width":1172,"height":1172,"caption":"Menta y Mora"},"image":{"@id":"https:\/\/www.mentaymora.com\/#\/schema\/logo\/image\/"},"sameAs":["https:\/\/es-es.facebook.com\/MentayMora\/","https:\/\/www.instagram.com\/mentaymora.illescas\/?hl=es","https:\/\/www.youtube.com\/channel\/UCuMMtdck_1XS-MyW6ZnBAlw"]}]}},"_links":{"self":[{"href":"https:\/\/www.mentaymora.com\/index.php\/wp-json\/wp\/v2\/product\/2137","targetHints":{"allow":["GET"]}}],"collection":[{"href":"https:\/\/www.mentaymora.com\/index.php\/wp-json\/wp\/v2\/product"}],"about":[{"href":"https:\/\/www.mentaymora.com\/index.php\/wp-json\/wp\/v2\/types\/product"}],"replies":[{"embeddable":true,"href":"https:\/\/www.mentaymora.com\/index.php\/wp-json\/wp\/v2\/comments?post=2137"}],"wp:featuredmedia":[{"embeddable":true,"href":"https:\/\/www.mentaymora.com\/index.php\/wp-json\/wp\/v2\/media\/2239"}],"wp:attachment":[{"href":"https:\/\/www.mentaymora.com\/index.php\/wp-json\/wp\/v2\/media?parent=2137"}],"wp:term":[{"taxonomy":"product_brand","embeddable":true,"href":"https:\/\/www.mentaymora.com\/index.php\/wp-json\/wp\/v2\/product_brand?post=2137"},{"taxonomy":"product_cat","embeddable":true,"href":"https:\/\/www.mentaymora.com\/index.php\/wp-json\/wp\/v2\/product_cat?post=2137"},{"taxonomy":"product_tag","embeddable":true,"href":"https:\/\/www.mentaymora.com\/index.php\/wp-json\/wp\/v2\/product_tag?post=2137"}],"curies":[{"name":"wp","href":"https:\/\/api.w.org\/{rel}","templated":true}]}}