{"id":2146,"date":"2021-05-08T07:53:40","date_gmt":"2021-05-08T06:53:40","guid":{"rendered":"https:\/\/www.mentaymora.com\/index.php\/producto\/crema-corporal-calendula-300ml-pieles-sensibles\/"},"modified":"2021-05-08T17:27:31","modified_gmt":"2021-05-08T16:27:31","slug":"crema-corporal-calendula-300ml-pieles-sensibles","status":"publish","type":"product","link":"https:\/\/www.mentaymora.com\/index.php\/producto\/crema-corporal-calendula-300ml-pieles-sensibles\/","title":{"rendered":"Crema Corporal Cal\u00e9ndula 300ml (Pieles Sensibles)"},"content":{"rendered":"<p>Crema Corporal Cal\u00e9ndula 300ml (Pieles Sensibles)<\/p>\n<p>La Crema Corporal de Cal\u00e9ndula con Aceite de Almendras Dulces rico en Vitamina E y Alanto\u00edna.<\/p>\n<p>Indicada para pieles sensibles. Anti inflamatoria y cicatrizante. Regenera y tonifica la piel.<\/p>\n<p><strong>Ingredientes principales:<\/strong><\/p>\n<ul>\n<li><strong>Flor de Loto:<\/strong> posee acci\u00f3n blanqueadora, antioxidante y anti arrugas.<\/li>\n<li><strong>Alanto\u00edna:<\/strong>\u00a0acelera el proceso de regeneraci\u00f3n de las c\u00e9lulas de la piel.<\/li>\n<li><strong>Vitamina E:<\/strong> neutraliza los radicales libre y protege las c\u00e9lulas.<\/li>\n<\/ul>\n<p><strong>Modo de empleo:<\/strong>\u00a0Aplicar sobre la piel limpia, masajeando la zona hasta su casi total absorci\u00f3n.<\/p>\n<p><em>Producto natural y vegano. Sin al\u00e9rgenos ni parabenos. Apta para todo tipo de pieles.\u00a0Testada dermatol\u00f3gicamente. Producto fabricado en Espa\u00f1a.<\/em><\/p>\n<p>Contenido: 300ml.<\/p>\n<p>Recuerda recomendar a\u00a0<a href=\"https:\/\/www.mentaymora.com\/\">Menta y Mora<\/a>\u00a0para cuidar tu piel.<\/p>\n<p>S\u00edguenos en nuestras RRSS (<a href=\"https:\/\/es-es.facebook.com\/MentayMora\/\">Facebook<\/a>\u00a0e\u00a0<a href=\"https:\/\/www.instagram.com\/mentaymora.illescas\/?hl=es\">Instagram<\/a>)<\/p>\n<p>Si tienes alguna consulta,\u00a0<a href=\"mailto:%20info@mentaymora.com\">preg\u00fantanos<\/a>.<\/p>\n","protected":false},"excerpt":{"rendered":"<p>Indicada para pieles sensibles. Anti inflamatoria y cicatrizante.<\/p>\n<p>Regenera y tonifica la piel.<\/p>\n<p>Contenido: 300ml.<\/p>\n<p><img decoding=\"async\" class=\" wp-image-2023\" title=\"Logo Vegan SLS Free\" src=\"https:\/\/www.mentaymora.com\/wp-content\/uploads\/2021\/05\/Logo-Vegan-SLS-Free-300x151.jpg\" alt=\"Logo Vegan SLS Free\" width=\"149\" height=\"75\" srcset=\"https:\/\/www.mentaymora.com\/wp-content\/uploads\/2021\/05\/Logo-Vegan-SLS-Free-300x151.jpg 300w, https:\/\/www.mentaymora.com\/wp-content\/uploads\/2021\/05\/Logo-Vegan-SLS-Free-119x60.jpg 119w, https:\/\/www.mentaymora.com\/wp-content\/uploads\/2021\/05\/Logo-Vegan-SLS-Free.jpg 320w\" sizes=\"(max-width: 149px) 100vw, 149px\" \/><\/p>\n","protected":false},"featured_media":2218,"comment_status":"open","ping_status":"closed","template":"","meta":{"_acf_changed":false,"_joinchat":[]},"product_brand":[],"product_cat":[17,274,76],"product_tag":[218,280,279],"class_list":{"0":"post-2146","1":"product","2":"type-product","3":"status-publish","4":"has-post-thumbnail","6":"product_cat-cosmetica","7":"product_cat-cremas-corporales","8":"product_cat-laboratorio-sys","9":"product_tag-calendula","10":"product_tag-crema-corporal","11":"product_tag-pieles-sensibles","12":"latest_post","14":"first","15":"instock","16":"taxable","17":"shipping-taxable","18":"purchasable","19":"product-type-simple"},"acf":[],"yoast_head":"<!-- This site is optimized with the Yoast SEO plugin v27.4 - https:\/\/yoast.com\/product\/yoast-seo-wordpress\/ -->\n<title>Crema Corporal Cal\u00e9ndula 300ml (Pieles Sensibles) - Menta y Mora<\/title>\n<meta name=\"description\" content=\"Crema Corporal Cal\u00e9ndula 300ml (Pieles Sensibles) La Crema Corporal de Cal\u00e9ndula con Aceite de Almendras Dulces rico en Vitamina E y\" \/>\n<meta name=\"robots\" content=\"index, follow, max-snippet:-1, max-image-preview:large, max-video-preview:-1\" \/>\n<link rel=\"canonical\" href=\"https:\/\/www.mentaymora.com\/index.php\/producto\/crema-corporal-calendula-300ml-pieles-sensibles\/\" \/>\n<meta property=\"og:locale\" content=\"es_ES\" \/>\n<meta property=\"og:type\" content=\"article\" \/>\n<meta property=\"og:title\" content=\"Crema Corporal Cal\u00e9ndula 300ml (Pieles Sensibles) - Menta y Mora\" \/>\n<meta property=\"og:description\" content=\"Crema Corporal Cal\u00e9ndula 300ml (Pieles Sensibles) La Crema Corporal de Cal\u00e9ndula con Aceite de Almendras Dulces rico en Vitamina E y\" \/>\n<meta property=\"og:url\" content=\"https:\/\/www.mentaymora.com\/index.php\/producto\/crema-corporal-calendula-300ml-pieles-sensibles\/\" \/>\n<meta property=\"og:site_name\" content=\"Menta y Mora\" \/>\n<meta property=\"article:publisher\" content=\"https:\/\/es-es.facebook.com\/MentayMora\/\" \/>\n<meta property=\"article:modified_time\" content=\"2021-05-08T16:27:31+00:00\" \/>\n<meta property=\"og:image\" content=\"https:\/\/i0.wp.com\/www.mentaymora.com\/wp-content\/uploads\/2021\/05\/CorporalCalendula.jpg?fit=1200%2C1200&ssl=1\" \/>\n\t<meta property=\"og:image:width\" content=\"1200\" \/>\n\t<meta property=\"og:image:height\" content=\"1200\" \/>\n\t<meta property=\"og:image:type\" content=\"image\/jpeg\" \/>\n<meta name=\"twitter:card\" content=\"summary_large_image\" \/>\n<meta name=\"twitter:label1\" content=\"Tiempo de lectura\" \/>\n\t<meta name=\"twitter:data1\" content=\"1 minuto\" \/>\n<script type=\"application\/ld+json\" class=\"yoast-schema-graph\">{\"@context\":\"https:\\\/\\\/schema.org\",\"@graph\":[{\"@type\":\"WebPage\",\"@id\":\"https:\\\/\\\/www.mentaymora.com\\\/index.php\\\/producto\\\/crema-corporal-calendula-300ml-pieles-sensibles\\\/\",\"url\":\"https:\\\/\\\/www.mentaymora.com\\\/index.php\\\/producto\\\/crema-corporal-calendula-300ml-pieles-sensibles\\\/\",\"name\":\"Crema Corporal Cal\u00e9ndula 300ml (Pieles Sensibles) - Menta y Mora\",\"isPartOf\":{\"@id\":\"https:\\\/\\\/www.mentaymora.com\\\/#website\"},\"primaryImageOfPage\":{\"@id\":\"https:\\\/\\\/www.mentaymora.com\\\/index.php\\\/producto\\\/crema-corporal-calendula-300ml-pieles-sensibles\\\/#primaryimage\"},\"image\":{\"@id\":\"https:\\\/\\\/www.mentaymora.com\\\/index.php\\\/producto\\\/crema-corporal-calendula-300ml-pieles-sensibles\\\/#primaryimage\"},\"thumbnailUrl\":\"https:\\\/\\\/www.mentaymora.com\\\/wp-content\\\/uploads\\\/2021\\\/05\\\/CorporalCalendula.jpg\",\"datePublished\":\"2021-05-08T06:53:40+00:00\",\"dateModified\":\"2021-05-08T16:27:31+00:00\",\"description\":\"Crema Corporal Cal\u00e9ndula 300ml (Pieles Sensibles) La Crema Corporal de Cal\u00e9ndula con Aceite de Almendras Dulces rico en Vitamina E y\",\"breadcrumb\":{\"@id\":\"https:\\\/\\\/www.mentaymora.com\\\/index.php\\\/producto\\\/crema-corporal-calendula-300ml-pieles-sensibles\\\/#breadcrumb\"},\"inLanguage\":\"es\",\"potentialAction\":[{\"@type\":\"ReadAction\",\"target\":[\"https:\\\/\\\/www.mentaymora.com\\\/index.php\\\/producto\\\/crema-corporal-calendula-300ml-pieles-sensibles\\\/\"]}]},{\"@type\":\"ImageObject\",\"inLanguage\":\"es\",\"@id\":\"https:\\\/\\\/www.mentaymora.com\\\/index.php\\\/producto\\\/crema-corporal-calendula-300ml-pieles-sensibles\\\/#primaryimage\",\"url\":\"https:\\\/\\\/www.mentaymora.com\\\/wp-content\\\/uploads\\\/2021\\\/05\\\/CorporalCalendula.jpg\",\"contentUrl\":\"https:\\\/\\\/www.mentaymora.com\\\/wp-content\\\/uploads\\\/2021\\\/05\\\/CorporalCalendula.jpg\",\"width\":1200,\"height\":1200,\"caption\":\"CorporalCalendula\"},{\"@type\":\"BreadcrumbList\",\"@id\":\"https:\\\/\\\/www.mentaymora.com\\\/index.php\\\/producto\\\/crema-corporal-calendula-300ml-pieles-sensibles\\\/#breadcrumb\",\"itemListElement\":[{\"@type\":\"ListItem\",\"position\":1,\"name\":\"Portada\",\"item\":\"https:\\\/\\\/www.mentaymora.com\\\/\"},{\"@type\":\"ListItem\",\"position\":2,\"name\":\"Productos\",\"item\":\"https:\\\/\\\/www.mentaymora.com\\\/index.php\\\/tienda\\\/\"},{\"@type\":\"ListItem\",\"position\":3,\"name\":\"Crema Corporal Cal\u00e9ndula 300ml (Pieles Sensibles)\"}]},{\"@type\":\"WebSite\",\"@id\":\"https:\\\/\\\/www.mentaymora.com\\\/#website\",\"url\":\"https:\\\/\\\/www.mentaymora.com\\\/\",\"name\":\"Menta y Mora\",\"description\":\"Regalos y Complementos\",\"publisher\":{\"@id\":\"https:\\\/\\\/www.mentaymora.com\\\/#organization\"},\"potentialAction\":[{\"@type\":\"SearchAction\",\"target\":{\"@type\":\"EntryPoint\",\"urlTemplate\":\"https:\\\/\\\/www.mentaymora.com\\\/?s={search_term_string}\"},\"query-input\":{\"@type\":\"PropertyValueSpecification\",\"valueRequired\":true,\"valueName\":\"search_term_string\"}}],\"inLanguage\":\"es\"},{\"@type\":\"Organization\",\"@id\":\"https:\\\/\\\/www.mentaymora.com\\\/#organization\",\"name\":\"Menta y Mora\",\"url\":\"https:\\\/\\\/www.mentaymora.com\\\/\",\"logo\":{\"@type\":\"ImageObject\",\"inLanguage\":\"es\",\"@id\":\"https:\\\/\\\/www.mentaymora.com\\\/#\\\/schema\\\/logo\\\/image\\\/\",\"url\":\"https:\\\/\\\/www.mentaymora.com\\\/wp-content\\\/uploads\\\/2021\\\/07\\\/Logo.jpg\",\"contentUrl\":\"https:\\\/\\\/www.mentaymora.com\\\/wp-content\\\/uploads\\\/2021\\\/07\\\/Logo.jpg\",\"width\":1172,\"height\":1172,\"caption\":\"Menta y Mora\"},\"image\":{\"@id\":\"https:\\\/\\\/www.mentaymora.com\\\/#\\\/schema\\\/logo\\\/image\\\/\"},\"sameAs\":[\"https:\\\/\\\/es-es.facebook.com\\\/MentayMora\\\/\",\"https:\\\/\\\/www.instagram.com\\\/mentaymora.illescas\\\/?hl=es\",\"https:\\\/\\\/www.youtube.com\\\/channel\\\/UCuMMtdck_1XS-MyW6ZnBAlw\"]}]}<\/script>\n<!-- \/ Yoast SEO plugin. -->","yoast_head_json":{"title":"Crema Corporal Cal\u00e9ndula 300ml (Pieles Sensibles) - Menta y Mora","description":"Crema Corporal Cal\u00e9ndula 300ml (Pieles Sensibles) La Crema Corporal de Cal\u00e9ndula con Aceite de Almendras Dulces rico en Vitamina E y","robots":{"index":"index","follow":"follow","max-snippet":"max-snippet:-1","max-image-preview":"max-image-preview:large","max-video-preview":"max-video-preview:-1"},"canonical":"https:\/\/www.mentaymora.com\/index.php\/producto\/crema-corporal-calendula-300ml-pieles-sensibles\/","og_locale":"es_ES","og_type":"article","og_title":"Crema Corporal Cal\u00e9ndula 300ml (Pieles Sensibles) - Menta y Mora","og_description":"Crema Corporal Cal\u00e9ndula 300ml (Pieles Sensibles) La Crema Corporal de Cal\u00e9ndula con Aceite de Almendras Dulces rico en Vitamina E y","og_url":"https:\/\/www.mentaymora.com\/index.php\/producto\/crema-corporal-calendula-300ml-pieles-sensibles\/","og_site_name":"Menta y Mora","article_publisher":"https:\/\/es-es.facebook.com\/MentayMora\/","article_modified_time":"2021-05-08T16:27:31+00:00","og_image":[{"width":1200,"height":1200,"url":"https:\/\/i0.wp.com\/www.mentaymora.com\/wp-content\/uploads\/2021\/05\/CorporalCalendula.jpg?fit=1200%2C1200&ssl=1","type":"image\/jpeg"}],"twitter_card":"summary_large_image","twitter_misc":{"Tiempo de lectura":"1 minuto"},"schema":{"@context":"https:\/\/schema.org","@graph":[{"@type":"WebPage","@id":"https:\/\/www.mentaymora.com\/index.php\/producto\/crema-corporal-calendula-300ml-pieles-sensibles\/","url":"https:\/\/www.mentaymora.com\/index.php\/producto\/crema-corporal-calendula-300ml-pieles-sensibles\/","name":"Crema Corporal Cal\u00e9ndula 300ml (Pieles Sensibles) - Menta y Mora","isPartOf":{"@id":"https:\/\/www.mentaymora.com\/#website"},"primaryImageOfPage":{"@id":"https:\/\/www.mentaymora.com\/index.php\/producto\/crema-corporal-calendula-300ml-pieles-sensibles\/#primaryimage"},"image":{"@id":"https:\/\/www.mentaymora.com\/index.php\/producto\/crema-corporal-calendula-300ml-pieles-sensibles\/#primaryimage"},"thumbnailUrl":"https:\/\/www.mentaymora.com\/wp-content\/uploads\/2021\/05\/CorporalCalendula.jpg","datePublished":"2021-05-08T06:53:40+00:00","dateModified":"2021-05-08T16:27:31+00:00","description":"Crema Corporal Cal\u00e9ndula 300ml (Pieles Sensibles) La Crema Corporal de Cal\u00e9ndula con Aceite de Almendras Dulces rico en Vitamina E y","breadcrumb":{"@id":"https:\/\/www.mentaymora.com\/index.php\/producto\/crema-corporal-calendula-300ml-pieles-sensibles\/#breadcrumb"},"inLanguage":"es","potentialAction":[{"@type":"ReadAction","target":["https:\/\/www.mentaymora.com\/index.php\/producto\/crema-corporal-calendula-300ml-pieles-sensibles\/"]}]},{"@type":"ImageObject","inLanguage":"es","@id":"https:\/\/www.mentaymora.com\/index.php\/producto\/crema-corporal-calendula-300ml-pieles-sensibles\/#primaryimage","url":"https:\/\/www.mentaymora.com\/wp-content\/uploads\/2021\/05\/CorporalCalendula.jpg","contentUrl":"https:\/\/www.mentaymora.com\/wp-content\/uploads\/2021\/05\/CorporalCalendula.jpg","width":1200,"height":1200,"caption":"CorporalCalendula"},{"@type":"BreadcrumbList","@id":"https:\/\/www.mentaymora.com\/index.php\/producto\/crema-corporal-calendula-300ml-pieles-sensibles\/#breadcrumb","itemListElement":[{"@type":"ListItem","position":1,"name":"Portada","item":"https:\/\/www.mentaymora.com\/"},{"@type":"ListItem","position":2,"name":"Productos","item":"https:\/\/www.mentaymora.com\/index.php\/tienda\/"},{"@type":"ListItem","position":3,"name":"Crema Corporal Cal\u00e9ndula 300ml (Pieles Sensibles)"}]},{"@type":"WebSite","@id":"https:\/\/www.mentaymora.com\/#website","url":"https:\/\/www.mentaymora.com\/","name":"Menta y Mora","description":"Regalos y Complementos","publisher":{"@id":"https:\/\/www.mentaymora.com\/#organization"},"potentialAction":[{"@type":"SearchAction","target":{"@type":"EntryPoint","urlTemplate":"https:\/\/www.mentaymora.com\/?s={search_term_string}"},"query-input":{"@type":"PropertyValueSpecification","valueRequired":true,"valueName":"search_term_string"}}],"inLanguage":"es"},{"@type":"Organization","@id":"https:\/\/www.mentaymora.com\/#organization","name":"Menta y Mora","url":"https:\/\/www.mentaymora.com\/","logo":{"@type":"ImageObject","inLanguage":"es","@id":"https:\/\/www.mentaymora.com\/#\/schema\/logo\/image\/","url":"https:\/\/www.mentaymora.com\/wp-content\/uploads\/2021\/07\/Logo.jpg","contentUrl":"https:\/\/www.mentaymora.com\/wp-content\/uploads\/2021\/07\/Logo.jpg","width":1172,"height":1172,"caption":"Menta y Mora"},"image":{"@id":"https:\/\/www.mentaymora.com\/#\/schema\/logo\/image\/"},"sameAs":["https:\/\/es-es.facebook.com\/MentayMora\/","https:\/\/www.instagram.com\/mentaymora.illescas\/?hl=es","https:\/\/www.youtube.com\/channel\/UCuMMtdck_1XS-MyW6ZnBAlw"]}]}},"_links":{"self":[{"href":"https:\/\/www.mentaymora.com\/index.php\/wp-json\/wp\/v2\/product\/2146","targetHints":{"allow":["GET"]}}],"collection":[{"href":"https:\/\/www.mentaymora.com\/index.php\/wp-json\/wp\/v2\/product"}],"about":[{"href":"https:\/\/www.mentaymora.com\/index.php\/wp-json\/wp\/v2\/types\/product"}],"replies":[{"embeddable":true,"href":"https:\/\/www.mentaymora.com\/index.php\/wp-json\/wp\/v2\/comments?post=2146"}],"wp:featuredmedia":[{"embeddable":true,"href":"https:\/\/www.mentaymora.com\/index.php\/wp-json\/wp\/v2\/media\/2218"}],"wp:attachment":[{"href":"https:\/\/www.mentaymora.com\/index.php\/wp-json\/wp\/v2\/media?parent=2146"}],"wp:term":[{"taxonomy":"product_brand","embeddable":true,"href":"https:\/\/www.mentaymora.com\/index.php\/wp-json\/wp\/v2\/product_brand?post=2146"},{"taxonomy":"product_cat","embeddable":true,"href":"https:\/\/www.mentaymora.com\/index.php\/wp-json\/wp\/v2\/product_cat?post=2146"},{"taxonomy":"product_tag","embeddable":true,"href":"https:\/\/www.mentaymora.com\/index.php\/wp-json\/wp\/v2\/product_tag?post=2146"}],"curies":[{"name":"wp","href":"https:\/\/api.w.org\/{rel}","templated":true}]}}