{"id":215,"date":"2021-04-02T19:22:12","date_gmt":"2021-04-02T18:22:12","guid":{"rendered":"https:\/\/www.mentaymora.com\/?post_type=product&#038;p=215"},"modified":"2025-01-12T07:43:36","modified_gmt":"2025-01-12T06:43:36","slug":"ambientador-spray-100-ml-te-verde","status":"publish","type":"product","link":"https:\/\/www.mentaymora.com\/index.php\/producto\/ambientador-spray-100-ml-te-verde\/","title":{"rendered":"Ambientador Spray 100 ml. Te Verde"},"content":{"rendered":"<p>Ambientador Spray 100 ml. Te Verde<\/p>\n<p>Los pulverizadores de Boles d&#8217;olor contienen 100ml de aut\u00e9ntico placer olfativo, el nivel de \u00ab<em>concentraci\u00f3n de esencia\u00bb,<\/em> est\u00e1 muy por encima de la competencia y esto se nota en que el aroma se mantiene en el ambiente durante horas.<\/p>\n<p>\u00bfQui\u00e9n no ha usado alguna vez este tipo de ambientadores? La verdad es que se trata de uno de los productos m\u00e1s antiguos y que m\u00e1s se usa, tanto por su facilidad, como por su rapidez.<\/p>\n<p>Seguro que todos hemos usado esos ambientadores que pulverizas y caen directamente al suelo, pues bien, lo bueno de los sprays de Boles d&#8217;olor es que las part\u00edculas que quedan en suspensi\u00f3n son tan peque\u00f1as que viajan de un lado a otro con gran facilidad, lo que hace que facilite su difusi\u00f3n en el ambiente.<\/p>\n<p>Al usar este spray, estamos dejando impregnado el aroma sobre las cortinas, sof\u00e1s, camas, alfombras, etc., sin necesidad de tener que hacerlo todos los d\u00edas.<\/p>\n<p>Su formato es comod\u00edsimo para poder llev\u00e1rnoslo de viaje, ya sea a un hotel o a nuestra segunda residencia; con un par de <em>\u00abflis-flis\u00bb<\/em> nos podremos sentir como en nuestro propio hogar.<\/p>\n<p>Tambi\u00e9n os lo recomendamos, como \u00ab<em>apoyo\u00bb <\/em>al mikado, ya que siempre hay momentos en los que se necesita un refuerzo de aroma o queremos sorprender a alguien cuando llegue a nuestra casa.<\/p>\n<p>Ni que decir si lo usamos en el coche \u00a1una aut\u00e9ntica locura!<\/p>\n<p>Ambientador Spray 100 ml. Te Verde<\/p>\n<p>Recuerda recomendar a <a href=\"http:\/\/www.mentaymora.com\">Menta y Mora<\/a> para ambientar tu hogar.<\/p>\n<p>S\u00edguenos en nuestras RRSS (<a href=\"https:\/\/es-es.facebook.com\/MentayMora\/\">Facebook<\/a> e <a href=\"https:\/\/www.instagram.com\/mentaymora.illescas\/?hl=es\">Instagram<\/a>)<\/p>\n<p>Si tienes alguna consulta, <a href=\"mailto: info@mentaymora.com\">preg\u00fantanos<\/a>.<\/p>\n","protected":false},"excerpt":{"rendered":"<p>&nbsp;<\/p>\n<p>Contenido: 100 ml.<\/p>\n<p>Duraci\u00f3n: hasta 1.000 pulverizaciones.<\/p>\n<p>R\u00e1pido, c\u00f3modo y eficaz pulverizador concentrado.<\/p>\n<ul>\n<li class=\"fusion-responsive-typography-calculated\" data-fontsize=\"16.38\" data-lineheight=\"26.208px\">\n<h4>Fresco<\/h4>\n<\/li>\n<\/ul>\n<p>La sutileza y el misterio de las hojas del T\u00e9 del Himalaya, que aportan relax y bienestar. El aroma perfecto para cada habitaci\u00f3n, tan fresco y ligero que se puede utilizar todos los d\u00edas del a\u00f1o.<\/p>\n<p><strong>Notas de fragancia<\/strong><\/p>\n<ul>\n<li><b>Salida:\u00a0<\/b>Bergamota de Sicilia y Limeta de Hait\u00ed.<\/li>\n<li><b>Coraz\u00f3n:\u00a0<\/b>Hojas reci\u00e9n nacidas de T\u00e9 Verde de Darjeeling.<\/li>\n<li><b>Fondo:\u00a0<\/b>A flores de Jazm\u00edn, madera de Vetiver y un toque de Musgo y Ambar.<\/li>\n<\/ul>\n<p>&nbsp;<\/p>\n","protected":false},"featured_media":216,"comment_status":"open","ping_status":"closed","template":"","meta":{"_acf_changed":false,"_joinchat":[]},"product_brand":[],"product_cat":[52,80],"product_tag":[53,57,55],"class_list":{"0":"post-215","1":"product","2":"type-product","3":"status-publish","4":"has-post-thumbnail","6":"product_cat-ambientador-spray-100-ml","7":"product_cat-boles-dolor","8":"product_tag-ambientador","9":"product_tag-fresco","10":"product_tag-spray","11":"latest_post","13":"first","14":"instock","15":"taxable","16":"shipping-taxable","17":"purchasable","18":"product-type-simple"},"acf":[],"yoast_head":"<!-- This site is optimized with the Yoast SEO plugin v27.4 - https:\/\/yoast.com\/product\/yoast-seo-wordpress\/ -->\n<title>Ambientador Spray 100 ml. Te Verde - Menta y Mora - Tienda Online<\/title>\n<meta name=\"description\" content=\"Ambientador Spray 100 ml. Te Verde. Los pulverizadores de Boles d&#039;olor contienen 100ml de aut\u00e9ntico placer olfativo, el nivel de\" \/>\n<meta name=\"robots\" content=\"index, follow, max-snippet:-1, max-image-preview:large, max-video-preview:-1\" \/>\n<link rel=\"canonical\" href=\"https:\/\/www.mentaymora.com\/index.php\/producto\/ambientador-spray-100-ml-te-verde\/\" \/>\n<meta property=\"og:locale\" content=\"es_ES\" \/>\n<meta property=\"og:type\" content=\"article\" \/>\n<meta property=\"og:title\" content=\"Ambientador Spray 100 ml. Te Verde - Menta y Mora - Tienda Online\" \/>\n<meta property=\"og:description\" content=\"Ambientador Spray 100 ml. Te Verde. Los pulverizadores de Boles d&#039;olor contienen 100ml de aut\u00e9ntico placer olfativo, el nivel de\" \/>\n<meta property=\"og:url\" content=\"https:\/\/www.mentaymora.com\/index.php\/producto\/ambientador-spray-100-ml-te-verde\/\" \/>\n<meta property=\"og:site_name\" content=\"Menta y Mora\" \/>\n<meta property=\"article:publisher\" content=\"https:\/\/es-es.facebook.com\/MentayMora\/\" \/>\n<meta property=\"article:modified_time\" content=\"2025-01-12T06:43:36+00:00\" \/>\n<meta property=\"og:image\" content=\"https:\/\/www.mentaymora.com\/wp-content\/uploads\/2021\/04\/Ambientador-Spray-100-Ambients-Green-tea-Te-Verde-0134020-scaled-e1644082800735.jpg\" \/>\n\t<meta property=\"og:image:width\" content=\"600\" \/>\n\t<meta property=\"og:image:height\" content=\"600\" \/>\n\t<meta property=\"og:image:type\" content=\"image\/jpeg\" \/>\n<meta name=\"twitter:card\" content=\"summary_large_image\" \/>\n<meta name=\"twitter:label1\" content=\"Tiempo de lectura\" \/>\n\t<meta name=\"twitter:data1\" content=\"2 minutos\" \/>\n<script type=\"application\/ld+json\" class=\"yoast-schema-graph\">{\"@context\":\"https:\\\/\\\/schema.org\",\"@graph\":[{\"@type\":\"WebPage\",\"@id\":\"https:\\\/\\\/www.mentaymora.com\\\/index.php\\\/producto\\\/ambientador-spray-100-ml-te-verde\\\/\",\"url\":\"https:\\\/\\\/www.mentaymora.com\\\/index.php\\\/producto\\\/ambientador-spray-100-ml-te-verde\\\/\",\"name\":\"Ambientador Spray 100 ml. Te Verde - Menta y Mora - Tienda Online\",\"isPartOf\":{\"@id\":\"https:\\\/\\\/www.mentaymora.com\\\/#website\"},\"primaryImageOfPage\":{\"@id\":\"https:\\\/\\\/www.mentaymora.com\\\/index.php\\\/producto\\\/ambientador-spray-100-ml-te-verde\\\/#primaryimage\"},\"image\":{\"@id\":\"https:\\\/\\\/www.mentaymora.com\\\/index.php\\\/producto\\\/ambientador-spray-100-ml-te-verde\\\/#primaryimage\"},\"thumbnailUrl\":\"https:\\\/\\\/www.mentaymora.com\\\/wp-content\\\/uploads\\\/2021\\\/04\\\/Ambientador-Spray-100-Ambients-Green-tea-Te-Verde-0134020-scaled-e1644082800735.jpg\",\"datePublished\":\"2021-04-02T18:22:12+00:00\",\"dateModified\":\"2025-01-12T06:43:36+00:00\",\"description\":\"Ambientador Spray 100 ml. Te Verde. Los pulverizadores de Boles d'olor contienen 100ml de aut\u00e9ntico placer olfativo, el nivel de\",\"breadcrumb\":{\"@id\":\"https:\\\/\\\/www.mentaymora.com\\\/index.php\\\/producto\\\/ambientador-spray-100-ml-te-verde\\\/#breadcrumb\"},\"inLanguage\":\"es\",\"potentialAction\":[{\"@type\":\"ReadAction\",\"target\":[\"https:\\\/\\\/www.mentaymora.com\\\/index.php\\\/producto\\\/ambientador-spray-100-ml-te-verde\\\/\"]}]},{\"@type\":\"ImageObject\",\"inLanguage\":\"es\",\"@id\":\"https:\\\/\\\/www.mentaymora.com\\\/index.php\\\/producto\\\/ambientador-spray-100-ml-te-verde\\\/#primaryimage\",\"url\":\"https:\\\/\\\/www.mentaymora.com\\\/wp-content\\\/uploads\\\/2021\\\/04\\\/Ambientador-Spray-100-Ambients-Green-tea-Te-Verde-0134020-scaled-e1644082800735.jpg\",\"contentUrl\":\"https:\\\/\\\/www.mentaymora.com\\\/wp-content\\\/uploads\\\/2021\\\/04\\\/Ambientador-Spray-100-Ambients-Green-tea-Te-Verde-0134020-scaled-e1644082800735.jpg\",\"width\":600,\"height\":600,\"caption\":\"Ambientador Spray 100 Ambients Green tea Te Verde 0134020\"},{\"@type\":\"BreadcrumbList\",\"@id\":\"https:\\\/\\\/www.mentaymora.com\\\/index.php\\\/producto\\\/ambientador-spray-100-ml-te-verde\\\/#breadcrumb\",\"itemListElement\":[{\"@type\":\"ListItem\",\"position\":1,\"name\":\"Portada\",\"item\":\"https:\\\/\\\/www.mentaymora.com\\\/\"},{\"@type\":\"ListItem\",\"position\":2,\"name\":\"Productos\",\"item\":\"https:\\\/\\\/www.mentaymora.com\\\/index.php\\\/tienda\\\/\"},{\"@type\":\"ListItem\",\"position\":3,\"name\":\"Ambientador Spray 100 ml. Te Verde\"}]},{\"@type\":\"WebSite\",\"@id\":\"https:\\\/\\\/www.mentaymora.com\\\/#website\",\"url\":\"https:\\\/\\\/www.mentaymora.com\\\/\",\"name\":\"Menta y Mora\",\"description\":\"Regalos y Complementos\",\"publisher\":{\"@id\":\"https:\\\/\\\/www.mentaymora.com\\\/#organization\"},\"potentialAction\":[{\"@type\":\"SearchAction\",\"target\":{\"@type\":\"EntryPoint\",\"urlTemplate\":\"https:\\\/\\\/www.mentaymora.com\\\/?s={search_term_string}\"},\"query-input\":{\"@type\":\"PropertyValueSpecification\",\"valueRequired\":true,\"valueName\":\"search_term_string\"}}],\"inLanguage\":\"es\"},{\"@type\":\"Organization\",\"@id\":\"https:\\\/\\\/www.mentaymora.com\\\/#organization\",\"name\":\"Menta y Mora\",\"url\":\"https:\\\/\\\/www.mentaymora.com\\\/\",\"logo\":{\"@type\":\"ImageObject\",\"inLanguage\":\"es\",\"@id\":\"https:\\\/\\\/www.mentaymora.com\\\/#\\\/schema\\\/logo\\\/image\\\/\",\"url\":\"https:\\\/\\\/www.mentaymora.com\\\/wp-content\\\/uploads\\\/2021\\\/07\\\/Logo.jpg\",\"contentUrl\":\"https:\\\/\\\/www.mentaymora.com\\\/wp-content\\\/uploads\\\/2021\\\/07\\\/Logo.jpg\",\"width\":1172,\"height\":1172,\"caption\":\"Menta y Mora\"},\"image\":{\"@id\":\"https:\\\/\\\/www.mentaymora.com\\\/#\\\/schema\\\/logo\\\/image\\\/\"},\"sameAs\":[\"https:\\\/\\\/es-es.facebook.com\\\/MentayMora\\\/\",\"https:\\\/\\\/www.instagram.com\\\/mentaymora.illescas\\\/?hl=es\",\"https:\\\/\\\/www.youtube.com\\\/channel\\\/UCuMMtdck_1XS-MyW6ZnBAlw\"]}]}<\/script>\n<!-- \/ Yoast SEO plugin. -->","yoast_head_json":{"title":"Ambientador Spray 100 ml. Te Verde - Menta y Mora - Tienda Online","description":"Ambientador Spray 100 ml. Te Verde. Los pulverizadores de Boles d'olor contienen 100ml de aut\u00e9ntico placer olfativo, el nivel de","robots":{"index":"index","follow":"follow","max-snippet":"max-snippet:-1","max-image-preview":"max-image-preview:large","max-video-preview":"max-video-preview:-1"},"canonical":"https:\/\/www.mentaymora.com\/index.php\/producto\/ambientador-spray-100-ml-te-verde\/","og_locale":"es_ES","og_type":"article","og_title":"Ambientador Spray 100 ml. Te Verde - Menta y Mora - Tienda Online","og_description":"Ambientador Spray 100 ml. Te Verde. Los pulverizadores de Boles d'olor contienen 100ml de aut\u00e9ntico placer olfativo, el nivel de","og_url":"https:\/\/www.mentaymora.com\/index.php\/producto\/ambientador-spray-100-ml-te-verde\/","og_site_name":"Menta y Mora","article_publisher":"https:\/\/es-es.facebook.com\/MentayMora\/","article_modified_time":"2025-01-12T06:43:36+00:00","og_image":[{"width":600,"height":600,"url":"https:\/\/www.mentaymora.com\/wp-content\/uploads\/2021\/04\/Ambientador-Spray-100-Ambients-Green-tea-Te-Verde-0134020-scaled-e1644082800735.jpg","type":"image\/jpeg"}],"twitter_card":"summary_large_image","twitter_misc":{"Tiempo de lectura":"2 minutos"},"schema":{"@context":"https:\/\/schema.org","@graph":[{"@type":"WebPage","@id":"https:\/\/www.mentaymora.com\/index.php\/producto\/ambientador-spray-100-ml-te-verde\/","url":"https:\/\/www.mentaymora.com\/index.php\/producto\/ambientador-spray-100-ml-te-verde\/","name":"Ambientador Spray 100 ml. Te Verde - Menta y Mora - Tienda Online","isPartOf":{"@id":"https:\/\/www.mentaymora.com\/#website"},"primaryImageOfPage":{"@id":"https:\/\/www.mentaymora.com\/index.php\/producto\/ambientador-spray-100-ml-te-verde\/#primaryimage"},"image":{"@id":"https:\/\/www.mentaymora.com\/index.php\/producto\/ambientador-spray-100-ml-te-verde\/#primaryimage"},"thumbnailUrl":"https:\/\/www.mentaymora.com\/wp-content\/uploads\/2021\/04\/Ambientador-Spray-100-Ambients-Green-tea-Te-Verde-0134020-scaled-e1644082800735.jpg","datePublished":"2021-04-02T18:22:12+00:00","dateModified":"2025-01-12T06:43:36+00:00","description":"Ambientador Spray 100 ml. Te Verde. Los pulverizadores de Boles d'olor contienen 100ml de aut\u00e9ntico placer olfativo, el nivel de","breadcrumb":{"@id":"https:\/\/www.mentaymora.com\/index.php\/producto\/ambientador-spray-100-ml-te-verde\/#breadcrumb"},"inLanguage":"es","potentialAction":[{"@type":"ReadAction","target":["https:\/\/www.mentaymora.com\/index.php\/producto\/ambientador-spray-100-ml-te-verde\/"]}]},{"@type":"ImageObject","inLanguage":"es","@id":"https:\/\/www.mentaymora.com\/index.php\/producto\/ambientador-spray-100-ml-te-verde\/#primaryimage","url":"https:\/\/www.mentaymora.com\/wp-content\/uploads\/2021\/04\/Ambientador-Spray-100-Ambients-Green-tea-Te-Verde-0134020-scaled-e1644082800735.jpg","contentUrl":"https:\/\/www.mentaymora.com\/wp-content\/uploads\/2021\/04\/Ambientador-Spray-100-Ambients-Green-tea-Te-Verde-0134020-scaled-e1644082800735.jpg","width":600,"height":600,"caption":"Ambientador Spray 100 Ambients Green tea Te Verde 0134020"},{"@type":"BreadcrumbList","@id":"https:\/\/www.mentaymora.com\/index.php\/producto\/ambientador-spray-100-ml-te-verde\/#breadcrumb","itemListElement":[{"@type":"ListItem","position":1,"name":"Portada","item":"https:\/\/www.mentaymora.com\/"},{"@type":"ListItem","position":2,"name":"Productos","item":"https:\/\/www.mentaymora.com\/index.php\/tienda\/"},{"@type":"ListItem","position":3,"name":"Ambientador Spray 100 ml. Te Verde"}]},{"@type":"WebSite","@id":"https:\/\/www.mentaymora.com\/#website","url":"https:\/\/www.mentaymora.com\/","name":"Menta y Mora","description":"Regalos y Complementos","publisher":{"@id":"https:\/\/www.mentaymora.com\/#organization"},"potentialAction":[{"@type":"SearchAction","target":{"@type":"EntryPoint","urlTemplate":"https:\/\/www.mentaymora.com\/?s={search_term_string}"},"query-input":{"@type":"PropertyValueSpecification","valueRequired":true,"valueName":"search_term_string"}}],"inLanguage":"es"},{"@type":"Organization","@id":"https:\/\/www.mentaymora.com\/#organization","name":"Menta y Mora","url":"https:\/\/www.mentaymora.com\/","logo":{"@type":"ImageObject","inLanguage":"es","@id":"https:\/\/www.mentaymora.com\/#\/schema\/logo\/image\/","url":"https:\/\/www.mentaymora.com\/wp-content\/uploads\/2021\/07\/Logo.jpg","contentUrl":"https:\/\/www.mentaymora.com\/wp-content\/uploads\/2021\/07\/Logo.jpg","width":1172,"height":1172,"caption":"Menta y Mora"},"image":{"@id":"https:\/\/www.mentaymora.com\/#\/schema\/logo\/image\/"},"sameAs":["https:\/\/es-es.facebook.com\/MentayMora\/","https:\/\/www.instagram.com\/mentaymora.illescas\/?hl=es","https:\/\/www.youtube.com\/channel\/UCuMMtdck_1XS-MyW6ZnBAlw"]}]}},"_links":{"self":[{"href":"https:\/\/www.mentaymora.com\/index.php\/wp-json\/wp\/v2\/product\/215","targetHints":{"allow":["GET"]}}],"collection":[{"href":"https:\/\/www.mentaymora.com\/index.php\/wp-json\/wp\/v2\/product"}],"about":[{"href":"https:\/\/www.mentaymora.com\/index.php\/wp-json\/wp\/v2\/types\/product"}],"replies":[{"embeddable":true,"href":"https:\/\/www.mentaymora.com\/index.php\/wp-json\/wp\/v2\/comments?post=215"}],"wp:featuredmedia":[{"embeddable":true,"href":"https:\/\/www.mentaymora.com\/index.php\/wp-json\/wp\/v2\/media\/216"}],"wp:attachment":[{"href":"https:\/\/www.mentaymora.com\/index.php\/wp-json\/wp\/v2\/media?parent=215"}],"wp:term":[{"taxonomy":"product_brand","embeddable":true,"href":"https:\/\/www.mentaymora.com\/index.php\/wp-json\/wp\/v2\/product_brand?post=215"},{"taxonomy":"product_cat","embeddable":true,"href":"https:\/\/www.mentaymora.com\/index.php\/wp-json\/wp\/v2\/product_cat?post=215"},{"taxonomy":"product_tag","embeddable":true,"href":"https:\/\/www.mentaymora.com\/index.php\/wp-json\/wp\/v2\/product_tag?post=215"}],"curies":[{"name":"wp","href":"https:\/\/api.w.org\/{rel}","templated":true}]}}