{"id":21982,"date":"2026-04-10T15:13:57","date_gmt":"2026-04-10T14:13:57","guid":{"rendered":"https:\/\/www.mentaymora.com\/?post_type=product&#038;p=21982"},"modified":"2026-04-10T15:16:19","modified_gmt":"2026-04-10T14:16:19","slug":"tote-comunion-menta-y-mora","status":"publish","type":"product","link":"https:\/\/www.mentaymora.com\/index.php\/producto\/tote-comunion-menta-y-mora\/","title":{"rendered":"Tote Comuni\u00f3n &#8211; Menta y Mora"},"content":{"rendered":"<p>Tote Comuni\u00f3n &#8211; Menta y Mora<\/p>\n<p data-start=\"439\" data-end=\"659\">Esta bolsa tote con cierre de cremallera es una opci\u00f3n pr\u00e1ctica y funcional para el d\u00eda a d\u00eda. Su dise\u00f1o amplio permite llevar c\u00f3modamente todo lo necesario, siendo perfecta para uso diario, compras, trabajo o escapadas.<\/p>\n<p data-start=\"661\" data-end=\"905\">Cuenta con <strong data-start=\"672\" data-end=\"705\">cierre superior de cremallera<\/strong>, lo que aporta mayor seguridad y protege el contenido en todo momento. Sus asas largas est\u00e1n dise\u00f1adas para llevarla c\u00f3modamente al hombro, ofreciendo un uso c\u00f3modo y vers\u00e1til en cualquier situaci\u00f3n.<\/p>\n<p data-start=\"907\" data-end=\"1083\">Disponible en <strong data-start=\"921\" data-end=\"956\">diferentes estampados<\/strong>, desde dise\u00f1os de rayas suaves hasta estampados florales o cuadros, permite elegir el estilo que mejor se adapte a cada gusto.<\/p>\n<p data-start=\"1085\" data-end=\"1241\">Fabricada en tejido ligero y resistente, es una bolsa pr\u00e1ctica, c\u00f3moda y f\u00e1cil de combinar, ideal para quienes buscan funcionalidad sin renunciar al dise\u00f1o.<\/p>\n<p data-start=\"1085\" data-end=\"1241\"><strong>Caracter\u00edsticas<\/strong><\/p>\n<ul>\n<li data-start=\"1085\" data-end=\"1241\">Bolsa tote con <strong data-start=\"1278\" data-end=\"1302\">cierre de cremallera<\/strong><\/li>\n<li data-start=\"1085\" data-end=\"1241\">Dise\u00f1o amplio y funcional<\/li>\n<li data-start=\"1085\" data-end=\"1241\">Asas largas para llevar al hombro<\/li>\n<li data-start=\"1085\" data-end=\"1241\">Disponible en<strong data-start=\"1389\" data-end=\"1420\">\u00a0estampados<\/strong><\/li>\n<li data-start=\"1085\" data-end=\"1241\">Tejido ligero y resistente<\/li>\n<li data-start=\"1085\" data-end=\"1241\">Ideal para uso diario, compras o escapadas<\/li>\n<li data-start=\"1085\" data-end=\"1241\">Dise\u00f1o c\u00f3modo y pr\u00e1ctico<\/li>\n<\/ul>\n<p style=\"text-align: center;\"><a href=\"https:\/\/www.mentaymora.com\/\">Menta y Mora<\/a>\u00a0Te Enamora\u00a0 \u00a0 S\u00edguenos en nuestras RRSS (<a href=\"https:\/\/es-es.facebook.com\/MentayMora\/\">Facebook<\/a>\u00a0e\u00a0<a href=\"https:\/\/www.instagram.com\/mentaymora.illescas\/?hl=es\">Instagram<\/a>)\u00a0 \u00a0 Si tienes alguna consulta,\u00a0<a href=\"mailto:%20info@mentaymora.com\">preg\u00fantanos<\/a>.<\/p>\n","protected":false},"excerpt":{"rendered":"<p data-start=\"47\" data-end=\"179\">Bolsa tote con cierre de cremallera, pr\u00e1ctica y ligera, ideal para el d\u00eda a d\u00eda con dise\u00f1o cuidado y diferentes estampados a elegir.<\/p>\n<p data-start=\"47\" data-end=\"179\"><strong>Caracter\u00edsticas principales<\/strong><\/p>\n<ul>\n<li data-start=\"47\" data-end=\"179\">Cierre superior con <strong data-start=\"233\" data-end=\"247\">cremallera<\/strong> para mayor seguridad<\/li>\n<li data-start=\"47\" data-end=\"179\">Dise\u00f1o amplio y ligero para uso diario<\/li>\n<li data-start=\"47\" data-end=\"179\">Disponible en <strong data-start=\"330\" data-end=\"361\">varios estampados<\/strong><\/li>\n<li data-start=\"47\" data-end=\"179\">Asas largas c\u00f3modas para llevar al hombre<\/li>\n<\/ul>\n<div class=\"elementor-element elementor-element-723e6234 elementor-widget elementor-widget-woocommerce-product-short-description\" data-id=\"723e6234\" data-element_type=\"widget\" data-e-type=\"widget\" data-widget_type=\"woocommerce-product-short-description.default\">\n<div class=\"elementor-widget-container\">\n<div class=\"woocommerce-product-details__short-description\">\n<p><span style=\"color: #ff0000;\"><strong>Selecciona todas las opciones para poder a\u00f1adir tu producto al carrito<\/strong><\/span><\/p>\n<\/div>\n<\/div>\n<\/div>\n","protected":false},"featured_media":21967,"comment_status":"open","ping_status":"closed","template":"","meta":{"_acf_changed":false,"_joinchat":[]},"product_brand":[1539],"product_cat":[1377],"product_tag":[382,1306],"class_list":{"0":"post-21982","1":"product","2":"type-product","3":"status-publish","4":"has-post-thumbnail","6":"product_brand-menta-y-mora","7":"product_cat-comuniones","8":"product_tag-comunion","9":"product_tag-tote","10":"latest_post","12":"first","13":"instock","14":"taxable","15":"shipping-taxable","16":"purchasable","17":"product-type-variable"},"acf":[],"yoast_head":"<!-- This site is optimized with the Yoast SEO plugin v27.3 - https:\/\/yoast.com\/product\/yoast-seo-wordpress\/ -->\n<title>Tote Comuni\u00f3n - Menta y Mora - Menta y Mora<\/title>\n<meta name=\"description\" content=\"Tote Comuni\u00f3n - Menta y Mora Esta bolsa tote con cierre de cremallera es una opci\u00f3n pr\u00e1ctica y funcional para el d\u00eda a d\u00eda.\" \/>\n<meta name=\"robots\" content=\"index, follow, max-snippet:-1, max-image-preview:large, max-video-preview:-1\" \/>\n<link rel=\"canonical\" href=\"https:\/\/www.mentaymora.com\/index.php\/producto\/tote-comunion-menta-y-mora\/\" \/>\n<meta property=\"og:locale\" content=\"es_ES\" \/>\n<meta property=\"og:type\" content=\"article\" \/>\n<meta property=\"og:title\" content=\"Tote Comuni\u00f3n - Menta y Mora - Menta y Mora\" \/>\n<meta property=\"og:description\" content=\"Tote Comuni\u00f3n - Menta y Mora Esta bolsa tote con cierre de cremallera es una opci\u00f3n pr\u00e1ctica y funcional para el d\u00eda a d\u00eda.\" \/>\n<meta property=\"og:url\" content=\"https:\/\/www.mentaymora.com\/index.php\/producto\/tote-comunion-menta-y-mora\/\" \/>\n<meta property=\"og:site_name\" content=\"Menta y Mora\" \/>\n<meta property=\"article:publisher\" content=\"https:\/\/es-es.facebook.com\/MentayMora\/\" \/>\n<meta property=\"article:modified_time\" content=\"2026-04-10T14:16:19+00:00\" \/>\n<meta property=\"og:image\" content=\"https:\/\/www.mentaymora.com\/wp-content\/uploads\/2026\/04\/tote-limpio.webp\" \/>\n\t<meta property=\"og:image:width\" content=\"1024\" \/>\n\t<meta property=\"og:image:height\" content=\"1024\" \/>\n\t<meta property=\"og:image:type\" content=\"image\/webp\" \/>\n<meta name=\"twitter:card\" content=\"summary_large_image\" \/>\n<meta name=\"twitter:label1\" content=\"Tiempo de lectura\" \/>\n\t<meta name=\"twitter:data1\" content=\"2 minutos\" \/>\n<script type=\"application\/ld+json\" class=\"yoast-schema-graph\">{\"@context\":\"https:\\\/\\\/schema.org\",\"@graph\":[{\"@type\":\"WebPage\",\"@id\":\"https:\\\/\\\/www.mentaymora.com\\\/index.php\\\/producto\\\/tote-comunion-menta-y-mora\\\/\",\"url\":\"https:\\\/\\\/www.mentaymora.com\\\/index.php\\\/producto\\\/tote-comunion-menta-y-mora\\\/\",\"name\":\"Tote Comuni\u00f3n - Menta y Mora - Menta y Mora\",\"isPartOf\":{\"@id\":\"https:\\\/\\\/www.mentaymora.com\\\/#website\"},\"primaryImageOfPage\":{\"@id\":\"https:\\\/\\\/www.mentaymora.com\\\/index.php\\\/producto\\\/tote-comunion-menta-y-mora\\\/#primaryimage\"},\"image\":{\"@id\":\"https:\\\/\\\/www.mentaymora.com\\\/index.php\\\/producto\\\/tote-comunion-menta-y-mora\\\/#primaryimage\"},\"thumbnailUrl\":\"https:\\\/\\\/www.mentaymora.com\\\/wp-content\\\/uploads\\\/2026\\\/04\\\/tote-limpio.webp\",\"datePublished\":\"2026-04-10T14:13:57+00:00\",\"dateModified\":\"2026-04-10T14:16:19+00:00\",\"description\":\"Tote Comuni\u00f3n - Menta y Mora Esta bolsa tote con cierre de cremallera es una opci\u00f3n pr\u00e1ctica y funcional para el d\u00eda a d\u00eda.\",\"breadcrumb\":{\"@id\":\"https:\\\/\\\/www.mentaymora.com\\\/index.php\\\/producto\\\/tote-comunion-menta-y-mora\\\/#breadcrumb\"},\"inLanguage\":\"es\",\"potentialAction\":[{\"@type\":\"ReadAction\",\"target\":[\"https:\\\/\\\/www.mentaymora.com\\\/index.php\\\/producto\\\/tote-comunion-menta-y-mora\\\/\"]}]},{\"@type\":\"ImageObject\",\"inLanguage\":\"es\",\"@id\":\"https:\\\/\\\/www.mentaymora.com\\\/index.php\\\/producto\\\/tote-comunion-menta-y-mora\\\/#primaryimage\",\"url\":\"https:\\\/\\\/www.mentaymora.com\\\/wp-content\\\/uploads\\\/2026\\\/04\\\/tote-limpio.webp\",\"contentUrl\":\"https:\\\/\\\/www.mentaymora.com\\\/wp-content\\\/uploads\\\/2026\\\/04\\\/tote-limpio.webp\",\"width\":1024,\"height\":1024,\"caption\":\"tote limpio\"},{\"@type\":\"BreadcrumbList\",\"@id\":\"https:\\\/\\\/www.mentaymora.com\\\/index.php\\\/producto\\\/tote-comunion-menta-y-mora\\\/#breadcrumb\",\"itemListElement\":[{\"@type\":\"ListItem\",\"position\":1,\"name\":\"Portada\",\"item\":\"https:\\\/\\\/www.mentaymora.com\\\/\"},{\"@type\":\"ListItem\",\"position\":2,\"name\":\"Productos\",\"item\":\"https:\\\/\\\/www.mentaymora.com\\\/index.php\\\/tienda\\\/\"},{\"@type\":\"ListItem\",\"position\":3,\"name\":\"Tote Comuni\u00f3n &#8211; Menta y Mora\"}]},{\"@type\":\"WebSite\",\"@id\":\"https:\\\/\\\/www.mentaymora.com\\\/#website\",\"url\":\"https:\\\/\\\/www.mentaymora.com\\\/\",\"name\":\"Menta y Mora\",\"description\":\"Regalos y Complementos\",\"publisher\":{\"@id\":\"https:\\\/\\\/www.mentaymora.com\\\/#organization\"},\"potentialAction\":[{\"@type\":\"SearchAction\",\"target\":{\"@type\":\"EntryPoint\",\"urlTemplate\":\"https:\\\/\\\/www.mentaymora.com\\\/?s={search_term_string}\"},\"query-input\":{\"@type\":\"PropertyValueSpecification\",\"valueRequired\":true,\"valueName\":\"search_term_string\"}}],\"inLanguage\":\"es\"},{\"@type\":\"Organization\",\"@id\":\"https:\\\/\\\/www.mentaymora.com\\\/#organization\",\"name\":\"Menta y Mora\",\"url\":\"https:\\\/\\\/www.mentaymora.com\\\/\",\"logo\":{\"@type\":\"ImageObject\",\"inLanguage\":\"es\",\"@id\":\"https:\\\/\\\/www.mentaymora.com\\\/#\\\/schema\\\/logo\\\/image\\\/\",\"url\":\"https:\\\/\\\/www.mentaymora.com\\\/wp-content\\\/uploads\\\/2021\\\/07\\\/Logo.jpg\",\"contentUrl\":\"https:\\\/\\\/www.mentaymora.com\\\/wp-content\\\/uploads\\\/2021\\\/07\\\/Logo.jpg\",\"width\":1172,\"height\":1172,\"caption\":\"Menta y Mora\"},\"image\":{\"@id\":\"https:\\\/\\\/www.mentaymora.com\\\/#\\\/schema\\\/logo\\\/image\\\/\"},\"sameAs\":[\"https:\\\/\\\/es-es.facebook.com\\\/MentayMora\\\/\",\"https:\\\/\\\/www.instagram.com\\\/mentaymora.illescas\\\/?hl=es\",\"https:\\\/\\\/www.youtube.com\\\/channel\\\/UCuMMtdck_1XS-MyW6ZnBAlw\"]}]}<\/script>\n<!-- \/ Yoast SEO plugin. -->","yoast_head_json":{"title":"Tote Comuni\u00f3n - Menta y Mora - Menta y Mora","description":"Tote Comuni\u00f3n - Menta y Mora Esta bolsa tote con cierre de cremallera es una opci\u00f3n pr\u00e1ctica y funcional para el d\u00eda a d\u00eda.","robots":{"index":"index","follow":"follow","max-snippet":"max-snippet:-1","max-image-preview":"max-image-preview:large","max-video-preview":"max-video-preview:-1"},"canonical":"https:\/\/www.mentaymora.com\/index.php\/producto\/tote-comunion-menta-y-mora\/","og_locale":"es_ES","og_type":"article","og_title":"Tote Comuni\u00f3n - Menta y Mora - Menta y Mora","og_description":"Tote Comuni\u00f3n - Menta y Mora Esta bolsa tote con cierre de cremallera es una opci\u00f3n pr\u00e1ctica y funcional para el d\u00eda a d\u00eda.","og_url":"https:\/\/www.mentaymora.com\/index.php\/producto\/tote-comunion-menta-y-mora\/","og_site_name":"Menta y Mora","article_publisher":"https:\/\/es-es.facebook.com\/MentayMora\/","article_modified_time":"2026-04-10T14:16:19+00:00","og_image":[{"width":1024,"height":1024,"url":"https:\/\/www.mentaymora.com\/wp-content\/uploads\/2026\/04\/tote-limpio.webp","type":"image\/webp"}],"twitter_card":"summary_large_image","twitter_misc":{"Tiempo de lectura":"2 minutos"},"schema":{"@context":"https:\/\/schema.org","@graph":[{"@type":"WebPage","@id":"https:\/\/www.mentaymora.com\/index.php\/producto\/tote-comunion-menta-y-mora\/","url":"https:\/\/www.mentaymora.com\/index.php\/producto\/tote-comunion-menta-y-mora\/","name":"Tote Comuni\u00f3n - Menta y Mora - Menta y Mora","isPartOf":{"@id":"https:\/\/www.mentaymora.com\/#website"},"primaryImageOfPage":{"@id":"https:\/\/www.mentaymora.com\/index.php\/producto\/tote-comunion-menta-y-mora\/#primaryimage"},"image":{"@id":"https:\/\/www.mentaymora.com\/index.php\/producto\/tote-comunion-menta-y-mora\/#primaryimage"},"thumbnailUrl":"https:\/\/www.mentaymora.com\/wp-content\/uploads\/2026\/04\/tote-limpio.webp","datePublished":"2026-04-10T14:13:57+00:00","dateModified":"2026-04-10T14:16:19+00:00","description":"Tote Comuni\u00f3n - Menta y Mora Esta bolsa tote con cierre de cremallera es una opci\u00f3n pr\u00e1ctica y funcional para el d\u00eda a d\u00eda.","breadcrumb":{"@id":"https:\/\/www.mentaymora.com\/index.php\/producto\/tote-comunion-menta-y-mora\/#breadcrumb"},"inLanguage":"es","potentialAction":[{"@type":"ReadAction","target":["https:\/\/www.mentaymora.com\/index.php\/producto\/tote-comunion-menta-y-mora\/"]}]},{"@type":"ImageObject","inLanguage":"es","@id":"https:\/\/www.mentaymora.com\/index.php\/producto\/tote-comunion-menta-y-mora\/#primaryimage","url":"https:\/\/www.mentaymora.com\/wp-content\/uploads\/2026\/04\/tote-limpio.webp","contentUrl":"https:\/\/www.mentaymora.com\/wp-content\/uploads\/2026\/04\/tote-limpio.webp","width":1024,"height":1024,"caption":"tote limpio"},{"@type":"BreadcrumbList","@id":"https:\/\/www.mentaymora.com\/index.php\/producto\/tote-comunion-menta-y-mora\/#breadcrumb","itemListElement":[{"@type":"ListItem","position":1,"name":"Portada","item":"https:\/\/www.mentaymora.com\/"},{"@type":"ListItem","position":2,"name":"Productos","item":"https:\/\/www.mentaymora.com\/index.php\/tienda\/"},{"@type":"ListItem","position":3,"name":"Tote Comuni\u00f3n &#8211; Menta y Mora"}]},{"@type":"WebSite","@id":"https:\/\/www.mentaymora.com\/#website","url":"https:\/\/www.mentaymora.com\/","name":"Menta y Mora","description":"Regalos y Complementos","publisher":{"@id":"https:\/\/www.mentaymora.com\/#organization"},"potentialAction":[{"@type":"SearchAction","target":{"@type":"EntryPoint","urlTemplate":"https:\/\/www.mentaymora.com\/?s={search_term_string}"},"query-input":{"@type":"PropertyValueSpecification","valueRequired":true,"valueName":"search_term_string"}}],"inLanguage":"es"},{"@type":"Organization","@id":"https:\/\/www.mentaymora.com\/#organization","name":"Menta y Mora","url":"https:\/\/www.mentaymora.com\/","logo":{"@type":"ImageObject","inLanguage":"es","@id":"https:\/\/www.mentaymora.com\/#\/schema\/logo\/image\/","url":"https:\/\/www.mentaymora.com\/wp-content\/uploads\/2021\/07\/Logo.jpg","contentUrl":"https:\/\/www.mentaymora.com\/wp-content\/uploads\/2021\/07\/Logo.jpg","width":1172,"height":1172,"caption":"Menta y Mora"},"image":{"@id":"https:\/\/www.mentaymora.com\/#\/schema\/logo\/image\/"},"sameAs":["https:\/\/es-es.facebook.com\/MentayMora\/","https:\/\/www.instagram.com\/mentaymora.illescas\/?hl=es","https:\/\/www.youtube.com\/channel\/UCuMMtdck_1XS-MyW6ZnBAlw"]}]}},"_links":{"self":[{"href":"https:\/\/www.mentaymora.com\/index.php\/wp-json\/wp\/v2\/product\/21982","targetHints":{"allow":["GET"]}}],"collection":[{"href":"https:\/\/www.mentaymora.com\/index.php\/wp-json\/wp\/v2\/product"}],"about":[{"href":"https:\/\/www.mentaymora.com\/index.php\/wp-json\/wp\/v2\/types\/product"}],"replies":[{"embeddable":true,"href":"https:\/\/www.mentaymora.com\/index.php\/wp-json\/wp\/v2\/comments?post=21982"}],"wp:featuredmedia":[{"embeddable":true,"href":"https:\/\/www.mentaymora.com\/index.php\/wp-json\/wp\/v2\/media\/21967"}],"wp:attachment":[{"href":"https:\/\/www.mentaymora.com\/index.php\/wp-json\/wp\/v2\/media?parent=21982"}],"wp:term":[{"taxonomy":"product_brand","embeddable":true,"href":"https:\/\/www.mentaymora.com\/index.php\/wp-json\/wp\/v2\/product_brand?post=21982"},{"taxonomy":"product_cat","embeddable":true,"href":"https:\/\/www.mentaymora.com\/index.php\/wp-json\/wp\/v2\/product_cat?post=21982"},{"taxonomy":"product_tag","embeddable":true,"href":"https:\/\/www.mentaymora.com\/index.php\/wp-json\/wp\/v2\/product_tag?post=21982"}],"curies":[{"name":"wp","href":"https:\/\/api.w.org\/{rel}","templated":true}]}}