{"id":22013,"date":"2026-04-11T08:11:38","date_gmt":"2026-04-11T07:11:38","guid":{"rendered":"https:\/\/www.mentaymora.com\/?post_type=product&#038;p=22013"},"modified":"2026-04-11T09:21:15","modified_gmt":"2026-04-11T08:21:15","slug":"funda-gafas-diseno-floral-dcasa","status":"publish","type":"product","link":"https:\/\/www.mentaymora.com\/index.php\/producto\/funda-gafas-diseno-floral-dcasa\/","title":{"rendered":"Funda Gafas Dise\u00f1o Floral &#8211; D&#8217;Casa"},"content":{"rendered":"<p>Funda Gafas Dise\u00f1o Floral &#8211; D&#8217;Casa<\/p>\n<p data-start=\"502\" data-end=\"764\">Funda para gafas con estampado floral disponible en dos modelos diferentes, ideal para mantener tus gafas protegidas en el d\u00eda a d\u00eda. Su dise\u00f1o combina est\u00e9tica y funcionalidad, aportando un toque decorativo sin renunciar a la protecci\u00f3n.<\/p>\n<p data-start=\"766\" data-end=\"1003\">Cuenta con una estructura r\u00edgida que ayuda a prevenir da\u00f1os por presi\u00f3n o golpes, mientras que su interior suave cuida las lentes evitando marcas o ara\u00f1azos. Su formato compacto permite llevarla c\u00f3modamente en bolsos, mochilas o maletas.<\/p>\n<p data-start=\"1005\" data-end=\"1106\">Disponible en dos acabados florales, es una opci\u00f3n pr\u00e1ctica tanto para uso personal como para regalo.<\/p>\n<p data-start=\"1108\" data-end=\"1128\"><strong data-start=\"1108\" data-end=\"1128\">Caracter\u00edsticas:<\/strong><\/p>\n<ul data-start=\"1129\" data-end=\"1294\">\n<li data-section-id=\"yxnctz\" data-start=\"1129\" data-end=\"1161\">Dise\u00f1o floral en dos modelos<\/li>\n<li data-section-id=\"1o1jzhk\" data-start=\"1162\" data-end=\"1203\">Interior suave que protege las lentes<\/li>\n<li data-section-id=\"10za0vw\" data-start=\"1204\" data-end=\"1246\">Estructura r\u00edgida para mayor seguridad<\/li>\n<li data-section-id=\"142lr97\" data-start=\"1247\" data-end=\"1264\">Cierre seguro<\/li>\n<li data-section-id=\"184i61b\" data-start=\"1265\" data-end=\"1294\">Formato compacto y ligero<\/li>\n<\/ul>\n<p style=\"text-align: center;\" data-start=\"1390\" data-end=\"1687\"><a href=\"https:\/\/www.mentaymora.com\/\">Menta y Mora<\/a>\u00a0Te Enamora\u00a0 \u00a0 S\u00edguenos en nuestras RRSS (<a href=\"https:\/\/es-es.facebook.com\/MentayMora\/\">Facebook<\/a>\u00a0e\u00a0<a href=\"https:\/\/www.instagram.com\/mentaymora.illescas\/?hl=es\">Instagram<\/a>)\u00a0 \u00a0 Si tienes alguna consulta,\u00a0<a href=\"mailto:%20info@mentaymora.com\">preg\u00fantanos<\/a>.<\/p>\n","protected":false},"excerpt":{"rendered":"<p data-start=\"99\" data-end=\"365\">Funda para gafas con <strong>dise\u00f1o floral<\/strong> en dos modelos, pensada para proteger y transportar tus gafas <strong>con seguridad y estilo<\/strong>. Su interior suave ayuda a evitar ara\u00f1azos, mientras que su <strong>estructura r\u00edgida<\/strong> mantiene la forma y protege frente a golpes.<\/p>\n<p data-start=\"367\" data-end=\"399\"><strong data-start=\"367\" data-end=\"399\">Caracter\u00edsticas principales:<\/strong><\/p>\n<ul data-start=\"400\" data-end=\"495\">\n<li data-section-id=\"1s4u82j\" data-start=\"400\" data-end=\"433\">Dos dise\u00f1os florales <strong>a elegir<\/strong><\/li>\n<li data-section-id=\"bpv7i2\" data-start=\"434\" data-end=\"462\"><strong>Interior suave<\/strong> protector<\/li>\n<li data-section-id=\"1hg8a1k\" data-start=\"463\" data-end=\"495\"><strong>Estructura r\u00edgida<\/strong> resistente<\/li>\n<\/ul>\n","protected":false},"featured_media":22018,"comment_status":"open","ping_status":"closed","template":"","meta":{"_acf_changed":false,"_joinchat":[]},"product_brand":[1864],"product_cat":[1377],"product_tag":[382,1865],"class_list":{"0":"post-22013","1":"product","2":"type-product","3":"status-publish","4":"has-post-thumbnail","6":"product_brand-dcasa","7":"product_cat-comuniones","8":"product_tag-comunion","9":"product_tag-gafas","10":"latest_post","12":"first","13":"instock","14":"taxable","15":"shipping-taxable","16":"purchasable","17":"product-type-variable"},"acf":[],"yoast_head":"<!-- This site is optimized with the Yoast SEO plugin v27.3 - https:\/\/yoast.com\/product\/yoast-seo-wordpress\/ -->\n<title>Funda Gafas Dise\u00f1o Floral - D&#039;Casa - Menta y Mora<\/title>\n<meta name=\"description\" content=\"Funda Gafas Dise\u00f1o Floral - D&#039;Casa Funda para gafas con estampado floral disponible en dos modelos diferentes, ideal para mantener tus gafas protegidas\" \/>\n<meta name=\"robots\" content=\"index, follow, max-snippet:-1, max-image-preview:large, max-video-preview:-1\" \/>\n<link rel=\"canonical\" href=\"https:\/\/www.mentaymora.com\/index.php\/producto\/funda-gafas-diseno-floral-dcasa\/\" \/>\n<meta property=\"og:locale\" content=\"es_ES\" \/>\n<meta property=\"og:type\" content=\"article\" \/>\n<meta property=\"og:title\" content=\"Funda Gafas Dise\u00f1o Floral - D&#039;Casa - Menta y Mora\" \/>\n<meta property=\"og:description\" content=\"Funda Gafas Dise\u00f1o Floral - D&#039;Casa Funda para gafas con estampado floral disponible en dos modelos diferentes, ideal para mantener tus gafas protegidas\" \/>\n<meta property=\"og:url\" content=\"https:\/\/www.mentaymora.com\/index.php\/producto\/funda-gafas-diseno-floral-dcasa\/\" \/>\n<meta property=\"og:site_name\" content=\"Menta y Mora\" \/>\n<meta property=\"article:publisher\" content=\"https:\/\/es-es.facebook.com\/MentayMora\/\" \/>\n<meta property=\"article:modified_time\" content=\"2026-04-11T08:21:15+00:00\" \/>\n<meta property=\"og:image\" content=\"https:\/\/www.mentaymora.com\/wp-content\/uploads\/2026\/04\/Funda-Gafas-2M.webp\" \/>\n\t<meta property=\"og:image:width\" content=\"800\" \/>\n\t<meta property=\"og:image:height\" content=\"800\" \/>\n\t<meta property=\"og:image:type\" content=\"image\/webp\" \/>\n<meta name=\"twitter:card\" content=\"summary_large_image\" \/>\n<meta name=\"twitter:label1\" content=\"Tiempo de lectura\" \/>\n\t<meta name=\"twitter:data1\" content=\"1 minuto\" \/>\n<script type=\"application\/ld+json\" class=\"yoast-schema-graph\">{\"@context\":\"https:\\\/\\\/schema.org\",\"@graph\":[{\"@type\":\"WebPage\",\"@id\":\"https:\\\/\\\/www.mentaymora.com\\\/index.php\\\/producto\\\/funda-gafas-diseno-floral-dcasa\\\/\",\"url\":\"https:\\\/\\\/www.mentaymora.com\\\/index.php\\\/producto\\\/funda-gafas-diseno-floral-dcasa\\\/\",\"name\":\"Funda Gafas Dise\u00f1o Floral - D'Casa - Menta y Mora\",\"isPartOf\":{\"@id\":\"https:\\\/\\\/www.mentaymora.com\\\/#website\"},\"primaryImageOfPage\":{\"@id\":\"https:\\\/\\\/www.mentaymora.com\\\/index.php\\\/producto\\\/funda-gafas-diseno-floral-dcasa\\\/#primaryimage\"},\"image\":{\"@id\":\"https:\\\/\\\/www.mentaymora.com\\\/index.php\\\/producto\\\/funda-gafas-diseno-floral-dcasa\\\/#primaryimage\"},\"thumbnailUrl\":\"https:\\\/\\\/www.mentaymora.com\\\/wp-content\\\/uploads\\\/2026\\\/04\\\/Funda-Gafas-2M.webp\",\"datePublished\":\"2026-04-11T07:11:38+00:00\",\"dateModified\":\"2026-04-11T08:21:15+00:00\",\"description\":\"Funda Gafas Dise\u00f1o Floral - D'Casa Funda para gafas con estampado floral disponible en dos modelos diferentes, ideal para mantener tus gafas protegidas\",\"breadcrumb\":{\"@id\":\"https:\\\/\\\/www.mentaymora.com\\\/index.php\\\/producto\\\/funda-gafas-diseno-floral-dcasa\\\/#breadcrumb\"},\"inLanguage\":\"es\",\"potentialAction\":[{\"@type\":\"ReadAction\",\"target\":[\"https:\\\/\\\/www.mentaymora.com\\\/index.php\\\/producto\\\/funda-gafas-diseno-floral-dcasa\\\/\"]}]},{\"@type\":\"ImageObject\",\"inLanguage\":\"es\",\"@id\":\"https:\\\/\\\/www.mentaymora.com\\\/index.php\\\/producto\\\/funda-gafas-diseno-floral-dcasa\\\/#primaryimage\",\"url\":\"https:\\\/\\\/www.mentaymora.com\\\/wp-content\\\/uploads\\\/2026\\\/04\\\/Funda-Gafas-2M.webp\",\"contentUrl\":\"https:\\\/\\\/www.mentaymora.com\\\/wp-content\\\/uploads\\\/2026\\\/04\\\/Funda-Gafas-2M.webp\",\"width\":800,\"height\":800,\"caption\":\"Funda Gafas 2M\"},{\"@type\":\"BreadcrumbList\",\"@id\":\"https:\\\/\\\/www.mentaymora.com\\\/index.php\\\/producto\\\/funda-gafas-diseno-floral-dcasa\\\/#breadcrumb\",\"itemListElement\":[{\"@type\":\"ListItem\",\"position\":1,\"name\":\"Portada\",\"item\":\"https:\\\/\\\/www.mentaymora.com\\\/\"},{\"@type\":\"ListItem\",\"position\":2,\"name\":\"Productos\",\"item\":\"https:\\\/\\\/www.mentaymora.com\\\/index.php\\\/tienda\\\/\"},{\"@type\":\"ListItem\",\"position\":3,\"name\":\"Funda Gafas Dise\u00f1o Floral &#8211; D&#8217;Casa\"}]},{\"@type\":\"WebSite\",\"@id\":\"https:\\\/\\\/www.mentaymora.com\\\/#website\",\"url\":\"https:\\\/\\\/www.mentaymora.com\\\/\",\"name\":\"Menta y Mora\",\"description\":\"Regalos y Complementos\",\"publisher\":{\"@id\":\"https:\\\/\\\/www.mentaymora.com\\\/#organization\"},\"potentialAction\":[{\"@type\":\"SearchAction\",\"target\":{\"@type\":\"EntryPoint\",\"urlTemplate\":\"https:\\\/\\\/www.mentaymora.com\\\/?s={search_term_string}\"},\"query-input\":{\"@type\":\"PropertyValueSpecification\",\"valueRequired\":true,\"valueName\":\"search_term_string\"}}],\"inLanguage\":\"es\"},{\"@type\":\"Organization\",\"@id\":\"https:\\\/\\\/www.mentaymora.com\\\/#organization\",\"name\":\"Menta y Mora\",\"url\":\"https:\\\/\\\/www.mentaymora.com\\\/\",\"logo\":{\"@type\":\"ImageObject\",\"inLanguage\":\"es\",\"@id\":\"https:\\\/\\\/www.mentaymora.com\\\/#\\\/schema\\\/logo\\\/image\\\/\",\"url\":\"https:\\\/\\\/www.mentaymora.com\\\/wp-content\\\/uploads\\\/2021\\\/07\\\/Logo.jpg\",\"contentUrl\":\"https:\\\/\\\/www.mentaymora.com\\\/wp-content\\\/uploads\\\/2021\\\/07\\\/Logo.jpg\",\"width\":1172,\"height\":1172,\"caption\":\"Menta y Mora\"},\"image\":{\"@id\":\"https:\\\/\\\/www.mentaymora.com\\\/#\\\/schema\\\/logo\\\/image\\\/\"},\"sameAs\":[\"https:\\\/\\\/es-es.facebook.com\\\/MentayMora\\\/\",\"https:\\\/\\\/www.instagram.com\\\/mentaymora.illescas\\\/?hl=es\",\"https:\\\/\\\/www.youtube.com\\\/channel\\\/UCuMMtdck_1XS-MyW6ZnBAlw\"]}]}<\/script>\n<!-- \/ Yoast SEO plugin. -->","yoast_head_json":{"title":"Funda Gafas Dise\u00f1o Floral - D'Casa - Menta y Mora","description":"Funda Gafas Dise\u00f1o Floral - D'Casa Funda para gafas con estampado floral disponible en dos modelos diferentes, ideal para mantener tus gafas protegidas","robots":{"index":"index","follow":"follow","max-snippet":"max-snippet:-1","max-image-preview":"max-image-preview:large","max-video-preview":"max-video-preview:-1"},"canonical":"https:\/\/www.mentaymora.com\/index.php\/producto\/funda-gafas-diseno-floral-dcasa\/","og_locale":"es_ES","og_type":"article","og_title":"Funda Gafas Dise\u00f1o Floral - D'Casa - Menta y Mora","og_description":"Funda Gafas Dise\u00f1o Floral - D'Casa Funda para gafas con estampado floral disponible en dos modelos diferentes, ideal para mantener tus gafas protegidas","og_url":"https:\/\/www.mentaymora.com\/index.php\/producto\/funda-gafas-diseno-floral-dcasa\/","og_site_name":"Menta y Mora","article_publisher":"https:\/\/es-es.facebook.com\/MentayMora\/","article_modified_time":"2026-04-11T08:21:15+00:00","og_image":[{"width":800,"height":800,"url":"https:\/\/www.mentaymora.com\/wp-content\/uploads\/2026\/04\/Funda-Gafas-2M.webp","type":"image\/webp"}],"twitter_card":"summary_large_image","twitter_misc":{"Tiempo de lectura":"1 minuto"},"schema":{"@context":"https:\/\/schema.org","@graph":[{"@type":"WebPage","@id":"https:\/\/www.mentaymora.com\/index.php\/producto\/funda-gafas-diseno-floral-dcasa\/","url":"https:\/\/www.mentaymora.com\/index.php\/producto\/funda-gafas-diseno-floral-dcasa\/","name":"Funda Gafas Dise\u00f1o Floral - D'Casa - Menta y Mora","isPartOf":{"@id":"https:\/\/www.mentaymora.com\/#website"},"primaryImageOfPage":{"@id":"https:\/\/www.mentaymora.com\/index.php\/producto\/funda-gafas-diseno-floral-dcasa\/#primaryimage"},"image":{"@id":"https:\/\/www.mentaymora.com\/index.php\/producto\/funda-gafas-diseno-floral-dcasa\/#primaryimage"},"thumbnailUrl":"https:\/\/www.mentaymora.com\/wp-content\/uploads\/2026\/04\/Funda-Gafas-2M.webp","datePublished":"2026-04-11T07:11:38+00:00","dateModified":"2026-04-11T08:21:15+00:00","description":"Funda Gafas Dise\u00f1o Floral - D'Casa Funda para gafas con estampado floral disponible en dos modelos diferentes, ideal para mantener tus gafas protegidas","breadcrumb":{"@id":"https:\/\/www.mentaymora.com\/index.php\/producto\/funda-gafas-diseno-floral-dcasa\/#breadcrumb"},"inLanguage":"es","potentialAction":[{"@type":"ReadAction","target":["https:\/\/www.mentaymora.com\/index.php\/producto\/funda-gafas-diseno-floral-dcasa\/"]}]},{"@type":"ImageObject","inLanguage":"es","@id":"https:\/\/www.mentaymora.com\/index.php\/producto\/funda-gafas-diseno-floral-dcasa\/#primaryimage","url":"https:\/\/www.mentaymora.com\/wp-content\/uploads\/2026\/04\/Funda-Gafas-2M.webp","contentUrl":"https:\/\/www.mentaymora.com\/wp-content\/uploads\/2026\/04\/Funda-Gafas-2M.webp","width":800,"height":800,"caption":"Funda Gafas 2M"},{"@type":"BreadcrumbList","@id":"https:\/\/www.mentaymora.com\/index.php\/producto\/funda-gafas-diseno-floral-dcasa\/#breadcrumb","itemListElement":[{"@type":"ListItem","position":1,"name":"Portada","item":"https:\/\/www.mentaymora.com\/"},{"@type":"ListItem","position":2,"name":"Productos","item":"https:\/\/www.mentaymora.com\/index.php\/tienda\/"},{"@type":"ListItem","position":3,"name":"Funda Gafas Dise\u00f1o Floral &#8211; D&#8217;Casa"}]},{"@type":"WebSite","@id":"https:\/\/www.mentaymora.com\/#website","url":"https:\/\/www.mentaymora.com\/","name":"Menta y Mora","description":"Regalos y Complementos","publisher":{"@id":"https:\/\/www.mentaymora.com\/#organization"},"potentialAction":[{"@type":"SearchAction","target":{"@type":"EntryPoint","urlTemplate":"https:\/\/www.mentaymora.com\/?s={search_term_string}"},"query-input":{"@type":"PropertyValueSpecification","valueRequired":true,"valueName":"search_term_string"}}],"inLanguage":"es"},{"@type":"Organization","@id":"https:\/\/www.mentaymora.com\/#organization","name":"Menta y Mora","url":"https:\/\/www.mentaymora.com\/","logo":{"@type":"ImageObject","inLanguage":"es","@id":"https:\/\/www.mentaymora.com\/#\/schema\/logo\/image\/","url":"https:\/\/www.mentaymora.com\/wp-content\/uploads\/2021\/07\/Logo.jpg","contentUrl":"https:\/\/www.mentaymora.com\/wp-content\/uploads\/2021\/07\/Logo.jpg","width":1172,"height":1172,"caption":"Menta y Mora"},"image":{"@id":"https:\/\/www.mentaymora.com\/#\/schema\/logo\/image\/"},"sameAs":["https:\/\/es-es.facebook.com\/MentayMora\/","https:\/\/www.instagram.com\/mentaymora.illescas\/?hl=es","https:\/\/www.youtube.com\/channel\/UCuMMtdck_1XS-MyW6ZnBAlw"]}]}},"_links":{"self":[{"href":"https:\/\/www.mentaymora.com\/index.php\/wp-json\/wp\/v2\/product\/22013","targetHints":{"allow":["GET"]}}],"collection":[{"href":"https:\/\/www.mentaymora.com\/index.php\/wp-json\/wp\/v2\/product"}],"about":[{"href":"https:\/\/www.mentaymora.com\/index.php\/wp-json\/wp\/v2\/types\/product"}],"replies":[{"embeddable":true,"href":"https:\/\/www.mentaymora.com\/index.php\/wp-json\/wp\/v2\/comments?post=22013"}],"wp:featuredmedia":[{"embeddable":true,"href":"https:\/\/www.mentaymora.com\/index.php\/wp-json\/wp\/v2\/media\/22018"}],"wp:attachment":[{"href":"https:\/\/www.mentaymora.com\/index.php\/wp-json\/wp\/v2\/media?parent=22013"}],"wp:term":[{"taxonomy":"product_brand","embeddable":true,"href":"https:\/\/www.mentaymora.com\/index.php\/wp-json\/wp\/v2\/product_brand?post=22013"},{"taxonomy":"product_cat","embeddable":true,"href":"https:\/\/www.mentaymora.com\/index.php\/wp-json\/wp\/v2\/product_cat?post=22013"},{"taxonomy":"product_tag","embeddable":true,"href":"https:\/\/www.mentaymora.com\/index.php\/wp-json\/wp\/v2\/product_tag?post=22013"}],"curies":[{"name":"wp","href":"https:\/\/api.w.org\/{rel}","templated":true}]}}