{"id":22025,"date":"2026-04-11T09:11:06","date_gmt":"2026-04-11T08:11:06","guid":{"rendered":"https:\/\/www.mentaymora.com\/?post_type=product&#038;p=22025"},"modified":"2026-04-11T09:21:15","modified_gmt":"2026-04-11T08:21:15","slug":"termo-diseno-mi-primera-comunion-500ml-dcasa","status":"publish","type":"product","link":"https:\/\/www.mentaymora.com\/index.php\/producto\/termo-diseno-mi-primera-comunion-500ml-dcasa\/","title":{"rendered":"Termo Dise\u00f1o \u00abMi Primera Comuni\u00f3n\u00bb 500ml &#8211; D&#8217;Casa"},"content":{"rendered":"<p>Termo Dise\u00f1o \u00abMi Primera Comuni\u00f3n\u00bb 500ml &#8211; D&#8217;Casa<\/p>\n<p data-start=\"372\" data-end=\"661\">Termo de 500 ml con dise\u00f1o de Primera Comuni\u00f3n, pensado para conservar la temperatura de tus bebidas tanto fr\u00edas como calientes durante m\u00e1s tiempo. Gracias a su sistema de <strong>doble capa<\/strong>, ofrece un buen aislamiento t\u00e9rmico, manteniendo el <strong>fr\u00edo y el calor hasta 8 horas<\/strong>.<\/p>\n<p data-start=\"663\" data-end=\"908\">Su dise\u00f1o cuidado con <strong>ilustraci\u00f3n de comuni\u00f3n<\/strong> lo convierte en un detalle ideal para regalar en un d\u00eda tan especial. Adem\u00e1s, su formato compacto y ligero facilita su transporte, siendo perfecto para el uso diario, excursiones o llevar al colegio.<\/p>\n<p data-start=\"910\" data-end=\"1009\">Dispone de cierre herm\u00e9tico que ayuda a evitar fugas, garantizando comodidad y seguridad en su uso.<\/p>\n<p data-start=\"1011\" data-end=\"1031\"><strong data-start=\"1011\" data-end=\"1031\">Caracter\u00edsticas:<\/strong><\/p>\n<ul data-start=\"1032\" data-end=\"1243\">\n<li data-section-id=\"cef8am\" data-start=\"1032\" data-end=\"1053\">Capacidad: 500 ml<\/li>\n<li data-section-id=\"1hm26xa\" data-start=\"1054\" data-end=\"1079\">Sistema de doble capa<\/li>\n<li data-section-id=\"41z0br\" data-start=\"1080\" data-end=\"1137\">Conservaci\u00f3n de temperatura: hasta 8 horas fr\u00edo\/calor<\/li>\n<li data-section-id=\"1mlgd58\" data-start=\"1138\" data-end=\"1168\">Cierre herm\u00e9tico antigoteo<\/li>\n<li data-section-id=\"cnjtte\" data-start=\"1169\" data-end=\"1199\">Dise\u00f1o de Primera Comuni\u00f3n<\/li>\n<li data-section-id=\"w4nk58\" data-start=\"1200\" data-end=\"1243\">Formato pr\u00e1ctico y f\u00e1cil de transportar<\/li>\n<\/ul>\n<p style=\"text-align: center;\"><a href=\"https:\/\/www.mentaymora.com\/\">Menta y Mora<\/a>\u00a0Te Enamora\u00a0 \u00a0 S\u00edguenos en nuestras RRSS (<a href=\"https:\/\/es-es.facebook.com\/MentayMora\/\">Facebook<\/a>\u00a0e\u00a0<a href=\"https:\/\/www.instagram.com\/mentaymora.illescas\/?hl=es\">Instagram<\/a>)\u00a0 \u00a0 Si tienes alguna consulta,\u00a0<a href=\"mailto:%20info@mentaymora.com\">preg\u00fantanos<\/a>.<\/p>\n","protected":false},"excerpt":{"rendered":"<p data-start=\"43\" data-end=\"234\">Termo de 500 ml con <strong>dise\u00f1o de Primera Comuni\u00f3n<\/strong> y doble capa, ideal para mantener la temperatura de tus bebidas durante horas. Pr\u00e1ctico y perfecto como regalo especial.<\/p>\n<p data-start=\"236\" data-end=\"268\"><strong data-start=\"236\" data-end=\"268\">Caracter\u00edsticas principales:<\/strong><\/p>\n<ul data-start=\"269\" data-end=\"365\">\n<li data-section-id=\"1jl9lqd\" data-start=\"269\" data-end=\"292\">Capacidad de 500 ml<\/li>\n<li data-section-id=\"7sa0r9\" data-start=\"293\" data-end=\"332\">Mantiene fr\u00edo y calor hasta 8 horas<\/li>\n<li data-section-id=\"xicc2e\" data-start=\"333\" data-end=\"365\">Dise\u00f1o \u201cMi Primera Comuni\u00f3n\u201d<\/li>\n<\/ul>\n","protected":false},"featured_media":22026,"comment_status":"open","ping_status":"closed","template":"","meta":{"_acf_changed":false,"_joinchat":[]},"product_brand":[1864],"product_cat":[1377,1769],"product_tag":[382,1433],"class_list":{"0":"post-22025","1":"product","2":"type-product","3":"status-publish","4":"has-post-thumbnail","6":"product_brand-dcasa","7":"product_cat-comuniones","8":"product_cat-termos","9":"product_tag-comunion","10":"product_tag-termo","11":"latest_post","13":"first","14":"instock","15":"taxable","16":"shipping-taxable","17":"purchasable","18":"product-type-simple"},"acf":[],"yoast_head":"<!-- This site is optimized with the Yoast SEO plugin v27.3 - https:\/\/yoast.com\/product\/yoast-seo-wordpress\/ -->\n<title>Termo Dise\u00f1o &quot;Mi Primera Comuni\u00f3n&quot; 500ml - D&#039;Casa - Menta y Mora<\/title>\n<meta name=\"description\" content=\"Termo Dise\u00f1o &quot;Mi Primera Comuni\u00f3n&quot; 500ml - D&#039;Casa Termo de 500 ml con dise\u00f1o de Primera Comuni\u00f3n, pensado para conservar la temperatura\" \/>\n<meta name=\"robots\" content=\"index, follow, max-snippet:-1, max-image-preview:large, max-video-preview:-1\" \/>\n<link rel=\"canonical\" href=\"https:\/\/www.mentaymora.com\/index.php\/producto\/termo-diseno-mi-primera-comunion-500ml-dcasa\/\" \/>\n<meta property=\"og:locale\" content=\"es_ES\" \/>\n<meta property=\"og:type\" content=\"article\" \/>\n<meta property=\"og:title\" content=\"Termo Dise\u00f1o &quot;Mi Primera Comuni\u00f3n&quot; 500ml - D&#039;Casa - Menta y Mora\" \/>\n<meta property=\"og:description\" content=\"Termo Dise\u00f1o &quot;Mi Primera Comuni\u00f3n&quot; 500ml - D&#039;Casa Termo de 500 ml con dise\u00f1o de Primera Comuni\u00f3n, pensado para conservar la temperatura\" \/>\n<meta property=\"og:url\" content=\"https:\/\/www.mentaymora.com\/index.php\/producto\/termo-diseno-mi-primera-comunion-500ml-dcasa\/\" \/>\n<meta property=\"og:site_name\" content=\"Menta y Mora\" \/>\n<meta property=\"article:publisher\" content=\"https:\/\/es-es.facebook.com\/MentayMora\/\" \/>\n<meta property=\"article:modified_time\" content=\"2026-04-11T08:21:15+00:00\" \/>\n<meta property=\"og:image\" content=\"https:\/\/www.mentaymora.com\/wp-content\/uploads\/2026\/04\/Termo-Diseno-Comunion.webp\" \/>\n\t<meta property=\"og:image:width\" content=\"800\" \/>\n\t<meta property=\"og:image:height\" content=\"800\" \/>\n\t<meta property=\"og:image:type\" content=\"image\/webp\" \/>\n<meta name=\"twitter:card\" content=\"summary_large_image\" \/>\n<meta name=\"twitter:label1\" content=\"Tiempo de lectura\" \/>\n\t<meta name=\"twitter:data1\" content=\"1 minuto\" \/>\n<script type=\"application\/ld+json\" class=\"yoast-schema-graph\">{\"@context\":\"https:\\\/\\\/schema.org\",\"@graph\":[{\"@type\":\"WebPage\",\"@id\":\"https:\\\/\\\/www.mentaymora.com\\\/index.php\\\/producto\\\/termo-diseno-mi-primera-comunion-500ml-dcasa\\\/\",\"url\":\"https:\\\/\\\/www.mentaymora.com\\\/index.php\\\/producto\\\/termo-diseno-mi-primera-comunion-500ml-dcasa\\\/\",\"name\":\"Termo Dise\u00f1o \\\"Mi Primera Comuni\u00f3n\\\" 500ml - D'Casa - Menta y Mora\",\"isPartOf\":{\"@id\":\"https:\\\/\\\/www.mentaymora.com\\\/#website\"},\"primaryImageOfPage\":{\"@id\":\"https:\\\/\\\/www.mentaymora.com\\\/index.php\\\/producto\\\/termo-diseno-mi-primera-comunion-500ml-dcasa\\\/#primaryimage\"},\"image\":{\"@id\":\"https:\\\/\\\/www.mentaymora.com\\\/index.php\\\/producto\\\/termo-diseno-mi-primera-comunion-500ml-dcasa\\\/#primaryimage\"},\"thumbnailUrl\":\"https:\\\/\\\/www.mentaymora.com\\\/wp-content\\\/uploads\\\/2026\\\/04\\\/Termo-Diseno-Comunion.webp\",\"datePublished\":\"2026-04-11T08:11:06+00:00\",\"dateModified\":\"2026-04-11T08:21:15+00:00\",\"description\":\"Termo Dise\u00f1o \\\"Mi Primera Comuni\u00f3n\\\" 500ml - D'Casa Termo de 500 ml con dise\u00f1o de Primera Comuni\u00f3n, pensado para conservar la temperatura\",\"breadcrumb\":{\"@id\":\"https:\\\/\\\/www.mentaymora.com\\\/index.php\\\/producto\\\/termo-diseno-mi-primera-comunion-500ml-dcasa\\\/#breadcrumb\"},\"inLanguage\":\"es\",\"potentialAction\":[{\"@type\":\"ReadAction\",\"target\":[\"https:\\\/\\\/www.mentaymora.com\\\/index.php\\\/producto\\\/termo-diseno-mi-primera-comunion-500ml-dcasa\\\/\"]}]},{\"@type\":\"ImageObject\",\"inLanguage\":\"es\",\"@id\":\"https:\\\/\\\/www.mentaymora.com\\\/index.php\\\/producto\\\/termo-diseno-mi-primera-comunion-500ml-dcasa\\\/#primaryimage\",\"url\":\"https:\\\/\\\/www.mentaymora.com\\\/wp-content\\\/uploads\\\/2026\\\/04\\\/Termo-Diseno-Comunion.webp\",\"contentUrl\":\"https:\\\/\\\/www.mentaymora.com\\\/wp-content\\\/uploads\\\/2026\\\/04\\\/Termo-Diseno-Comunion.webp\",\"width\":800,\"height\":800,\"caption\":\"Termo Dise\u00f1o Comuni\u00f3n\"},{\"@type\":\"BreadcrumbList\",\"@id\":\"https:\\\/\\\/www.mentaymora.com\\\/index.php\\\/producto\\\/termo-diseno-mi-primera-comunion-500ml-dcasa\\\/#breadcrumb\",\"itemListElement\":[{\"@type\":\"ListItem\",\"position\":1,\"name\":\"Portada\",\"item\":\"https:\\\/\\\/www.mentaymora.com\\\/\"},{\"@type\":\"ListItem\",\"position\":2,\"name\":\"Productos\",\"item\":\"https:\\\/\\\/www.mentaymora.com\\\/index.php\\\/tienda\\\/\"},{\"@type\":\"ListItem\",\"position\":3,\"name\":\"Termo Dise\u00f1o \u00abMi Primera Comuni\u00f3n\u00bb 500ml &#8211; D&#8217;Casa\"}]},{\"@type\":\"WebSite\",\"@id\":\"https:\\\/\\\/www.mentaymora.com\\\/#website\",\"url\":\"https:\\\/\\\/www.mentaymora.com\\\/\",\"name\":\"Menta y Mora\",\"description\":\"Regalos y Complementos\",\"publisher\":{\"@id\":\"https:\\\/\\\/www.mentaymora.com\\\/#organization\"},\"potentialAction\":[{\"@type\":\"SearchAction\",\"target\":{\"@type\":\"EntryPoint\",\"urlTemplate\":\"https:\\\/\\\/www.mentaymora.com\\\/?s={search_term_string}\"},\"query-input\":{\"@type\":\"PropertyValueSpecification\",\"valueRequired\":true,\"valueName\":\"search_term_string\"}}],\"inLanguage\":\"es\"},{\"@type\":\"Organization\",\"@id\":\"https:\\\/\\\/www.mentaymora.com\\\/#organization\",\"name\":\"Menta y Mora\",\"url\":\"https:\\\/\\\/www.mentaymora.com\\\/\",\"logo\":{\"@type\":\"ImageObject\",\"inLanguage\":\"es\",\"@id\":\"https:\\\/\\\/www.mentaymora.com\\\/#\\\/schema\\\/logo\\\/image\\\/\",\"url\":\"https:\\\/\\\/www.mentaymora.com\\\/wp-content\\\/uploads\\\/2021\\\/07\\\/Logo.jpg\",\"contentUrl\":\"https:\\\/\\\/www.mentaymora.com\\\/wp-content\\\/uploads\\\/2021\\\/07\\\/Logo.jpg\",\"width\":1172,\"height\":1172,\"caption\":\"Menta y Mora\"},\"image\":{\"@id\":\"https:\\\/\\\/www.mentaymora.com\\\/#\\\/schema\\\/logo\\\/image\\\/\"},\"sameAs\":[\"https:\\\/\\\/es-es.facebook.com\\\/MentayMora\\\/\",\"https:\\\/\\\/www.instagram.com\\\/mentaymora.illescas\\\/?hl=es\",\"https:\\\/\\\/www.youtube.com\\\/channel\\\/UCuMMtdck_1XS-MyW6ZnBAlw\"]}]}<\/script>\n<!-- \/ Yoast SEO plugin. -->","yoast_head_json":{"title":"Termo Dise\u00f1o \"Mi Primera Comuni\u00f3n\" 500ml - D'Casa - Menta y Mora","description":"Termo Dise\u00f1o \"Mi Primera Comuni\u00f3n\" 500ml - D'Casa Termo de 500 ml con dise\u00f1o de Primera Comuni\u00f3n, pensado para conservar la temperatura","robots":{"index":"index","follow":"follow","max-snippet":"max-snippet:-1","max-image-preview":"max-image-preview:large","max-video-preview":"max-video-preview:-1"},"canonical":"https:\/\/www.mentaymora.com\/index.php\/producto\/termo-diseno-mi-primera-comunion-500ml-dcasa\/","og_locale":"es_ES","og_type":"article","og_title":"Termo Dise\u00f1o \"Mi Primera Comuni\u00f3n\" 500ml - D'Casa - Menta y Mora","og_description":"Termo Dise\u00f1o \"Mi Primera Comuni\u00f3n\" 500ml - D'Casa Termo de 500 ml con dise\u00f1o de Primera Comuni\u00f3n, pensado para conservar la temperatura","og_url":"https:\/\/www.mentaymora.com\/index.php\/producto\/termo-diseno-mi-primera-comunion-500ml-dcasa\/","og_site_name":"Menta y Mora","article_publisher":"https:\/\/es-es.facebook.com\/MentayMora\/","article_modified_time":"2026-04-11T08:21:15+00:00","og_image":[{"width":800,"height":800,"url":"https:\/\/www.mentaymora.com\/wp-content\/uploads\/2026\/04\/Termo-Diseno-Comunion.webp","type":"image\/webp"}],"twitter_card":"summary_large_image","twitter_misc":{"Tiempo de lectura":"1 minuto"},"schema":{"@context":"https:\/\/schema.org","@graph":[{"@type":"WebPage","@id":"https:\/\/www.mentaymora.com\/index.php\/producto\/termo-diseno-mi-primera-comunion-500ml-dcasa\/","url":"https:\/\/www.mentaymora.com\/index.php\/producto\/termo-diseno-mi-primera-comunion-500ml-dcasa\/","name":"Termo Dise\u00f1o \"Mi Primera Comuni\u00f3n\" 500ml - D'Casa - Menta y Mora","isPartOf":{"@id":"https:\/\/www.mentaymora.com\/#website"},"primaryImageOfPage":{"@id":"https:\/\/www.mentaymora.com\/index.php\/producto\/termo-diseno-mi-primera-comunion-500ml-dcasa\/#primaryimage"},"image":{"@id":"https:\/\/www.mentaymora.com\/index.php\/producto\/termo-diseno-mi-primera-comunion-500ml-dcasa\/#primaryimage"},"thumbnailUrl":"https:\/\/www.mentaymora.com\/wp-content\/uploads\/2026\/04\/Termo-Diseno-Comunion.webp","datePublished":"2026-04-11T08:11:06+00:00","dateModified":"2026-04-11T08:21:15+00:00","description":"Termo Dise\u00f1o \"Mi Primera Comuni\u00f3n\" 500ml - D'Casa Termo de 500 ml con dise\u00f1o de Primera Comuni\u00f3n, pensado para conservar la temperatura","breadcrumb":{"@id":"https:\/\/www.mentaymora.com\/index.php\/producto\/termo-diseno-mi-primera-comunion-500ml-dcasa\/#breadcrumb"},"inLanguage":"es","potentialAction":[{"@type":"ReadAction","target":["https:\/\/www.mentaymora.com\/index.php\/producto\/termo-diseno-mi-primera-comunion-500ml-dcasa\/"]}]},{"@type":"ImageObject","inLanguage":"es","@id":"https:\/\/www.mentaymora.com\/index.php\/producto\/termo-diseno-mi-primera-comunion-500ml-dcasa\/#primaryimage","url":"https:\/\/www.mentaymora.com\/wp-content\/uploads\/2026\/04\/Termo-Diseno-Comunion.webp","contentUrl":"https:\/\/www.mentaymora.com\/wp-content\/uploads\/2026\/04\/Termo-Diseno-Comunion.webp","width":800,"height":800,"caption":"Termo Dise\u00f1o Comuni\u00f3n"},{"@type":"BreadcrumbList","@id":"https:\/\/www.mentaymora.com\/index.php\/producto\/termo-diseno-mi-primera-comunion-500ml-dcasa\/#breadcrumb","itemListElement":[{"@type":"ListItem","position":1,"name":"Portada","item":"https:\/\/www.mentaymora.com\/"},{"@type":"ListItem","position":2,"name":"Productos","item":"https:\/\/www.mentaymora.com\/index.php\/tienda\/"},{"@type":"ListItem","position":3,"name":"Termo Dise\u00f1o \u00abMi Primera Comuni\u00f3n\u00bb 500ml &#8211; D&#8217;Casa"}]},{"@type":"WebSite","@id":"https:\/\/www.mentaymora.com\/#website","url":"https:\/\/www.mentaymora.com\/","name":"Menta y Mora","description":"Regalos y Complementos","publisher":{"@id":"https:\/\/www.mentaymora.com\/#organization"},"potentialAction":[{"@type":"SearchAction","target":{"@type":"EntryPoint","urlTemplate":"https:\/\/www.mentaymora.com\/?s={search_term_string}"},"query-input":{"@type":"PropertyValueSpecification","valueRequired":true,"valueName":"search_term_string"}}],"inLanguage":"es"},{"@type":"Organization","@id":"https:\/\/www.mentaymora.com\/#organization","name":"Menta y Mora","url":"https:\/\/www.mentaymora.com\/","logo":{"@type":"ImageObject","inLanguage":"es","@id":"https:\/\/www.mentaymora.com\/#\/schema\/logo\/image\/","url":"https:\/\/www.mentaymora.com\/wp-content\/uploads\/2021\/07\/Logo.jpg","contentUrl":"https:\/\/www.mentaymora.com\/wp-content\/uploads\/2021\/07\/Logo.jpg","width":1172,"height":1172,"caption":"Menta y Mora"},"image":{"@id":"https:\/\/www.mentaymora.com\/#\/schema\/logo\/image\/"},"sameAs":["https:\/\/es-es.facebook.com\/MentayMora\/","https:\/\/www.instagram.com\/mentaymora.illescas\/?hl=es","https:\/\/www.youtube.com\/channel\/UCuMMtdck_1XS-MyW6ZnBAlw"]}]}},"_links":{"self":[{"href":"https:\/\/www.mentaymora.com\/index.php\/wp-json\/wp\/v2\/product\/22025","targetHints":{"allow":["GET"]}}],"collection":[{"href":"https:\/\/www.mentaymora.com\/index.php\/wp-json\/wp\/v2\/product"}],"about":[{"href":"https:\/\/www.mentaymora.com\/index.php\/wp-json\/wp\/v2\/types\/product"}],"replies":[{"embeddable":true,"href":"https:\/\/www.mentaymora.com\/index.php\/wp-json\/wp\/v2\/comments?post=22025"}],"wp:featuredmedia":[{"embeddable":true,"href":"https:\/\/www.mentaymora.com\/index.php\/wp-json\/wp\/v2\/media\/22026"}],"wp:attachment":[{"href":"https:\/\/www.mentaymora.com\/index.php\/wp-json\/wp\/v2\/media?parent=22025"}],"wp:term":[{"taxonomy":"product_brand","embeddable":true,"href":"https:\/\/www.mentaymora.com\/index.php\/wp-json\/wp\/v2\/product_brand?post=22025"},{"taxonomy":"product_cat","embeddable":true,"href":"https:\/\/www.mentaymora.com\/index.php\/wp-json\/wp\/v2\/product_cat?post=22025"},{"taxonomy":"product_tag","embeddable":true,"href":"https:\/\/www.mentaymora.com\/index.php\/wp-json\/wp\/v2\/product_tag?post=22025"}],"curies":[{"name":"wp","href":"https:\/\/api.w.org\/{rel}","templated":true}]}}