{"id":22042,"date":"2026-04-12T18:03:09","date_gmt":"2026-04-12T17:03:09","guid":{"rendered":"https:\/\/www.mentaymora.com\/?post_type=product&#038;p=22042"},"modified":"2026-04-15T16:20:09","modified_gmt":"2026-04-15T15:20:09","slug":"cupuacu-crema-facial-autobronceadora-de-dia-spf10-ziaja","status":"publish","type":"product","link":"https:\/\/www.mentaymora.com\/index.php\/producto\/cupuacu-crema-facial-autobronceadora-de-dia-spf10-ziaja\/","title":{"rendered":"CUPUA\u00c7U Crema facial autobronceadora de d\u00eda SPF10 &#8211; Ziaja"},"content":{"rendered":"<p>CUPUA\u00c7U Crema facial autobronceadora de d\u00eda SPF10 &#8211; Ziaja<\/p>\n<p data-start=\"429\" data-end=\"689\">Crema facial autobronceadora con <strong data-start=\"462\" data-end=\"471\">SPF10<\/strong> que aporta un tono natural y progresivo sin necesidad de sol. Su f\u00f3rmula con <strong data-start=\"549\" data-end=\"564\">DHA vegetal<\/strong> y activos nutritivos hidrata en profundidad, mejora la elasticidad y deja la piel suave, luminosa y con un acabado uniforme.<\/p>\n<p data-start=\"691\" data-end=\"839\">Ideal para mantener un aspecto bronceado durante todo el a\u00f1o, con una textura ligera de r\u00e1pida absorci\u00f3n y una agradable fragancia con notas dulces.<\/p>\n<ul>\n<li data-start=\"691\" data-end=\"839\">Bronceado progresivo sin sol<\/li>\n<li data-start=\"691\" data-end=\"839\">Hidrataci\u00f3n intensa y piel m\u00e1s el\u00e1stica<\/li>\n<li data-start=\"691\" data-end=\"839\">Protecci\u00f3n UVA\/UVB SPF10<\/li>\n<li data-start=\"691\" data-end=\"839\">Apta para todo tipo de pieles<\/li>\n<li data-start=\"691\" data-end=\"839\">Producto vegano<\/li>\n<\/ul>\n<p style=\"text-align: center\"><a href=\"https:\/\/www.mentaymora.com\/\">Menta y Mora<\/a>\u00a0Te Enamora\u00a0 \u00a0 S\u00edguenos en nuestras RRSS (<a href=\"https:\/\/es-es.facebook.com\/MentayMora\/\">Facebook<\/a>\u00a0e\u00a0<a href=\"https:\/\/www.instagram.com\/mentaymora.illescas\/?hl=es\">Instagram<\/a>)\u00a0 \u00a0Si tienes alguna consulta,\u00a0<a href=\"mailto:%20info@mentaymora.com\">preg\u00fantanos<\/a><\/p>\n","protected":false},"excerpt":{"rendered":"<p data-start=\"69\" data-end=\"204\">Crema facial autobronceadora con <strong data-start=\"102\" data-end=\"111\">SPF10<\/strong>, hidrata y aporta un bronceado natural progresivo sin sol, dejando la piel suave y luminosa.<\/p>\n<p data-start=\"69\" data-end=\"204\"><strong>Caracter\u00edsticas principales<\/strong><\/p>\n<ul>\n<li data-start=\"69\" data-end=\"204\">Bronceado natural sin sol gracias a la <strong data-start=\"277\" data-end=\"302\">DHA de origen vegetal<\/strong><\/li>\n<li data-start=\"69\" data-end=\"204\">Protecci\u00f3n <strong data-start=\"318\" data-end=\"353\">UVA\/UVB SPF10 (protecci\u00f3n baja)<\/strong><\/li>\n<li data-start=\"69\" data-end=\"204\">Hidrataci\u00f3n profunda con <strong data-start=\"383\" data-end=\"416\">mantecas y aceites nutritivos<\/strong><\/li>\n<li data-start=\"69\" data-end=\"204\">Apta para <strong data-start=\"431\" data-end=\"454\">todo tipo de pieles<\/strong>, especialmente secas o deshidratadas<\/li>\n<\/ul>\n","protected":false},"featured_media":22045,"comment_status":"open","ping_status":"closed","template":"","meta":{"_acf_changed":false,"_joinchat":[]},"product_brand":[1686],"product_cat":[1867],"product_tag":[1370,345,1585],"class_list":{"0":"post-22042","1":"product","2":"type-product","3":"status-publish","4":"has-post-thumbnail","6":"product_brand-ziaja","7":"product_cat-cupuacu-bornceadora","8":"product_tag-autobronceador","9":"product_tag-sol","10":"product_tag-verano","11":"latest_post","13":"first","14":"instock","15":"taxable","16":"shipping-taxable","17":"purchasable","18":"product-type-simple"},"acf":[],"yoast_head":"<!-- This site is optimized with the Yoast SEO plugin v27.4 - https:\/\/yoast.com\/product\/yoast-seo-wordpress\/ -->\n<title>CUPUA\u00c7U Crema facial autobronceadora de d\u00eda SPF10 - Ziaja - Menta y Mora<\/title>\n<meta name=\"description\" content=\"CUPUA\u00c7U Crema facial autobronceadora de d\u00eda SPF10 - Ziaja Crema facial autobronceadora con SPF10 que aporta un tono natural y progresivo sin necesidad de\" \/>\n<meta name=\"robots\" content=\"index, follow, max-snippet:-1, max-image-preview:large, max-video-preview:-1\" \/>\n<link rel=\"canonical\" href=\"https:\/\/www.mentaymora.com\/index.php\/producto\/cupuacu-crema-facial-autobronceadora-de-dia-spf10-ziaja\/\" \/>\n<meta property=\"og:locale\" content=\"es_ES\" \/>\n<meta property=\"og:type\" content=\"article\" \/>\n<meta property=\"og:title\" content=\"CUPUA\u00c7U Crema facial autobronceadora de d\u00eda SPF10 - Ziaja - Menta y Mora\" \/>\n<meta property=\"og:description\" content=\"CUPUA\u00c7U Crema facial autobronceadora de d\u00eda SPF10 - Ziaja Crema facial autobronceadora con SPF10 que aporta un tono natural y progresivo sin necesidad de\" \/>\n<meta property=\"og:url\" content=\"https:\/\/www.mentaymora.com\/index.php\/producto\/cupuacu-crema-facial-autobronceadora-de-dia-spf10-ziaja\/\" \/>\n<meta property=\"og:site_name\" content=\"Menta y Mora\" \/>\n<meta property=\"article:publisher\" content=\"https:\/\/es-es.facebook.com\/MentayMora\/\" \/>\n<meta property=\"article:modified_time\" content=\"2026-04-15T15:20:09+00:00\" \/>\n<meta property=\"og:image\" content=\"https:\/\/www.mentaymora.com\/wp-content\/uploads\/2026\/04\/ziaja-cupuacu-crema-facial-autobronceadora-de-dia-spf10.jpg\" \/>\n\t<meta property=\"og:image:width\" content=\"1050\" \/>\n\t<meta property=\"og:image:height\" content=\"1200\" \/>\n\t<meta property=\"og:image:type\" content=\"image\/jpeg\" \/>\n<meta name=\"twitter:card\" content=\"summary_large_image\" \/>\n<meta name=\"twitter:label1\" content=\"Tiempo de lectura\" \/>\n\t<meta name=\"twitter:data1\" content=\"1 minuto\" \/>\n<script type=\"application\/ld+json\" class=\"yoast-schema-graph\">{\"@context\":\"https:\\\/\\\/schema.org\",\"@graph\":[{\"@type\":\"WebPage\",\"@id\":\"https:\\\/\\\/www.mentaymora.com\\\/index.php\\\/producto\\\/cupuacu-crema-facial-autobronceadora-de-dia-spf10-ziaja\\\/\",\"url\":\"https:\\\/\\\/www.mentaymora.com\\\/index.php\\\/producto\\\/cupuacu-crema-facial-autobronceadora-de-dia-spf10-ziaja\\\/\",\"name\":\"CUPUA\u00c7U Crema facial autobronceadora de d\u00eda SPF10 - Ziaja - Menta y Mora\",\"isPartOf\":{\"@id\":\"https:\\\/\\\/www.mentaymora.com\\\/#website\"},\"primaryImageOfPage\":{\"@id\":\"https:\\\/\\\/www.mentaymora.com\\\/index.php\\\/producto\\\/cupuacu-crema-facial-autobronceadora-de-dia-spf10-ziaja\\\/#primaryimage\"},\"image\":{\"@id\":\"https:\\\/\\\/www.mentaymora.com\\\/index.php\\\/producto\\\/cupuacu-crema-facial-autobronceadora-de-dia-spf10-ziaja\\\/#primaryimage\"},\"thumbnailUrl\":\"https:\\\/\\\/www.mentaymora.com\\\/wp-content\\\/uploads\\\/2026\\\/04\\\/ziaja-cupuacu-crema-facial-autobronceadora-de-dia-spf10.jpg\",\"datePublished\":\"2026-04-12T17:03:09+00:00\",\"dateModified\":\"2026-04-15T15:20:09+00:00\",\"description\":\"CUPUA\u00c7U Crema facial autobronceadora de d\u00eda SPF10 - Ziaja Crema facial autobronceadora con SPF10 que aporta un tono natural y progresivo sin necesidad de\",\"breadcrumb\":{\"@id\":\"https:\\\/\\\/www.mentaymora.com\\\/index.php\\\/producto\\\/cupuacu-crema-facial-autobronceadora-de-dia-spf10-ziaja\\\/#breadcrumb\"},\"inLanguage\":\"es\",\"potentialAction\":[{\"@type\":\"ReadAction\",\"target\":[\"https:\\\/\\\/www.mentaymora.com\\\/index.php\\\/producto\\\/cupuacu-crema-facial-autobronceadora-de-dia-spf10-ziaja\\\/\"]}]},{\"@type\":\"ImageObject\",\"inLanguage\":\"es\",\"@id\":\"https:\\\/\\\/www.mentaymora.com\\\/index.php\\\/producto\\\/cupuacu-crema-facial-autobronceadora-de-dia-spf10-ziaja\\\/#primaryimage\",\"url\":\"https:\\\/\\\/www.mentaymora.com\\\/wp-content\\\/uploads\\\/2026\\\/04\\\/ziaja-cupuacu-crema-facial-autobronceadora-de-dia-spf10.jpg\",\"contentUrl\":\"https:\\\/\\\/www.mentaymora.com\\\/wp-content\\\/uploads\\\/2026\\\/04\\\/ziaja-cupuacu-crema-facial-autobronceadora-de-dia-spf10.jpg\",\"width\":1050,\"height\":1200,\"caption\":\"ziaja cupuacu crema facial autobronceadora de dia spf10\"},{\"@type\":\"BreadcrumbList\",\"@id\":\"https:\\\/\\\/www.mentaymora.com\\\/index.php\\\/producto\\\/cupuacu-crema-facial-autobronceadora-de-dia-spf10-ziaja\\\/#breadcrumb\",\"itemListElement\":[{\"@type\":\"ListItem\",\"position\":1,\"name\":\"Portada\",\"item\":\"https:\\\/\\\/www.mentaymora.com\\\/\"},{\"@type\":\"ListItem\",\"position\":2,\"name\":\"Productos\",\"item\":\"https:\\\/\\\/www.mentaymora.com\\\/index.php\\\/tienda\\\/\"},{\"@type\":\"ListItem\",\"position\":3,\"name\":\"CUPUA\u00c7U Crema facial autobronceadora de d\u00eda SPF10 &#8211; Ziaja\"}]},{\"@type\":\"WebSite\",\"@id\":\"https:\\\/\\\/www.mentaymora.com\\\/#website\",\"url\":\"https:\\\/\\\/www.mentaymora.com\\\/\",\"name\":\"Menta y Mora\",\"description\":\"Regalos y Complementos\",\"publisher\":{\"@id\":\"https:\\\/\\\/www.mentaymora.com\\\/#organization\"},\"potentialAction\":[{\"@type\":\"SearchAction\",\"target\":{\"@type\":\"EntryPoint\",\"urlTemplate\":\"https:\\\/\\\/www.mentaymora.com\\\/?s={search_term_string}\"},\"query-input\":{\"@type\":\"PropertyValueSpecification\",\"valueRequired\":true,\"valueName\":\"search_term_string\"}}],\"inLanguage\":\"es\"},{\"@type\":\"Organization\",\"@id\":\"https:\\\/\\\/www.mentaymora.com\\\/#organization\",\"name\":\"Menta y Mora\",\"url\":\"https:\\\/\\\/www.mentaymora.com\\\/\",\"logo\":{\"@type\":\"ImageObject\",\"inLanguage\":\"es\",\"@id\":\"https:\\\/\\\/www.mentaymora.com\\\/#\\\/schema\\\/logo\\\/image\\\/\",\"url\":\"https:\\\/\\\/www.mentaymora.com\\\/wp-content\\\/uploads\\\/2021\\\/07\\\/Logo.jpg\",\"contentUrl\":\"https:\\\/\\\/www.mentaymora.com\\\/wp-content\\\/uploads\\\/2021\\\/07\\\/Logo.jpg\",\"width\":1172,\"height\":1172,\"caption\":\"Menta y Mora\"},\"image\":{\"@id\":\"https:\\\/\\\/www.mentaymora.com\\\/#\\\/schema\\\/logo\\\/image\\\/\"},\"sameAs\":[\"https:\\\/\\\/es-es.facebook.com\\\/MentayMora\\\/\",\"https:\\\/\\\/www.instagram.com\\\/mentaymora.illescas\\\/?hl=es\",\"https:\\\/\\\/www.youtube.com\\\/channel\\\/UCuMMtdck_1XS-MyW6ZnBAlw\"]}]}<\/script>\n<!-- \/ Yoast SEO plugin. -->","yoast_head_json":{"title":"CUPUA\u00c7U Crema facial autobronceadora de d\u00eda SPF10 - Ziaja - Menta y Mora","description":"CUPUA\u00c7U Crema facial autobronceadora de d\u00eda SPF10 - Ziaja Crema facial autobronceadora con SPF10 que aporta un tono natural y progresivo sin necesidad de","robots":{"index":"index","follow":"follow","max-snippet":"max-snippet:-1","max-image-preview":"max-image-preview:large","max-video-preview":"max-video-preview:-1"},"canonical":"https:\/\/www.mentaymora.com\/index.php\/producto\/cupuacu-crema-facial-autobronceadora-de-dia-spf10-ziaja\/","og_locale":"es_ES","og_type":"article","og_title":"CUPUA\u00c7U Crema facial autobronceadora de d\u00eda SPF10 - Ziaja - Menta y Mora","og_description":"CUPUA\u00c7U Crema facial autobronceadora de d\u00eda SPF10 - Ziaja Crema facial autobronceadora con SPF10 que aporta un tono natural y progresivo sin necesidad de","og_url":"https:\/\/www.mentaymora.com\/index.php\/producto\/cupuacu-crema-facial-autobronceadora-de-dia-spf10-ziaja\/","og_site_name":"Menta y Mora","article_publisher":"https:\/\/es-es.facebook.com\/MentayMora\/","article_modified_time":"2026-04-15T15:20:09+00:00","og_image":[{"width":1050,"height":1200,"url":"https:\/\/www.mentaymora.com\/wp-content\/uploads\/2026\/04\/ziaja-cupuacu-crema-facial-autobronceadora-de-dia-spf10.jpg","type":"image\/jpeg"}],"twitter_card":"summary_large_image","twitter_misc":{"Tiempo de lectura":"1 minuto"},"schema":{"@context":"https:\/\/schema.org","@graph":[{"@type":"WebPage","@id":"https:\/\/www.mentaymora.com\/index.php\/producto\/cupuacu-crema-facial-autobronceadora-de-dia-spf10-ziaja\/","url":"https:\/\/www.mentaymora.com\/index.php\/producto\/cupuacu-crema-facial-autobronceadora-de-dia-spf10-ziaja\/","name":"CUPUA\u00c7U Crema facial autobronceadora de d\u00eda SPF10 - Ziaja - Menta y Mora","isPartOf":{"@id":"https:\/\/www.mentaymora.com\/#website"},"primaryImageOfPage":{"@id":"https:\/\/www.mentaymora.com\/index.php\/producto\/cupuacu-crema-facial-autobronceadora-de-dia-spf10-ziaja\/#primaryimage"},"image":{"@id":"https:\/\/www.mentaymora.com\/index.php\/producto\/cupuacu-crema-facial-autobronceadora-de-dia-spf10-ziaja\/#primaryimage"},"thumbnailUrl":"https:\/\/www.mentaymora.com\/wp-content\/uploads\/2026\/04\/ziaja-cupuacu-crema-facial-autobronceadora-de-dia-spf10.jpg","datePublished":"2026-04-12T17:03:09+00:00","dateModified":"2026-04-15T15:20:09+00:00","description":"CUPUA\u00c7U Crema facial autobronceadora de d\u00eda SPF10 - Ziaja Crema facial autobronceadora con SPF10 que aporta un tono natural y progresivo sin necesidad de","breadcrumb":{"@id":"https:\/\/www.mentaymora.com\/index.php\/producto\/cupuacu-crema-facial-autobronceadora-de-dia-spf10-ziaja\/#breadcrumb"},"inLanguage":"es","potentialAction":[{"@type":"ReadAction","target":["https:\/\/www.mentaymora.com\/index.php\/producto\/cupuacu-crema-facial-autobronceadora-de-dia-spf10-ziaja\/"]}]},{"@type":"ImageObject","inLanguage":"es","@id":"https:\/\/www.mentaymora.com\/index.php\/producto\/cupuacu-crema-facial-autobronceadora-de-dia-spf10-ziaja\/#primaryimage","url":"https:\/\/www.mentaymora.com\/wp-content\/uploads\/2026\/04\/ziaja-cupuacu-crema-facial-autobronceadora-de-dia-spf10.jpg","contentUrl":"https:\/\/www.mentaymora.com\/wp-content\/uploads\/2026\/04\/ziaja-cupuacu-crema-facial-autobronceadora-de-dia-spf10.jpg","width":1050,"height":1200,"caption":"ziaja cupuacu crema facial autobronceadora de dia spf10"},{"@type":"BreadcrumbList","@id":"https:\/\/www.mentaymora.com\/index.php\/producto\/cupuacu-crema-facial-autobronceadora-de-dia-spf10-ziaja\/#breadcrumb","itemListElement":[{"@type":"ListItem","position":1,"name":"Portada","item":"https:\/\/www.mentaymora.com\/"},{"@type":"ListItem","position":2,"name":"Productos","item":"https:\/\/www.mentaymora.com\/index.php\/tienda\/"},{"@type":"ListItem","position":3,"name":"CUPUA\u00c7U Crema facial autobronceadora de d\u00eda SPF10 &#8211; Ziaja"}]},{"@type":"WebSite","@id":"https:\/\/www.mentaymora.com\/#website","url":"https:\/\/www.mentaymora.com\/","name":"Menta y Mora","description":"Regalos y Complementos","publisher":{"@id":"https:\/\/www.mentaymora.com\/#organization"},"potentialAction":[{"@type":"SearchAction","target":{"@type":"EntryPoint","urlTemplate":"https:\/\/www.mentaymora.com\/?s={search_term_string}"},"query-input":{"@type":"PropertyValueSpecification","valueRequired":true,"valueName":"search_term_string"}}],"inLanguage":"es"},{"@type":"Organization","@id":"https:\/\/www.mentaymora.com\/#organization","name":"Menta y Mora","url":"https:\/\/www.mentaymora.com\/","logo":{"@type":"ImageObject","inLanguage":"es","@id":"https:\/\/www.mentaymora.com\/#\/schema\/logo\/image\/","url":"https:\/\/www.mentaymora.com\/wp-content\/uploads\/2021\/07\/Logo.jpg","contentUrl":"https:\/\/www.mentaymora.com\/wp-content\/uploads\/2021\/07\/Logo.jpg","width":1172,"height":1172,"caption":"Menta y Mora"},"image":{"@id":"https:\/\/www.mentaymora.com\/#\/schema\/logo\/image\/"},"sameAs":["https:\/\/es-es.facebook.com\/MentayMora\/","https:\/\/www.instagram.com\/mentaymora.illescas\/?hl=es","https:\/\/www.youtube.com\/channel\/UCuMMtdck_1XS-MyW6ZnBAlw"]}]}},"_links":{"self":[{"href":"https:\/\/www.mentaymora.com\/index.php\/wp-json\/wp\/v2\/product\/22042","targetHints":{"allow":["GET"]}}],"collection":[{"href":"https:\/\/www.mentaymora.com\/index.php\/wp-json\/wp\/v2\/product"}],"about":[{"href":"https:\/\/www.mentaymora.com\/index.php\/wp-json\/wp\/v2\/types\/product"}],"replies":[{"embeddable":true,"href":"https:\/\/www.mentaymora.com\/index.php\/wp-json\/wp\/v2\/comments?post=22042"}],"wp:featuredmedia":[{"embeddable":true,"href":"https:\/\/www.mentaymora.com\/index.php\/wp-json\/wp\/v2\/media\/22045"}],"wp:attachment":[{"href":"https:\/\/www.mentaymora.com\/index.php\/wp-json\/wp\/v2\/media?parent=22042"}],"wp:term":[{"taxonomy":"product_brand","embeddable":true,"href":"https:\/\/www.mentaymora.com\/index.php\/wp-json\/wp\/v2\/product_brand?post=22042"},{"taxonomy":"product_cat","embeddable":true,"href":"https:\/\/www.mentaymora.com\/index.php\/wp-json\/wp\/v2\/product_cat?post=22042"},{"taxonomy":"product_tag","embeddable":true,"href":"https:\/\/www.mentaymora.com\/index.php\/wp-json\/wp\/v2\/product_tag?post=22042"}],"curies":[{"name":"wp","href":"https:\/\/api.w.org\/{rel}","templated":true}]}}