{"id":22059,"date":"2026-04-12T18:27:15","date_gmt":"2026-04-12T17:27:15","guid":{"rendered":"https:\/\/www.mentaymora.com\/?post_type=product&#038;p=22059"},"modified":"2026-04-15T15:57:55","modified_gmt":"2026-04-15T14:57:55","slug":"set-sun-protector-solar-hidratante-spf-50-en-spray-prolongador-del-bronceado-aftersun-gratis-ziaja","status":"publish","type":"product","link":"https:\/\/www.mentaymora.com\/index.php\/producto\/set-sun-protector-solar-hidratante-spf-50-en-spray-prolongador-del-bronceado-aftersun-gratis-ziaja\/","title":{"rendered":"Set SUN Protector solar hidratante SPF 50+ en spray + Prolongador del bronceado AfterSun \u00a1gratis! &#8211; Ziaja"},"content":{"rendered":"<p>Set SUN Protector solar hidratante SPF 50+ en spray + Prolongador del bronceado AfterSun \u00a1gratis! &#8211; Ziaja<\/p>\n<p data-start=\"358\" data-end=\"548\">Protege tu piel y alarga tu bronceado con el pack <strong data-start=\"408\" data-end=\"428\">Ziaja Sun SPF50+<\/strong>. Incluye <strong data-start=\"438\" data-end=\"476\">protector solar de alta protecci\u00f3n<\/strong> y <strong data-start=\"479\" data-end=\"498\">AfterSun gratis<\/strong> para una rutina completa antes y despu\u00e9s del sol.<\/p>\n<p data-start=\"550\" data-end=\"715\">Su f\u00f3rmula ayuda a prevenir los da\u00f1os solares, hidratar la piel y mantener un tono dorado durante m\u00e1s tiempo. Perfecto para vacaciones, playa o uso diario en verano.<\/p>\n<ul>\n<li data-start=\"550\" data-end=\"715\">Pack <strong data-start=\"724\" data-end=\"751\">1+1 con AfterSun gratis<\/strong><\/li>\n<li data-start=\"550\" data-end=\"715\">Protecci\u00f3n alta <strong data-start=\"772\" data-end=\"790\">SPF50+ UVA\/UVB<\/strong><\/li>\n<li data-start=\"550\" data-end=\"715\">Hidrata y calma la piel tras el sol<\/li>\n<li data-start=\"550\" data-end=\"715\">Ayuda a prolongar el bronceado<\/li>\n<\/ul>\n<p style=\"text-align: center\"><a href=\"https:\/\/www.mentaymora.com\/\">Menta y Mora<\/a>\u00a0Te Enamora\u00a0 \u00a0 S\u00edguenos en nuestras RRSS (<a href=\"https:\/\/es-es.facebook.com\/MentayMora\/\">Facebook<\/a>\u00a0e\u00a0<a href=\"https:\/\/www.instagram.com\/mentaymora.illescas\/?hl=es\">Instagram<\/a>)\u00a0 \u00a0Si tienes alguna consulta,\u00a0<a href=\"mailto:%20info@mentaymora.com\">preg\u00fantanos<\/a><\/p>\n","protected":false},"excerpt":{"rendered":"<p data-start=\"71\" data-end=\"204\">Pack solar <strong data-start=\"82\" data-end=\"102\">Ziaja Sun SPF50+<\/strong> con protector solar y <strong data-start=\"125\" data-end=\"147\">AfterSun de regalo<\/strong>, ideal para proteger, hidratar y prolongar el bronceado.<\/p>\n<p data-start=\"71\" data-end=\"204\"><strong>Caracter\u00edsticas principales<\/strong><\/p>\n<ul>\n<li data-start=\"71\" data-end=\"204\">Pack <strong data-start=\"243\" data-end=\"250\">1+1<\/strong> con AfterSun <strong data-start=\"264\" data-end=\"274\">gratis<\/strong><\/li>\n<li data-start=\"71\" data-end=\"204\">Alta protecci\u00f3n <strong data-start=\"295\" data-end=\"305\">SPF50+<\/strong> frente a rayos UVA\/UVB<\/li>\n<li data-start=\"71\" data-end=\"204\">Hidrataci\u00f3n y cuidado tras la exposici\u00f3n solar<\/li>\n<li data-start=\"71\" data-end=\"204\">Ayuda a <strong data-start=\"392\" data-end=\"418\">prolongar el bronceado<\/strong><\/li>\n<\/ul>\n","protected":false},"featured_media":22060,"comment_status":"open","ping_status":"closed","template":"","meta":{"_acf_changed":false,"_joinchat":[]},"product_brand":[1686],"product_cat":[351],"product_tag":[345,1585],"class_list":{"0":"post-22059","1":"product","2":"type-product","3":"status-publish","4":"has-post-thumbnail","6":"product_brand-ziaja","7":"product_cat-ziaja-sun","8":"product_tag-sol","9":"product_tag-verano","10":"latest_post","12":"first","13":"instock","14":"taxable","15":"shipping-taxable","16":"purchasable","17":"product-type-simple"},"acf":[],"yoast_head":"<!-- This site is optimized with the Yoast SEO plugin v27.4 - https:\/\/yoast.com\/product\/yoast-seo-wordpress\/ -->\n<title>Set SUN Protector solar hidratante SPF 50+ en spray + Prolongador del bronceado AfterSun \u00a1gratis! - Ziaja - Menta y Mora<\/title>\n<meta name=\"description\" content=\"Set SUN Protector solar hidratante SPF 50+ en spray + Prolongador del bronceado AfterSun \u00a1gratis! - Ziaja Protege tu piel y alarga tu bronceado con el pack\" \/>\n<meta name=\"robots\" content=\"index, follow, max-snippet:-1, max-image-preview:large, max-video-preview:-1\" \/>\n<link rel=\"canonical\" href=\"https:\/\/www.mentaymora.com\/index.php\/producto\/set-sun-protector-solar-hidratante-spf-50-en-spray-prolongador-del-bronceado-aftersun-gratis-ziaja\/\" \/>\n<meta property=\"og:locale\" content=\"es_ES\" \/>\n<meta property=\"og:type\" content=\"article\" \/>\n<meta property=\"og:title\" content=\"Set SUN Protector solar hidratante SPF 50+ en spray + Prolongador del bronceado AfterSun \u00a1gratis! - Ziaja - Menta y Mora\" \/>\n<meta property=\"og:description\" content=\"Set SUN Protector solar hidratante SPF 50+ en spray + Prolongador del bronceado AfterSun \u00a1gratis! - Ziaja Protege tu piel y alarga tu bronceado con el pack\" \/>\n<meta property=\"og:url\" content=\"https:\/\/www.mentaymora.com\/index.php\/producto\/set-sun-protector-solar-hidratante-spf-50-en-spray-prolongador-del-bronceado-aftersun-gratis-ziaja\/\" \/>\n<meta property=\"og:site_name\" content=\"Menta y Mora\" \/>\n<meta property=\"article:publisher\" content=\"https:\/\/es-es.facebook.com\/MentayMora\/\" \/>\n<meta property=\"article:modified_time\" content=\"2026-04-15T14:57:55+00:00\" \/>\n<meta property=\"og:image\" content=\"https:\/\/www.mentaymora.com\/wp-content\/uploads\/2026\/04\/Set-bronceador-11-gratis.webp\" \/>\n\t<meta property=\"og:image:width\" content=\"1080\" \/>\n\t<meta property=\"og:image:height\" content=\"1080\" \/>\n\t<meta property=\"og:image:type\" content=\"image\/webp\" \/>\n<meta name=\"twitter:card\" content=\"summary_large_image\" \/>\n<meta name=\"twitter:label1\" content=\"Tiempo de lectura\" \/>\n\t<meta name=\"twitter:data1\" content=\"1 minuto\" \/>\n<script type=\"application\/ld+json\" class=\"yoast-schema-graph\">{\"@context\":\"https:\\\/\\\/schema.org\",\"@graph\":[{\"@type\":\"WebPage\",\"@id\":\"https:\\\/\\\/www.mentaymora.com\\\/index.php\\\/producto\\\/set-sun-protector-solar-hidratante-spf-50-en-spray-prolongador-del-bronceado-aftersun-gratis-ziaja\\\/\",\"url\":\"https:\\\/\\\/www.mentaymora.com\\\/index.php\\\/producto\\\/set-sun-protector-solar-hidratante-spf-50-en-spray-prolongador-del-bronceado-aftersun-gratis-ziaja\\\/\",\"name\":\"Set SUN Protector solar hidratante SPF 50+ en spray + Prolongador del bronceado AfterSun \u00a1gratis! - Ziaja - Menta y Mora\",\"isPartOf\":{\"@id\":\"https:\\\/\\\/www.mentaymora.com\\\/#website\"},\"primaryImageOfPage\":{\"@id\":\"https:\\\/\\\/www.mentaymora.com\\\/index.php\\\/producto\\\/set-sun-protector-solar-hidratante-spf-50-en-spray-prolongador-del-bronceado-aftersun-gratis-ziaja\\\/#primaryimage\"},\"image\":{\"@id\":\"https:\\\/\\\/www.mentaymora.com\\\/index.php\\\/producto\\\/set-sun-protector-solar-hidratante-spf-50-en-spray-prolongador-del-bronceado-aftersun-gratis-ziaja\\\/#primaryimage\"},\"thumbnailUrl\":\"https:\\\/\\\/www.mentaymora.com\\\/wp-content\\\/uploads\\\/2026\\\/04\\\/Set-bronceador-11-gratis.webp\",\"datePublished\":\"2026-04-12T17:27:15+00:00\",\"dateModified\":\"2026-04-15T14:57:55+00:00\",\"description\":\"Set SUN Protector solar hidratante SPF 50+ en spray + Prolongador del bronceado AfterSun \u00a1gratis! - Ziaja Protege tu piel y alarga tu bronceado con el pack\",\"breadcrumb\":{\"@id\":\"https:\\\/\\\/www.mentaymora.com\\\/index.php\\\/producto\\\/set-sun-protector-solar-hidratante-spf-50-en-spray-prolongador-del-bronceado-aftersun-gratis-ziaja\\\/#breadcrumb\"},\"inLanguage\":\"es\",\"potentialAction\":[{\"@type\":\"ReadAction\",\"target\":[\"https:\\\/\\\/www.mentaymora.com\\\/index.php\\\/producto\\\/set-sun-protector-solar-hidratante-spf-50-en-spray-prolongador-del-bronceado-aftersun-gratis-ziaja\\\/\"]}]},{\"@type\":\"ImageObject\",\"inLanguage\":\"es\",\"@id\":\"https:\\\/\\\/www.mentaymora.com\\\/index.php\\\/producto\\\/set-sun-protector-solar-hidratante-spf-50-en-spray-prolongador-del-bronceado-aftersun-gratis-ziaja\\\/#primaryimage\",\"url\":\"https:\\\/\\\/www.mentaymora.com\\\/wp-content\\\/uploads\\\/2026\\\/04\\\/Set-bronceador-11-gratis.webp\",\"contentUrl\":\"https:\\\/\\\/www.mentaymora.com\\\/wp-content\\\/uploads\\\/2026\\\/04\\\/Set-bronceador-11-gratis.webp\",\"width\":1080,\"height\":1080,\"caption\":\"Set bronceador 1+1 gratis\"},{\"@type\":\"BreadcrumbList\",\"@id\":\"https:\\\/\\\/www.mentaymora.com\\\/index.php\\\/producto\\\/set-sun-protector-solar-hidratante-spf-50-en-spray-prolongador-del-bronceado-aftersun-gratis-ziaja\\\/#breadcrumb\",\"itemListElement\":[{\"@type\":\"ListItem\",\"position\":1,\"name\":\"Portada\",\"item\":\"https:\\\/\\\/www.mentaymora.com\\\/\"},{\"@type\":\"ListItem\",\"position\":2,\"name\":\"Productos\",\"item\":\"https:\\\/\\\/www.mentaymora.com\\\/index.php\\\/tienda\\\/\"},{\"@type\":\"ListItem\",\"position\":3,\"name\":\"Set SUN Protector solar hidratante SPF 50+ en spray + Prolongador del bronceado AfterSun \u00a1gratis! &#8211; Ziaja\"}]},{\"@type\":\"WebSite\",\"@id\":\"https:\\\/\\\/www.mentaymora.com\\\/#website\",\"url\":\"https:\\\/\\\/www.mentaymora.com\\\/\",\"name\":\"Menta y Mora\",\"description\":\"Regalos y Complementos\",\"publisher\":{\"@id\":\"https:\\\/\\\/www.mentaymora.com\\\/#organization\"},\"potentialAction\":[{\"@type\":\"SearchAction\",\"target\":{\"@type\":\"EntryPoint\",\"urlTemplate\":\"https:\\\/\\\/www.mentaymora.com\\\/?s={search_term_string}\"},\"query-input\":{\"@type\":\"PropertyValueSpecification\",\"valueRequired\":true,\"valueName\":\"search_term_string\"}}],\"inLanguage\":\"es\"},{\"@type\":\"Organization\",\"@id\":\"https:\\\/\\\/www.mentaymora.com\\\/#organization\",\"name\":\"Menta y Mora\",\"url\":\"https:\\\/\\\/www.mentaymora.com\\\/\",\"logo\":{\"@type\":\"ImageObject\",\"inLanguage\":\"es\",\"@id\":\"https:\\\/\\\/www.mentaymora.com\\\/#\\\/schema\\\/logo\\\/image\\\/\",\"url\":\"https:\\\/\\\/www.mentaymora.com\\\/wp-content\\\/uploads\\\/2021\\\/07\\\/Logo.jpg\",\"contentUrl\":\"https:\\\/\\\/www.mentaymora.com\\\/wp-content\\\/uploads\\\/2021\\\/07\\\/Logo.jpg\",\"width\":1172,\"height\":1172,\"caption\":\"Menta y Mora\"},\"image\":{\"@id\":\"https:\\\/\\\/www.mentaymora.com\\\/#\\\/schema\\\/logo\\\/image\\\/\"},\"sameAs\":[\"https:\\\/\\\/es-es.facebook.com\\\/MentayMora\\\/\",\"https:\\\/\\\/www.instagram.com\\\/mentaymora.illescas\\\/?hl=es\",\"https:\\\/\\\/www.youtube.com\\\/channel\\\/UCuMMtdck_1XS-MyW6ZnBAlw\"]}]}<\/script>\n<!-- \/ Yoast SEO plugin. -->","yoast_head_json":{"title":"Set SUN Protector solar hidratante SPF 50+ en spray + Prolongador del bronceado AfterSun \u00a1gratis! - Ziaja - Menta y Mora","description":"Set SUN Protector solar hidratante SPF 50+ en spray + Prolongador del bronceado AfterSun \u00a1gratis! - Ziaja Protege tu piel y alarga tu bronceado con el pack","robots":{"index":"index","follow":"follow","max-snippet":"max-snippet:-1","max-image-preview":"max-image-preview:large","max-video-preview":"max-video-preview:-1"},"canonical":"https:\/\/www.mentaymora.com\/index.php\/producto\/set-sun-protector-solar-hidratante-spf-50-en-spray-prolongador-del-bronceado-aftersun-gratis-ziaja\/","og_locale":"es_ES","og_type":"article","og_title":"Set SUN Protector solar hidratante SPF 50+ en spray + Prolongador del bronceado AfterSun \u00a1gratis! - Ziaja - Menta y Mora","og_description":"Set SUN Protector solar hidratante SPF 50+ en spray + Prolongador del bronceado AfterSun \u00a1gratis! - Ziaja Protege tu piel y alarga tu bronceado con el pack","og_url":"https:\/\/www.mentaymora.com\/index.php\/producto\/set-sun-protector-solar-hidratante-spf-50-en-spray-prolongador-del-bronceado-aftersun-gratis-ziaja\/","og_site_name":"Menta y Mora","article_publisher":"https:\/\/es-es.facebook.com\/MentayMora\/","article_modified_time":"2026-04-15T14:57:55+00:00","og_image":[{"width":1080,"height":1080,"url":"https:\/\/www.mentaymora.com\/wp-content\/uploads\/2026\/04\/Set-bronceador-11-gratis.webp","type":"image\/webp"}],"twitter_card":"summary_large_image","twitter_misc":{"Tiempo de lectura":"1 minuto"},"schema":{"@context":"https:\/\/schema.org","@graph":[{"@type":"WebPage","@id":"https:\/\/www.mentaymora.com\/index.php\/producto\/set-sun-protector-solar-hidratante-spf-50-en-spray-prolongador-del-bronceado-aftersun-gratis-ziaja\/","url":"https:\/\/www.mentaymora.com\/index.php\/producto\/set-sun-protector-solar-hidratante-spf-50-en-spray-prolongador-del-bronceado-aftersun-gratis-ziaja\/","name":"Set SUN Protector solar hidratante SPF 50+ en spray + Prolongador del bronceado AfterSun \u00a1gratis! - Ziaja - Menta y Mora","isPartOf":{"@id":"https:\/\/www.mentaymora.com\/#website"},"primaryImageOfPage":{"@id":"https:\/\/www.mentaymora.com\/index.php\/producto\/set-sun-protector-solar-hidratante-spf-50-en-spray-prolongador-del-bronceado-aftersun-gratis-ziaja\/#primaryimage"},"image":{"@id":"https:\/\/www.mentaymora.com\/index.php\/producto\/set-sun-protector-solar-hidratante-spf-50-en-spray-prolongador-del-bronceado-aftersun-gratis-ziaja\/#primaryimage"},"thumbnailUrl":"https:\/\/www.mentaymora.com\/wp-content\/uploads\/2026\/04\/Set-bronceador-11-gratis.webp","datePublished":"2026-04-12T17:27:15+00:00","dateModified":"2026-04-15T14:57:55+00:00","description":"Set SUN Protector solar hidratante SPF 50+ en spray + Prolongador del bronceado AfterSun \u00a1gratis! - Ziaja Protege tu piel y alarga tu bronceado con el pack","breadcrumb":{"@id":"https:\/\/www.mentaymora.com\/index.php\/producto\/set-sun-protector-solar-hidratante-spf-50-en-spray-prolongador-del-bronceado-aftersun-gratis-ziaja\/#breadcrumb"},"inLanguage":"es","potentialAction":[{"@type":"ReadAction","target":["https:\/\/www.mentaymora.com\/index.php\/producto\/set-sun-protector-solar-hidratante-spf-50-en-spray-prolongador-del-bronceado-aftersun-gratis-ziaja\/"]}]},{"@type":"ImageObject","inLanguage":"es","@id":"https:\/\/www.mentaymora.com\/index.php\/producto\/set-sun-protector-solar-hidratante-spf-50-en-spray-prolongador-del-bronceado-aftersun-gratis-ziaja\/#primaryimage","url":"https:\/\/www.mentaymora.com\/wp-content\/uploads\/2026\/04\/Set-bronceador-11-gratis.webp","contentUrl":"https:\/\/www.mentaymora.com\/wp-content\/uploads\/2026\/04\/Set-bronceador-11-gratis.webp","width":1080,"height":1080,"caption":"Set bronceador 1+1 gratis"},{"@type":"BreadcrumbList","@id":"https:\/\/www.mentaymora.com\/index.php\/producto\/set-sun-protector-solar-hidratante-spf-50-en-spray-prolongador-del-bronceado-aftersun-gratis-ziaja\/#breadcrumb","itemListElement":[{"@type":"ListItem","position":1,"name":"Portada","item":"https:\/\/www.mentaymora.com\/"},{"@type":"ListItem","position":2,"name":"Productos","item":"https:\/\/www.mentaymora.com\/index.php\/tienda\/"},{"@type":"ListItem","position":3,"name":"Set SUN Protector solar hidratante SPF 50+ en spray + Prolongador del bronceado AfterSun \u00a1gratis! &#8211; Ziaja"}]},{"@type":"WebSite","@id":"https:\/\/www.mentaymora.com\/#website","url":"https:\/\/www.mentaymora.com\/","name":"Menta y Mora","description":"Regalos y Complementos","publisher":{"@id":"https:\/\/www.mentaymora.com\/#organization"},"potentialAction":[{"@type":"SearchAction","target":{"@type":"EntryPoint","urlTemplate":"https:\/\/www.mentaymora.com\/?s={search_term_string}"},"query-input":{"@type":"PropertyValueSpecification","valueRequired":true,"valueName":"search_term_string"}}],"inLanguage":"es"},{"@type":"Organization","@id":"https:\/\/www.mentaymora.com\/#organization","name":"Menta y Mora","url":"https:\/\/www.mentaymora.com\/","logo":{"@type":"ImageObject","inLanguage":"es","@id":"https:\/\/www.mentaymora.com\/#\/schema\/logo\/image\/","url":"https:\/\/www.mentaymora.com\/wp-content\/uploads\/2021\/07\/Logo.jpg","contentUrl":"https:\/\/www.mentaymora.com\/wp-content\/uploads\/2021\/07\/Logo.jpg","width":1172,"height":1172,"caption":"Menta y Mora"},"image":{"@id":"https:\/\/www.mentaymora.com\/#\/schema\/logo\/image\/"},"sameAs":["https:\/\/es-es.facebook.com\/MentayMora\/","https:\/\/www.instagram.com\/mentaymora.illescas\/?hl=es","https:\/\/www.youtube.com\/channel\/UCuMMtdck_1XS-MyW6ZnBAlw"]}]}},"_links":{"self":[{"href":"https:\/\/www.mentaymora.com\/index.php\/wp-json\/wp\/v2\/product\/22059","targetHints":{"allow":["GET"]}}],"collection":[{"href":"https:\/\/www.mentaymora.com\/index.php\/wp-json\/wp\/v2\/product"}],"about":[{"href":"https:\/\/www.mentaymora.com\/index.php\/wp-json\/wp\/v2\/types\/product"}],"replies":[{"embeddable":true,"href":"https:\/\/www.mentaymora.com\/index.php\/wp-json\/wp\/v2\/comments?post=22059"}],"wp:featuredmedia":[{"embeddable":true,"href":"https:\/\/www.mentaymora.com\/index.php\/wp-json\/wp\/v2\/media\/22060"}],"wp:attachment":[{"href":"https:\/\/www.mentaymora.com\/index.php\/wp-json\/wp\/v2\/media?parent=22059"}],"wp:term":[{"taxonomy":"product_brand","embeddable":true,"href":"https:\/\/www.mentaymora.com\/index.php\/wp-json\/wp\/v2\/product_brand?post=22059"},{"taxonomy":"product_cat","embeddable":true,"href":"https:\/\/www.mentaymora.com\/index.php\/wp-json\/wp\/v2\/product_cat?post=22059"},{"taxonomy":"product_tag","embeddable":true,"href":"https:\/\/www.mentaymora.com\/index.php\/wp-json\/wp\/v2\/product_tag?post=22059"}],"curies":[{"name":"wp","href":"https:\/\/api.w.org\/{rel}","templated":true}]}}