{"id":22085,"date":"2026-04-12T19:15:38","date_gmt":"2026-04-12T18:15:38","guid":{"rendered":"https:\/\/www.mentaymora.com\/?post_type=product&#038;p=22085"},"modified":"2026-04-12T19:19:56","modified_gmt":"2026-04-12T18:19:56","slug":"neceser-plano-comunion-nina-dcasa","status":"publish","type":"product","link":"https:\/\/www.mentaymora.com\/index.php\/producto\/neceser-plano-comunion-nina-dcasa\/","title":{"rendered":"Neceser Plano Comuni\u00f3n Ni\u00f1a &#8211; D&#8217;Casa"},"content":{"rendered":"<p>Neceser Plano Comuni\u00f3n Ni\u00f1a &#8211; D&#8217;Casa<\/p>\n<p data-start=\"364\" data-end=\"664\">Neceser plano de Primera Comuni\u00f3n para ni\u00f1a con dise\u00f1o cuidado y detalles delicados, disponible en dos modelos con ilustraciones tem\u00e1ticas. Su formato ligero y compacto lo convierte en un accesorio pr\u00e1ctico para el d\u00eda a d\u00eda, perfecto para llevar peque\u00f1os objetos organizados.<\/p>\n<p data-start=\"666\" data-end=\"905\">Fabricado con un acabado suave y resistente, incorpora cierre de cremallera que garantiza una apertura c\u00f3moda y segura. Su dise\u00f1o con motivos de comuni\u00f3n lo convierte en una opci\u00f3n ideal como recuerdo o peque\u00f1o regalo para un d\u00eda especial.<\/p>\n<p data-start=\"907\" data-end=\"1018\">Gracias a su tama\u00f1o, es perfecto para transportar en bolsos, mochilas o incluso como complemento independiente.<\/p>\n<p data-start=\"1020\" data-end=\"1040\"><strong data-start=\"1020\" data-end=\"1040\">Caracter\u00edsticas:<\/strong><\/p>\n<ul data-start=\"1041\" data-end=\"1232\">\n<li data-section-id=\"cnjtte\" data-start=\"1041\" data-end=\"1071\">Dise\u00f1o de Primera Comuni\u00f3n<\/li>\n<li data-section-id=\"1fu4ho7\" data-start=\"1072\" data-end=\"1097\">2 modelos disponibles<\/li>\n<li data-section-id=\"1dt5gu\" data-start=\"1098\" data-end=\"1123\">Cierre con cremallera<\/li>\n<li data-section-id=\"7hpevv\" data-start=\"1124\" data-end=\"1150\">Formato plano y ligero<\/li>\n<li data-section-id=\"9nfklp\" data-start=\"1151\" data-end=\"1186\">Tama\u00f1o pr\u00e1ctico para uso diario<\/li>\n<li data-section-id=\"11puwr3\" data-start=\"1187\" data-end=\"1232\">Ideal como detalle o recuerdo de comuni\u00f3n<\/li>\n<\/ul>\n<p style=\"text-align: center;\" data-start=\"1390\" data-end=\"1687\"><a href=\"https:\/\/www.mentaymora.com\/\">Menta y Mora<\/a>\u00a0Te Enamora\u00a0 \u00a0 S\u00edguenos en nuestras RRSS (<a href=\"https:\/\/es-es.facebook.com\/MentayMora\/\">Facebook<\/a>\u00a0e\u00a0<a href=\"https:\/\/www.instagram.com\/mentaymora.illescas\/?hl=es\">Instagram<\/a>)\u00a0 \u00a0 Si tienes alguna consulta,\u00a0<a href=\"mailto:%20info@mentaymora.com\">preg\u00fantanos<\/a>.<\/p>\n","protected":false},"excerpt":{"rendered":"<p data-start=\"58\" data-end=\"230\">Neceser plano de Primera Comuni\u00f3n para ni\u00f1a, disponible en 2 modelos. Pr\u00e1ctico y ligero, ideal para guardar peque\u00f1os objetos con un dise\u00f1o delicado.<\/p>\n<p data-start=\"232\" data-end=\"264\"><strong data-start=\"232\" data-end=\"264\">Caracter\u00edsticas principales:<\/strong><\/p>\n<ul data-start=\"265\" data-end=\"357\">\n<li data-section-id=\"anptxz\" data-start=\"265\" data-end=\"299\">2 modelos de comuni\u00f3n a elegir<\/li>\n<li data-section-id=\"1dt5gu\" data-start=\"300\" data-end=\"325\">Cierre con cremallera<\/li>\n<li data-section-id=\"67u6p3\" data-start=\"326\" data-end=\"357\">Dise\u00f1o compacto y funcional<\/li>\n<\/ul>\n","protected":false},"featured_media":22088,"comment_status":"open","ping_status":"closed","template":"","meta":{"_acf_changed":false,"_joinchat":[]},"product_brand":[1864],"product_cat":[1377],"product_tag":[382,473],"class_list":{"0":"post-22085","1":"product","2":"type-product","3":"status-publish","4":"has-post-thumbnail","6":"product_brand-dcasa","7":"product_cat-comuniones","8":"product_tag-comunion","9":"product_tag-neceser","10":"latest_post","12":"first","13":"instock","14":"taxable","15":"shipping-taxable","16":"purchasable","17":"product-type-variable"},"acf":[],"yoast_head":"<!-- This site is optimized with the Yoast SEO plugin v27.3 - https:\/\/yoast.com\/product\/yoast-seo-wordpress\/ -->\n<title>Neceser Plano Comuni\u00f3n Ni\u00f1a - D&#039;Casa - Menta y Mora<\/title>\n<meta name=\"description\" content=\"Neceser Plano Comuni\u00f3n Ni\u00f1a - D&#039;Casa Neceser plano de Primera Comuni\u00f3n para ni\u00f1a con dise\u00f1o cuidado y detalles delicados, disponible en dos modelos\" \/>\n<meta name=\"robots\" content=\"index, follow, max-snippet:-1, max-image-preview:large, max-video-preview:-1\" \/>\n<link rel=\"canonical\" href=\"https:\/\/www.mentaymora.com\/index.php\/producto\/neceser-plano-comunion-nina-dcasa\/\" \/>\n<meta property=\"og:locale\" content=\"es_ES\" \/>\n<meta property=\"og:type\" content=\"article\" \/>\n<meta property=\"og:title\" content=\"Neceser Plano Comuni\u00f3n Ni\u00f1a - D&#039;Casa - Menta y Mora\" \/>\n<meta property=\"og:description\" content=\"Neceser Plano Comuni\u00f3n Ni\u00f1a - D&#039;Casa Neceser plano de Primera Comuni\u00f3n para ni\u00f1a con dise\u00f1o cuidado y detalles delicados, disponible en dos modelos\" \/>\n<meta property=\"og:url\" content=\"https:\/\/www.mentaymora.com\/index.php\/producto\/neceser-plano-comunion-nina-dcasa\/\" \/>\n<meta property=\"og:site_name\" content=\"Menta y Mora\" \/>\n<meta property=\"article:publisher\" content=\"https:\/\/es-es.facebook.com\/MentayMora\/\" \/>\n<meta property=\"article:modified_time\" content=\"2026-04-12T18:19:56+00:00\" \/>\n<meta property=\"og:image\" content=\"https:\/\/www.mentaymora.com\/wp-content\/uploads\/2026\/04\/2890434.jpg\" \/>\n\t<meta property=\"og:image:width\" content=\"800\" \/>\n\t<meta property=\"og:image:height\" content=\"800\" \/>\n\t<meta property=\"og:image:type\" content=\"image\/jpeg\" \/>\n<meta name=\"twitter:card\" content=\"summary_large_image\" \/>\n<meta name=\"twitter:label1\" content=\"Tiempo de lectura\" \/>\n\t<meta name=\"twitter:data1\" content=\"1 minuto\" \/>\n<script type=\"application\/ld+json\" class=\"yoast-schema-graph\">{\"@context\":\"https:\\\/\\\/schema.org\",\"@graph\":[{\"@type\":\"WebPage\",\"@id\":\"https:\\\/\\\/www.mentaymora.com\\\/index.php\\\/producto\\\/neceser-plano-comunion-nina-dcasa\\\/\",\"url\":\"https:\\\/\\\/www.mentaymora.com\\\/index.php\\\/producto\\\/neceser-plano-comunion-nina-dcasa\\\/\",\"name\":\"Neceser Plano Comuni\u00f3n Ni\u00f1a - D'Casa - Menta y Mora\",\"isPartOf\":{\"@id\":\"https:\\\/\\\/www.mentaymora.com\\\/#website\"},\"primaryImageOfPage\":{\"@id\":\"https:\\\/\\\/www.mentaymora.com\\\/index.php\\\/producto\\\/neceser-plano-comunion-nina-dcasa\\\/#primaryimage\"},\"image\":{\"@id\":\"https:\\\/\\\/www.mentaymora.com\\\/index.php\\\/producto\\\/neceser-plano-comunion-nina-dcasa\\\/#primaryimage\"},\"thumbnailUrl\":\"https:\\\/\\\/www.mentaymora.com\\\/wp-content\\\/uploads\\\/2026\\\/04\\\/2890434.jpg\",\"datePublished\":\"2026-04-12T18:15:38+00:00\",\"dateModified\":\"2026-04-12T18:19:56+00:00\",\"description\":\"Neceser Plano Comuni\u00f3n Ni\u00f1a - D'Casa Neceser plano de Primera Comuni\u00f3n para ni\u00f1a con dise\u00f1o cuidado y detalles delicados, disponible en dos modelos\",\"breadcrumb\":{\"@id\":\"https:\\\/\\\/www.mentaymora.com\\\/index.php\\\/producto\\\/neceser-plano-comunion-nina-dcasa\\\/#breadcrumb\"},\"inLanguage\":\"es\",\"potentialAction\":[{\"@type\":\"ReadAction\",\"target\":[\"https:\\\/\\\/www.mentaymora.com\\\/index.php\\\/producto\\\/neceser-plano-comunion-nina-dcasa\\\/\"]}]},{\"@type\":\"ImageObject\",\"inLanguage\":\"es\",\"@id\":\"https:\\\/\\\/www.mentaymora.com\\\/index.php\\\/producto\\\/neceser-plano-comunion-nina-dcasa\\\/#primaryimage\",\"url\":\"https:\\\/\\\/www.mentaymora.com\\\/wp-content\\\/uploads\\\/2026\\\/04\\\/2890434.jpg\",\"contentUrl\":\"https:\\\/\\\/www.mentaymora.com\\\/wp-content\\\/uploads\\\/2026\\\/04\\\/2890434.jpg\",\"width\":800,\"height\":800,\"caption\":\"2890434\"},{\"@type\":\"BreadcrumbList\",\"@id\":\"https:\\\/\\\/www.mentaymora.com\\\/index.php\\\/producto\\\/neceser-plano-comunion-nina-dcasa\\\/#breadcrumb\",\"itemListElement\":[{\"@type\":\"ListItem\",\"position\":1,\"name\":\"Portada\",\"item\":\"https:\\\/\\\/www.mentaymora.com\\\/\"},{\"@type\":\"ListItem\",\"position\":2,\"name\":\"Productos\",\"item\":\"https:\\\/\\\/www.mentaymora.com\\\/index.php\\\/tienda\\\/\"},{\"@type\":\"ListItem\",\"position\":3,\"name\":\"Neceser Plano Comuni\u00f3n Ni\u00f1a &#8211; D&#8217;Casa\"}]},{\"@type\":\"WebSite\",\"@id\":\"https:\\\/\\\/www.mentaymora.com\\\/#website\",\"url\":\"https:\\\/\\\/www.mentaymora.com\\\/\",\"name\":\"Menta y Mora\",\"description\":\"Regalos y Complementos\",\"publisher\":{\"@id\":\"https:\\\/\\\/www.mentaymora.com\\\/#organization\"},\"potentialAction\":[{\"@type\":\"SearchAction\",\"target\":{\"@type\":\"EntryPoint\",\"urlTemplate\":\"https:\\\/\\\/www.mentaymora.com\\\/?s={search_term_string}\"},\"query-input\":{\"@type\":\"PropertyValueSpecification\",\"valueRequired\":true,\"valueName\":\"search_term_string\"}}],\"inLanguage\":\"es\"},{\"@type\":\"Organization\",\"@id\":\"https:\\\/\\\/www.mentaymora.com\\\/#organization\",\"name\":\"Menta y Mora\",\"url\":\"https:\\\/\\\/www.mentaymora.com\\\/\",\"logo\":{\"@type\":\"ImageObject\",\"inLanguage\":\"es\",\"@id\":\"https:\\\/\\\/www.mentaymora.com\\\/#\\\/schema\\\/logo\\\/image\\\/\",\"url\":\"https:\\\/\\\/www.mentaymora.com\\\/wp-content\\\/uploads\\\/2021\\\/07\\\/Logo.jpg\",\"contentUrl\":\"https:\\\/\\\/www.mentaymora.com\\\/wp-content\\\/uploads\\\/2021\\\/07\\\/Logo.jpg\",\"width\":1172,\"height\":1172,\"caption\":\"Menta y Mora\"},\"image\":{\"@id\":\"https:\\\/\\\/www.mentaymora.com\\\/#\\\/schema\\\/logo\\\/image\\\/\"},\"sameAs\":[\"https:\\\/\\\/es-es.facebook.com\\\/MentayMora\\\/\",\"https:\\\/\\\/www.instagram.com\\\/mentaymora.illescas\\\/?hl=es\",\"https:\\\/\\\/www.youtube.com\\\/channel\\\/UCuMMtdck_1XS-MyW6ZnBAlw\"]}]}<\/script>\n<!-- \/ Yoast SEO plugin. -->","yoast_head_json":{"title":"Neceser Plano Comuni\u00f3n Ni\u00f1a - D'Casa - Menta y Mora","description":"Neceser Plano Comuni\u00f3n Ni\u00f1a - D'Casa Neceser plano de Primera Comuni\u00f3n para ni\u00f1a con dise\u00f1o cuidado y detalles delicados, disponible en dos modelos","robots":{"index":"index","follow":"follow","max-snippet":"max-snippet:-1","max-image-preview":"max-image-preview:large","max-video-preview":"max-video-preview:-1"},"canonical":"https:\/\/www.mentaymora.com\/index.php\/producto\/neceser-plano-comunion-nina-dcasa\/","og_locale":"es_ES","og_type":"article","og_title":"Neceser Plano Comuni\u00f3n Ni\u00f1a - D'Casa - Menta y Mora","og_description":"Neceser Plano Comuni\u00f3n Ni\u00f1a - D'Casa Neceser plano de Primera Comuni\u00f3n para ni\u00f1a con dise\u00f1o cuidado y detalles delicados, disponible en dos modelos","og_url":"https:\/\/www.mentaymora.com\/index.php\/producto\/neceser-plano-comunion-nina-dcasa\/","og_site_name":"Menta y Mora","article_publisher":"https:\/\/es-es.facebook.com\/MentayMora\/","article_modified_time":"2026-04-12T18:19:56+00:00","og_image":[{"width":800,"height":800,"url":"https:\/\/www.mentaymora.com\/wp-content\/uploads\/2026\/04\/2890434.jpg","type":"image\/jpeg"}],"twitter_card":"summary_large_image","twitter_misc":{"Tiempo de lectura":"1 minuto"},"schema":{"@context":"https:\/\/schema.org","@graph":[{"@type":"WebPage","@id":"https:\/\/www.mentaymora.com\/index.php\/producto\/neceser-plano-comunion-nina-dcasa\/","url":"https:\/\/www.mentaymora.com\/index.php\/producto\/neceser-plano-comunion-nina-dcasa\/","name":"Neceser Plano Comuni\u00f3n Ni\u00f1a - D'Casa - Menta y Mora","isPartOf":{"@id":"https:\/\/www.mentaymora.com\/#website"},"primaryImageOfPage":{"@id":"https:\/\/www.mentaymora.com\/index.php\/producto\/neceser-plano-comunion-nina-dcasa\/#primaryimage"},"image":{"@id":"https:\/\/www.mentaymora.com\/index.php\/producto\/neceser-plano-comunion-nina-dcasa\/#primaryimage"},"thumbnailUrl":"https:\/\/www.mentaymora.com\/wp-content\/uploads\/2026\/04\/2890434.jpg","datePublished":"2026-04-12T18:15:38+00:00","dateModified":"2026-04-12T18:19:56+00:00","description":"Neceser Plano Comuni\u00f3n Ni\u00f1a - D'Casa Neceser plano de Primera Comuni\u00f3n para ni\u00f1a con dise\u00f1o cuidado y detalles delicados, disponible en dos modelos","breadcrumb":{"@id":"https:\/\/www.mentaymora.com\/index.php\/producto\/neceser-plano-comunion-nina-dcasa\/#breadcrumb"},"inLanguage":"es","potentialAction":[{"@type":"ReadAction","target":["https:\/\/www.mentaymora.com\/index.php\/producto\/neceser-plano-comunion-nina-dcasa\/"]}]},{"@type":"ImageObject","inLanguage":"es","@id":"https:\/\/www.mentaymora.com\/index.php\/producto\/neceser-plano-comunion-nina-dcasa\/#primaryimage","url":"https:\/\/www.mentaymora.com\/wp-content\/uploads\/2026\/04\/2890434.jpg","contentUrl":"https:\/\/www.mentaymora.com\/wp-content\/uploads\/2026\/04\/2890434.jpg","width":800,"height":800,"caption":"2890434"},{"@type":"BreadcrumbList","@id":"https:\/\/www.mentaymora.com\/index.php\/producto\/neceser-plano-comunion-nina-dcasa\/#breadcrumb","itemListElement":[{"@type":"ListItem","position":1,"name":"Portada","item":"https:\/\/www.mentaymora.com\/"},{"@type":"ListItem","position":2,"name":"Productos","item":"https:\/\/www.mentaymora.com\/index.php\/tienda\/"},{"@type":"ListItem","position":3,"name":"Neceser Plano Comuni\u00f3n Ni\u00f1a &#8211; D&#8217;Casa"}]},{"@type":"WebSite","@id":"https:\/\/www.mentaymora.com\/#website","url":"https:\/\/www.mentaymora.com\/","name":"Menta y Mora","description":"Regalos y Complementos","publisher":{"@id":"https:\/\/www.mentaymora.com\/#organization"},"potentialAction":[{"@type":"SearchAction","target":{"@type":"EntryPoint","urlTemplate":"https:\/\/www.mentaymora.com\/?s={search_term_string}"},"query-input":{"@type":"PropertyValueSpecification","valueRequired":true,"valueName":"search_term_string"}}],"inLanguage":"es"},{"@type":"Organization","@id":"https:\/\/www.mentaymora.com\/#organization","name":"Menta y Mora","url":"https:\/\/www.mentaymora.com\/","logo":{"@type":"ImageObject","inLanguage":"es","@id":"https:\/\/www.mentaymora.com\/#\/schema\/logo\/image\/","url":"https:\/\/www.mentaymora.com\/wp-content\/uploads\/2021\/07\/Logo.jpg","contentUrl":"https:\/\/www.mentaymora.com\/wp-content\/uploads\/2021\/07\/Logo.jpg","width":1172,"height":1172,"caption":"Menta y Mora"},"image":{"@id":"https:\/\/www.mentaymora.com\/#\/schema\/logo\/image\/"},"sameAs":["https:\/\/es-es.facebook.com\/MentayMora\/","https:\/\/www.instagram.com\/mentaymora.illescas\/?hl=es","https:\/\/www.youtube.com\/channel\/UCuMMtdck_1XS-MyW6ZnBAlw"]}]}},"_links":{"self":[{"href":"https:\/\/www.mentaymora.com\/index.php\/wp-json\/wp\/v2\/product\/22085","targetHints":{"allow":["GET"]}}],"collection":[{"href":"https:\/\/www.mentaymora.com\/index.php\/wp-json\/wp\/v2\/product"}],"about":[{"href":"https:\/\/www.mentaymora.com\/index.php\/wp-json\/wp\/v2\/types\/product"}],"replies":[{"embeddable":true,"href":"https:\/\/www.mentaymora.com\/index.php\/wp-json\/wp\/v2\/comments?post=22085"}],"wp:featuredmedia":[{"embeddable":true,"href":"https:\/\/www.mentaymora.com\/index.php\/wp-json\/wp\/v2\/media\/22088"}],"wp:attachment":[{"href":"https:\/\/www.mentaymora.com\/index.php\/wp-json\/wp\/v2\/media?parent=22085"}],"wp:term":[{"taxonomy":"product_brand","embeddable":true,"href":"https:\/\/www.mentaymora.com\/index.php\/wp-json\/wp\/v2\/product_brand?post=22085"},{"taxonomy":"product_cat","embeddable":true,"href":"https:\/\/www.mentaymora.com\/index.php\/wp-json\/wp\/v2\/product_cat?post=22085"},{"taxonomy":"product_tag","embeddable":true,"href":"https:\/\/www.mentaymora.com\/index.php\/wp-json\/wp\/v2\/product_tag?post=22085"}],"curies":[{"name":"wp","href":"https:\/\/api.w.org\/{rel}","templated":true}]}}