{"id":22119,"date":"2026-04-16T17:25:56","date_gmt":"2026-04-16T16:25:56","guid":{"rendered":"https:\/\/www.mentaymora.com\/?post_type=product&#038;p=22119"},"modified":"2026-04-16T17:33:01","modified_gmt":"2026-04-16T16:33:01","slug":"monedero-corazon-comunion-nina-dcasa","status":"publish","type":"product","link":"https:\/\/www.mentaymora.com\/index.php\/producto\/monedero-corazon-comunion-nina-dcasa\/","title":{"rendered":"Monedero Coraz\u00f3n Comuni\u00f3n Ni\u00f1a &#8211; D&#8217;Casa"},"content":{"rendered":"<p>Monedero Coraz\u00f3n Comuni\u00f3n Ni\u00f1a &#8211; D&#8217;Casa<\/p>\n<p data-start=\"326\" data-end=\"611\">Monedero de Primera Comuni\u00f3n para ni\u00f1a con original forma de coraz\u00f3n, disponible en dos modelos con ilustraciones delicadas y tem\u00e1ticas. Su dise\u00f1o cuidado lo convierte en un complemento especial, ideal como recuerdo o peque\u00f1o regalo para ese d\u00eda tan importante.<\/p>\n<p data-start=\"613\" data-end=\"823\">Fabricado con un acabado suave y resistente, incorpora cierre de cremallera que permite guardar monedas y peque\u00f1os objetos de forma segura. Incluye adem\u00e1s una pr\u00e1ctica tira lateral que facilita su agarre y uso.<\/p>\n<p data-start=\"825\" data-end=\"980\">Su tama\u00f1o compacto lo hace perfecto para llevar en bolsos o mochilas, combinando funcionalidad con un dise\u00f1o atractivo y pensado para ocasiones especiales.<\/p>\n<p data-start=\"982\" data-end=\"1002\"><strong data-start=\"982\" data-end=\"1002\">Caracter\u00edsticas:<\/strong><\/p>\n<ul data-start=\"1003\" data-end=\"1218\">\n<li data-section-id=\"cnjtte\" data-start=\"1003\" data-end=\"1033\">Dise\u00f1o de Primera Comuni\u00f3n<\/li>\n<li data-section-id=\"1fadqe\" data-start=\"1034\" data-end=\"1054\">Forma de coraz\u00f3n<\/li>\n<li data-section-id=\"1fu4ho7\" data-start=\"1055\" data-end=\"1080\">2 modelos disponibles<\/li>\n<li data-section-id=\"1dt5gu\" data-start=\"1081\" data-end=\"1106\">Cierre con cremallera<\/li>\n<li data-section-id=\"df4ec\" data-start=\"1107\" data-end=\"1141\">Tira lateral para f\u00e1cil agarre<\/li>\n<li data-section-id=\"1kgvs7j\" data-start=\"1142\" data-end=\"1172\">Tama\u00f1o compacto y pr\u00e1ctico<\/li>\n<li data-section-id=\"11puwr3\" data-start=\"1173\" data-end=\"1218\">Ideal como detalle o recuerdo de comuni\u00f3n<\/li>\n<\/ul>\n<p style=\"text-align: center;\" data-start=\"1390\" data-end=\"1687\"><a href=\"https:\/\/www.mentaymora.com\/\">Menta y Mora<\/a>\u00a0Te Enamora\u00a0 \u00a0 S\u00edguenos en nuestras RRSS (<a href=\"https:\/\/es-es.facebook.com\/MentayMora\/\">Facebook<\/a>\u00a0e\u00a0<a href=\"https:\/\/www.instagram.com\/mentaymora.illescas\/?hl=es\">Instagram<\/a>)\u00a0 \u00a0 Si tienes alguna consulta,\u00a0<a href=\"mailto:%20info@mentaymora.com\">preg\u00fantanos<\/a>.<\/p>\n","protected":false},"excerpt":{"rendered":"<p data-start=\"51\" data-end=\"203\">Monedero de coraz\u00f3n de Primera Comuni\u00f3n para ni\u00f1a, disponible en 2 modelos. Dise\u00f1o original y pr\u00e1ctico con cierre de cremallera.<\/p>\n<p data-start=\"205\" data-end=\"237\"><strong data-start=\"205\" data-end=\"237\">Caracter\u00edsticas principales:<\/strong><\/p>\n<ul data-start=\"238\" data-end=\"319\">\n<li data-section-id=\"1fadqe\" data-start=\"238\" data-end=\"258\">Forma de coraz\u00f3n<\/li>\n<li data-section-id=\"anptxz\" data-start=\"259\" data-end=\"293\">2 modelos de comuni\u00f3n a elegir<\/li>\n<li data-section-id=\"1dt5gu\" data-start=\"294\" data-end=\"319\">Cierre con cremallera<\/li>\n<\/ul>\n","protected":false},"featured_media":22122,"comment_status":"open","ping_status":"closed","template":"","meta":{"_acf_changed":false,"_joinchat":[]},"product_brand":[1864],"product_cat":[1377],"product_tag":[382,131],"class_list":{"0":"post-22119","1":"product","2":"type-product","3":"status-publish","4":"has-post-thumbnail","6":"product_brand-dcasa","7":"product_cat-comuniones","8":"product_tag-comunion","9":"product_tag-monedero","10":"latest_post","12":"first","13":"instock","14":"taxable","15":"shipping-taxable","16":"purchasable","17":"product-type-variable"},"acf":[],"yoast_head":"<!-- This site is optimized with the Yoast SEO plugin v27.4 - https:\/\/yoast.com\/product\/yoast-seo-wordpress\/ -->\n<title>Monedero Coraz\u00f3n Comuni\u00f3n Ni\u00f1a - D&#039;Casa - Menta y Mora<\/title>\n<meta name=\"description\" content=\"Monedero Coraz\u00f3n Comuni\u00f3n Ni\u00f1a - D&#039;Casa Monedero de Primera Comuni\u00f3n para ni\u00f1a con original forma de coraz\u00f3n, disponible en dos modelos con ilustraciones\" \/>\n<meta name=\"robots\" content=\"index, follow, max-snippet:-1, max-image-preview:large, max-video-preview:-1\" \/>\n<link rel=\"canonical\" href=\"https:\/\/www.mentaymora.com\/index.php\/producto\/monedero-corazon-comunion-nina-dcasa\/\" \/>\n<meta property=\"og:locale\" content=\"es_ES\" \/>\n<meta property=\"og:type\" content=\"article\" \/>\n<meta property=\"og:title\" content=\"Monedero Coraz\u00f3n Comuni\u00f3n Ni\u00f1a - D&#039;Casa - Menta y Mora\" \/>\n<meta property=\"og:description\" content=\"Monedero Coraz\u00f3n Comuni\u00f3n Ni\u00f1a - D&#039;Casa Monedero de Primera Comuni\u00f3n para ni\u00f1a con original forma de coraz\u00f3n, disponible en dos modelos con ilustraciones\" \/>\n<meta property=\"og:url\" content=\"https:\/\/www.mentaymora.com\/index.php\/producto\/monedero-corazon-comunion-nina-dcasa\/\" \/>\n<meta property=\"og:site_name\" content=\"Menta y Mora\" \/>\n<meta property=\"article:publisher\" content=\"https:\/\/es-es.facebook.com\/MentayMora\/\" \/>\n<meta property=\"article:modified_time\" content=\"2026-04-16T16:33:01+00:00\" \/>\n<meta property=\"og:image\" content=\"https:\/\/www.mentaymora.com\/wp-content\/uploads\/2026\/04\/2890436.jpg\" \/>\n\t<meta property=\"og:image:width\" content=\"800\" \/>\n\t<meta property=\"og:image:height\" content=\"800\" \/>\n\t<meta property=\"og:image:type\" content=\"image\/jpeg\" \/>\n<meta name=\"twitter:card\" content=\"summary_large_image\" \/>\n<meta name=\"twitter:label1\" content=\"Tiempo de lectura\" \/>\n\t<meta name=\"twitter:data1\" content=\"1 minuto\" \/>\n<script type=\"application\/ld+json\" class=\"yoast-schema-graph\">{\"@context\":\"https:\\\/\\\/schema.org\",\"@graph\":[{\"@type\":\"WebPage\",\"@id\":\"https:\\\/\\\/www.mentaymora.com\\\/index.php\\\/producto\\\/monedero-corazon-comunion-nina-dcasa\\\/\",\"url\":\"https:\\\/\\\/www.mentaymora.com\\\/index.php\\\/producto\\\/monedero-corazon-comunion-nina-dcasa\\\/\",\"name\":\"Monedero Coraz\u00f3n Comuni\u00f3n Ni\u00f1a - D'Casa - Menta y Mora\",\"isPartOf\":{\"@id\":\"https:\\\/\\\/www.mentaymora.com\\\/#website\"},\"primaryImageOfPage\":{\"@id\":\"https:\\\/\\\/www.mentaymora.com\\\/index.php\\\/producto\\\/monedero-corazon-comunion-nina-dcasa\\\/#primaryimage\"},\"image\":{\"@id\":\"https:\\\/\\\/www.mentaymora.com\\\/index.php\\\/producto\\\/monedero-corazon-comunion-nina-dcasa\\\/#primaryimage\"},\"thumbnailUrl\":\"https:\\\/\\\/www.mentaymora.com\\\/wp-content\\\/uploads\\\/2026\\\/04\\\/2890436.jpg\",\"datePublished\":\"2026-04-16T16:25:56+00:00\",\"dateModified\":\"2026-04-16T16:33:01+00:00\",\"description\":\"Monedero Coraz\u00f3n Comuni\u00f3n Ni\u00f1a - D'Casa Monedero de Primera Comuni\u00f3n para ni\u00f1a con original forma de coraz\u00f3n, disponible en dos modelos con ilustraciones\",\"breadcrumb\":{\"@id\":\"https:\\\/\\\/www.mentaymora.com\\\/index.php\\\/producto\\\/monedero-corazon-comunion-nina-dcasa\\\/#breadcrumb\"},\"inLanguage\":\"es\",\"potentialAction\":[{\"@type\":\"ReadAction\",\"target\":[\"https:\\\/\\\/www.mentaymora.com\\\/index.php\\\/producto\\\/monedero-corazon-comunion-nina-dcasa\\\/\"]}]},{\"@type\":\"ImageObject\",\"inLanguage\":\"es\",\"@id\":\"https:\\\/\\\/www.mentaymora.com\\\/index.php\\\/producto\\\/monedero-corazon-comunion-nina-dcasa\\\/#primaryimage\",\"url\":\"https:\\\/\\\/www.mentaymora.com\\\/wp-content\\\/uploads\\\/2026\\\/04\\\/2890436.jpg\",\"contentUrl\":\"https:\\\/\\\/www.mentaymora.com\\\/wp-content\\\/uploads\\\/2026\\\/04\\\/2890436.jpg\",\"width\":800,\"height\":800,\"caption\":\"2890436\"},{\"@type\":\"BreadcrumbList\",\"@id\":\"https:\\\/\\\/www.mentaymora.com\\\/index.php\\\/producto\\\/monedero-corazon-comunion-nina-dcasa\\\/#breadcrumb\",\"itemListElement\":[{\"@type\":\"ListItem\",\"position\":1,\"name\":\"Portada\",\"item\":\"https:\\\/\\\/www.mentaymora.com\\\/\"},{\"@type\":\"ListItem\",\"position\":2,\"name\":\"Productos\",\"item\":\"https:\\\/\\\/www.mentaymora.com\\\/index.php\\\/tienda\\\/\"},{\"@type\":\"ListItem\",\"position\":3,\"name\":\"Monedero Coraz\u00f3n Comuni\u00f3n Ni\u00f1a &#8211; D&#8217;Casa\"}]},{\"@type\":\"WebSite\",\"@id\":\"https:\\\/\\\/www.mentaymora.com\\\/#website\",\"url\":\"https:\\\/\\\/www.mentaymora.com\\\/\",\"name\":\"Menta y Mora\",\"description\":\"Regalos y Complementos\",\"publisher\":{\"@id\":\"https:\\\/\\\/www.mentaymora.com\\\/#organization\"},\"potentialAction\":[{\"@type\":\"SearchAction\",\"target\":{\"@type\":\"EntryPoint\",\"urlTemplate\":\"https:\\\/\\\/www.mentaymora.com\\\/?s={search_term_string}\"},\"query-input\":{\"@type\":\"PropertyValueSpecification\",\"valueRequired\":true,\"valueName\":\"search_term_string\"}}],\"inLanguage\":\"es\"},{\"@type\":\"Organization\",\"@id\":\"https:\\\/\\\/www.mentaymora.com\\\/#organization\",\"name\":\"Menta y Mora\",\"url\":\"https:\\\/\\\/www.mentaymora.com\\\/\",\"logo\":{\"@type\":\"ImageObject\",\"inLanguage\":\"es\",\"@id\":\"https:\\\/\\\/www.mentaymora.com\\\/#\\\/schema\\\/logo\\\/image\\\/\",\"url\":\"https:\\\/\\\/www.mentaymora.com\\\/wp-content\\\/uploads\\\/2021\\\/07\\\/Logo.jpg\",\"contentUrl\":\"https:\\\/\\\/www.mentaymora.com\\\/wp-content\\\/uploads\\\/2021\\\/07\\\/Logo.jpg\",\"width\":1172,\"height\":1172,\"caption\":\"Menta y Mora\"},\"image\":{\"@id\":\"https:\\\/\\\/www.mentaymora.com\\\/#\\\/schema\\\/logo\\\/image\\\/\"},\"sameAs\":[\"https:\\\/\\\/es-es.facebook.com\\\/MentayMora\\\/\",\"https:\\\/\\\/www.instagram.com\\\/mentaymora.illescas\\\/?hl=es\",\"https:\\\/\\\/www.youtube.com\\\/channel\\\/UCuMMtdck_1XS-MyW6ZnBAlw\"]}]}<\/script>\n<!-- \/ Yoast SEO plugin. -->","yoast_head_json":{"title":"Monedero Coraz\u00f3n Comuni\u00f3n Ni\u00f1a - D'Casa - Menta y Mora","description":"Monedero Coraz\u00f3n Comuni\u00f3n Ni\u00f1a - D'Casa Monedero de Primera Comuni\u00f3n para ni\u00f1a con original forma de coraz\u00f3n, disponible en dos modelos con ilustraciones","robots":{"index":"index","follow":"follow","max-snippet":"max-snippet:-1","max-image-preview":"max-image-preview:large","max-video-preview":"max-video-preview:-1"},"canonical":"https:\/\/www.mentaymora.com\/index.php\/producto\/monedero-corazon-comunion-nina-dcasa\/","og_locale":"es_ES","og_type":"article","og_title":"Monedero Coraz\u00f3n Comuni\u00f3n Ni\u00f1a - D'Casa - Menta y Mora","og_description":"Monedero Coraz\u00f3n Comuni\u00f3n Ni\u00f1a - D'Casa Monedero de Primera Comuni\u00f3n para ni\u00f1a con original forma de coraz\u00f3n, disponible en dos modelos con ilustraciones","og_url":"https:\/\/www.mentaymora.com\/index.php\/producto\/monedero-corazon-comunion-nina-dcasa\/","og_site_name":"Menta y Mora","article_publisher":"https:\/\/es-es.facebook.com\/MentayMora\/","article_modified_time":"2026-04-16T16:33:01+00:00","og_image":[{"width":800,"height":800,"url":"https:\/\/www.mentaymora.com\/wp-content\/uploads\/2026\/04\/2890436.jpg","type":"image\/jpeg"}],"twitter_card":"summary_large_image","twitter_misc":{"Tiempo de lectura":"1 minuto"},"schema":{"@context":"https:\/\/schema.org","@graph":[{"@type":"WebPage","@id":"https:\/\/www.mentaymora.com\/index.php\/producto\/monedero-corazon-comunion-nina-dcasa\/","url":"https:\/\/www.mentaymora.com\/index.php\/producto\/monedero-corazon-comunion-nina-dcasa\/","name":"Monedero Coraz\u00f3n Comuni\u00f3n Ni\u00f1a - D'Casa - Menta y Mora","isPartOf":{"@id":"https:\/\/www.mentaymora.com\/#website"},"primaryImageOfPage":{"@id":"https:\/\/www.mentaymora.com\/index.php\/producto\/monedero-corazon-comunion-nina-dcasa\/#primaryimage"},"image":{"@id":"https:\/\/www.mentaymora.com\/index.php\/producto\/monedero-corazon-comunion-nina-dcasa\/#primaryimage"},"thumbnailUrl":"https:\/\/www.mentaymora.com\/wp-content\/uploads\/2026\/04\/2890436.jpg","datePublished":"2026-04-16T16:25:56+00:00","dateModified":"2026-04-16T16:33:01+00:00","description":"Monedero Coraz\u00f3n Comuni\u00f3n Ni\u00f1a - D'Casa Monedero de Primera Comuni\u00f3n para ni\u00f1a con original forma de coraz\u00f3n, disponible en dos modelos con ilustraciones","breadcrumb":{"@id":"https:\/\/www.mentaymora.com\/index.php\/producto\/monedero-corazon-comunion-nina-dcasa\/#breadcrumb"},"inLanguage":"es","potentialAction":[{"@type":"ReadAction","target":["https:\/\/www.mentaymora.com\/index.php\/producto\/monedero-corazon-comunion-nina-dcasa\/"]}]},{"@type":"ImageObject","inLanguage":"es","@id":"https:\/\/www.mentaymora.com\/index.php\/producto\/monedero-corazon-comunion-nina-dcasa\/#primaryimage","url":"https:\/\/www.mentaymora.com\/wp-content\/uploads\/2026\/04\/2890436.jpg","contentUrl":"https:\/\/www.mentaymora.com\/wp-content\/uploads\/2026\/04\/2890436.jpg","width":800,"height":800,"caption":"2890436"},{"@type":"BreadcrumbList","@id":"https:\/\/www.mentaymora.com\/index.php\/producto\/monedero-corazon-comunion-nina-dcasa\/#breadcrumb","itemListElement":[{"@type":"ListItem","position":1,"name":"Portada","item":"https:\/\/www.mentaymora.com\/"},{"@type":"ListItem","position":2,"name":"Productos","item":"https:\/\/www.mentaymora.com\/index.php\/tienda\/"},{"@type":"ListItem","position":3,"name":"Monedero Coraz\u00f3n Comuni\u00f3n Ni\u00f1a &#8211; D&#8217;Casa"}]},{"@type":"WebSite","@id":"https:\/\/www.mentaymora.com\/#website","url":"https:\/\/www.mentaymora.com\/","name":"Menta y Mora","description":"Regalos y Complementos","publisher":{"@id":"https:\/\/www.mentaymora.com\/#organization"},"potentialAction":[{"@type":"SearchAction","target":{"@type":"EntryPoint","urlTemplate":"https:\/\/www.mentaymora.com\/?s={search_term_string}"},"query-input":{"@type":"PropertyValueSpecification","valueRequired":true,"valueName":"search_term_string"}}],"inLanguage":"es"},{"@type":"Organization","@id":"https:\/\/www.mentaymora.com\/#organization","name":"Menta y Mora","url":"https:\/\/www.mentaymora.com\/","logo":{"@type":"ImageObject","inLanguage":"es","@id":"https:\/\/www.mentaymora.com\/#\/schema\/logo\/image\/","url":"https:\/\/www.mentaymora.com\/wp-content\/uploads\/2021\/07\/Logo.jpg","contentUrl":"https:\/\/www.mentaymora.com\/wp-content\/uploads\/2021\/07\/Logo.jpg","width":1172,"height":1172,"caption":"Menta y Mora"},"image":{"@id":"https:\/\/www.mentaymora.com\/#\/schema\/logo\/image\/"},"sameAs":["https:\/\/es-es.facebook.com\/MentayMora\/","https:\/\/www.instagram.com\/mentaymora.illescas\/?hl=es","https:\/\/www.youtube.com\/channel\/UCuMMtdck_1XS-MyW6ZnBAlw"]}]}},"_links":{"self":[{"href":"https:\/\/www.mentaymora.com\/index.php\/wp-json\/wp\/v2\/product\/22119","targetHints":{"allow":["GET"]}}],"collection":[{"href":"https:\/\/www.mentaymora.com\/index.php\/wp-json\/wp\/v2\/product"}],"about":[{"href":"https:\/\/www.mentaymora.com\/index.php\/wp-json\/wp\/v2\/types\/product"}],"replies":[{"embeddable":true,"href":"https:\/\/www.mentaymora.com\/index.php\/wp-json\/wp\/v2\/comments?post=22119"}],"wp:featuredmedia":[{"embeddable":true,"href":"https:\/\/www.mentaymora.com\/index.php\/wp-json\/wp\/v2\/media\/22122"}],"wp:attachment":[{"href":"https:\/\/www.mentaymora.com\/index.php\/wp-json\/wp\/v2\/media?parent=22119"}],"wp:term":[{"taxonomy":"product_brand","embeddable":true,"href":"https:\/\/www.mentaymora.com\/index.php\/wp-json\/wp\/v2\/product_brand?post=22119"},{"taxonomy":"product_cat","embeddable":true,"href":"https:\/\/www.mentaymora.com\/index.php\/wp-json\/wp\/v2\/product_cat?post=22119"},{"taxonomy":"product_tag","embeddable":true,"href":"https:\/\/www.mentaymora.com\/index.php\/wp-json\/wp\/v2\/product_tag?post=22119"}],"curies":[{"name":"wp","href":"https:\/\/api.w.org\/{rel}","templated":true}]}}