{"id":2555,"date":"2021-05-15T16:39:56","date_gmt":"2021-05-15T15:39:56","guid":{"rendered":"https:\/\/www.mentaymora.com\/index.php\/producto\/manuka-crema-de-dia\/"},"modified":"2021-05-15T17:04:07","modified_gmt":"2021-05-15T16:04:07","slug":"manuka-crema-de-dia","status":"publish","type":"product","link":"https:\/\/www.mentaymora.com\/index.php\/producto\/manuka-crema-de-dia\/","title":{"rendered":"MANUKA Crema de D\u00eda"},"content":{"rendered":"<p>MANUKA Crema de D\u00eda<\/p>\n<p>Crema facial hidratante, normalizadora para el cuidado diario de la piel mixta y grasa.<\/p>\n<p>&#8211; Reduce eficazmente las imperfecciones de la piel.<br \/>\n&#8211; Regula las gl\u00e1ndulas seb\u00e1ceas.<br \/>\n&#8211; Reduce la grasa y proporciona un efecto matificante.<br \/>\n&#8211; Reduce los puntos negros y previene su formaci\u00f3n.<br \/>\n&#8211; Hidrata y calma irritaciones.<br \/>\n&#8211; Iguala el tono de la piel.<\/p>\n<p><strong>Ingredientes activos profundamente purificantes:<\/strong> extracto de hojas de manuka, gluconato de zinc calmante, \u00e1cido olean\u00f3lico normalizante.<\/p>\n<p><strong>Ingredientes activos profundamente hidratantes:<\/strong> Sal de \u00e1cido hialur\u00f3nico biodisponible, alga marr\u00f3n Laminaria ochloreuca.<\/p>\n<p><strong>Ingredientes activos protectores y correctores:<\/strong> Filtros UVA \/ UVB foto estables, pigmentos suavizantes y equilibrantes.<\/p>\n<p><strong>Modo de empleo:<\/strong> Aplicar sobre la piel limpia y seca mediante suaves palmaditas.<\/p>\n<p><strong>Apta para veganos.<\/strong><\/p>\n<p>Contenido: 50ml.<\/p>\n<p>MANUKA Crema de D\u00eda<\/p>\n<p>Recuerda recomendar a\u00a0<a href=\"https:\/\/www.mentaymora.com\/\">Menta y Mora<\/a>\u00a0para cuidar tu piel.<\/p>\n<p>S\u00edguenos en nuestras RRSS (<a href=\"https:\/\/es-es.facebook.com\/MentayMora\/\">Facebook<\/a>\u00a0e\u00a0<a href=\"https:\/\/www.instagram.com\/mentaymora.illescas\/?hl=es\">Instagram<\/a>)<\/p>\n<p>Si tienes alguna consulta,\u00a0<a href=\"mailto:%20info@mentaymora.com\">preg\u00fantanos<\/a>.<\/p>\n","protected":false},"excerpt":{"rendered":"<p>Crema facial hidratante, normalizadora para el cuidado diario de la piel mixta y grasa.<\/p>\n<p>Contenido: 50ml.<\/p>\n<p><img decoding=\"async\" class=\" wp-image-1683\" title=\"Logo Vegano\" src=\"https:\/\/www.mentaymora.com\/wp-content\/uploads\/2021\/04\/PngItem_5501122-300x300.png\" alt=\"Logo Vegano\" width=\"75\" height=\"75\" srcset=\"https:\/\/www.mentaymora.com\/wp-content\/uploads\/2021\/04\/PngItem_5501122-300x300.png 300w, https:\/\/www.mentaymora.com\/wp-content\/uploads\/2021\/04\/PngItem_5501122-100x100.png 100w, https:\/\/www.mentaymora.com\/wp-content\/uploads\/2021\/04\/PngItem_5501122-600x600.png 600w\" sizes=\"(max-width: 75px) 100vw, 75px\" \/><\/p>\n","protected":false},"featured_media":2561,"comment_status":"open","ping_status":"closed","template":"","meta":{"_acf_changed":false,"_joinchat":[]},"product_brand":[],"product_cat":[318,78],"product_tag":[320,181,182,319],"class_list":{"0":"post-2555","1":"product","2":"type-product","3":"status-publish","4":"has-post-thumbnail","6":"product_cat-manuka-astringente","7":"product_cat-ziaja","8":"product_tag-astringente","9":"product_tag-crema-facial","10":"product_tag-dia","11":"product_tag-manuka","12":"latest_post","14":"first","15":"instock","16":"taxable","17":"shipping-taxable","18":"purchasable","19":"product-type-simple"},"acf":[],"yoast_head":"<!-- This site is optimized with the Yoast SEO plugin v27.4 - https:\/\/yoast.com\/product\/yoast-seo-wordpress\/ -->\n<title>MANUKA Crema de D\u00eda de Ziaja - Menta y Mora - Tienda Online<\/title>\n<meta name=\"description\" content=\"MANUKA Crema de D\u00eda. Crema facial hidratante, normalizadora para el cuidado diario de la piel mixta y grasa.\" \/>\n<meta name=\"robots\" content=\"index, follow, max-snippet:-1, max-image-preview:large, max-video-preview:-1\" \/>\n<link rel=\"canonical\" href=\"https:\/\/www.mentaymora.com\/index.php\/producto\/manuka-crema-de-dia\/\" \/>\n<meta property=\"og:locale\" content=\"es_ES\" \/>\n<meta property=\"og:type\" content=\"article\" \/>\n<meta property=\"og:title\" content=\"MANUKA Crema de D\u00eda de Ziaja - Menta y Mora - Tienda Online\" \/>\n<meta property=\"og:description\" content=\"MANUKA Crema de D\u00eda. Crema facial hidratante, normalizadora para el cuidado diario de la piel mixta y grasa.\" \/>\n<meta property=\"og:url\" content=\"https:\/\/www.mentaymora.com\/index.php\/producto\/manuka-crema-de-dia\/\" \/>\n<meta property=\"og:site_name\" content=\"Menta y Mora\" \/>\n<meta property=\"article:publisher\" content=\"https:\/\/es-es.facebook.com\/MentayMora\/\" \/>\n<meta property=\"article:modified_time\" content=\"2021-05-15T16:04:07+00:00\" \/>\n<meta property=\"og:image\" content=\"https:\/\/i1.wp.com\/www.mentaymora.com\/wp-content\/uploads\/2021\/05\/Crema-de-Dia.jpg?fit=600%2C600&ssl=1\" \/>\n\t<meta property=\"og:image:width\" content=\"600\" \/>\n\t<meta property=\"og:image:height\" content=\"600\" \/>\n\t<meta property=\"og:image:type\" content=\"image\/jpeg\" \/>\n<meta name=\"twitter:card\" content=\"summary_large_image\" \/>\n<meta name=\"twitter:label1\" content=\"Tiempo de lectura\" \/>\n\t<meta name=\"twitter:data1\" content=\"1 minuto\" \/>\n<script type=\"application\/ld+json\" class=\"yoast-schema-graph\">{\"@context\":\"https:\\\/\\\/schema.org\",\"@graph\":[{\"@type\":\"WebPage\",\"@id\":\"https:\\\/\\\/www.mentaymora.com\\\/index.php\\\/producto\\\/manuka-crema-de-dia\\\/\",\"url\":\"https:\\\/\\\/www.mentaymora.com\\\/index.php\\\/producto\\\/manuka-crema-de-dia\\\/\",\"name\":\"MANUKA Crema de D\u00eda de Ziaja - Menta y Mora - Tienda Online\",\"isPartOf\":{\"@id\":\"https:\\\/\\\/www.mentaymora.com\\\/#website\"},\"primaryImageOfPage\":{\"@id\":\"https:\\\/\\\/www.mentaymora.com\\\/index.php\\\/producto\\\/manuka-crema-de-dia\\\/#primaryimage\"},\"image\":{\"@id\":\"https:\\\/\\\/www.mentaymora.com\\\/index.php\\\/producto\\\/manuka-crema-de-dia\\\/#primaryimage\"},\"thumbnailUrl\":\"https:\\\/\\\/www.mentaymora.com\\\/wp-content\\\/uploads\\\/2021\\\/05\\\/Crema-de-Dia.jpg\",\"datePublished\":\"2021-05-15T15:39:56+00:00\",\"dateModified\":\"2021-05-15T16:04:07+00:00\",\"description\":\"MANUKA Crema de D\u00eda. Crema facial hidratante, normalizadora para el cuidado diario de la piel mixta y grasa.\",\"breadcrumb\":{\"@id\":\"https:\\\/\\\/www.mentaymora.com\\\/index.php\\\/producto\\\/manuka-crema-de-dia\\\/#breadcrumb\"},\"inLanguage\":\"es\",\"potentialAction\":[{\"@type\":\"ReadAction\",\"target\":[\"https:\\\/\\\/www.mentaymora.com\\\/index.php\\\/producto\\\/manuka-crema-de-dia\\\/\"]}]},{\"@type\":\"ImageObject\",\"inLanguage\":\"es\",\"@id\":\"https:\\\/\\\/www.mentaymora.com\\\/index.php\\\/producto\\\/manuka-crema-de-dia\\\/#primaryimage\",\"url\":\"https:\\\/\\\/www.mentaymora.com\\\/wp-content\\\/uploads\\\/2021\\\/05\\\/Crema-de-Dia.jpg\",\"contentUrl\":\"https:\\\/\\\/www.mentaymora.com\\\/wp-content\\\/uploads\\\/2021\\\/05\\\/Crema-de-Dia.jpg\",\"width\":600,\"height\":600,\"caption\":\"Crema de Dia\"},{\"@type\":\"BreadcrumbList\",\"@id\":\"https:\\\/\\\/www.mentaymora.com\\\/index.php\\\/producto\\\/manuka-crema-de-dia\\\/#breadcrumb\",\"itemListElement\":[{\"@type\":\"ListItem\",\"position\":1,\"name\":\"Portada\",\"item\":\"https:\\\/\\\/www.mentaymora.com\\\/\"},{\"@type\":\"ListItem\",\"position\":2,\"name\":\"Productos\",\"item\":\"https:\\\/\\\/www.mentaymora.com\\\/index.php\\\/tienda\\\/\"},{\"@type\":\"ListItem\",\"position\":3,\"name\":\"MANUKA Crema de D\u00eda\"}]},{\"@type\":\"WebSite\",\"@id\":\"https:\\\/\\\/www.mentaymora.com\\\/#website\",\"url\":\"https:\\\/\\\/www.mentaymora.com\\\/\",\"name\":\"Menta y Mora\",\"description\":\"Regalos y Complementos\",\"publisher\":{\"@id\":\"https:\\\/\\\/www.mentaymora.com\\\/#organization\"},\"potentialAction\":[{\"@type\":\"SearchAction\",\"target\":{\"@type\":\"EntryPoint\",\"urlTemplate\":\"https:\\\/\\\/www.mentaymora.com\\\/?s={search_term_string}\"},\"query-input\":{\"@type\":\"PropertyValueSpecification\",\"valueRequired\":true,\"valueName\":\"search_term_string\"}}],\"inLanguage\":\"es\"},{\"@type\":\"Organization\",\"@id\":\"https:\\\/\\\/www.mentaymora.com\\\/#organization\",\"name\":\"Menta y Mora\",\"url\":\"https:\\\/\\\/www.mentaymora.com\\\/\",\"logo\":{\"@type\":\"ImageObject\",\"inLanguage\":\"es\",\"@id\":\"https:\\\/\\\/www.mentaymora.com\\\/#\\\/schema\\\/logo\\\/image\\\/\",\"url\":\"https:\\\/\\\/www.mentaymora.com\\\/wp-content\\\/uploads\\\/2021\\\/07\\\/Logo.jpg\",\"contentUrl\":\"https:\\\/\\\/www.mentaymora.com\\\/wp-content\\\/uploads\\\/2021\\\/07\\\/Logo.jpg\",\"width\":1172,\"height\":1172,\"caption\":\"Menta y Mora\"},\"image\":{\"@id\":\"https:\\\/\\\/www.mentaymora.com\\\/#\\\/schema\\\/logo\\\/image\\\/\"},\"sameAs\":[\"https:\\\/\\\/es-es.facebook.com\\\/MentayMora\\\/\",\"https:\\\/\\\/www.instagram.com\\\/mentaymora.illescas\\\/?hl=es\",\"https:\\\/\\\/www.youtube.com\\\/channel\\\/UCuMMtdck_1XS-MyW6ZnBAlw\"]}]}<\/script>\n<!-- \/ Yoast SEO plugin. -->","yoast_head_json":{"title":"MANUKA Crema de D\u00eda de Ziaja - Menta y Mora - Tienda Online","description":"MANUKA Crema de D\u00eda. Crema facial hidratante, normalizadora para el cuidado diario de la piel mixta y grasa.","robots":{"index":"index","follow":"follow","max-snippet":"max-snippet:-1","max-image-preview":"max-image-preview:large","max-video-preview":"max-video-preview:-1"},"canonical":"https:\/\/www.mentaymora.com\/index.php\/producto\/manuka-crema-de-dia\/","og_locale":"es_ES","og_type":"article","og_title":"MANUKA Crema de D\u00eda de Ziaja - Menta y Mora - Tienda Online","og_description":"MANUKA Crema de D\u00eda. Crema facial hidratante, normalizadora para el cuidado diario de la piel mixta y grasa.","og_url":"https:\/\/www.mentaymora.com\/index.php\/producto\/manuka-crema-de-dia\/","og_site_name":"Menta y Mora","article_publisher":"https:\/\/es-es.facebook.com\/MentayMora\/","article_modified_time":"2021-05-15T16:04:07+00:00","og_image":[{"width":600,"height":600,"url":"https:\/\/i1.wp.com\/www.mentaymora.com\/wp-content\/uploads\/2021\/05\/Crema-de-Dia.jpg?fit=600%2C600&ssl=1","type":"image\/jpeg"}],"twitter_card":"summary_large_image","twitter_misc":{"Tiempo de lectura":"1 minuto"},"schema":{"@context":"https:\/\/schema.org","@graph":[{"@type":"WebPage","@id":"https:\/\/www.mentaymora.com\/index.php\/producto\/manuka-crema-de-dia\/","url":"https:\/\/www.mentaymora.com\/index.php\/producto\/manuka-crema-de-dia\/","name":"MANUKA Crema de D\u00eda de Ziaja - Menta y Mora - Tienda Online","isPartOf":{"@id":"https:\/\/www.mentaymora.com\/#website"},"primaryImageOfPage":{"@id":"https:\/\/www.mentaymora.com\/index.php\/producto\/manuka-crema-de-dia\/#primaryimage"},"image":{"@id":"https:\/\/www.mentaymora.com\/index.php\/producto\/manuka-crema-de-dia\/#primaryimage"},"thumbnailUrl":"https:\/\/www.mentaymora.com\/wp-content\/uploads\/2021\/05\/Crema-de-Dia.jpg","datePublished":"2021-05-15T15:39:56+00:00","dateModified":"2021-05-15T16:04:07+00:00","description":"MANUKA Crema de D\u00eda. Crema facial hidratante, normalizadora para el cuidado diario de la piel mixta y grasa.","breadcrumb":{"@id":"https:\/\/www.mentaymora.com\/index.php\/producto\/manuka-crema-de-dia\/#breadcrumb"},"inLanguage":"es","potentialAction":[{"@type":"ReadAction","target":["https:\/\/www.mentaymora.com\/index.php\/producto\/manuka-crema-de-dia\/"]}]},{"@type":"ImageObject","inLanguage":"es","@id":"https:\/\/www.mentaymora.com\/index.php\/producto\/manuka-crema-de-dia\/#primaryimage","url":"https:\/\/www.mentaymora.com\/wp-content\/uploads\/2021\/05\/Crema-de-Dia.jpg","contentUrl":"https:\/\/www.mentaymora.com\/wp-content\/uploads\/2021\/05\/Crema-de-Dia.jpg","width":600,"height":600,"caption":"Crema de Dia"},{"@type":"BreadcrumbList","@id":"https:\/\/www.mentaymora.com\/index.php\/producto\/manuka-crema-de-dia\/#breadcrumb","itemListElement":[{"@type":"ListItem","position":1,"name":"Portada","item":"https:\/\/www.mentaymora.com\/"},{"@type":"ListItem","position":2,"name":"Productos","item":"https:\/\/www.mentaymora.com\/index.php\/tienda\/"},{"@type":"ListItem","position":3,"name":"MANUKA Crema de D\u00eda"}]},{"@type":"WebSite","@id":"https:\/\/www.mentaymora.com\/#website","url":"https:\/\/www.mentaymora.com\/","name":"Menta y Mora","description":"Regalos y Complementos","publisher":{"@id":"https:\/\/www.mentaymora.com\/#organization"},"potentialAction":[{"@type":"SearchAction","target":{"@type":"EntryPoint","urlTemplate":"https:\/\/www.mentaymora.com\/?s={search_term_string}"},"query-input":{"@type":"PropertyValueSpecification","valueRequired":true,"valueName":"search_term_string"}}],"inLanguage":"es"},{"@type":"Organization","@id":"https:\/\/www.mentaymora.com\/#organization","name":"Menta y Mora","url":"https:\/\/www.mentaymora.com\/","logo":{"@type":"ImageObject","inLanguage":"es","@id":"https:\/\/www.mentaymora.com\/#\/schema\/logo\/image\/","url":"https:\/\/www.mentaymora.com\/wp-content\/uploads\/2021\/07\/Logo.jpg","contentUrl":"https:\/\/www.mentaymora.com\/wp-content\/uploads\/2021\/07\/Logo.jpg","width":1172,"height":1172,"caption":"Menta y Mora"},"image":{"@id":"https:\/\/www.mentaymora.com\/#\/schema\/logo\/image\/"},"sameAs":["https:\/\/es-es.facebook.com\/MentayMora\/","https:\/\/www.instagram.com\/mentaymora.illescas\/?hl=es","https:\/\/www.youtube.com\/channel\/UCuMMtdck_1XS-MyW6ZnBAlw"]}]}},"_links":{"self":[{"href":"https:\/\/www.mentaymora.com\/index.php\/wp-json\/wp\/v2\/product\/2555","targetHints":{"allow":["GET"]}}],"collection":[{"href":"https:\/\/www.mentaymora.com\/index.php\/wp-json\/wp\/v2\/product"}],"about":[{"href":"https:\/\/www.mentaymora.com\/index.php\/wp-json\/wp\/v2\/types\/product"}],"replies":[{"embeddable":true,"href":"https:\/\/www.mentaymora.com\/index.php\/wp-json\/wp\/v2\/comments?post=2555"}],"wp:featuredmedia":[{"embeddable":true,"href":"https:\/\/www.mentaymora.com\/index.php\/wp-json\/wp\/v2\/media\/2561"}],"wp:attachment":[{"href":"https:\/\/www.mentaymora.com\/index.php\/wp-json\/wp\/v2\/media?parent=2555"}],"wp:term":[{"taxonomy":"product_brand","embeddable":true,"href":"https:\/\/www.mentaymora.com\/index.php\/wp-json\/wp\/v2\/product_brand?post=2555"},{"taxonomy":"product_cat","embeddable":true,"href":"https:\/\/www.mentaymora.com\/index.php\/wp-json\/wp\/v2\/product_cat?post=2555"},{"taxonomy":"product_tag","embeddable":true,"href":"https:\/\/www.mentaymora.com\/index.php\/wp-json\/wp\/v2\/product_tag?post=2555"}],"curies":[{"name":"wp","href":"https:\/\/api.w.org\/{rel}","templated":true}]}}