{"id":2575,"date":"2021-05-15T18:23:49","date_gmt":"2021-05-15T17:23:49","guid":{"rendered":"https:\/\/www.mentaymora.com\/index.php\/producto\/sensitive-crema-facial-dia-calmante\/"},"modified":"2021-05-15T18:39:20","modified_gmt":"2021-05-15T17:39:20","slug":"sensitive-crema-facial-dia-calmante","status":"publish","type":"product","link":"https:\/\/www.mentaymora.com\/index.php\/producto\/sensitive-crema-facial-dia-calmante\/","title":{"rendered":"SENSITIVE Crema Facial Dia Calmante"},"content":{"rendered":"<p>SENSITIVE Crema Facial Dia Calmante<\/p>\n<p>Crema de d\u00eda suave, hidratante y protectora con protecci\u00f3n solar SFP20<\/p>\n<p>Indicada para pieles sensibles, secas y con picor.<\/p>\n<p>Elimina rojeces y la sensaci\u00f3n de ardor de la piel proporcionando un efecto calmante inmediato.<br \/>\nReduce asperezas, sequedad y la excesiva descamaci\u00f3n y restaura el nivel adecuado de agua en la piel.<br \/>\nProporciona hidrataci\u00f3n de larga duraci\u00f3n y reduce la p\u00e9rdida de agua.<br \/>\nRegenera la piel.<br \/>\nProtege la piel contra los rayos UVA y UVB.<br \/>\nPreviene el envejecimiento prematuro de la piel.<\/p>\n<p><strong>Ingredientes activos:<\/strong> antileukine 6 &#8211; factor de protecci\u00f3n biol\u00f3gico (BPF) de alga Laminaria ochroleuca, triglic\u00e9ridos de aceite de ma\u00edz, \u00e1cido hialur\u00f3nico, aceite de canola, pro-vitamina B5, filtros UVA \/ UVB.<\/p>\n<p><strong>Modo de empleo:<\/strong> Aplicar una peque\u00f1a cantidad en rostro y cuello masajeando delicadamente.<\/p>\n<p><strong>Apta para veganos.<\/strong><\/p>\n<p>Contenido: 50ml.<\/p>\n<p>SENSITIVE Crema Facial Dia Calmante<\/p>\n<p>Recuerda recomendar a\u00a0<a href=\"https:\/\/www.mentaymora.com\/\">Menta y Mora<\/a>\u00a0para cuidar tu piel.<\/p>\n<p>S\u00edguenos en nuestras RRSS (<a href=\"https:\/\/es-es.facebook.com\/MentayMora\/\">Facebook<\/a>\u00a0e\u00a0<a href=\"https:\/\/www.instagram.com\/mentaymora.illescas\/?hl=es\">Instagram<\/a>)<\/p>\n<p>Si tienes alguna consulta,\u00a0<a href=\"mailto:%20info@mentaymora.com\">preg\u00fantanos<\/a>.<\/p>\n","protected":false},"excerpt":{"rendered":"<p>Proporciona hidrataci\u00f3n de larga duraci\u00f3n y reduce la p\u00e9rdida de agua.<\/p>\n<p>Regenera la piel.<\/p>\n<p>Contenido: 50ml.<\/p>\n<p><img decoding=\"async\" class=\" wp-image-1683\" title=\"Logo Vegano\" src=\"https:\/\/www.mentaymora.com\/wp-content\/uploads\/2021\/04\/PngItem_5501122-300x300.png\" alt=\"Logo Vegano\" width=\"75\" height=\"75\" srcset=\"https:\/\/www.mentaymora.com\/wp-content\/uploads\/2021\/04\/PngItem_5501122-300x300.png 300w, https:\/\/www.mentaymora.com\/wp-content\/uploads\/2021\/04\/PngItem_5501122-100x100.png 100w, https:\/\/www.mentaymora.com\/wp-content\/uploads\/2021\/04\/PngItem_5501122-600x600.png 600w\" sizes=\"(max-width: 75px) 100vw, 75px\" \/><\/p>\n","protected":false},"featured_media":2582,"comment_status":"open","ping_status":"closed","template":"","meta":{"_acf_changed":false,"_joinchat":[]},"product_brand":[],"product_cat":[321,78],"product_tag":[219,181,182,322],"class_list":{"0":"post-2575","1":"product","2":"type-product","3":"status-publish","4":"has-post-thumbnail","6":"product_cat-sensitive-piel-sensible","7":"product_cat-ziaja","8":"product_tag-calmante","9":"product_tag-crema-facial","10":"product_tag-dia","11":"product_tag-sensitive","12":"latest_post","14":"first","15":"instock","16":"taxable","17":"shipping-taxable","18":"purchasable","19":"product-type-simple"},"acf":[],"yoast_head":"<!-- This site is optimized with the Yoast SEO plugin v27.4 - https:\/\/yoast.com\/product\/yoast-seo-wordpress\/ -->\n<title>SENSITIVE Crema Facial Dia Calmante - Menta y Mora<\/title>\n<meta name=\"description\" content=\"SENSITIVE Crema Facial Dia Calmante. Crema de d\u00eda suave, hidratante y protectora con protecci\u00f3n solar SFP20. Indicada para pieles sensibles,\" \/>\n<meta name=\"robots\" content=\"index, follow, max-snippet:-1, max-image-preview:large, max-video-preview:-1\" \/>\n<link rel=\"canonical\" href=\"https:\/\/www.mentaymora.com\/index.php\/producto\/sensitive-crema-facial-dia-calmante\/\" \/>\n<meta property=\"og:locale\" content=\"es_ES\" \/>\n<meta property=\"og:type\" content=\"article\" \/>\n<meta property=\"og:title\" content=\"SENSITIVE Crema Facial Dia Calmante - Menta y Mora\" \/>\n<meta property=\"og:description\" content=\"SENSITIVE Crema Facial Dia Calmante. Crema de d\u00eda suave, hidratante y protectora con protecci\u00f3n solar SFP20. Indicada para pieles sensibles,\" \/>\n<meta property=\"og:url\" content=\"https:\/\/www.mentaymora.com\/index.php\/producto\/sensitive-crema-facial-dia-calmante\/\" \/>\n<meta property=\"og:site_name\" content=\"Menta y Mora\" \/>\n<meta property=\"article:publisher\" content=\"https:\/\/es-es.facebook.com\/MentayMora\/\" \/>\n<meta property=\"article:modified_time\" content=\"2021-05-15T17:39:20+00:00\" \/>\n<meta property=\"og:image\" content=\"https:\/\/i2.wp.com\/www.mentaymora.com\/wp-content\/uploads\/2021\/05\/Crema-Dia-Calmante.jpg?fit=1100%2C1422&ssl=1\" \/>\n\t<meta property=\"og:image:width\" content=\"1100\" \/>\n\t<meta property=\"og:image:height\" content=\"1422\" \/>\n\t<meta property=\"og:image:type\" content=\"image\/jpeg\" \/>\n<meta name=\"twitter:card\" content=\"summary_large_image\" \/>\n<meta name=\"twitter:label1\" content=\"Tiempo de lectura\" \/>\n\t<meta name=\"twitter:data1\" content=\"1 minuto\" \/>\n<script type=\"application\/ld+json\" class=\"yoast-schema-graph\">{\"@context\":\"https:\\\/\\\/schema.org\",\"@graph\":[{\"@type\":\"WebPage\",\"@id\":\"https:\\\/\\\/www.mentaymora.com\\\/index.php\\\/producto\\\/sensitive-crema-facial-dia-calmante\\\/\",\"url\":\"https:\\\/\\\/www.mentaymora.com\\\/index.php\\\/producto\\\/sensitive-crema-facial-dia-calmante\\\/\",\"name\":\"SENSITIVE Crema Facial Dia Calmante - Menta y Mora\",\"isPartOf\":{\"@id\":\"https:\\\/\\\/www.mentaymora.com\\\/#website\"},\"primaryImageOfPage\":{\"@id\":\"https:\\\/\\\/www.mentaymora.com\\\/index.php\\\/producto\\\/sensitive-crema-facial-dia-calmante\\\/#primaryimage\"},\"image\":{\"@id\":\"https:\\\/\\\/www.mentaymora.com\\\/index.php\\\/producto\\\/sensitive-crema-facial-dia-calmante\\\/#primaryimage\"},\"thumbnailUrl\":\"https:\\\/\\\/www.mentaymora.com\\\/wp-content\\\/uploads\\\/2021\\\/05\\\/Crema-Dia-Calmante.jpg\",\"datePublished\":\"2021-05-15T17:23:49+00:00\",\"dateModified\":\"2021-05-15T17:39:20+00:00\",\"description\":\"SENSITIVE Crema Facial Dia Calmante. Crema de d\u00eda suave, hidratante y protectora con protecci\u00f3n solar SFP20. Indicada para pieles sensibles,\",\"breadcrumb\":{\"@id\":\"https:\\\/\\\/www.mentaymora.com\\\/index.php\\\/producto\\\/sensitive-crema-facial-dia-calmante\\\/#breadcrumb\"},\"inLanguage\":\"es\",\"potentialAction\":[{\"@type\":\"ReadAction\",\"target\":[\"https:\\\/\\\/www.mentaymora.com\\\/index.php\\\/producto\\\/sensitive-crema-facial-dia-calmante\\\/\"]}]},{\"@type\":\"ImageObject\",\"inLanguage\":\"es\",\"@id\":\"https:\\\/\\\/www.mentaymora.com\\\/index.php\\\/producto\\\/sensitive-crema-facial-dia-calmante\\\/#primaryimage\",\"url\":\"https:\\\/\\\/www.mentaymora.com\\\/wp-content\\\/uploads\\\/2021\\\/05\\\/Crema-Dia-Calmante.jpg\",\"contentUrl\":\"https:\\\/\\\/www.mentaymora.com\\\/wp-content\\\/uploads\\\/2021\\\/05\\\/Crema-Dia-Calmante.jpg\",\"width\":1100,\"height\":1422,\"caption\":\"Crema Dia Calmante\"},{\"@type\":\"BreadcrumbList\",\"@id\":\"https:\\\/\\\/www.mentaymora.com\\\/index.php\\\/producto\\\/sensitive-crema-facial-dia-calmante\\\/#breadcrumb\",\"itemListElement\":[{\"@type\":\"ListItem\",\"position\":1,\"name\":\"Portada\",\"item\":\"https:\\\/\\\/www.mentaymora.com\\\/\"},{\"@type\":\"ListItem\",\"position\":2,\"name\":\"Productos\",\"item\":\"https:\\\/\\\/www.mentaymora.com\\\/index.php\\\/tienda\\\/\"},{\"@type\":\"ListItem\",\"position\":3,\"name\":\"SENSITIVE Crema Facial Dia Calmante\"}]},{\"@type\":\"WebSite\",\"@id\":\"https:\\\/\\\/www.mentaymora.com\\\/#website\",\"url\":\"https:\\\/\\\/www.mentaymora.com\\\/\",\"name\":\"Menta y Mora\",\"description\":\"Regalos y Complementos\",\"publisher\":{\"@id\":\"https:\\\/\\\/www.mentaymora.com\\\/#organization\"},\"potentialAction\":[{\"@type\":\"SearchAction\",\"target\":{\"@type\":\"EntryPoint\",\"urlTemplate\":\"https:\\\/\\\/www.mentaymora.com\\\/?s={search_term_string}\"},\"query-input\":{\"@type\":\"PropertyValueSpecification\",\"valueRequired\":true,\"valueName\":\"search_term_string\"}}],\"inLanguage\":\"es\"},{\"@type\":\"Organization\",\"@id\":\"https:\\\/\\\/www.mentaymora.com\\\/#organization\",\"name\":\"Menta y Mora\",\"url\":\"https:\\\/\\\/www.mentaymora.com\\\/\",\"logo\":{\"@type\":\"ImageObject\",\"inLanguage\":\"es\",\"@id\":\"https:\\\/\\\/www.mentaymora.com\\\/#\\\/schema\\\/logo\\\/image\\\/\",\"url\":\"https:\\\/\\\/www.mentaymora.com\\\/wp-content\\\/uploads\\\/2021\\\/07\\\/Logo.jpg\",\"contentUrl\":\"https:\\\/\\\/www.mentaymora.com\\\/wp-content\\\/uploads\\\/2021\\\/07\\\/Logo.jpg\",\"width\":1172,\"height\":1172,\"caption\":\"Menta y Mora\"},\"image\":{\"@id\":\"https:\\\/\\\/www.mentaymora.com\\\/#\\\/schema\\\/logo\\\/image\\\/\"},\"sameAs\":[\"https:\\\/\\\/es-es.facebook.com\\\/MentayMora\\\/\",\"https:\\\/\\\/www.instagram.com\\\/mentaymora.illescas\\\/?hl=es\",\"https:\\\/\\\/www.youtube.com\\\/channel\\\/UCuMMtdck_1XS-MyW6ZnBAlw\"]}]}<\/script>\n<!-- \/ Yoast SEO plugin. -->","yoast_head_json":{"title":"SENSITIVE Crema Facial Dia Calmante - Menta y Mora","description":"SENSITIVE Crema Facial Dia Calmante. Crema de d\u00eda suave, hidratante y protectora con protecci\u00f3n solar SFP20. Indicada para pieles sensibles,","robots":{"index":"index","follow":"follow","max-snippet":"max-snippet:-1","max-image-preview":"max-image-preview:large","max-video-preview":"max-video-preview:-1"},"canonical":"https:\/\/www.mentaymora.com\/index.php\/producto\/sensitive-crema-facial-dia-calmante\/","og_locale":"es_ES","og_type":"article","og_title":"SENSITIVE Crema Facial Dia Calmante - Menta y Mora","og_description":"SENSITIVE Crema Facial Dia Calmante. Crema de d\u00eda suave, hidratante y protectora con protecci\u00f3n solar SFP20. Indicada para pieles sensibles,","og_url":"https:\/\/www.mentaymora.com\/index.php\/producto\/sensitive-crema-facial-dia-calmante\/","og_site_name":"Menta y Mora","article_publisher":"https:\/\/es-es.facebook.com\/MentayMora\/","article_modified_time":"2021-05-15T17:39:20+00:00","og_image":[{"width":1100,"height":1422,"url":"https:\/\/i2.wp.com\/www.mentaymora.com\/wp-content\/uploads\/2021\/05\/Crema-Dia-Calmante.jpg?fit=1100%2C1422&ssl=1","type":"image\/jpeg"}],"twitter_card":"summary_large_image","twitter_misc":{"Tiempo de lectura":"1 minuto"},"schema":{"@context":"https:\/\/schema.org","@graph":[{"@type":"WebPage","@id":"https:\/\/www.mentaymora.com\/index.php\/producto\/sensitive-crema-facial-dia-calmante\/","url":"https:\/\/www.mentaymora.com\/index.php\/producto\/sensitive-crema-facial-dia-calmante\/","name":"SENSITIVE Crema Facial Dia Calmante - Menta y Mora","isPartOf":{"@id":"https:\/\/www.mentaymora.com\/#website"},"primaryImageOfPage":{"@id":"https:\/\/www.mentaymora.com\/index.php\/producto\/sensitive-crema-facial-dia-calmante\/#primaryimage"},"image":{"@id":"https:\/\/www.mentaymora.com\/index.php\/producto\/sensitive-crema-facial-dia-calmante\/#primaryimage"},"thumbnailUrl":"https:\/\/www.mentaymora.com\/wp-content\/uploads\/2021\/05\/Crema-Dia-Calmante.jpg","datePublished":"2021-05-15T17:23:49+00:00","dateModified":"2021-05-15T17:39:20+00:00","description":"SENSITIVE Crema Facial Dia Calmante. Crema de d\u00eda suave, hidratante y protectora con protecci\u00f3n solar SFP20. Indicada para pieles sensibles,","breadcrumb":{"@id":"https:\/\/www.mentaymora.com\/index.php\/producto\/sensitive-crema-facial-dia-calmante\/#breadcrumb"},"inLanguage":"es","potentialAction":[{"@type":"ReadAction","target":["https:\/\/www.mentaymora.com\/index.php\/producto\/sensitive-crema-facial-dia-calmante\/"]}]},{"@type":"ImageObject","inLanguage":"es","@id":"https:\/\/www.mentaymora.com\/index.php\/producto\/sensitive-crema-facial-dia-calmante\/#primaryimage","url":"https:\/\/www.mentaymora.com\/wp-content\/uploads\/2021\/05\/Crema-Dia-Calmante.jpg","contentUrl":"https:\/\/www.mentaymora.com\/wp-content\/uploads\/2021\/05\/Crema-Dia-Calmante.jpg","width":1100,"height":1422,"caption":"Crema Dia Calmante"},{"@type":"BreadcrumbList","@id":"https:\/\/www.mentaymora.com\/index.php\/producto\/sensitive-crema-facial-dia-calmante\/#breadcrumb","itemListElement":[{"@type":"ListItem","position":1,"name":"Portada","item":"https:\/\/www.mentaymora.com\/"},{"@type":"ListItem","position":2,"name":"Productos","item":"https:\/\/www.mentaymora.com\/index.php\/tienda\/"},{"@type":"ListItem","position":3,"name":"SENSITIVE Crema Facial Dia Calmante"}]},{"@type":"WebSite","@id":"https:\/\/www.mentaymora.com\/#website","url":"https:\/\/www.mentaymora.com\/","name":"Menta y Mora","description":"Regalos y Complementos","publisher":{"@id":"https:\/\/www.mentaymora.com\/#organization"},"potentialAction":[{"@type":"SearchAction","target":{"@type":"EntryPoint","urlTemplate":"https:\/\/www.mentaymora.com\/?s={search_term_string}"},"query-input":{"@type":"PropertyValueSpecification","valueRequired":true,"valueName":"search_term_string"}}],"inLanguage":"es"},{"@type":"Organization","@id":"https:\/\/www.mentaymora.com\/#organization","name":"Menta y Mora","url":"https:\/\/www.mentaymora.com\/","logo":{"@type":"ImageObject","inLanguage":"es","@id":"https:\/\/www.mentaymora.com\/#\/schema\/logo\/image\/","url":"https:\/\/www.mentaymora.com\/wp-content\/uploads\/2021\/07\/Logo.jpg","contentUrl":"https:\/\/www.mentaymora.com\/wp-content\/uploads\/2021\/07\/Logo.jpg","width":1172,"height":1172,"caption":"Menta y Mora"},"image":{"@id":"https:\/\/www.mentaymora.com\/#\/schema\/logo\/image\/"},"sameAs":["https:\/\/es-es.facebook.com\/MentayMora\/","https:\/\/www.instagram.com\/mentaymora.illescas\/?hl=es","https:\/\/www.youtube.com\/channel\/UCuMMtdck_1XS-MyW6ZnBAlw"]}]}},"_links":{"self":[{"href":"https:\/\/www.mentaymora.com\/index.php\/wp-json\/wp\/v2\/product\/2575","targetHints":{"allow":["GET"]}}],"collection":[{"href":"https:\/\/www.mentaymora.com\/index.php\/wp-json\/wp\/v2\/product"}],"about":[{"href":"https:\/\/www.mentaymora.com\/index.php\/wp-json\/wp\/v2\/types\/product"}],"replies":[{"embeddable":true,"href":"https:\/\/www.mentaymora.com\/index.php\/wp-json\/wp\/v2\/comments?post=2575"}],"wp:featuredmedia":[{"embeddable":true,"href":"https:\/\/www.mentaymora.com\/index.php\/wp-json\/wp\/v2\/media\/2582"}],"wp:attachment":[{"href":"https:\/\/www.mentaymora.com\/index.php\/wp-json\/wp\/v2\/media?parent=2575"}],"wp:term":[{"taxonomy":"product_brand","embeddable":true,"href":"https:\/\/www.mentaymora.com\/index.php\/wp-json\/wp\/v2\/product_brand?post=2575"},{"taxonomy":"product_cat","embeddable":true,"href":"https:\/\/www.mentaymora.com\/index.php\/wp-json\/wp\/v2\/product_cat?post=2575"},{"taxonomy":"product_tag","embeddable":true,"href":"https:\/\/www.mentaymora.com\/index.php\/wp-json\/wp\/v2\/product_tag?post=2575"}],"curies":[{"name":"wp","href":"https:\/\/api.w.org\/{rel}","templated":true}]}}