{"id":3533,"date":"2021-05-26T18:40:13","date_gmt":"2021-05-26T17:40:13","guid":{"rendered":"https:\/\/www.mentaymora.com\/?post_type=product&#038;p=3533"},"modified":"2025-11-16T19:37:38","modified_gmt":"2025-11-16T18:37:38","slug":"gel-de-bano-para-bebes","status":"publish","type":"product","link":"https:\/\/www.mentaymora.com\/index.php\/producto\/gel-de-bano-para-bebes\/","title":{"rendered":"Gel De Ba\u00f1o Para Beb\u00e9s &#8211; Little Siberica BIO"},"content":{"rendered":"<p>Gel De Ba\u00f1o Para Beb\u00e9s &#8211; Little Siberica BIO<\/p>\n<p style=\"text-align: justify;\">Este gel de ba\u00f1o limpia delicadamente la piel del beb\u00e9 y proporciona un efecto suavizante, hidratante y calmante.<\/p>\n<p>Apto para reci\u00e9n nacidos. Ideal para limpiar la piel del cuerpo. Contiene propiedades destinadas a suavizar, calmar e hidratar la piel.<\/p>\n<p>Los productos de Natura Sib\u00e9rica para ni\u00f1os y bebes tienen una gama exclusiva de cuidado de la piel: natural, pura, sin qu\u00edmicos, cosmec\u00e9uticos. Ofrecemos una amplia gama de cosm\u00e9ticos naturales y org\u00e1nicos que combinan las propiedades regeneradoras, nutricionales y de reequilibrio de las plantas org\u00e1nicas, con los m\u00e1ximos beneficios terap\u00e9uticos y el concepto de lujo.<\/p>\n<p>Formulados con ingredientes org\u00e1nicos de la mejor calidad. No contienen perfumes sint\u00e9ticos, colorantes, rellenos, parabenos, petroqu\u00edmicos, siliconas, sulfatos, alcohol, OMG u otras sustancias sint\u00e9ticas. Todos los productos se pueden usar de forma segura durante el embarazo y la lactancia. Los productos no se prueban en animales. Todos los ingredientes son de origen vegetal.\u00a0<\/p>\n<p>Gel De Ba\u00f1o Para Beb\u00e9s &#8211; Little Siberica BIO<\/p>\n<p style=\"text-align: center;\"><a href=\"https:\/\/www.mentaymora.com\/\">Menta y Mora<\/a> Te Enamora\u00a0 \u00a0 \u00a0 \u00a0 S\u00edguenos en nuestras RRSS (<a href=\"https:\/\/es-es.facebook.com\/MentayMora\/\">Facebook<\/a>\u00a0e\u00a0<a href=\"https:\/\/www.instagram.com\/mentaymora.illescas\/?hl=es\">Instagram<\/a>)\u00a0 \u00a0 \u00a0 \u00a0\u00a0Si tienes alguna consulta,\u00a0<a href=\"mailto:%20info@mentaymora.com\">preg\u00fantanos<\/a>.<\/p>\n","protected":false},"excerpt":{"rendered":"<p>Este gel de ba\u00f1o limpia delicadamente la piel del beb\u00e9 y proporciona un efecto suavizante, hidratante y calmante.<\/p>\n<p>Contenido: 250ml.<\/p>\n<p><img decoding=\"async\" class=\" wp-image-3532\" title=\"Logo Vegan ECOCert\" src=\"https:\/\/www.mentaymora.com\/wp-content\/uploads\/2021\/05\/Logo-Vegan-ECOCert-300x134.jpg\" alt=\"Logo Vegan ECOCert\" width=\"168\" height=\"75\" srcset=\"https:\/\/www.mentaymora.com\/wp-content\/uploads\/2021\/05\/Logo-Vegan-ECOCert-300x134.jpg 300w, https:\/\/www.mentaymora.com\/wp-content\/uploads\/2021\/05\/Logo-Vegan-ECOCert-135x60.jpg 135w, https:\/\/www.mentaymora.com\/wp-content\/uploads\/2021\/05\/Logo-Vegan-ECOCert.jpg 348w\" sizes=\"(max-width: 168px) 100vw, 168px\" \/><\/p>\n","protected":false},"featured_media":3527,"comment_status":"open","ping_status":"closed","template":"","meta":{"_acf_changed":false,"_joinchat":[]},"product_brand":[1685],"product_cat":[1676,503],"product_tag":[331,210,504],"class_list":{"0":"post-3533","1":"product","2":"type-product","3":"status-publish","4":"has-post-thumbnail","6":"product_brand-natura-siberica","7":"product_cat-cuidado-del-bebe","8":"product_cat-linea-infantil-siberica-bio","9":"product_tag-bebe","10":"product_tag-gel","11":"product_tag-natura-siberica","12":"latest_post","14":"first","15":"instock","16":"taxable","17":"shipping-taxable","18":"purchasable","19":"product-type-simple"},"acf":[],"yoast_head":"<!-- This site is optimized with the Yoast SEO plugin v27.4 - https:\/\/yoast.com\/product\/yoast-seo-wordpress\/ -->\n<title>Gel De Ba\u00f1o Para Beb\u00e9s - Little Siberica BIO - Menta y Mora<\/title>\n<meta name=\"description\" content=\"Gel De Ba\u00f1o Para Beb\u00e9s - Little Siberica BIO Este gel de ba\u00f1o limpia delicadamente la piel del beb\u00e9 y proporciona un efecto suavizante, hidratante y ...\" \/>\n<meta name=\"robots\" content=\"index, follow, max-snippet:-1, max-image-preview:large, max-video-preview:-1\" \/>\n<link rel=\"canonical\" href=\"https:\/\/www.mentaymora.com\/index.php\/producto\/gel-de-bano-para-bebes\/\" \/>\n<meta property=\"og:locale\" content=\"es_ES\" \/>\n<meta property=\"og:type\" content=\"article\" \/>\n<meta property=\"og:title\" content=\"Gel De Ba\u00f1o Para Beb\u00e9s - Little Siberica BIO - Menta y Mora\" \/>\n<meta property=\"og:description\" content=\"Gel De Ba\u00f1o Para Beb\u00e9s - Little Siberica BIO Este gel de ba\u00f1o limpia delicadamente la piel del beb\u00e9 y proporciona un efecto suavizante, hidratante y ...\" \/>\n<meta property=\"og:url\" content=\"https:\/\/www.mentaymora.com\/index.php\/producto\/gel-de-bano-para-bebes\/\" \/>\n<meta property=\"og:site_name\" content=\"Menta y Mora\" \/>\n<meta property=\"article:publisher\" content=\"https:\/\/es-es.facebook.com\/MentayMora\/\" \/>\n<meta property=\"article:modified_time\" content=\"2025-11-16T18:37:38+00:00\" \/>\n<meta property=\"og:image\" content=\"https:\/\/www.mentaymora.com\/wp-content\/uploads\/2021\/05\/gel.jpg\" \/>\n\t<meta property=\"og:image:width\" content=\"600\" \/>\n\t<meta property=\"og:image:height\" content=\"600\" \/>\n\t<meta property=\"og:image:type\" content=\"image\/jpeg\" \/>\n<meta name=\"twitter:card\" content=\"summary_large_image\" \/>\n<meta name=\"twitter:label1\" content=\"Tiempo de lectura\" \/>\n\t<meta name=\"twitter:data1\" content=\"2 minutos\" \/>\n<script type=\"application\/ld+json\" class=\"yoast-schema-graph\">{\"@context\":\"https:\\\/\\\/schema.org\",\"@graph\":[{\"@type\":\"WebPage\",\"@id\":\"https:\\\/\\\/www.mentaymora.com\\\/index.php\\\/producto\\\/gel-de-bano-para-bebes\\\/\",\"url\":\"https:\\\/\\\/www.mentaymora.com\\\/index.php\\\/producto\\\/gel-de-bano-para-bebes\\\/\",\"name\":\"Gel De Ba\u00f1o Para Beb\u00e9s - Little Siberica BIO - Menta y Mora\",\"isPartOf\":{\"@id\":\"https:\\\/\\\/www.mentaymora.com\\\/#website\"},\"primaryImageOfPage\":{\"@id\":\"https:\\\/\\\/www.mentaymora.com\\\/index.php\\\/producto\\\/gel-de-bano-para-bebes\\\/#primaryimage\"},\"image\":{\"@id\":\"https:\\\/\\\/www.mentaymora.com\\\/index.php\\\/producto\\\/gel-de-bano-para-bebes\\\/#primaryimage\"},\"thumbnailUrl\":\"https:\\\/\\\/www.mentaymora.com\\\/wp-content\\\/uploads\\\/2021\\\/05\\\/gel.jpg\",\"datePublished\":\"2021-05-26T17:40:13+00:00\",\"dateModified\":\"2025-11-16T18:37:38+00:00\",\"description\":\"Gel De Ba\u00f1o Para Beb\u00e9s - Little Siberica BIO Este gel de ba\u00f1o limpia delicadamente la piel del beb\u00e9 y proporciona un efecto suavizante, hidratante y ...\",\"breadcrumb\":{\"@id\":\"https:\\\/\\\/www.mentaymora.com\\\/index.php\\\/producto\\\/gel-de-bano-para-bebes\\\/#breadcrumb\"},\"inLanguage\":\"es\",\"potentialAction\":[{\"@type\":\"ReadAction\",\"target\":[\"https:\\\/\\\/www.mentaymora.com\\\/index.php\\\/producto\\\/gel-de-bano-para-bebes\\\/\"]}]},{\"@type\":\"ImageObject\",\"inLanguage\":\"es\",\"@id\":\"https:\\\/\\\/www.mentaymora.com\\\/index.php\\\/producto\\\/gel-de-bano-para-bebes\\\/#primaryimage\",\"url\":\"https:\\\/\\\/www.mentaymora.com\\\/wp-content\\\/uploads\\\/2021\\\/05\\\/gel.jpg\",\"contentUrl\":\"https:\\\/\\\/www.mentaymora.com\\\/wp-content\\\/uploads\\\/2021\\\/05\\\/gel.jpg\",\"width\":600,\"height\":600,\"caption\":\"gel\"},{\"@type\":\"BreadcrumbList\",\"@id\":\"https:\\\/\\\/www.mentaymora.com\\\/index.php\\\/producto\\\/gel-de-bano-para-bebes\\\/#breadcrumb\",\"itemListElement\":[{\"@type\":\"ListItem\",\"position\":1,\"name\":\"Portada\",\"item\":\"https:\\\/\\\/www.mentaymora.com\\\/\"},{\"@type\":\"ListItem\",\"position\":2,\"name\":\"Productos\",\"item\":\"https:\\\/\\\/www.mentaymora.com\\\/index.php\\\/tienda\\\/\"},{\"@type\":\"ListItem\",\"position\":3,\"name\":\"Gel De Ba\u00f1o Para Beb\u00e9s &#8211; Little Siberica BIO\"}]},{\"@type\":\"WebSite\",\"@id\":\"https:\\\/\\\/www.mentaymora.com\\\/#website\",\"url\":\"https:\\\/\\\/www.mentaymora.com\\\/\",\"name\":\"Menta y Mora\",\"description\":\"Regalos y Complementos\",\"publisher\":{\"@id\":\"https:\\\/\\\/www.mentaymora.com\\\/#organization\"},\"potentialAction\":[{\"@type\":\"SearchAction\",\"target\":{\"@type\":\"EntryPoint\",\"urlTemplate\":\"https:\\\/\\\/www.mentaymora.com\\\/?s={search_term_string}\"},\"query-input\":{\"@type\":\"PropertyValueSpecification\",\"valueRequired\":true,\"valueName\":\"search_term_string\"}}],\"inLanguage\":\"es\"},{\"@type\":\"Organization\",\"@id\":\"https:\\\/\\\/www.mentaymora.com\\\/#organization\",\"name\":\"Menta y Mora\",\"url\":\"https:\\\/\\\/www.mentaymora.com\\\/\",\"logo\":{\"@type\":\"ImageObject\",\"inLanguage\":\"es\",\"@id\":\"https:\\\/\\\/www.mentaymora.com\\\/#\\\/schema\\\/logo\\\/image\\\/\",\"url\":\"https:\\\/\\\/www.mentaymora.com\\\/wp-content\\\/uploads\\\/2021\\\/07\\\/Logo.jpg\",\"contentUrl\":\"https:\\\/\\\/www.mentaymora.com\\\/wp-content\\\/uploads\\\/2021\\\/07\\\/Logo.jpg\",\"width\":1172,\"height\":1172,\"caption\":\"Menta y Mora\"},\"image\":{\"@id\":\"https:\\\/\\\/www.mentaymora.com\\\/#\\\/schema\\\/logo\\\/image\\\/\"},\"sameAs\":[\"https:\\\/\\\/es-es.facebook.com\\\/MentayMora\\\/\",\"https:\\\/\\\/www.instagram.com\\\/mentaymora.illescas\\\/?hl=es\",\"https:\\\/\\\/www.youtube.com\\\/channel\\\/UCuMMtdck_1XS-MyW6ZnBAlw\"]}]}<\/script>\n<!-- \/ Yoast SEO plugin. -->","yoast_head_json":{"title":"Gel De Ba\u00f1o Para Beb\u00e9s - Little Siberica BIO - Menta y Mora","description":"Gel De Ba\u00f1o Para Beb\u00e9s - Little Siberica BIO Este gel de ba\u00f1o limpia delicadamente la piel del beb\u00e9 y proporciona un efecto suavizante, hidratante y ...","robots":{"index":"index","follow":"follow","max-snippet":"max-snippet:-1","max-image-preview":"max-image-preview:large","max-video-preview":"max-video-preview:-1"},"canonical":"https:\/\/www.mentaymora.com\/index.php\/producto\/gel-de-bano-para-bebes\/","og_locale":"es_ES","og_type":"article","og_title":"Gel De Ba\u00f1o Para Beb\u00e9s - Little Siberica BIO - Menta y Mora","og_description":"Gel De Ba\u00f1o Para Beb\u00e9s - Little Siberica BIO Este gel de ba\u00f1o limpia delicadamente la piel del beb\u00e9 y proporciona un efecto suavizante, hidratante y ...","og_url":"https:\/\/www.mentaymora.com\/index.php\/producto\/gel-de-bano-para-bebes\/","og_site_name":"Menta y Mora","article_publisher":"https:\/\/es-es.facebook.com\/MentayMora\/","article_modified_time":"2025-11-16T18:37:38+00:00","og_image":[{"width":600,"height":600,"url":"https:\/\/www.mentaymora.com\/wp-content\/uploads\/2021\/05\/gel.jpg","type":"image\/jpeg"}],"twitter_card":"summary_large_image","twitter_misc":{"Tiempo de lectura":"2 minutos"},"schema":{"@context":"https:\/\/schema.org","@graph":[{"@type":"WebPage","@id":"https:\/\/www.mentaymora.com\/index.php\/producto\/gel-de-bano-para-bebes\/","url":"https:\/\/www.mentaymora.com\/index.php\/producto\/gel-de-bano-para-bebes\/","name":"Gel De Ba\u00f1o Para Beb\u00e9s - Little Siberica BIO - Menta y Mora","isPartOf":{"@id":"https:\/\/www.mentaymora.com\/#website"},"primaryImageOfPage":{"@id":"https:\/\/www.mentaymora.com\/index.php\/producto\/gel-de-bano-para-bebes\/#primaryimage"},"image":{"@id":"https:\/\/www.mentaymora.com\/index.php\/producto\/gel-de-bano-para-bebes\/#primaryimage"},"thumbnailUrl":"https:\/\/www.mentaymora.com\/wp-content\/uploads\/2021\/05\/gel.jpg","datePublished":"2021-05-26T17:40:13+00:00","dateModified":"2025-11-16T18:37:38+00:00","description":"Gel De Ba\u00f1o Para Beb\u00e9s - Little Siberica BIO Este gel de ba\u00f1o limpia delicadamente la piel del beb\u00e9 y proporciona un efecto suavizante, hidratante y ...","breadcrumb":{"@id":"https:\/\/www.mentaymora.com\/index.php\/producto\/gel-de-bano-para-bebes\/#breadcrumb"},"inLanguage":"es","potentialAction":[{"@type":"ReadAction","target":["https:\/\/www.mentaymora.com\/index.php\/producto\/gel-de-bano-para-bebes\/"]}]},{"@type":"ImageObject","inLanguage":"es","@id":"https:\/\/www.mentaymora.com\/index.php\/producto\/gel-de-bano-para-bebes\/#primaryimage","url":"https:\/\/www.mentaymora.com\/wp-content\/uploads\/2021\/05\/gel.jpg","contentUrl":"https:\/\/www.mentaymora.com\/wp-content\/uploads\/2021\/05\/gel.jpg","width":600,"height":600,"caption":"gel"},{"@type":"BreadcrumbList","@id":"https:\/\/www.mentaymora.com\/index.php\/producto\/gel-de-bano-para-bebes\/#breadcrumb","itemListElement":[{"@type":"ListItem","position":1,"name":"Portada","item":"https:\/\/www.mentaymora.com\/"},{"@type":"ListItem","position":2,"name":"Productos","item":"https:\/\/www.mentaymora.com\/index.php\/tienda\/"},{"@type":"ListItem","position":3,"name":"Gel De Ba\u00f1o Para Beb\u00e9s &#8211; Little Siberica BIO"}]},{"@type":"WebSite","@id":"https:\/\/www.mentaymora.com\/#website","url":"https:\/\/www.mentaymora.com\/","name":"Menta y Mora","description":"Regalos y Complementos","publisher":{"@id":"https:\/\/www.mentaymora.com\/#organization"},"potentialAction":[{"@type":"SearchAction","target":{"@type":"EntryPoint","urlTemplate":"https:\/\/www.mentaymora.com\/?s={search_term_string}"},"query-input":{"@type":"PropertyValueSpecification","valueRequired":true,"valueName":"search_term_string"}}],"inLanguage":"es"},{"@type":"Organization","@id":"https:\/\/www.mentaymora.com\/#organization","name":"Menta y Mora","url":"https:\/\/www.mentaymora.com\/","logo":{"@type":"ImageObject","inLanguage":"es","@id":"https:\/\/www.mentaymora.com\/#\/schema\/logo\/image\/","url":"https:\/\/www.mentaymora.com\/wp-content\/uploads\/2021\/07\/Logo.jpg","contentUrl":"https:\/\/www.mentaymora.com\/wp-content\/uploads\/2021\/07\/Logo.jpg","width":1172,"height":1172,"caption":"Menta y Mora"},"image":{"@id":"https:\/\/www.mentaymora.com\/#\/schema\/logo\/image\/"},"sameAs":["https:\/\/es-es.facebook.com\/MentayMora\/","https:\/\/www.instagram.com\/mentaymora.illescas\/?hl=es","https:\/\/www.youtube.com\/channel\/UCuMMtdck_1XS-MyW6ZnBAlw"]}]}},"_links":{"self":[{"href":"https:\/\/www.mentaymora.com\/index.php\/wp-json\/wp\/v2\/product\/3533","targetHints":{"allow":["GET"]}}],"collection":[{"href":"https:\/\/www.mentaymora.com\/index.php\/wp-json\/wp\/v2\/product"}],"about":[{"href":"https:\/\/www.mentaymora.com\/index.php\/wp-json\/wp\/v2\/types\/product"}],"replies":[{"embeddable":true,"href":"https:\/\/www.mentaymora.com\/index.php\/wp-json\/wp\/v2\/comments?post=3533"}],"wp:featuredmedia":[{"embeddable":true,"href":"https:\/\/www.mentaymora.com\/index.php\/wp-json\/wp\/v2\/media\/3527"}],"wp:attachment":[{"href":"https:\/\/www.mentaymora.com\/index.php\/wp-json\/wp\/v2\/media?parent=3533"}],"wp:term":[{"taxonomy":"product_brand","embeddable":true,"href":"https:\/\/www.mentaymora.com\/index.php\/wp-json\/wp\/v2\/product_brand?post=3533"},{"taxonomy":"product_cat","embeddable":true,"href":"https:\/\/www.mentaymora.com\/index.php\/wp-json\/wp\/v2\/product_cat?post=3533"},{"taxonomy":"product_tag","embeddable":true,"href":"https:\/\/www.mentaymora.com\/index.php\/wp-json\/wp\/v2\/product_tag?post=3533"}],"curies":[{"name":"wp","href":"https:\/\/api.w.org\/{rel}","templated":true}]}}