{"id":3536,"date":"2021-05-26T19:05:03","date_gmt":"2021-05-26T17:05:03","guid":{"rendered":"https:\/\/www.mentaymora.com\/?post_type=product&#038;p=3536"},"modified":"2025-11-16T19:27:58","modified_gmt":"2025-11-16T18:27:58","slug":"leche-hidratante-cuidado-del-bebe-little-siberica-bio","status":"publish","type":"product","link":"https:\/\/www.mentaymora.com\/index.php\/producto\/leche-hidratante-cuidado-del-bebe-little-siberica-bio\/","title":{"rendered":"Leche Hidratante Cuidado Del Beb\u00e9 &#8211; Little Siberica BIO"},"content":{"rendered":"<p>Leche Hidratante Cuidado Del Beb\u00e9 &#8211; Little Siberica BIO<\/p>\n<p>Esta leche hidratante contiene un alto nivel de vitamina C y minerales, hidrata la piel y tiene un efecto calmante.<\/p>\n<p style=\"text-align: justify;\">Para el cuidado del beb\u00e9 a base de hidrataci\u00f3n limpian y tratan suavemente la piel del beb\u00e9, dej\u00e1ndola suave y aterciopelada.<\/p>\n<p>Indicado para reci\u00e9n nacidos.<\/p>\n<div class=\"jet-accordion__item jet-toggle jet-toggle-none-effect active-toggle\">\n<div id=\"jet-toggle-content-3551\" class=\"jet-toggle__content\" role=\"region\" data-toggle=\"1\" data-template-id=\"98529\">\n<div class=\"jet-toggle__content-inner\">\n<div class=\"elementor elementor-98529 elementor-location-single\" data-elementor-type=\"section\" data-elementor-id=\"98529\" data-elementor-post-type=\"elementor_library\">\n<section class=\"elementor-section elementor-top-section elementor-element elementor-element-b2d5cde elementor-section-boxed elementor-section-height-default elementor-section-height-default jet-parallax-section\" data-id=\"b2d5cde\" data-element_type=\"section\" data-settings=\"{&quot;jet_parallax_layout_list&quot;:[{&quot;jet_parallax_layout_image&quot;:{&quot;url&quot;:&quot;&quot;,&quot;id&quot;:&quot;&quot;,&quot;size&quot;:&quot;&quot;},&quot;_id&quot;:&quot;96665ef&quot;,&quot;jet_parallax_layout_image_tablet&quot;:{&quot;url&quot;:&quot;&quot;,&quot;id&quot;:&quot;&quot;,&quot;size&quot;:&quot;&quot;},&quot;jet_parallax_layout_image_mobile&quot;:{&quot;url&quot;:&quot;&quot;,&quot;id&quot;:&quot;&quot;,&quot;size&quot;:&quot;&quot;},&quot;jet_parallax_layout_speed&quot;:{&quot;unit&quot;:&quot;%&quot;,&quot;size&quot;:50,&quot;sizes&quot;:[]},&quot;jet_parallax_layout_type&quot;:&quot;scroll&quot;,&quot;jet_parallax_layout_direction&quot;:null,&quot;jet_parallax_layout_fx_direction&quot;:null,&quot;jet_parallax_layout_z_index&quot;:&quot;&quot;,&quot;jet_parallax_layout_bg_x&quot;:50,&quot;jet_parallax_layout_bg_x_tablet&quot;:&quot;&quot;,&quot;jet_parallax_layout_bg_x_mobile&quot;:&quot;&quot;,&quot;jet_parallax_layout_bg_y&quot;:50,&quot;jet_parallax_layout_bg_y_tablet&quot;:&quot;&quot;,&quot;jet_parallax_layout_bg_y_mobile&quot;:&quot;&quot;,&quot;jet_parallax_layout_bg_size&quot;:&quot;auto&quot;,&quot;jet_parallax_layout_bg_size_tablet&quot;:&quot;&quot;,&quot;jet_parallax_layout_bg_size_mobile&quot;:&quot;&quot;,&quot;jet_parallax_layout_animation_prop&quot;:&quot;transform&quot;,&quot;jet_parallax_layout_on&quot;:[&quot;desktop&quot;,&quot;tablet&quot;]}]}\">\n<div class=\"elementor-container elementor-column-gap-default\">\n<div class=\"elementor-column elementor-col-100 elementor-top-column elementor-element elementor-element-8ef4ae8\" data-id=\"8ef4ae8\" data-element_type=\"column\">\n<div class=\"elementor-widget-wrap elementor-element-populated\">\n<div class=\"elementor-element elementor-element-65f2a87 negrito elementor-widget elementor-widget-jet-listing-dynamic-field\" data-id=\"65f2a87\" data-element_type=\"widget\" data-widget_type=\"jet-listing-dynamic-field.default\">\n<div class=\"elementor-widget-container\">\n<div class=\"jet-listing jet-listing-dynamic-field display-inline\">\n<div class=\"jet-listing-dynamic-field__inline-wrap\">\n<div class=\"jet-listing-dynamic-field__content\">\n<p><strong>Forma de uso:\u00a0<\/strong>Aplicar una peque\u00f1a cantidad de leche hidratante sobre la piel limpia y seca. Indicado para reci\u00e9n nacidos.<\/p>\n<\/div>\n<\/div>\n<\/div>\n<\/div>\n<\/div>\n<\/div>\n<\/div>\n<\/div>\n<\/section>\n<\/div>\n<\/div>\n<\/div>\n<\/div>\n<p style=\"text-align: justify;\">Los productos de Natura Sib\u00e9rica para ni\u00f1os y bebes tienen una gama exclusiva de cuidado de la piel: natural, pura, sin qu\u00edmicos, cosmec\u00e9uticos. Ofrecemos una amplia gama de cosm\u00e9ticos naturales y org\u00e1nicos que combinan las propiedades regeneradoras, nutricionales y de reequilibrio de las plantas org\u00e1nicas, con los m\u00e1ximos beneficios terap\u00e9uticos y el concepto de lujo.<\/p>\n<p style=\"text-align: justify;\">Formulados con ingredientes org\u00e1nicos de la mejor calidad. No contienen perfumes sint\u00e9ticos, colorantes, rellenos, parabenos, petroqu\u00edmicos, siliconas, sulfatos, alcohol, OMG u otras sustancias sint\u00e9ticas. Todos los productos se pueden usar de forma segura durante el embarazo y la lactancia. Los productos no se prueban en animales. Todos los ingredientes son de origen vegetal.\u00a0<\/p>\n<p>Leche Hidratante Cuidado Del Beb\u00e9 &#8211; Little Siberica BIO<\/p>\n<p style=\"text-align: center;\"><a href=\"https:\/\/www.mentaymora.com\/\">Menta y Mora<\/a> Te Enamora\u00a0 \u00a0 \u00a0 \u00a0 S\u00edguenos en nuestras RRSS (<a href=\"https:\/\/es-es.facebook.com\/MentayMora\/\">Facebook<\/a>\u00a0e\u00a0<a href=\"https:\/\/www.instagram.com\/mentaymora.illescas\/?hl=es\">Instagram<\/a>)\u00a0 \u00a0 \u00a0 \u00a0\u00a0Si tienes alguna consulta,\u00a0<a href=\"mailto:%20info@mentaymora.com\">preg\u00fantanos<\/a>.<\/p>\n","protected":false},"excerpt":{"rendered":"<p>Esta leche hidratante contiene un alto nivel de vitamina C y minerales, hidrata la piel y tiene un efecto calmante.<\/p>\n<p><strong>Contenido:<\/strong> 250ml.<\/p>\n<p><img decoding=\"async\" class=\" wp-image-3532\" title=\"Logo Vegan ECOCert\" src=\"https:\/\/www.mentaymora.com\/wp-content\/uploads\/2021\/05\/Logo-Vegan-ECOCert-300x134.jpg\" alt=\"Logo Vegan ECOCert\" width=\"168\" height=\"75\" srcset=\"https:\/\/www.mentaymora.com\/wp-content\/uploads\/2021\/05\/Logo-Vegan-ECOCert-300x134.jpg 300w, https:\/\/www.mentaymora.com\/wp-content\/uploads\/2021\/05\/Logo-Vegan-ECOCert-135x60.jpg 135w, https:\/\/www.mentaymora.com\/wp-content\/uploads\/2021\/05\/Logo-Vegan-ECOCert.jpg 348w\" sizes=\"(max-width: 168px) 100vw, 168px\" \/><\/p>\n","protected":false},"featured_media":3526,"comment_status":"open","ping_status":"closed","template":"","meta":{"_acf_changed":false,"_joinchat":[]},"product_brand":[1685],"product_cat":[1676,503],"product_tag":[331,335],"class_list":{"0":"post-3536","1":"product","2":"type-product","3":"status-publish","4":"has-post-thumbnail","6":"product_brand-natura-siberica","7":"product_cat-cuidado-del-bebe","8":"product_cat-linea-infantil-siberica-bio","9":"product_tag-bebe","10":"product_tag-leche-corporal","11":"latest_post","13":"first","14":"instock","15":"taxable","16":"shipping-taxable","17":"purchasable","18":"product-type-simple"},"acf":[],"yoast_head":"<!-- This site is optimized with the Yoast SEO plugin v27.4 - https:\/\/yoast.com\/product\/yoast-seo-wordpress\/ -->\n<title>Leche Hidratante Cuidado Del Beb\u00e9 - Little Siberica BIO - Menta y Mora<\/title>\n<meta name=\"description\" content=\"Leche Hidratante Cuidado Del Beb\u00e9 - Little Siberica BIO Esta leche hidratante contiene un alto nivel de vitamina C y minerales, hidrata la piel y tiene un\" \/>\n<meta name=\"robots\" content=\"index, follow, max-snippet:-1, max-image-preview:large, max-video-preview:-1\" \/>\n<link rel=\"canonical\" href=\"https:\/\/www.mentaymora.com\/index.php\/producto\/leche-hidratante-cuidado-del-bebe-little-siberica-bio\/\" \/>\n<meta property=\"og:locale\" content=\"es_ES\" \/>\n<meta property=\"og:type\" content=\"article\" \/>\n<meta property=\"og:title\" content=\"Leche Hidratante Cuidado Del Beb\u00e9 - Little Siberica BIO - Menta y Mora\" \/>\n<meta property=\"og:description\" content=\"Leche Hidratante Cuidado Del Beb\u00e9 - Little Siberica BIO Esta leche hidratante contiene un alto nivel de vitamina C y minerales, hidrata la piel y tiene un\" \/>\n<meta property=\"og:url\" content=\"https:\/\/www.mentaymora.com\/index.php\/producto\/leche-hidratante-cuidado-del-bebe-little-siberica-bio\/\" \/>\n<meta property=\"og:site_name\" content=\"Menta y Mora\" \/>\n<meta property=\"article:publisher\" content=\"https:\/\/es-es.facebook.com\/MentayMora\/\" \/>\n<meta property=\"article:modified_time\" content=\"2025-11-16T18:27:58+00:00\" \/>\n<meta property=\"og:image\" content=\"https:\/\/www.mentaymora.com\/wp-content\/uploads\/2021\/05\/CORPORAL.jpg\" \/>\n\t<meta property=\"og:image:width\" content=\"500\" \/>\n\t<meta property=\"og:image:height\" content=\"500\" \/>\n\t<meta property=\"og:image:type\" content=\"image\/jpeg\" \/>\n<meta name=\"twitter:card\" content=\"summary_large_image\" \/>\n<meta name=\"twitter:label1\" content=\"Tiempo de lectura\" \/>\n\t<meta name=\"twitter:data1\" content=\"2 minutos\" \/>\n<script type=\"application\/ld+json\" class=\"yoast-schema-graph\">{\"@context\":\"https:\\\/\\\/schema.org\",\"@graph\":[{\"@type\":\"WebPage\",\"@id\":\"https:\\\/\\\/www.mentaymora.com\\\/index.php\\\/producto\\\/leche-hidratante-cuidado-del-bebe-little-siberica-bio\\\/\",\"url\":\"https:\\\/\\\/www.mentaymora.com\\\/index.php\\\/producto\\\/leche-hidratante-cuidado-del-bebe-little-siberica-bio\\\/\",\"name\":\"Leche Hidratante Cuidado Del Beb\u00e9 - Little Siberica BIO - Menta y Mora\",\"isPartOf\":{\"@id\":\"https:\\\/\\\/www.mentaymora.com\\\/#website\"},\"primaryImageOfPage\":{\"@id\":\"https:\\\/\\\/www.mentaymora.com\\\/index.php\\\/producto\\\/leche-hidratante-cuidado-del-bebe-little-siberica-bio\\\/#primaryimage\"},\"image\":{\"@id\":\"https:\\\/\\\/www.mentaymora.com\\\/index.php\\\/producto\\\/leche-hidratante-cuidado-del-bebe-little-siberica-bio\\\/#primaryimage\"},\"thumbnailUrl\":\"https:\\\/\\\/www.mentaymora.com\\\/wp-content\\\/uploads\\\/2021\\\/05\\\/CORPORAL.jpg\",\"datePublished\":\"2021-05-26T17:05:03+00:00\",\"dateModified\":\"2025-11-16T18:27:58+00:00\",\"description\":\"Leche Hidratante Cuidado Del Beb\u00e9 - Little Siberica BIO Esta leche hidratante contiene un alto nivel de vitamina C y minerales, hidrata la piel y tiene un\",\"breadcrumb\":{\"@id\":\"https:\\\/\\\/www.mentaymora.com\\\/index.php\\\/producto\\\/leche-hidratante-cuidado-del-bebe-little-siberica-bio\\\/#breadcrumb\"},\"inLanguage\":\"es\",\"potentialAction\":[{\"@type\":\"ReadAction\",\"target\":[\"https:\\\/\\\/www.mentaymora.com\\\/index.php\\\/producto\\\/leche-hidratante-cuidado-del-bebe-little-siberica-bio\\\/\"]}]},{\"@type\":\"ImageObject\",\"inLanguage\":\"es\",\"@id\":\"https:\\\/\\\/www.mentaymora.com\\\/index.php\\\/producto\\\/leche-hidratante-cuidado-del-bebe-little-siberica-bio\\\/#primaryimage\",\"url\":\"https:\\\/\\\/www.mentaymora.com\\\/wp-content\\\/uploads\\\/2021\\\/05\\\/CORPORAL.jpg\",\"contentUrl\":\"https:\\\/\\\/www.mentaymora.com\\\/wp-content\\\/uploads\\\/2021\\\/05\\\/CORPORAL.jpg\",\"width\":500,\"height\":500,\"caption\":\"CORPORAL\"},{\"@type\":\"BreadcrumbList\",\"@id\":\"https:\\\/\\\/www.mentaymora.com\\\/index.php\\\/producto\\\/leche-hidratante-cuidado-del-bebe-little-siberica-bio\\\/#breadcrumb\",\"itemListElement\":[{\"@type\":\"ListItem\",\"position\":1,\"name\":\"Portada\",\"item\":\"https:\\\/\\\/www.mentaymora.com\\\/\"},{\"@type\":\"ListItem\",\"position\":2,\"name\":\"Productos\",\"item\":\"https:\\\/\\\/www.mentaymora.com\\\/index.php\\\/tienda\\\/\"},{\"@type\":\"ListItem\",\"position\":3,\"name\":\"Leche Hidratante Cuidado Del Beb\u00e9 &#8211; Little Siberica BIO\"}]},{\"@type\":\"WebSite\",\"@id\":\"https:\\\/\\\/www.mentaymora.com\\\/#website\",\"url\":\"https:\\\/\\\/www.mentaymora.com\\\/\",\"name\":\"Menta y Mora\",\"description\":\"Regalos y Complementos\",\"publisher\":{\"@id\":\"https:\\\/\\\/www.mentaymora.com\\\/#organization\"},\"potentialAction\":[{\"@type\":\"SearchAction\",\"target\":{\"@type\":\"EntryPoint\",\"urlTemplate\":\"https:\\\/\\\/www.mentaymora.com\\\/?s={search_term_string}\"},\"query-input\":{\"@type\":\"PropertyValueSpecification\",\"valueRequired\":true,\"valueName\":\"search_term_string\"}}],\"inLanguage\":\"es\"},{\"@type\":\"Organization\",\"@id\":\"https:\\\/\\\/www.mentaymora.com\\\/#organization\",\"name\":\"Menta y Mora\",\"url\":\"https:\\\/\\\/www.mentaymora.com\\\/\",\"logo\":{\"@type\":\"ImageObject\",\"inLanguage\":\"es\",\"@id\":\"https:\\\/\\\/www.mentaymora.com\\\/#\\\/schema\\\/logo\\\/image\\\/\",\"url\":\"https:\\\/\\\/www.mentaymora.com\\\/wp-content\\\/uploads\\\/2021\\\/07\\\/Logo.jpg\",\"contentUrl\":\"https:\\\/\\\/www.mentaymora.com\\\/wp-content\\\/uploads\\\/2021\\\/07\\\/Logo.jpg\",\"width\":1172,\"height\":1172,\"caption\":\"Menta y Mora\"},\"image\":{\"@id\":\"https:\\\/\\\/www.mentaymora.com\\\/#\\\/schema\\\/logo\\\/image\\\/\"},\"sameAs\":[\"https:\\\/\\\/es-es.facebook.com\\\/MentayMora\\\/\",\"https:\\\/\\\/www.instagram.com\\\/mentaymora.illescas\\\/?hl=es\",\"https:\\\/\\\/www.youtube.com\\\/channel\\\/UCuMMtdck_1XS-MyW6ZnBAlw\"]}]}<\/script>\n<!-- \/ Yoast SEO plugin. -->","yoast_head_json":{"title":"Leche Hidratante Cuidado Del Beb\u00e9 - Little Siberica BIO - Menta y Mora","description":"Leche Hidratante Cuidado Del Beb\u00e9 - Little Siberica BIO Esta leche hidratante contiene un alto nivel de vitamina C y minerales, hidrata la piel y tiene un","robots":{"index":"index","follow":"follow","max-snippet":"max-snippet:-1","max-image-preview":"max-image-preview:large","max-video-preview":"max-video-preview:-1"},"canonical":"https:\/\/www.mentaymora.com\/index.php\/producto\/leche-hidratante-cuidado-del-bebe-little-siberica-bio\/","og_locale":"es_ES","og_type":"article","og_title":"Leche Hidratante Cuidado Del Beb\u00e9 - Little Siberica BIO - Menta y Mora","og_description":"Leche Hidratante Cuidado Del Beb\u00e9 - Little Siberica BIO Esta leche hidratante contiene un alto nivel de vitamina C y minerales, hidrata la piel y tiene un","og_url":"https:\/\/www.mentaymora.com\/index.php\/producto\/leche-hidratante-cuidado-del-bebe-little-siberica-bio\/","og_site_name":"Menta y Mora","article_publisher":"https:\/\/es-es.facebook.com\/MentayMora\/","article_modified_time":"2025-11-16T18:27:58+00:00","og_image":[{"width":500,"height":500,"url":"https:\/\/www.mentaymora.com\/wp-content\/uploads\/2021\/05\/CORPORAL.jpg","type":"image\/jpeg"}],"twitter_card":"summary_large_image","twitter_misc":{"Tiempo de lectura":"2 minutos"},"schema":{"@context":"https:\/\/schema.org","@graph":[{"@type":"WebPage","@id":"https:\/\/www.mentaymora.com\/index.php\/producto\/leche-hidratante-cuidado-del-bebe-little-siberica-bio\/","url":"https:\/\/www.mentaymora.com\/index.php\/producto\/leche-hidratante-cuidado-del-bebe-little-siberica-bio\/","name":"Leche Hidratante Cuidado Del Beb\u00e9 - Little Siberica BIO - Menta y Mora","isPartOf":{"@id":"https:\/\/www.mentaymora.com\/#website"},"primaryImageOfPage":{"@id":"https:\/\/www.mentaymora.com\/index.php\/producto\/leche-hidratante-cuidado-del-bebe-little-siberica-bio\/#primaryimage"},"image":{"@id":"https:\/\/www.mentaymora.com\/index.php\/producto\/leche-hidratante-cuidado-del-bebe-little-siberica-bio\/#primaryimage"},"thumbnailUrl":"https:\/\/www.mentaymora.com\/wp-content\/uploads\/2021\/05\/CORPORAL.jpg","datePublished":"2021-05-26T17:05:03+00:00","dateModified":"2025-11-16T18:27:58+00:00","description":"Leche Hidratante Cuidado Del Beb\u00e9 - Little Siberica BIO Esta leche hidratante contiene un alto nivel de vitamina C y minerales, hidrata la piel y tiene un","breadcrumb":{"@id":"https:\/\/www.mentaymora.com\/index.php\/producto\/leche-hidratante-cuidado-del-bebe-little-siberica-bio\/#breadcrumb"},"inLanguage":"es","potentialAction":[{"@type":"ReadAction","target":["https:\/\/www.mentaymora.com\/index.php\/producto\/leche-hidratante-cuidado-del-bebe-little-siberica-bio\/"]}]},{"@type":"ImageObject","inLanguage":"es","@id":"https:\/\/www.mentaymora.com\/index.php\/producto\/leche-hidratante-cuidado-del-bebe-little-siberica-bio\/#primaryimage","url":"https:\/\/www.mentaymora.com\/wp-content\/uploads\/2021\/05\/CORPORAL.jpg","contentUrl":"https:\/\/www.mentaymora.com\/wp-content\/uploads\/2021\/05\/CORPORAL.jpg","width":500,"height":500,"caption":"CORPORAL"},{"@type":"BreadcrumbList","@id":"https:\/\/www.mentaymora.com\/index.php\/producto\/leche-hidratante-cuidado-del-bebe-little-siberica-bio\/#breadcrumb","itemListElement":[{"@type":"ListItem","position":1,"name":"Portada","item":"https:\/\/www.mentaymora.com\/"},{"@type":"ListItem","position":2,"name":"Productos","item":"https:\/\/www.mentaymora.com\/index.php\/tienda\/"},{"@type":"ListItem","position":3,"name":"Leche Hidratante Cuidado Del Beb\u00e9 &#8211; Little Siberica BIO"}]},{"@type":"WebSite","@id":"https:\/\/www.mentaymora.com\/#website","url":"https:\/\/www.mentaymora.com\/","name":"Menta y Mora","description":"Regalos y Complementos","publisher":{"@id":"https:\/\/www.mentaymora.com\/#organization"},"potentialAction":[{"@type":"SearchAction","target":{"@type":"EntryPoint","urlTemplate":"https:\/\/www.mentaymora.com\/?s={search_term_string}"},"query-input":{"@type":"PropertyValueSpecification","valueRequired":true,"valueName":"search_term_string"}}],"inLanguage":"es"},{"@type":"Organization","@id":"https:\/\/www.mentaymora.com\/#organization","name":"Menta y Mora","url":"https:\/\/www.mentaymora.com\/","logo":{"@type":"ImageObject","inLanguage":"es","@id":"https:\/\/www.mentaymora.com\/#\/schema\/logo\/image\/","url":"https:\/\/www.mentaymora.com\/wp-content\/uploads\/2021\/07\/Logo.jpg","contentUrl":"https:\/\/www.mentaymora.com\/wp-content\/uploads\/2021\/07\/Logo.jpg","width":1172,"height":1172,"caption":"Menta y Mora"},"image":{"@id":"https:\/\/www.mentaymora.com\/#\/schema\/logo\/image\/"},"sameAs":["https:\/\/es-es.facebook.com\/MentayMora\/","https:\/\/www.instagram.com\/mentaymora.illescas\/?hl=es","https:\/\/www.youtube.com\/channel\/UCuMMtdck_1XS-MyW6ZnBAlw"]}]}},"_links":{"self":[{"href":"https:\/\/www.mentaymora.com\/index.php\/wp-json\/wp\/v2\/product\/3536","targetHints":{"allow":["GET"]}}],"collection":[{"href":"https:\/\/www.mentaymora.com\/index.php\/wp-json\/wp\/v2\/product"}],"about":[{"href":"https:\/\/www.mentaymora.com\/index.php\/wp-json\/wp\/v2\/types\/product"}],"replies":[{"embeddable":true,"href":"https:\/\/www.mentaymora.com\/index.php\/wp-json\/wp\/v2\/comments?post=3536"}],"wp:featuredmedia":[{"embeddable":true,"href":"https:\/\/www.mentaymora.com\/index.php\/wp-json\/wp\/v2\/media\/3526"}],"wp:attachment":[{"href":"https:\/\/www.mentaymora.com\/index.php\/wp-json\/wp\/v2\/media?parent=3536"}],"wp:term":[{"taxonomy":"product_brand","embeddable":true,"href":"https:\/\/www.mentaymora.com\/index.php\/wp-json\/wp\/v2\/product_brand?post=3536"},{"taxonomy":"product_cat","embeddable":true,"href":"https:\/\/www.mentaymora.com\/index.php\/wp-json\/wp\/v2\/product_cat?post=3536"},{"taxonomy":"product_tag","embeddable":true,"href":"https:\/\/www.mentaymora.com\/index.php\/wp-json\/wp\/v2\/product_tag?post=3536"}],"curies":[{"name":"wp","href":"https:\/\/api.w.org\/{rel}","templated":true}]}}