{"id":397,"date":"2021-04-07T18:15:44","date_gmt":"2021-04-07T17:15:44","guid":{"rendered":"https:\/\/www.mentaymora.com\/index.php\/producto\/bruma-ambients-50-ml-wild-orchid\/"},"modified":"2025-01-12T08:13:41","modified_gmt":"2025-01-12T07:13:41","slug":"bruma-50-ml-wild-orchid","status":"publish","type":"product","link":"https:\/\/www.mentaymora.com\/index.php\/producto\/bruma-50-ml-wild-orchid\/","title":{"rendered":"Bruma Wild Orchid 50ml &#8211; Boles d&#8217;olor"},"content":{"rendered":"<p>Bruma Wild Orchid 50ml &#8211; Boles d&#8217;olor<\/p>\n<p>Las brumas de ambiente de Boles d&#8217;olor son las mas indicadas para utilizar con los brumizadores y humidificadores de la marca.<\/p>\n<p>Estas brumas son Aceites Semi-Hidrosolubles, esto significa que una parte se mezcla con el agua para una perfecta difusi\u00f3n del aroma y una m\u00ednima parte forma una capa superficial sobre el agua que evita que el aroma se evapore en poco tiempo.<\/p>\n<p><strong>Instrucciones de Uso:<\/strong><\/p>\n<ul>\n<li>Llena el dep\u00f3sito de agua de tu unidad hasta la l\u00ednea de m\u00e1ximo.<\/li>\n<li>Pon las gotas necesarias en el agua:\n<ul>\n<li>Brumizador Essencials 400ml: hasta 6ml.<\/li>\n<li>Brumizador Essencials 600ml: hasta 8ml.<\/li>\n<li>Padma: hasta 3ml.<\/li>\n<li>EASY Woods: hasta 3ml.<\/li>\n<\/ul>\n<\/li>\n<li>Enchufa el aparato.<\/li>\n<li>Presiona el bot\u00f3n de encendido.<\/li>\n<li>Pon en marcha el temporizador si tu unidad cuenta con ello.<\/li>\n<\/ul>\n<p><strong>Nuestro truco:<\/strong> si eres valiente y te gusta innovar, recuerda que puedes mezclar diferentes brumas hasta conseguir un aroma personalizado. <em>\u00a1Pru\u00e9balo, es divertido!<\/em><\/p>\n<p><strong>Recomendaciones a tener en cuenta:<\/strong><\/p>\n<ul>\n<li>Mezclar preferiblemente con agua mineral.<\/li>\n<li>No dejar la bruma abierta, no se vaya a derramar.<\/li>\n<li>Col\u00f3cala lejos del alcance de los ni\u00f1os.<\/li>\n<li>Limpia r\u00e1pidamente cualquier gota derramada en la superficie para que no quede marca.<\/li>\n<\/ul>\n<p>S\u00f3lo te queda escoger una de sus cientos de aromas y disfrutar al m\u00e1ximo de su fragancia.<\/p>\n<p>Bruma Wild Orchid 50ml &#8211; Boles d&#8217;olor<\/p>\n<p>Recuerda recomendar a\u00a0<a href=\"https:\/\/www.mentaymora.com\/\">Menta y Mora<\/a>\u00a0para ambientar tu hogar.<\/p>\n<p>S\u00edguenos en nuestras RRSS (<a href=\"https:\/\/es-es.facebook.com\/MentayMora\/\">Facebook<\/a>\u00a0e\u00a0<a href=\"https:\/\/www.instagram.com\/mentaymora.illescas\/?hl=es\">Instagram<\/a>)<\/p>\n<p>Si tienes alguna consulta,\u00a0<a href=\"mailto:%20info@mentaymora.com\">preg\u00fantanos<\/a>.<\/p>\n","protected":false},"excerpt":{"rendered":"<p>Contenido: 50 ml.<\/p>\n<ul>\n<li class=\"fusion-responsive-typography-calculated\" data-fontsize=\"16.38\" data-lineheight=\"26.208px\">\n<h4>Floral<\/h4>\n<\/li>\n<\/ul>\n<p>Tan delicada y caprichosa que muchos a\u00f1os ni siquiera llegamos a verla florecer. Si ten\u00e9is la suerte de encontr\u00e1rosla, tened cuidado: se mira pero no se toca. Acercaros y disfrutar de su elegancia y su fragancia delicada, sutil, verde y floral.<\/p>\n<p><strong>Notas de fragancia<\/strong><\/p>\n<ul>\n<li><strong>Salida:\u00a0<\/strong>Mandarina verde, Cassis, Jacinto de Agua y Lirio.<\/li>\n<li><strong>Coraz\u00f3n:\u00a0<\/strong>Orqu\u00eddea salvaje, Ylang-Ylang de Madagascar y Nardo.<\/li>\n<li><strong>Fondo:\u00a0<\/strong>Almizcle, Vainilla, Miel y S\u00e1ndalo.<\/li>\n<\/ul>\n","protected":false},"featured_media":476,"comment_status":"open","ping_status":"closed","template":"","meta":{"_acf_changed":false,"_joinchat":[]},"product_brand":[],"product_cat":[80,93,94],"product_tag":[53,91,54],"class_list":{"0":"post-397","1":"product","2":"type-product","3":"status-publish","4":"has-post-thumbnail","6":"product_cat-boles-dolor","7":"product_cat-brumas","8":"product_cat-brumas-ambients-50ml","9":"product_tag-ambientador","10":"product_tag-bruma","11":"product_tag-floral","12":"latest_post","14":"first","15":"instock","16":"taxable","17":"shipping-taxable","18":"purchasable","19":"product-type-simple"},"acf":[],"yoast_head":"<!-- This site is optimized with the Yoast SEO plugin v27.3 - https:\/\/yoast.com\/product\/yoast-seo-wordpress\/ -->\n<title>Bruma Wild Orchid 50ml - Boles d&#039;olor - Menta y Mora - Tienda Online<\/title>\n<meta name=\"description\" content=\"Bruma Wild Orchid 50ml - Boles d&#039;olor. Las brumas de ambiente de Boles d&#039;olor son las mas indicadas para utilizar con los brumizadores y\" \/>\n<meta name=\"robots\" content=\"index, follow, max-snippet:-1, max-image-preview:large, max-video-preview:-1\" \/>\n<link rel=\"canonical\" href=\"https:\/\/www.mentaymora.com\/index.php\/producto\/bruma-50-ml-wild-orchid\/\" \/>\n<meta property=\"og:locale\" content=\"es_ES\" \/>\n<meta property=\"og:type\" content=\"article\" \/>\n<meta property=\"og:title\" content=\"Bruma Wild Orchid 50ml - Boles d&#039;olor - Menta y Mora - Tienda Online\" \/>\n<meta property=\"og:description\" content=\"Bruma Wild Orchid 50ml - Boles d&#039;olor. Las brumas de ambiente de Boles d&#039;olor son las mas indicadas para utilizar con los brumizadores y\" \/>\n<meta property=\"og:url\" content=\"https:\/\/www.mentaymora.com\/index.php\/producto\/bruma-50-ml-wild-orchid\/\" \/>\n<meta property=\"og:site_name\" content=\"Menta y Mora\" \/>\n<meta property=\"article:publisher\" content=\"https:\/\/es-es.facebook.com\/MentayMora\/\" \/>\n<meta property=\"article:modified_time\" content=\"2025-01-12T07:13:41+00:00\" \/>\n<meta property=\"og:image\" content=\"https:\/\/www.mentaymora.com\/wp-content\/uploads\/2021\/04\/Brumas-de-Ambiente-Wild-Orchid-0600478-scaled-e1644085857647.jpg\" \/>\n\t<meta property=\"og:image:width\" content=\"600\" \/>\n\t<meta property=\"og:image:height\" content=\"600\" \/>\n\t<meta property=\"og:image:type\" content=\"image\/jpeg\" \/>\n<meta name=\"twitter:card\" content=\"summary_large_image\" \/>\n<meta name=\"twitter:label1\" content=\"Tiempo de lectura\" \/>\n\t<meta name=\"twitter:data1\" content=\"2 minutos\" \/>\n<script type=\"application\/ld+json\" class=\"yoast-schema-graph\">{\"@context\":\"https:\\\/\\\/schema.org\",\"@graph\":[{\"@type\":\"WebPage\",\"@id\":\"https:\\\/\\\/www.mentaymora.com\\\/index.php\\\/producto\\\/bruma-50-ml-wild-orchid\\\/\",\"url\":\"https:\\\/\\\/www.mentaymora.com\\\/index.php\\\/producto\\\/bruma-50-ml-wild-orchid\\\/\",\"name\":\"Bruma Wild Orchid 50ml - Boles d'olor - Menta y Mora - Tienda Online\",\"isPartOf\":{\"@id\":\"https:\\\/\\\/www.mentaymora.com\\\/#website\"},\"primaryImageOfPage\":{\"@id\":\"https:\\\/\\\/www.mentaymora.com\\\/index.php\\\/producto\\\/bruma-50-ml-wild-orchid\\\/#primaryimage\"},\"image\":{\"@id\":\"https:\\\/\\\/www.mentaymora.com\\\/index.php\\\/producto\\\/bruma-50-ml-wild-orchid\\\/#primaryimage\"},\"thumbnailUrl\":\"https:\\\/\\\/www.mentaymora.com\\\/wp-content\\\/uploads\\\/2021\\\/04\\\/Brumas-de-Ambiente-Wild-Orchid-0600478-scaled-e1644085857647.jpg\",\"datePublished\":\"2021-04-07T17:15:44+00:00\",\"dateModified\":\"2025-01-12T07:13:41+00:00\",\"description\":\"Bruma Wild Orchid 50ml - Boles d'olor. Las brumas de ambiente de Boles d'olor son las mas indicadas para utilizar con los brumizadores y\",\"breadcrumb\":{\"@id\":\"https:\\\/\\\/www.mentaymora.com\\\/index.php\\\/producto\\\/bruma-50-ml-wild-orchid\\\/#breadcrumb\"},\"inLanguage\":\"es\",\"potentialAction\":[{\"@type\":\"ReadAction\",\"target\":[\"https:\\\/\\\/www.mentaymora.com\\\/index.php\\\/producto\\\/bruma-50-ml-wild-orchid\\\/\"]}]},{\"@type\":\"ImageObject\",\"inLanguage\":\"es\",\"@id\":\"https:\\\/\\\/www.mentaymora.com\\\/index.php\\\/producto\\\/bruma-50-ml-wild-orchid\\\/#primaryimage\",\"url\":\"https:\\\/\\\/www.mentaymora.com\\\/wp-content\\\/uploads\\\/2021\\\/04\\\/Brumas-de-Ambiente-Wild-Orchid-0600478-scaled-e1644085857647.jpg\",\"contentUrl\":\"https:\\\/\\\/www.mentaymora.com\\\/wp-content\\\/uploads\\\/2021\\\/04\\\/Brumas-de-Ambiente-Wild-Orchid-0600478-scaled-e1644085857647.jpg\",\"width\":600,\"height\":600,\"caption\":\"Bruma Wild Orchid 50ml - Boles d'olor\"},{\"@type\":\"BreadcrumbList\",\"@id\":\"https:\\\/\\\/www.mentaymora.com\\\/index.php\\\/producto\\\/bruma-50-ml-wild-orchid\\\/#breadcrumb\",\"itemListElement\":[{\"@type\":\"ListItem\",\"position\":1,\"name\":\"Portada\",\"item\":\"https:\\\/\\\/www.mentaymora.com\\\/\"},{\"@type\":\"ListItem\",\"position\":2,\"name\":\"Productos\",\"item\":\"https:\\\/\\\/www.mentaymora.com\\\/index.php\\\/tienda\\\/\"},{\"@type\":\"ListItem\",\"position\":3,\"name\":\"Bruma Wild Orchid 50ml &#8211; Boles d&#8217;olor\"}]},{\"@type\":\"WebSite\",\"@id\":\"https:\\\/\\\/www.mentaymora.com\\\/#website\",\"url\":\"https:\\\/\\\/www.mentaymora.com\\\/\",\"name\":\"Menta y Mora\",\"description\":\"Regalos y Complementos\",\"publisher\":{\"@id\":\"https:\\\/\\\/www.mentaymora.com\\\/#organization\"},\"potentialAction\":[{\"@type\":\"SearchAction\",\"target\":{\"@type\":\"EntryPoint\",\"urlTemplate\":\"https:\\\/\\\/www.mentaymora.com\\\/?s={search_term_string}\"},\"query-input\":{\"@type\":\"PropertyValueSpecification\",\"valueRequired\":true,\"valueName\":\"search_term_string\"}}],\"inLanguage\":\"es\"},{\"@type\":\"Organization\",\"@id\":\"https:\\\/\\\/www.mentaymora.com\\\/#organization\",\"name\":\"Menta y Mora\",\"url\":\"https:\\\/\\\/www.mentaymora.com\\\/\",\"logo\":{\"@type\":\"ImageObject\",\"inLanguage\":\"es\",\"@id\":\"https:\\\/\\\/www.mentaymora.com\\\/#\\\/schema\\\/logo\\\/image\\\/\",\"url\":\"https:\\\/\\\/www.mentaymora.com\\\/wp-content\\\/uploads\\\/2021\\\/07\\\/Logo.jpg\",\"contentUrl\":\"https:\\\/\\\/www.mentaymora.com\\\/wp-content\\\/uploads\\\/2021\\\/07\\\/Logo.jpg\",\"width\":1172,\"height\":1172,\"caption\":\"Menta y Mora\"},\"image\":{\"@id\":\"https:\\\/\\\/www.mentaymora.com\\\/#\\\/schema\\\/logo\\\/image\\\/\"},\"sameAs\":[\"https:\\\/\\\/es-es.facebook.com\\\/MentayMora\\\/\",\"https:\\\/\\\/www.instagram.com\\\/mentaymora.illescas\\\/?hl=es\",\"https:\\\/\\\/www.youtube.com\\\/channel\\\/UCuMMtdck_1XS-MyW6ZnBAlw\"]}]}<\/script>\n<!-- \/ Yoast SEO plugin. -->","yoast_head_json":{"title":"Bruma Wild Orchid 50ml - Boles d'olor - Menta y Mora - Tienda Online","description":"Bruma Wild Orchid 50ml - Boles d'olor. Las brumas de ambiente de Boles d'olor son las mas indicadas para utilizar con los brumizadores y","robots":{"index":"index","follow":"follow","max-snippet":"max-snippet:-1","max-image-preview":"max-image-preview:large","max-video-preview":"max-video-preview:-1"},"canonical":"https:\/\/www.mentaymora.com\/index.php\/producto\/bruma-50-ml-wild-orchid\/","og_locale":"es_ES","og_type":"article","og_title":"Bruma Wild Orchid 50ml - Boles d'olor - Menta y Mora - Tienda Online","og_description":"Bruma Wild Orchid 50ml - Boles d'olor. Las brumas de ambiente de Boles d'olor son las mas indicadas para utilizar con los brumizadores y","og_url":"https:\/\/www.mentaymora.com\/index.php\/producto\/bruma-50-ml-wild-orchid\/","og_site_name":"Menta y Mora","article_publisher":"https:\/\/es-es.facebook.com\/MentayMora\/","article_modified_time":"2025-01-12T07:13:41+00:00","og_image":[{"width":600,"height":600,"url":"https:\/\/www.mentaymora.com\/wp-content\/uploads\/2021\/04\/Brumas-de-Ambiente-Wild-Orchid-0600478-scaled-e1644085857647.jpg","type":"image\/jpeg"}],"twitter_card":"summary_large_image","twitter_misc":{"Tiempo de lectura":"2 minutos"},"schema":{"@context":"https:\/\/schema.org","@graph":[{"@type":"WebPage","@id":"https:\/\/www.mentaymora.com\/index.php\/producto\/bruma-50-ml-wild-orchid\/","url":"https:\/\/www.mentaymora.com\/index.php\/producto\/bruma-50-ml-wild-orchid\/","name":"Bruma Wild Orchid 50ml - Boles d'olor - Menta y Mora - Tienda Online","isPartOf":{"@id":"https:\/\/www.mentaymora.com\/#website"},"primaryImageOfPage":{"@id":"https:\/\/www.mentaymora.com\/index.php\/producto\/bruma-50-ml-wild-orchid\/#primaryimage"},"image":{"@id":"https:\/\/www.mentaymora.com\/index.php\/producto\/bruma-50-ml-wild-orchid\/#primaryimage"},"thumbnailUrl":"https:\/\/www.mentaymora.com\/wp-content\/uploads\/2021\/04\/Brumas-de-Ambiente-Wild-Orchid-0600478-scaled-e1644085857647.jpg","datePublished":"2021-04-07T17:15:44+00:00","dateModified":"2025-01-12T07:13:41+00:00","description":"Bruma Wild Orchid 50ml - Boles d'olor. Las brumas de ambiente de Boles d'olor son las mas indicadas para utilizar con los brumizadores y","breadcrumb":{"@id":"https:\/\/www.mentaymora.com\/index.php\/producto\/bruma-50-ml-wild-orchid\/#breadcrumb"},"inLanguage":"es","potentialAction":[{"@type":"ReadAction","target":["https:\/\/www.mentaymora.com\/index.php\/producto\/bruma-50-ml-wild-orchid\/"]}]},{"@type":"ImageObject","inLanguage":"es","@id":"https:\/\/www.mentaymora.com\/index.php\/producto\/bruma-50-ml-wild-orchid\/#primaryimage","url":"https:\/\/www.mentaymora.com\/wp-content\/uploads\/2021\/04\/Brumas-de-Ambiente-Wild-Orchid-0600478-scaled-e1644085857647.jpg","contentUrl":"https:\/\/www.mentaymora.com\/wp-content\/uploads\/2021\/04\/Brumas-de-Ambiente-Wild-Orchid-0600478-scaled-e1644085857647.jpg","width":600,"height":600,"caption":"Bruma Wild Orchid 50ml - Boles d'olor"},{"@type":"BreadcrumbList","@id":"https:\/\/www.mentaymora.com\/index.php\/producto\/bruma-50-ml-wild-orchid\/#breadcrumb","itemListElement":[{"@type":"ListItem","position":1,"name":"Portada","item":"https:\/\/www.mentaymora.com\/"},{"@type":"ListItem","position":2,"name":"Productos","item":"https:\/\/www.mentaymora.com\/index.php\/tienda\/"},{"@type":"ListItem","position":3,"name":"Bruma Wild Orchid 50ml &#8211; Boles d&#8217;olor"}]},{"@type":"WebSite","@id":"https:\/\/www.mentaymora.com\/#website","url":"https:\/\/www.mentaymora.com\/","name":"Menta y Mora","description":"Regalos y Complementos","publisher":{"@id":"https:\/\/www.mentaymora.com\/#organization"},"potentialAction":[{"@type":"SearchAction","target":{"@type":"EntryPoint","urlTemplate":"https:\/\/www.mentaymora.com\/?s={search_term_string}"},"query-input":{"@type":"PropertyValueSpecification","valueRequired":true,"valueName":"search_term_string"}}],"inLanguage":"es"},{"@type":"Organization","@id":"https:\/\/www.mentaymora.com\/#organization","name":"Menta y Mora","url":"https:\/\/www.mentaymora.com\/","logo":{"@type":"ImageObject","inLanguage":"es","@id":"https:\/\/www.mentaymora.com\/#\/schema\/logo\/image\/","url":"https:\/\/www.mentaymora.com\/wp-content\/uploads\/2021\/07\/Logo.jpg","contentUrl":"https:\/\/www.mentaymora.com\/wp-content\/uploads\/2021\/07\/Logo.jpg","width":1172,"height":1172,"caption":"Menta y Mora"},"image":{"@id":"https:\/\/www.mentaymora.com\/#\/schema\/logo\/image\/"},"sameAs":["https:\/\/es-es.facebook.com\/MentayMora\/","https:\/\/www.instagram.com\/mentaymora.illescas\/?hl=es","https:\/\/www.youtube.com\/channel\/UCuMMtdck_1XS-MyW6ZnBAlw"]}]}},"_links":{"self":[{"href":"https:\/\/www.mentaymora.com\/index.php\/wp-json\/wp\/v2\/product\/397","targetHints":{"allow":["GET"]}}],"collection":[{"href":"https:\/\/www.mentaymora.com\/index.php\/wp-json\/wp\/v2\/product"}],"about":[{"href":"https:\/\/www.mentaymora.com\/index.php\/wp-json\/wp\/v2\/types\/product"}],"replies":[{"embeddable":true,"href":"https:\/\/www.mentaymora.com\/index.php\/wp-json\/wp\/v2\/comments?post=397"}],"wp:featuredmedia":[{"embeddable":true,"href":"https:\/\/www.mentaymora.com\/index.php\/wp-json\/wp\/v2\/media\/476"}],"wp:attachment":[{"href":"https:\/\/www.mentaymora.com\/index.php\/wp-json\/wp\/v2\/media?parent=397"}],"wp:term":[{"taxonomy":"product_brand","embeddable":true,"href":"https:\/\/www.mentaymora.com\/index.php\/wp-json\/wp\/v2\/product_brand?post=397"},{"taxonomy":"product_cat","embeddable":true,"href":"https:\/\/www.mentaymora.com\/index.php\/wp-json\/wp\/v2\/product_cat?post=397"},{"taxonomy":"product_tag","embeddable":true,"href":"https:\/\/www.mentaymora.com\/index.php\/wp-json\/wp\/v2\/product_tag?post=397"}],"curies":[{"name":"wp","href":"https:\/\/api.w.org\/{rel}","templated":true}]}}