{"id":5101,"date":"2021-07-24T09:19:02","date_gmt":"2021-07-24T08:19:02","guid":{"rendered":"https:\/\/www.mentaymora.com\/?post_type=product&#038;p=5101"},"modified":"2022-02-24T20:51:35","modified_gmt":"2022-02-24T19:51:35","slug":"frambuesa-macabombs-85-gr","status":"publish","type":"product","link":"https:\/\/www.mentaymora.com\/index.php\/producto\/frambuesa-macabombs-85-gr\/","title":{"rendered":"FRAMBUESA &#8211; MACABOMBS 85 gr"},"content":{"rendered":"<p>FRAMBUESA &#8211; MACABOMBS 85 gr<\/p>\n<p>Bomba de ba\u00f1o hidratante, efervescente y estimulante.<\/p>\n<p>Estos macabombs con la mezcla perfecta entre nuestras bombas de ba\u00f1o y bath creamers.<\/p>\n<p>Llenar\u00e1n la ba\u00f1era de efervescencia, fragancia y color a la vez que las mantecas de su parte interior hidratan con la mejor calidad la piel.<\/p>\n<p>Enriquecidos en su interior con\u00a0<strong>manteca de cacao y karit\u00e9 pura<\/strong>\u00a0y todo esto acompa\u00f1ado del mejor\u00a0<strong>aceite de aguacate.<\/strong><\/p>\n<p><strong>Fabricados de forma artesanal.<\/strong><\/p>\n<p>Venta por unidades.<\/p>\n<p>&#8212;&#8211;<\/p>\n<p><strong><u>Modo de uso:<\/u><\/strong><\/p>\n<p>Llenar la ba\u00f1era con agua tibia o caliente preferentemente para conseguir un mejor efecto. Retirar el film protector del Macabomb y arrojarlo en la ba\u00f1era. Disfrutarlo en la piel.<\/p>\n<p>AROMA FRAMBUESA.<\/p>\n<p>FRAMBUESA &#8211; MACABOMBS 85 gr<\/p>\n<p>Cuida tu piel en\u00a0<a href=\"https:\/\/www.mentaymora.com\/\">Menta y Mora<\/a>\u00a0<\/p>\n<p>S\u00edguenos en nuestras RRSS (<a href=\"https:\/\/es-es.facebook.com\/MentayMora\/\">Facebook<\/a>\u00a0e\u00a0<a href=\"https:\/\/www.instagram.com\/mentaymora.illescas\/?hl=es\">Instagram<\/a>)<\/p>\n<p>Si tienes alguna consulta,\u00a0<a href=\"mailto:%20info@mentaymora.com\">preg\u00fantanos<\/a>.<\/p>\n","protected":false},"excerpt":{"rendered":"<p><strong>Aroma Frambuesa.<\/strong><\/p>\n<p>Bomba de ba\u00f1o hidratante, efervescente y estimulante.<\/p>\n<p>Estos macabombs con la mezcla perfecta entre nuestras bombas de ba\u00f1o y bath creamers.<\/p>\n<p>Precio por unidad.<\/p>\n","protected":false},"featured_media":5063,"comment_status":"open","ping_status":"closed","template":"","meta":{"_acf_changed":false,"_joinchat":[]},"product_brand":[],"product_cat":[828,833],"product_tag":[835,252],"class_list":{"0":"post-5101","1":"product","2":"type-product","3":"status-publish","4":"has-post-thumbnail","6":"product_cat-bombas-de-bano","7":"product_cat-macabombs","8":"product_tag-bomba-de-bano","9":"product_tag-espuma","10":"latest_post","12":"first","13":"instock","14":"taxable","15":"shipping-taxable","16":"purchasable","17":"product-type-simple"},"acf":[],"yoast_head":"<!-- This site is optimized with the Yoast SEO plugin v27.3 - https:\/\/yoast.com\/product\/yoast-seo-wordpress\/ -->\n<title>FRAMBUESA - MACABOMBS 85 gr - Menta y Mora - Tienda<\/title>\n<meta name=\"description\" content=\"LOVING BATH- BOMBA DIVERTIDA 160 gr. Ba\u00f1os hidratantes, arom\u00e1ticos y llenos de color. Disfruta de un ba\u00f1o divertido con la bomba Loving Bath.\" \/>\n<meta name=\"robots\" content=\"index, follow, max-snippet:-1, max-image-preview:large, max-video-preview:-1\" \/>\n<link rel=\"canonical\" href=\"https:\/\/www.mentaymora.com\/index.php\/producto\/frambuesa-macabombs-85-gr\/\" \/>\n<meta property=\"og:locale\" content=\"es_ES\" \/>\n<meta property=\"og:type\" content=\"article\" \/>\n<meta property=\"og:title\" content=\"FRAMBUESA - MACABOMBS 85 gr - Menta y Mora - Tienda\" \/>\n<meta property=\"og:description\" content=\"LOVING BATH- BOMBA DIVERTIDA 160 gr. Ba\u00f1os hidratantes, arom\u00e1ticos y llenos de color. Disfruta de un ba\u00f1o divertido con la bomba Loving Bath.\" \/>\n<meta property=\"og:url\" content=\"https:\/\/www.mentaymora.com\/index.php\/producto\/frambuesa-macabombs-85-gr\/\" \/>\n<meta property=\"og:site_name\" content=\"Menta y Mora\" \/>\n<meta property=\"article:publisher\" content=\"https:\/\/es-es.facebook.com\/MentayMora\/\" \/>\n<meta property=\"article:modified_time\" content=\"2022-02-24T19:51:35+00:00\" \/>\n<meta property=\"og:image\" content=\"https:\/\/www.mentaymora.com\/wp-content\/uploads\/2021\/07\/macabomb-de-frambuesa-e1627115137948.jpg\" \/>\n\t<meta property=\"og:image:width\" content=\"485\" \/>\n\t<meta property=\"og:image:height\" content=\"444\" \/>\n\t<meta property=\"og:image:type\" content=\"image\/jpeg\" \/>\n<meta name=\"twitter:card\" content=\"summary_large_image\" \/>\n<meta name=\"twitter:label1\" content=\"Tiempo de lectura\" \/>\n\t<meta name=\"twitter:data1\" content=\"1 minuto\" \/>\n<script type=\"application\/ld+json\" class=\"yoast-schema-graph\">{\"@context\":\"https:\\\/\\\/schema.org\",\"@graph\":[{\"@type\":\"WebPage\",\"@id\":\"https:\\\/\\\/www.mentaymora.com\\\/index.php\\\/producto\\\/frambuesa-macabombs-85-gr\\\/\",\"url\":\"https:\\\/\\\/www.mentaymora.com\\\/index.php\\\/producto\\\/frambuesa-macabombs-85-gr\\\/\",\"name\":\"FRAMBUESA - MACABOMBS 85 gr - Menta y Mora - Tienda\",\"isPartOf\":{\"@id\":\"https:\\\/\\\/www.mentaymora.com\\\/#website\"},\"primaryImageOfPage\":{\"@id\":\"https:\\\/\\\/www.mentaymora.com\\\/index.php\\\/producto\\\/frambuesa-macabombs-85-gr\\\/#primaryimage\"},\"image\":{\"@id\":\"https:\\\/\\\/www.mentaymora.com\\\/index.php\\\/producto\\\/frambuesa-macabombs-85-gr\\\/#primaryimage\"},\"thumbnailUrl\":\"https:\\\/\\\/www.mentaymora.com\\\/wp-content\\\/uploads\\\/2021\\\/07\\\/macabomb-de-frambuesa-e1627115137948.jpg\",\"datePublished\":\"2021-07-24T08:19:02+00:00\",\"dateModified\":\"2022-02-24T19:51:35+00:00\",\"description\":\"LOVING BATH- BOMBA DIVERTIDA 160 gr. Ba\u00f1os hidratantes, arom\u00e1ticos y llenos de color. Disfruta de un ba\u00f1o divertido con la bomba Loving Bath.\",\"breadcrumb\":{\"@id\":\"https:\\\/\\\/www.mentaymora.com\\\/index.php\\\/producto\\\/frambuesa-macabombs-85-gr\\\/#breadcrumb\"},\"inLanguage\":\"es\",\"potentialAction\":[{\"@type\":\"ReadAction\",\"target\":[\"https:\\\/\\\/www.mentaymora.com\\\/index.php\\\/producto\\\/frambuesa-macabombs-85-gr\\\/\"]}]},{\"@type\":\"ImageObject\",\"inLanguage\":\"es\",\"@id\":\"https:\\\/\\\/www.mentaymora.com\\\/index.php\\\/producto\\\/frambuesa-macabombs-85-gr\\\/#primaryimage\",\"url\":\"https:\\\/\\\/www.mentaymora.com\\\/wp-content\\\/uploads\\\/2021\\\/07\\\/macabomb-de-frambuesa-e1627115137948.jpg\",\"contentUrl\":\"https:\\\/\\\/www.mentaymora.com\\\/wp-content\\\/uploads\\\/2021\\\/07\\\/macabomb-de-frambuesa-e1627115137948.jpg\",\"width\":485,\"height\":444,\"caption\":\"macabomb de frambuesa\"},{\"@type\":\"BreadcrumbList\",\"@id\":\"https:\\\/\\\/www.mentaymora.com\\\/index.php\\\/producto\\\/frambuesa-macabombs-85-gr\\\/#breadcrumb\",\"itemListElement\":[{\"@type\":\"ListItem\",\"position\":1,\"name\":\"Portada\",\"item\":\"https:\\\/\\\/www.mentaymora.com\\\/\"},{\"@type\":\"ListItem\",\"position\":2,\"name\":\"Productos\",\"item\":\"https:\\\/\\\/www.mentaymora.com\\\/index.php\\\/tienda\\\/\"},{\"@type\":\"ListItem\",\"position\":3,\"name\":\"FRAMBUESA &#8211; MACABOMBS 85 gr\"}]},{\"@type\":\"WebSite\",\"@id\":\"https:\\\/\\\/www.mentaymora.com\\\/#website\",\"url\":\"https:\\\/\\\/www.mentaymora.com\\\/\",\"name\":\"Menta y Mora\",\"description\":\"Regalos y Complementos\",\"publisher\":{\"@id\":\"https:\\\/\\\/www.mentaymora.com\\\/#organization\"},\"potentialAction\":[{\"@type\":\"SearchAction\",\"target\":{\"@type\":\"EntryPoint\",\"urlTemplate\":\"https:\\\/\\\/www.mentaymora.com\\\/?s={search_term_string}\"},\"query-input\":{\"@type\":\"PropertyValueSpecification\",\"valueRequired\":true,\"valueName\":\"search_term_string\"}}],\"inLanguage\":\"es\"},{\"@type\":\"Organization\",\"@id\":\"https:\\\/\\\/www.mentaymora.com\\\/#organization\",\"name\":\"Menta y Mora\",\"url\":\"https:\\\/\\\/www.mentaymora.com\\\/\",\"logo\":{\"@type\":\"ImageObject\",\"inLanguage\":\"es\",\"@id\":\"https:\\\/\\\/www.mentaymora.com\\\/#\\\/schema\\\/logo\\\/image\\\/\",\"url\":\"https:\\\/\\\/www.mentaymora.com\\\/wp-content\\\/uploads\\\/2021\\\/07\\\/Logo.jpg\",\"contentUrl\":\"https:\\\/\\\/www.mentaymora.com\\\/wp-content\\\/uploads\\\/2021\\\/07\\\/Logo.jpg\",\"width\":1172,\"height\":1172,\"caption\":\"Menta y Mora\"},\"image\":{\"@id\":\"https:\\\/\\\/www.mentaymora.com\\\/#\\\/schema\\\/logo\\\/image\\\/\"},\"sameAs\":[\"https:\\\/\\\/es-es.facebook.com\\\/MentayMora\\\/\",\"https:\\\/\\\/www.instagram.com\\\/mentaymora.illescas\\\/?hl=es\",\"https:\\\/\\\/www.youtube.com\\\/channel\\\/UCuMMtdck_1XS-MyW6ZnBAlw\"]}]}<\/script>\n<!-- \/ Yoast SEO plugin. -->","yoast_head_json":{"title":"FRAMBUESA - MACABOMBS 85 gr - Menta y Mora - Tienda","description":"LOVING BATH- BOMBA DIVERTIDA 160 gr. Ba\u00f1os hidratantes, arom\u00e1ticos y llenos de color. Disfruta de un ba\u00f1o divertido con la bomba Loving Bath.","robots":{"index":"index","follow":"follow","max-snippet":"max-snippet:-1","max-image-preview":"max-image-preview:large","max-video-preview":"max-video-preview:-1"},"canonical":"https:\/\/www.mentaymora.com\/index.php\/producto\/frambuesa-macabombs-85-gr\/","og_locale":"es_ES","og_type":"article","og_title":"FRAMBUESA - MACABOMBS 85 gr - Menta y Mora - Tienda","og_description":"LOVING BATH- BOMBA DIVERTIDA 160 gr. Ba\u00f1os hidratantes, arom\u00e1ticos y llenos de color. Disfruta de un ba\u00f1o divertido con la bomba Loving Bath.","og_url":"https:\/\/www.mentaymora.com\/index.php\/producto\/frambuesa-macabombs-85-gr\/","og_site_name":"Menta y Mora","article_publisher":"https:\/\/es-es.facebook.com\/MentayMora\/","article_modified_time":"2022-02-24T19:51:35+00:00","og_image":[{"width":485,"height":444,"url":"https:\/\/www.mentaymora.com\/wp-content\/uploads\/2021\/07\/macabomb-de-frambuesa-e1627115137948.jpg","type":"image\/jpeg"}],"twitter_card":"summary_large_image","twitter_misc":{"Tiempo de lectura":"1 minuto"},"schema":{"@context":"https:\/\/schema.org","@graph":[{"@type":"WebPage","@id":"https:\/\/www.mentaymora.com\/index.php\/producto\/frambuesa-macabombs-85-gr\/","url":"https:\/\/www.mentaymora.com\/index.php\/producto\/frambuesa-macabombs-85-gr\/","name":"FRAMBUESA - MACABOMBS 85 gr - Menta y Mora - Tienda","isPartOf":{"@id":"https:\/\/www.mentaymora.com\/#website"},"primaryImageOfPage":{"@id":"https:\/\/www.mentaymora.com\/index.php\/producto\/frambuesa-macabombs-85-gr\/#primaryimage"},"image":{"@id":"https:\/\/www.mentaymora.com\/index.php\/producto\/frambuesa-macabombs-85-gr\/#primaryimage"},"thumbnailUrl":"https:\/\/www.mentaymora.com\/wp-content\/uploads\/2021\/07\/macabomb-de-frambuesa-e1627115137948.jpg","datePublished":"2021-07-24T08:19:02+00:00","dateModified":"2022-02-24T19:51:35+00:00","description":"LOVING BATH- BOMBA DIVERTIDA 160 gr. Ba\u00f1os hidratantes, arom\u00e1ticos y llenos de color. Disfruta de un ba\u00f1o divertido con la bomba Loving Bath.","breadcrumb":{"@id":"https:\/\/www.mentaymora.com\/index.php\/producto\/frambuesa-macabombs-85-gr\/#breadcrumb"},"inLanguage":"es","potentialAction":[{"@type":"ReadAction","target":["https:\/\/www.mentaymora.com\/index.php\/producto\/frambuesa-macabombs-85-gr\/"]}]},{"@type":"ImageObject","inLanguage":"es","@id":"https:\/\/www.mentaymora.com\/index.php\/producto\/frambuesa-macabombs-85-gr\/#primaryimage","url":"https:\/\/www.mentaymora.com\/wp-content\/uploads\/2021\/07\/macabomb-de-frambuesa-e1627115137948.jpg","contentUrl":"https:\/\/www.mentaymora.com\/wp-content\/uploads\/2021\/07\/macabomb-de-frambuesa-e1627115137948.jpg","width":485,"height":444,"caption":"macabomb de frambuesa"},{"@type":"BreadcrumbList","@id":"https:\/\/www.mentaymora.com\/index.php\/producto\/frambuesa-macabombs-85-gr\/#breadcrumb","itemListElement":[{"@type":"ListItem","position":1,"name":"Portada","item":"https:\/\/www.mentaymora.com\/"},{"@type":"ListItem","position":2,"name":"Productos","item":"https:\/\/www.mentaymora.com\/index.php\/tienda\/"},{"@type":"ListItem","position":3,"name":"FRAMBUESA &#8211; MACABOMBS 85 gr"}]},{"@type":"WebSite","@id":"https:\/\/www.mentaymora.com\/#website","url":"https:\/\/www.mentaymora.com\/","name":"Menta y Mora","description":"Regalos y Complementos","publisher":{"@id":"https:\/\/www.mentaymora.com\/#organization"},"potentialAction":[{"@type":"SearchAction","target":{"@type":"EntryPoint","urlTemplate":"https:\/\/www.mentaymora.com\/?s={search_term_string}"},"query-input":{"@type":"PropertyValueSpecification","valueRequired":true,"valueName":"search_term_string"}}],"inLanguage":"es"},{"@type":"Organization","@id":"https:\/\/www.mentaymora.com\/#organization","name":"Menta y Mora","url":"https:\/\/www.mentaymora.com\/","logo":{"@type":"ImageObject","inLanguage":"es","@id":"https:\/\/www.mentaymora.com\/#\/schema\/logo\/image\/","url":"https:\/\/www.mentaymora.com\/wp-content\/uploads\/2021\/07\/Logo.jpg","contentUrl":"https:\/\/www.mentaymora.com\/wp-content\/uploads\/2021\/07\/Logo.jpg","width":1172,"height":1172,"caption":"Menta y Mora"},"image":{"@id":"https:\/\/www.mentaymora.com\/#\/schema\/logo\/image\/"},"sameAs":["https:\/\/es-es.facebook.com\/MentayMora\/","https:\/\/www.instagram.com\/mentaymora.illescas\/?hl=es","https:\/\/www.youtube.com\/channel\/UCuMMtdck_1XS-MyW6ZnBAlw"]}]}},"_links":{"self":[{"href":"https:\/\/www.mentaymora.com\/index.php\/wp-json\/wp\/v2\/product\/5101","targetHints":{"allow":["GET"]}}],"collection":[{"href":"https:\/\/www.mentaymora.com\/index.php\/wp-json\/wp\/v2\/product"}],"about":[{"href":"https:\/\/www.mentaymora.com\/index.php\/wp-json\/wp\/v2\/types\/product"}],"replies":[{"embeddable":true,"href":"https:\/\/www.mentaymora.com\/index.php\/wp-json\/wp\/v2\/comments?post=5101"}],"wp:featuredmedia":[{"embeddable":true,"href":"https:\/\/www.mentaymora.com\/index.php\/wp-json\/wp\/v2\/media\/5063"}],"wp:attachment":[{"href":"https:\/\/www.mentaymora.com\/index.php\/wp-json\/wp\/v2\/media?parent=5101"}],"wp:term":[{"taxonomy":"product_brand","embeddable":true,"href":"https:\/\/www.mentaymora.com\/index.php\/wp-json\/wp\/v2\/product_brand?post=5101"},{"taxonomy":"product_cat","embeddable":true,"href":"https:\/\/www.mentaymora.com\/index.php\/wp-json\/wp\/v2\/product_cat?post=5101"},{"taxonomy":"product_tag","embeddable":true,"href":"https:\/\/www.mentaymora.com\/index.php\/wp-json\/wp\/v2\/product_tag?post=5101"}],"curies":[{"name":"wp","href":"https:\/\/api.w.org\/{rel}","templated":true}]}}