{"id":5117,"date":"2021-07-28T16:24:33","date_gmt":"2021-07-28T15:24:33","guid":{"rendered":"https:\/\/www.mentaymora.com\/?post_type=product&#038;p=5117"},"modified":"2022-02-24T20:49:21","modified_gmt":"2022-02-24T19:49:21","slug":"cosmic-girl-cerezas-dulces-150gr","status":"publish","type":"product","link":"https:\/\/www.mentaymora.com\/index.php\/producto\/cosmic-girl-cerezas-dulces-150gr\/","title":{"rendered":"COSMIC GIRL &#8211; CEREZAS DULCES 150gr"},"content":{"rendered":"<p>COSMIC GIRL &#8211; CEREZAS DULCES 150gr<\/p>\n<p>Bomba de ba\u00f1o<strong>\u00a0hidratante\u00a0<\/strong>que devuelve la piel\u00a0<strong>suavidad y flexibilidad<\/strong>.<\/p>\n<p>Con\u00a0<strong>aceite de almendras dulces, vitamina E y sal marina.<\/strong><\/p>\n<p><strong>Bomba perfumada.<\/strong><\/p>\n<p><strong>F\u00f3rmula que No contiene SLS, Ni parabenos.<\/strong><\/p>\n<p><strong>Con\u00a0ingredientes naturales.<\/strong><\/p>\n<p style=\"text-align: justify;\"><strong><u>Modo de empleo:<\/u><\/strong>\u00a0Llene la ba\u00f1era con agua tibia (36-38 \u00b0C) y deje caer la\u00a0bomba de ba\u00f1o en el agua, espere a que la bomba active tu efervescencia. Cuando termine de burbujear, m\u00e9tase en la ba\u00f1era y disfrute de su ba\u00f1o con suave aroma durante 15-20 minutos.<\/p>\n<p style=\"text-align: justify;\"><strong><u>Nota:<\/u><\/strong><strong>\u00a0Estas bombas de ba\u00f1o han sido realizadas de forma totalmente artesanal. Su superficie puede ser m\u00e1s rugosa seg\u00fan dise\u00f1o dando una apariencia m\u00e1s natural. El fabricante no trata de hacer una bomba perfectamente lisa sino m\u00e1s r\u00fastica y destacando sobre todo sus ingredientes por encima del estilismo. Asimismo tienen una ligera base plana en su circunferencia debido a su proceso de fabricaci\u00f3n artesanal manual.<\/strong><\/p>\n<p>AROMA SUAVE DE CEREZAS.<\/p>\n<p>COSMIC GIRL &#8211; CEREZAS DULCES 150gr<\/p>\n<p>Cuida tu piel en\u00a0<a href=\"https:\/\/www.mentaymora.com\/\">Menta y Mora<\/a>\u00a0<\/p>\n<p>S\u00edguenos en nuestras RRSS (<a href=\"https:\/\/es-es.facebook.com\/MentayMora\/\">Facebook<\/a>\u00a0e\u00a0<a href=\"https:\/\/www.instagram.com\/mentaymora.illescas\/?hl=es\">Instagram<\/a>)<\/p>\n<p>Si tienes alguna consulta,\u00a0<a href=\"mailto:%20info@mentaymora.com\">preg\u00fantanos<\/a>.<\/p>\n","protected":false},"excerpt":{"rendered":"<p><strong>Aroma Suave de Cerezas.<\/strong><\/p>\n<p>Bomba de ba\u00f1o<strong>\u00a0hidratante\u00a0<\/strong>que devuelve la piel\u00a0<strong>suavidad y flexibilidad<\/strong>.<\/p>\n<p>Con\u00a0<strong>aceite de almendras dulces, vitamina E y sal marina.<\/strong><\/p>\n","protected":false},"featured_media":5113,"comment_status":"open","ping_status":"closed","template":"","meta":{"_acf_changed":false,"_joinchat":[]},"product_brand":[],"product_cat":[828,839],"product_tag":[835,252,840],"class_list":{"0":"post-5117","1":"product","2":"type-product","3":"status-publish","4":"has-post-thumbnail","6":"product_cat-bombas-de-bano","7":"product_cat-jar","8":"product_tag-bomba-de-bano","9":"product_tag-espuma","10":"product_tag-jar","11":"latest_post","13":"first","14":"instock","15":"taxable","16":"shipping-taxable","17":"purchasable","18":"product-type-simple"},"acf":[],"yoast_head":"<!-- This site is optimized with the Yoast SEO plugin v27.3 - https:\/\/yoast.com\/product\/yoast-seo-wordpress\/ -->\n<title>COSMIC GIRL - CEREZAS DULCES 150gr - Menta y Mora<\/title>\n<meta name=\"description\" content=\"COSMIC GIRL - CEREZAS DULCES 150gr. Bomba de ba\u00f1o\u00a0hidratante\u00a0que devuelve la piel\u00a0suavidad y flexibilidad. Con\u00a0aceite de almendras\" \/>\n<meta name=\"robots\" content=\"index, follow, max-snippet:-1, max-image-preview:large, max-video-preview:-1\" \/>\n<link rel=\"canonical\" href=\"https:\/\/www.mentaymora.com\/index.php\/producto\/cosmic-girl-cerezas-dulces-150gr\/\" \/>\n<meta property=\"og:locale\" content=\"es_ES\" \/>\n<meta property=\"og:type\" content=\"article\" \/>\n<meta property=\"og:title\" content=\"COSMIC GIRL - CEREZAS DULCES 150gr - Menta y Mora\" \/>\n<meta property=\"og:description\" content=\"COSMIC GIRL - CEREZAS DULCES 150gr. Bomba de ba\u00f1o\u00a0hidratante\u00a0que devuelve la piel\u00a0suavidad y flexibilidad. Con\u00a0aceite de almendras\" \/>\n<meta property=\"og:url\" content=\"https:\/\/www.mentaymora.com\/index.php\/producto\/cosmic-girl-cerezas-dulces-150gr\/\" \/>\n<meta property=\"og:site_name\" content=\"Menta y Mora\" \/>\n<meta property=\"article:publisher\" content=\"https:\/\/es-es.facebook.com\/MentayMora\/\" \/>\n<meta property=\"article:modified_time\" content=\"2022-02-24T19:49:21+00:00\" \/>\n<meta property=\"og:image\" content=\"https:\/\/www.mentaymora.com\/wp-content\/uploads\/2021\/07\/jar-bomba-de-bano-cosmic-girl.jpg\" \/>\n\t<meta property=\"og:image:width\" content=\"750\" \/>\n\t<meta property=\"og:image:height\" content=\"750\" \/>\n\t<meta property=\"og:image:type\" content=\"image\/jpeg\" \/>\n<meta name=\"twitter:card\" content=\"summary_large_image\" \/>\n<meta name=\"twitter:label1\" content=\"Tiempo de lectura\" \/>\n\t<meta name=\"twitter:data1\" content=\"1 minuto\" \/>\n<script type=\"application\/ld+json\" class=\"yoast-schema-graph\">{\"@context\":\"https:\\\/\\\/schema.org\",\"@graph\":[{\"@type\":\"WebPage\",\"@id\":\"https:\\\/\\\/www.mentaymora.com\\\/index.php\\\/producto\\\/cosmic-girl-cerezas-dulces-150gr\\\/\",\"url\":\"https:\\\/\\\/www.mentaymora.com\\\/index.php\\\/producto\\\/cosmic-girl-cerezas-dulces-150gr\\\/\",\"name\":\"COSMIC GIRL - CEREZAS DULCES 150gr - Menta y Mora\",\"isPartOf\":{\"@id\":\"https:\\\/\\\/www.mentaymora.com\\\/#website\"},\"primaryImageOfPage\":{\"@id\":\"https:\\\/\\\/www.mentaymora.com\\\/index.php\\\/producto\\\/cosmic-girl-cerezas-dulces-150gr\\\/#primaryimage\"},\"image\":{\"@id\":\"https:\\\/\\\/www.mentaymora.com\\\/index.php\\\/producto\\\/cosmic-girl-cerezas-dulces-150gr\\\/#primaryimage\"},\"thumbnailUrl\":\"https:\\\/\\\/www.mentaymora.com\\\/wp-content\\\/uploads\\\/2021\\\/07\\\/jar-bomba-de-bano-cosmic-girl.jpg\",\"datePublished\":\"2021-07-28T15:24:33+00:00\",\"dateModified\":\"2022-02-24T19:49:21+00:00\",\"description\":\"COSMIC GIRL - CEREZAS DULCES 150gr. Bomba de ba\u00f1o\u00a0hidratante\u00a0que devuelve la piel\u00a0suavidad y flexibilidad. Con\u00a0aceite de almendras\",\"breadcrumb\":{\"@id\":\"https:\\\/\\\/www.mentaymora.com\\\/index.php\\\/producto\\\/cosmic-girl-cerezas-dulces-150gr\\\/#breadcrumb\"},\"inLanguage\":\"es\",\"potentialAction\":[{\"@type\":\"ReadAction\",\"target\":[\"https:\\\/\\\/www.mentaymora.com\\\/index.php\\\/producto\\\/cosmic-girl-cerezas-dulces-150gr\\\/\"]}]},{\"@type\":\"ImageObject\",\"inLanguage\":\"es\",\"@id\":\"https:\\\/\\\/www.mentaymora.com\\\/index.php\\\/producto\\\/cosmic-girl-cerezas-dulces-150gr\\\/#primaryimage\",\"url\":\"https:\\\/\\\/www.mentaymora.com\\\/wp-content\\\/uploads\\\/2021\\\/07\\\/jar-bomba-de-bano-cosmic-girl.jpg\",\"contentUrl\":\"https:\\\/\\\/www.mentaymora.com\\\/wp-content\\\/uploads\\\/2021\\\/07\\\/jar-bomba-de-bano-cosmic-girl.jpg\",\"width\":750,\"height\":750,\"caption\":\"jar bomba de bano cosmic girl\"},{\"@type\":\"BreadcrumbList\",\"@id\":\"https:\\\/\\\/www.mentaymora.com\\\/index.php\\\/producto\\\/cosmic-girl-cerezas-dulces-150gr\\\/#breadcrumb\",\"itemListElement\":[{\"@type\":\"ListItem\",\"position\":1,\"name\":\"Portada\",\"item\":\"https:\\\/\\\/www.mentaymora.com\\\/\"},{\"@type\":\"ListItem\",\"position\":2,\"name\":\"Productos\",\"item\":\"https:\\\/\\\/www.mentaymora.com\\\/index.php\\\/tienda\\\/\"},{\"@type\":\"ListItem\",\"position\":3,\"name\":\"COSMIC GIRL &#8211; CEREZAS DULCES 150gr\"}]},{\"@type\":\"WebSite\",\"@id\":\"https:\\\/\\\/www.mentaymora.com\\\/#website\",\"url\":\"https:\\\/\\\/www.mentaymora.com\\\/\",\"name\":\"Menta y Mora\",\"description\":\"Regalos y Complementos\",\"publisher\":{\"@id\":\"https:\\\/\\\/www.mentaymora.com\\\/#organization\"},\"potentialAction\":[{\"@type\":\"SearchAction\",\"target\":{\"@type\":\"EntryPoint\",\"urlTemplate\":\"https:\\\/\\\/www.mentaymora.com\\\/?s={search_term_string}\"},\"query-input\":{\"@type\":\"PropertyValueSpecification\",\"valueRequired\":true,\"valueName\":\"search_term_string\"}}],\"inLanguage\":\"es\"},{\"@type\":\"Organization\",\"@id\":\"https:\\\/\\\/www.mentaymora.com\\\/#organization\",\"name\":\"Menta y Mora\",\"url\":\"https:\\\/\\\/www.mentaymora.com\\\/\",\"logo\":{\"@type\":\"ImageObject\",\"inLanguage\":\"es\",\"@id\":\"https:\\\/\\\/www.mentaymora.com\\\/#\\\/schema\\\/logo\\\/image\\\/\",\"url\":\"https:\\\/\\\/www.mentaymora.com\\\/wp-content\\\/uploads\\\/2021\\\/07\\\/Logo.jpg\",\"contentUrl\":\"https:\\\/\\\/www.mentaymora.com\\\/wp-content\\\/uploads\\\/2021\\\/07\\\/Logo.jpg\",\"width\":1172,\"height\":1172,\"caption\":\"Menta y Mora\"},\"image\":{\"@id\":\"https:\\\/\\\/www.mentaymora.com\\\/#\\\/schema\\\/logo\\\/image\\\/\"},\"sameAs\":[\"https:\\\/\\\/es-es.facebook.com\\\/MentayMora\\\/\",\"https:\\\/\\\/www.instagram.com\\\/mentaymora.illescas\\\/?hl=es\",\"https:\\\/\\\/www.youtube.com\\\/channel\\\/UCuMMtdck_1XS-MyW6ZnBAlw\"]}]}<\/script>\n<!-- \/ Yoast SEO plugin. -->","yoast_head_json":{"title":"COSMIC GIRL - CEREZAS DULCES 150gr - Menta y Mora","description":"COSMIC GIRL - CEREZAS DULCES 150gr. Bomba de ba\u00f1o\u00a0hidratante\u00a0que devuelve la piel\u00a0suavidad y flexibilidad. Con\u00a0aceite de almendras","robots":{"index":"index","follow":"follow","max-snippet":"max-snippet:-1","max-image-preview":"max-image-preview:large","max-video-preview":"max-video-preview:-1"},"canonical":"https:\/\/www.mentaymora.com\/index.php\/producto\/cosmic-girl-cerezas-dulces-150gr\/","og_locale":"es_ES","og_type":"article","og_title":"COSMIC GIRL - CEREZAS DULCES 150gr - Menta y Mora","og_description":"COSMIC GIRL - CEREZAS DULCES 150gr. Bomba de ba\u00f1o\u00a0hidratante\u00a0que devuelve la piel\u00a0suavidad y flexibilidad. Con\u00a0aceite de almendras","og_url":"https:\/\/www.mentaymora.com\/index.php\/producto\/cosmic-girl-cerezas-dulces-150gr\/","og_site_name":"Menta y Mora","article_publisher":"https:\/\/es-es.facebook.com\/MentayMora\/","article_modified_time":"2022-02-24T19:49:21+00:00","og_image":[{"width":750,"height":750,"url":"https:\/\/www.mentaymora.com\/wp-content\/uploads\/2021\/07\/jar-bomba-de-bano-cosmic-girl.jpg","type":"image\/jpeg"}],"twitter_card":"summary_large_image","twitter_misc":{"Tiempo de lectura":"1 minuto"},"schema":{"@context":"https:\/\/schema.org","@graph":[{"@type":"WebPage","@id":"https:\/\/www.mentaymora.com\/index.php\/producto\/cosmic-girl-cerezas-dulces-150gr\/","url":"https:\/\/www.mentaymora.com\/index.php\/producto\/cosmic-girl-cerezas-dulces-150gr\/","name":"COSMIC GIRL - CEREZAS DULCES 150gr - Menta y Mora","isPartOf":{"@id":"https:\/\/www.mentaymora.com\/#website"},"primaryImageOfPage":{"@id":"https:\/\/www.mentaymora.com\/index.php\/producto\/cosmic-girl-cerezas-dulces-150gr\/#primaryimage"},"image":{"@id":"https:\/\/www.mentaymora.com\/index.php\/producto\/cosmic-girl-cerezas-dulces-150gr\/#primaryimage"},"thumbnailUrl":"https:\/\/www.mentaymora.com\/wp-content\/uploads\/2021\/07\/jar-bomba-de-bano-cosmic-girl.jpg","datePublished":"2021-07-28T15:24:33+00:00","dateModified":"2022-02-24T19:49:21+00:00","description":"COSMIC GIRL - CEREZAS DULCES 150gr. Bomba de ba\u00f1o\u00a0hidratante\u00a0que devuelve la piel\u00a0suavidad y flexibilidad. Con\u00a0aceite de almendras","breadcrumb":{"@id":"https:\/\/www.mentaymora.com\/index.php\/producto\/cosmic-girl-cerezas-dulces-150gr\/#breadcrumb"},"inLanguage":"es","potentialAction":[{"@type":"ReadAction","target":["https:\/\/www.mentaymora.com\/index.php\/producto\/cosmic-girl-cerezas-dulces-150gr\/"]}]},{"@type":"ImageObject","inLanguage":"es","@id":"https:\/\/www.mentaymora.com\/index.php\/producto\/cosmic-girl-cerezas-dulces-150gr\/#primaryimage","url":"https:\/\/www.mentaymora.com\/wp-content\/uploads\/2021\/07\/jar-bomba-de-bano-cosmic-girl.jpg","contentUrl":"https:\/\/www.mentaymora.com\/wp-content\/uploads\/2021\/07\/jar-bomba-de-bano-cosmic-girl.jpg","width":750,"height":750,"caption":"jar bomba de bano cosmic girl"},{"@type":"BreadcrumbList","@id":"https:\/\/www.mentaymora.com\/index.php\/producto\/cosmic-girl-cerezas-dulces-150gr\/#breadcrumb","itemListElement":[{"@type":"ListItem","position":1,"name":"Portada","item":"https:\/\/www.mentaymora.com\/"},{"@type":"ListItem","position":2,"name":"Productos","item":"https:\/\/www.mentaymora.com\/index.php\/tienda\/"},{"@type":"ListItem","position":3,"name":"COSMIC GIRL &#8211; CEREZAS DULCES 150gr"}]},{"@type":"WebSite","@id":"https:\/\/www.mentaymora.com\/#website","url":"https:\/\/www.mentaymora.com\/","name":"Menta y Mora","description":"Regalos y Complementos","publisher":{"@id":"https:\/\/www.mentaymora.com\/#organization"},"potentialAction":[{"@type":"SearchAction","target":{"@type":"EntryPoint","urlTemplate":"https:\/\/www.mentaymora.com\/?s={search_term_string}"},"query-input":{"@type":"PropertyValueSpecification","valueRequired":true,"valueName":"search_term_string"}}],"inLanguage":"es"},{"@type":"Organization","@id":"https:\/\/www.mentaymora.com\/#organization","name":"Menta y Mora","url":"https:\/\/www.mentaymora.com\/","logo":{"@type":"ImageObject","inLanguage":"es","@id":"https:\/\/www.mentaymora.com\/#\/schema\/logo\/image\/","url":"https:\/\/www.mentaymora.com\/wp-content\/uploads\/2021\/07\/Logo.jpg","contentUrl":"https:\/\/www.mentaymora.com\/wp-content\/uploads\/2021\/07\/Logo.jpg","width":1172,"height":1172,"caption":"Menta y Mora"},"image":{"@id":"https:\/\/www.mentaymora.com\/#\/schema\/logo\/image\/"},"sameAs":["https:\/\/es-es.facebook.com\/MentayMora\/","https:\/\/www.instagram.com\/mentaymora.illescas\/?hl=es","https:\/\/www.youtube.com\/channel\/UCuMMtdck_1XS-MyW6ZnBAlw"]}]}},"_links":{"self":[{"href":"https:\/\/www.mentaymora.com\/index.php\/wp-json\/wp\/v2\/product\/5117","targetHints":{"allow":["GET"]}}],"collection":[{"href":"https:\/\/www.mentaymora.com\/index.php\/wp-json\/wp\/v2\/product"}],"about":[{"href":"https:\/\/www.mentaymora.com\/index.php\/wp-json\/wp\/v2\/types\/product"}],"replies":[{"embeddable":true,"href":"https:\/\/www.mentaymora.com\/index.php\/wp-json\/wp\/v2\/comments?post=5117"}],"wp:featuredmedia":[{"embeddable":true,"href":"https:\/\/www.mentaymora.com\/index.php\/wp-json\/wp\/v2\/media\/5113"}],"wp:attachment":[{"href":"https:\/\/www.mentaymora.com\/index.php\/wp-json\/wp\/v2\/media?parent=5117"}],"wp:term":[{"taxonomy":"product_brand","embeddable":true,"href":"https:\/\/www.mentaymora.com\/index.php\/wp-json\/wp\/v2\/product_brand?post=5117"},{"taxonomy":"product_cat","embeddable":true,"href":"https:\/\/www.mentaymora.com\/index.php\/wp-json\/wp\/v2\/product_cat?post=5117"},{"taxonomy":"product_tag","embeddable":true,"href":"https:\/\/www.mentaymora.com\/index.php\/wp-json\/wp\/v2\/product_tag?post=5117"}],"curies":[{"name":"wp","href":"https:\/\/api.w.org\/{rel}","templated":true}]}}