{"id":5231,"date":"2021-08-14T15:31:55","date_gmt":"2021-08-14T14:31:55","guid":{"rendered":"https:\/\/www.mentaymora.com\/?post_type=product&#038;p=5231"},"modified":"2022-08-12T16:48:54","modified_gmt":"2022-08-12T15:48:54","slug":"conjunto-botella-fiambrera-personalizada","status":"publish","type":"product","link":"https:\/\/www.mentaymora.com\/index.php\/producto\/conjunto-botella-fiambrera-personalizada\/","title":{"rendered":"Conjunto Botella + Fiambrera Personalizada"},"content":{"rendered":"<p>Conjunto Botella + Fiambrera Personalizada<\/p>\n<p><strong>BOTELLA (Color Blanco)<\/strong><\/p>\n<ul>\n<li>Boquilla de pl\u00e1stico color blanco.<\/li>\n<li>Tap\u00f3n dosificador con base de rosca de pl\u00e1stico negro.<\/li>\n<li>Tap\u00f3n de rosca negro con anilla y mosquet\u00f3n de metal color plata.<\/li>\n<li>Apto para consumo alimentario.<\/li>\n<\/ul>\n<p><strong>FIAMBRERA (Color a elegir)<\/strong><\/p>\n<p>Perfectas para llevar el almuerzo al cole o para salir de excursi\u00f3n.<\/p>\n<p>Caracter\u00edsticas:<\/p>\n<ul>\n<li>Disponibles\u00a0en color\u00a0azul\u00a0o\u00a0rosa, con\u00a0tapa blanca.<\/li>\n<li>Est\u00e1n fabricadas en\u00a0pl\u00e1stico.<\/li>\n<li>Libre BPA<\/li>\n<li>Pol\u00edmero regulado de la FDA por SGS<\/li>\n<li>Tapa con\u00a0cierre herm\u00e9tico.<\/li>\n<li>Desaconsejamos la\u00a0utilizaci\u00f3n del lavavajillas\u00a0para que no pierda adherencia con el tiempo.<\/li>\n<li>Medidas:\u00a0185 x 127 x 58 mm<\/li>\n<li style=\"list-style-type: none;\">\u00a0<\/li>\n<li>El plazo de entrega: 3\/4 d\u00edas.<\/li>\n<\/ul>\n<p>Prepara tu Vuelta al Cole en <a href=\"https:\/\/www.mentaymora.com\/\">Menta y Mora<\/a>\u00a0<\/p>\n<p>S\u00edguenos en nuestras RRSS (<a href=\"https:\/\/es-es.facebook.com\/MentayMora\/\">Facebook<\/a>\u00a0e\u00a0<a href=\"https:\/\/www.instagram.com\/mentaymora.illescas\/?hl=es\">Instagram<\/a>)<\/p>\n<p>Si tienes alguna consulta,\u00a0<a href=\"mailto:%20info@mentaymora.com\">preg\u00fantanos<\/a>.<\/p>\n","protected":false},"excerpt":{"rendered":"<ul>\n<li>El plazo de entrega: 3\/4 d\u00edas.<\/li>\n<li>Conjunto personalizado para la Vuelta al Cole.<\/li>\n<li>Botella color blanco.<\/li>\n<li>Fiambrera (Rosa o Azul).<\/li>\n<\/ul>\n<p><span style=\"color: #ff0000;\"><strong>!!Ahorra 3\u20ac!! Compr\u00e1ndolo junto.<\/strong><\/span><\/p>\n","protected":false},"featured_media":9350,"comment_status":"open","ping_status":"closed","template":"","meta":{"_acf_changed":false,"_joinchat":[]},"product_brand":[],"product_cat":[808],"product_tag":[857,72,326],"class_list":{"0":"post-5231","1":"product","2":"type-product","3":"status-publish","4":"has-post-thumbnail","6":"product_cat-vuelta-al-cole","7":"product_tag-conjunto","8":"product_tag-pack","9":"product_tag-regalo","10":"latest_post","12":"first","13":"instock","14":"sale","15":"taxable","16":"shipping-taxable","17":"purchasable","18":"product-type-simple"},"acf":[],"yoast_head":"<!-- This site is optimized with the Yoast SEO plugin v27.4 - https:\/\/yoast.com\/product\/yoast-seo-wordpress\/ -->\n<title>Conjunto Botella + Fiambrera Personalizada - Menta y Mora<\/title>\n<meta name=\"description\" content=\"Conjunto Botella + Fiambrera Personalizada. BOTELLA Boquilla de pl\u00e1stico color blanco. Tap\u00f3n dosificador con base de rosca de pl\u00e1stico negro.\" \/>\n<meta name=\"robots\" content=\"index, follow, max-snippet:-1, max-image-preview:large, max-video-preview:-1\" \/>\n<link rel=\"canonical\" href=\"https:\/\/www.mentaymora.com\/index.php\/producto\/conjunto-botella-fiambrera-personalizada\/\" \/>\n<meta property=\"og:locale\" content=\"es_ES\" \/>\n<meta property=\"og:type\" content=\"article\" \/>\n<meta property=\"og:title\" content=\"Conjunto Botella + Fiambrera Personalizada - Menta y Mora\" \/>\n<meta property=\"og:description\" content=\"Conjunto Botella + Fiambrera Personalizada. BOTELLA Boquilla de pl\u00e1stico color blanco. Tap\u00f3n dosificador con base de rosca de pl\u00e1stico negro.\" \/>\n<meta property=\"og:url\" content=\"https:\/\/www.mentaymora.com\/index.php\/producto\/conjunto-botella-fiambrera-personalizada\/\" \/>\n<meta property=\"og:site_name\" content=\"Menta y Mora\" \/>\n<meta property=\"article:publisher\" content=\"https:\/\/es-es.facebook.com\/MentayMora\/\" \/>\n<meta property=\"article:modified_time\" content=\"2022-08-12T15:48:54+00:00\" \/>\n<meta property=\"og:image\" content=\"https:\/\/www.mentaymora.com\/wp-content\/uploads\/2021\/08\/Conjunto-Botella-y-Fiambrera-Personalizada.jpg\" \/>\n\t<meta property=\"og:image:width\" content=\"600\" \/>\n\t<meta property=\"og:image:height\" content=\"600\" \/>\n\t<meta property=\"og:image:type\" content=\"image\/jpeg\" \/>\n<meta name=\"twitter:card\" content=\"summary_large_image\" \/>\n<meta name=\"twitter:label1\" content=\"Tiempo de lectura\" \/>\n\t<meta name=\"twitter:data1\" content=\"1 minuto\" \/>\n<script type=\"application\/ld+json\" class=\"yoast-schema-graph\">{\"@context\":\"https:\\\/\\\/schema.org\",\"@graph\":[{\"@type\":\"WebPage\",\"@id\":\"https:\\\/\\\/www.mentaymora.com\\\/index.php\\\/producto\\\/conjunto-botella-fiambrera-personalizada\\\/\",\"url\":\"https:\\\/\\\/www.mentaymora.com\\\/index.php\\\/producto\\\/conjunto-botella-fiambrera-personalizada\\\/\",\"name\":\"Conjunto Botella + Fiambrera Personalizada - Menta y Mora\",\"isPartOf\":{\"@id\":\"https:\\\/\\\/www.mentaymora.com\\\/#website\"},\"primaryImageOfPage\":{\"@id\":\"https:\\\/\\\/www.mentaymora.com\\\/index.php\\\/producto\\\/conjunto-botella-fiambrera-personalizada\\\/#primaryimage\"},\"image\":{\"@id\":\"https:\\\/\\\/www.mentaymora.com\\\/index.php\\\/producto\\\/conjunto-botella-fiambrera-personalizada\\\/#primaryimage\"},\"thumbnailUrl\":\"https:\\\/\\\/www.mentaymora.com\\\/wp-content\\\/uploads\\\/2021\\\/08\\\/Conjunto-Botella-y-Fiambrera-Personalizada.jpg\",\"datePublished\":\"2021-08-14T14:31:55+00:00\",\"dateModified\":\"2022-08-12T15:48:54+00:00\",\"description\":\"Conjunto Botella + Fiambrera Personalizada. BOTELLA Boquilla de pl\u00e1stico color blanco. Tap\u00f3n dosificador con base de rosca de pl\u00e1stico negro.\",\"breadcrumb\":{\"@id\":\"https:\\\/\\\/www.mentaymora.com\\\/index.php\\\/producto\\\/conjunto-botella-fiambrera-personalizada\\\/#breadcrumb\"},\"inLanguage\":\"es\",\"potentialAction\":[{\"@type\":\"ReadAction\",\"target\":[\"https:\\\/\\\/www.mentaymora.com\\\/index.php\\\/producto\\\/conjunto-botella-fiambrera-personalizada\\\/\"]}]},{\"@type\":\"ImageObject\",\"inLanguage\":\"es\",\"@id\":\"https:\\\/\\\/www.mentaymora.com\\\/index.php\\\/producto\\\/conjunto-botella-fiambrera-personalizada\\\/#primaryimage\",\"url\":\"https:\\\/\\\/www.mentaymora.com\\\/wp-content\\\/uploads\\\/2021\\\/08\\\/Conjunto-Botella-y-Fiambrera-Personalizada.jpg\",\"contentUrl\":\"https:\\\/\\\/www.mentaymora.com\\\/wp-content\\\/uploads\\\/2021\\\/08\\\/Conjunto-Botella-y-Fiambrera-Personalizada.jpg\",\"width\":600,\"height\":600,\"caption\":\"Conjunto Botella y Fiambrera Personalizada\"},{\"@type\":\"BreadcrumbList\",\"@id\":\"https:\\\/\\\/www.mentaymora.com\\\/index.php\\\/producto\\\/conjunto-botella-fiambrera-personalizada\\\/#breadcrumb\",\"itemListElement\":[{\"@type\":\"ListItem\",\"position\":1,\"name\":\"Portada\",\"item\":\"https:\\\/\\\/www.mentaymora.com\\\/\"},{\"@type\":\"ListItem\",\"position\":2,\"name\":\"Productos\",\"item\":\"https:\\\/\\\/www.mentaymora.com\\\/index.php\\\/tienda\\\/\"},{\"@type\":\"ListItem\",\"position\":3,\"name\":\"Conjunto Botella + Fiambrera Personalizada\"}]},{\"@type\":\"WebSite\",\"@id\":\"https:\\\/\\\/www.mentaymora.com\\\/#website\",\"url\":\"https:\\\/\\\/www.mentaymora.com\\\/\",\"name\":\"Menta y Mora\",\"description\":\"Regalos y Complementos\",\"publisher\":{\"@id\":\"https:\\\/\\\/www.mentaymora.com\\\/#organization\"},\"potentialAction\":[{\"@type\":\"SearchAction\",\"target\":{\"@type\":\"EntryPoint\",\"urlTemplate\":\"https:\\\/\\\/www.mentaymora.com\\\/?s={search_term_string}\"},\"query-input\":{\"@type\":\"PropertyValueSpecification\",\"valueRequired\":true,\"valueName\":\"search_term_string\"}}],\"inLanguage\":\"es\"},{\"@type\":\"Organization\",\"@id\":\"https:\\\/\\\/www.mentaymora.com\\\/#organization\",\"name\":\"Menta y Mora\",\"url\":\"https:\\\/\\\/www.mentaymora.com\\\/\",\"logo\":{\"@type\":\"ImageObject\",\"inLanguage\":\"es\",\"@id\":\"https:\\\/\\\/www.mentaymora.com\\\/#\\\/schema\\\/logo\\\/image\\\/\",\"url\":\"https:\\\/\\\/www.mentaymora.com\\\/wp-content\\\/uploads\\\/2021\\\/07\\\/Logo.jpg\",\"contentUrl\":\"https:\\\/\\\/www.mentaymora.com\\\/wp-content\\\/uploads\\\/2021\\\/07\\\/Logo.jpg\",\"width\":1172,\"height\":1172,\"caption\":\"Menta y Mora\"},\"image\":{\"@id\":\"https:\\\/\\\/www.mentaymora.com\\\/#\\\/schema\\\/logo\\\/image\\\/\"},\"sameAs\":[\"https:\\\/\\\/es-es.facebook.com\\\/MentayMora\\\/\",\"https:\\\/\\\/www.instagram.com\\\/mentaymora.illescas\\\/?hl=es\",\"https:\\\/\\\/www.youtube.com\\\/channel\\\/UCuMMtdck_1XS-MyW6ZnBAlw\"]}]}<\/script>\n<!-- \/ Yoast SEO plugin. -->","yoast_head_json":{"title":"Conjunto Botella + Fiambrera Personalizada - Menta y Mora","description":"Conjunto Botella + Fiambrera Personalizada. BOTELLA Boquilla de pl\u00e1stico color blanco. Tap\u00f3n dosificador con base de rosca de pl\u00e1stico negro.","robots":{"index":"index","follow":"follow","max-snippet":"max-snippet:-1","max-image-preview":"max-image-preview:large","max-video-preview":"max-video-preview:-1"},"canonical":"https:\/\/www.mentaymora.com\/index.php\/producto\/conjunto-botella-fiambrera-personalizada\/","og_locale":"es_ES","og_type":"article","og_title":"Conjunto Botella + Fiambrera Personalizada - Menta y Mora","og_description":"Conjunto Botella + Fiambrera Personalizada. BOTELLA Boquilla de pl\u00e1stico color blanco. Tap\u00f3n dosificador con base de rosca de pl\u00e1stico negro.","og_url":"https:\/\/www.mentaymora.com\/index.php\/producto\/conjunto-botella-fiambrera-personalizada\/","og_site_name":"Menta y Mora","article_publisher":"https:\/\/es-es.facebook.com\/MentayMora\/","article_modified_time":"2022-08-12T15:48:54+00:00","og_image":[{"width":600,"height":600,"url":"https:\/\/www.mentaymora.com\/wp-content\/uploads\/2021\/08\/Conjunto-Botella-y-Fiambrera-Personalizada.jpg","type":"image\/jpeg"}],"twitter_card":"summary_large_image","twitter_misc":{"Tiempo de lectura":"1 minuto"},"schema":{"@context":"https:\/\/schema.org","@graph":[{"@type":"WebPage","@id":"https:\/\/www.mentaymora.com\/index.php\/producto\/conjunto-botella-fiambrera-personalizada\/","url":"https:\/\/www.mentaymora.com\/index.php\/producto\/conjunto-botella-fiambrera-personalizada\/","name":"Conjunto Botella + Fiambrera Personalizada - Menta y Mora","isPartOf":{"@id":"https:\/\/www.mentaymora.com\/#website"},"primaryImageOfPage":{"@id":"https:\/\/www.mentaymora.com\/index.php\/producto\/conjunto-botella-fiambrera-personalizada\/#primaryimage"},"image":{"@id":"https:\/\/www.mentaymora.com\/index.php\/producto\/conjunto-botella-fiambrera-personalizada\/#primaryimage"},"thumbnailUrl":"https:\/\/www.mentaymora.com\/wp-content\/uploads\/2021\/08\/Conjunto-Botella-y-Fiambrera-Personalizada.jpg","datePublished":"2021-08-14T14:31:55+00:00","dateModified":"2022-08-12T15:48:54+00:00","description":"Conjunto Botella + Fiambrera Personalizada. BOTELLA Boquilla de pl\u00e1stico color blanco. Tap\u00f3n dosificador con base de rosca de pl\u00e1stico negro.","breadcrumb":{"@id":"https:\/\/www.mentaymora.com\/index.php\/producto\/conjunto-botella-fiambrera-personalizada\/#breadcrumb"},"inLanguage":"es","potentialAction":[{"@type":"ReadAction","target":["https:\/\/www.mentaymora.com\/index.php\/producto\/conjunto-botella-fiambrera-personalizada\/"]}]},{"@type":"ImageObject","inLanguage":"es","@id":"https:\/\/www.mentaymora.com\/index.php\/producto\/conjunto-botella-fiambrera-personalizada\/#primaryimage","url":"https:\/\/www.mentaymora.com\/wp-content\/uploads\/2021\/08\/Conjunto-Botella-y-Fiambrera-Personalizada.jpg","contentUrl":"https:\/\/www.mentaymora.com\/wp-content\/uploads\/2021\/08\/Conjunto-Botella-y-Fiambrera-Personalizada.jpg","width":600,"height":600,"caption":"Conjunto Botella y Fiambrera Personalizada"},{"@type":"BreadcrumbList","@id":"https:\/\/www.mentaymora.com\/index.php\/producto\/conjunto-botella-fiambrera-personalizada\/#breadcrumb","itemListElement":[{"@type":"ListItem","position":1,"name":"Portada","item":"https:\/\/www.mentaymora.com\/"},{"@type":"ListItem","position":2,"name":"Productos","item":"https:\/\/www.mentaymora.com\/index.php\/tienda\/"},{"@type":"ListItem","position":3,"name":"Conjunto Botella + Fiambrera Personalizada"}]},{"@type":"WebSite","@id":"https:\/\/www.mentaymora.com\/#website","url":"https:\/\/www.mentaymora.com\/","name":"Menta y Mora","description":"Regalos y Complementos","publisher":{"@id":"https:\/\/www.mentaymora.com\/#organization"},"potentialAction":[{"@type":"SearchAction","target":{"@type":"EntryPoint","urlTemplate":"https:\/\/www.mentaymora.com\/?s={search_term_string}"},"query-input":{"@type":"PropertyValueSpecification","valueRequired":true,"valueName":"search_term_string"}}],"inLanguage":"es"},{"@type":"Organization","@id":"https:\/\/www.mentaymora.com\/#organization","name":"Menta y Mora","url":"https:\/\/www.mentaymora.com\/","logo":{"@type":"ImageObject","inLanguage":"es","@id":"https:\/\/www.mentaymora.com\/#\/schema\/logo\/image\/","url":"https:\/\/www.mentaymora.com\/wp-content\/uploads\/2021\/07\/Logo.jpg","contentUrl":"https:\/\/www.mentaymora.com\/wp-content\/uploads\/2021\/07\/Logo.jpg","width":1172,"height":1172,"caption":"Menta y Mora"},"image":{"@id":"https:\/\/www.mentaymora.com\/#\/schema\/logo\/image\/"},"sameAs":["https:\/\/es-es.facebook.com\/MentayMora\/","https:\/\/www.instagram.com\/mentaymora.illescas\/?hl=es","https:\/\/www.youtube.com\/channel\/UCuMMtdck_1XS-MyW6ZnBAlw"]}]}},"_links":{"self":[{"href":"https:\/\/www.mentaymora.com\/index.php\/wp-json\/wp\/v2\/product\/5231","targetHints":{"allow":["GET"]}}],"collection":[{"href":"https:\/\/www.mentaymora.com\/index.php\/wp-json\/wp\/v2\/product"}],"about":[{"href":"https:\/\/www.mentaymora.com\/index.php\/wp-json\/wp\/v2\/types\/product"}],"replies":[{"embeddable":true,"href":"https:\/\/www.mentaymora.com\/index.php\/wp-json\/wp\/v2\/comments?post=5231"}],"wp:featuredmedia":[{"embeddable":true,"href":"https:\/\/www.mentaymora.com\/index.php\/wp-json\/wp\/v2\/media\/9350"}],"wp:attachment":[{"href":"https:\/\/www.mentaymora.com\/index.php\/wp-json\/wp\/v2\/media?parent=5231"}],"wp:term":[{"taxonomy":"product_brand","embeddable":true,"href":"https:\/\/www.mentaymora.com\/index.php\/wp-json\/wp\/v2\/product_brand?post=5231"},{"taxonomy":"product_cat","embeddable":true,"href":"https:\/\/www.mentaymora.com\/index.php\/wp-json\/wp\/v2\/product_cat?post=5231"},{"taxonomy":"product_tag","embeddable":true,"href":"https:\/\/www.mentaymora.com\/index.php\/wp-json\/wp\/v2\/product_tag?post=5231"}],"curies":[{"name":"wp","href":"https:\/\/api.w.org\/{rel}","templated":true}]}}