{"id":5654,"date":"2021-10-10T18:29:48","date_gmt":"2021-10-10T17:29:48","guid":{"rendered":"https:\/\/www.mentaymora.com\/?post_type=product&#038;p=5654"},"modified":"2021-10-10T18:35:56","modified_gmt":"2021-10-10T17:35:56","slug":"bano-de-burbujas-bifasico-de-cafe-y-chocolate","status":"publish","type":"product","link":"https:\/\/www.mentaymora.com\/index.php\/producto\/bano-de-burbujas-bifasico-de-cafe-y-chocolate\/","title":{"rendered":"Ba\u00f1o de Burbujas Bif\u00e1sico de Caf\u00e9 y Chocolate"},"content":{"rendered":"<p>Ba\u00f1o de Burbujas Bif\u00e1sico de Caf\u00e9 y Chocolate<\/p>\n<p>Ba\u00f1o de burbujas bif\u00e1sico de caf\u00e9 y chocolate con 100% de ingredientes de origen natural.<\/p>\n<p>Limpia eficazmente la piel sin resecarla y mantiene una hidrataci\u00f3n completa.<\/p>\n<p>Contiene ingredientes activos naturales: emolientes de girasol, caf\u00e9 y cacao.<\/p>\n<p>La fase oleosa es la parafina farmac\u00e9utica, y en la fase acuosa hay ingredientes limpiadores, hidratantes y arom\u00e1ticos con aroma a chocolate y caf\u00e9.<\/p>\n<p><strong>Ingredientes Principales:<\/strong> Aceite de Girasol y emolientes de Caf\u00e9 y Cacao.<\/p>\n<p><strong>Modo de empleo:<\/strong> agitar antes de usar. Verter 4-5 tapones de producto en agua tibia hasta que el agua tome un color caf\u00e9. Evitar contacto con los ojos. Si se usa en la ducha, aplicarlo directamente en las manos.<\/p>\n<p>Contenido: 500ml.<\/p>\n<p>Recuerda recomendar a\u00a0<a href=\"https:\/\/www.mentaymora.com\/\">Menta y Mora<\/a>\u00a0para cuidar tu piel.<\/p>\n<p>S\u00edguenos en nuestras RRSS (<a href=\"https:\/\/es-es.facebook.com\/MentayMora\/\">Facebook<\/a>\u00a0e\u00a0<a href=\"https:\/\/www.instagram.com\/mentaymora.illescas\/?hl=es\">Instagram<\/a>)<\/p>\n<p>Si tienes alguna consulta,\u00a0<a href=\"mailto:%20info@mentaymora.com\">preg\u00fantanos<\/a>.<\/p>\n","protected":false},"excerpt":{"rendered":"<p>Ba\u00f1o de burbujas bif\u00e1sico de caf\u00e9 y chocolate con 100% de ingredientes de origen natural.<\/p>\n<p>Limpia eficazmente la piel sin resecarla y mantiene una hidrataci\u00f3n completa.<\/p>\n<p>Contendio: 500ml.<\/p>\n<p><img decoding=\"async\" class=\" wp-image-1683\" title=\"Logo Vegano\" src=\"https:\/\/www.mentaymora.com\/wp-content\/uploads\/2021\/04\/PngItem_5501122-300x300.png\" alt=\"Logo Vegano\" width=\"75\" height=\"75\" srcset=\"https:\/\/www.mentaymora.com\/wp-content\/uploads\/2021\/04\/PngItem_5501122-300x300.png 300w, https:\/\/www.mentaymora.com\/wp-content\/uploads\/2021\/04\/PngItem_5501122-100x100.png 100w, https:\/\/www.mentaymora.com\/wp-content\/uploads\/2021\/04\/PngItem_5501122-600x600.png 600w\" sizes=\"(max-width: 75px) 100vw, 75px\" \/><\/p>\n","protected":false},"featured_media":5643,"comment_status":"open","ping_status":"closed","template":"","meta":{"_acf_changed":false,"_joinchat":[]},"product_brand":[],"product_cat":[877,78],"product_tag":[204,880,207],"class_list":{"0":"post-5654","1":"product","2":"type-product","3":"status-publish","4":"has-post-thumbnail","6":"product_cat-baltic-home-spa-welness","7":"product_cat-ziaja","8":"product_tag-baltic-home-spa","9":"product_tag-bano-burbujas","10":"product_tag-champu","11":"latest_post","13":"first","14":"instock","15":"taxable","16":"shipping-taxable","17":"purchasable","18":"product-type-simple"},"acf":[],"yoast_head":"<!-- This site is optimized with the Yoast SEO plugin v27.4 - https:\/\/yoast.com\/product\/yoast-seo-wordpress\/ -->\n<title>Ba\u00f1o de Burbujas Bif\u00e1sico de Caf\u00e9 y Chocolate - Menta y Mora - Tienda<\/title>\n<meta name=\"description\" content=\"Ba\u00f1o de Burbujas Bif\u00e1sico de Caf\u00e9 y Chocolate. Ba\u00f1o de burbujas bif\u00e1sico de caf\u00e9 y chocolate con 100% de ingredientes de origen natural.\" \/>\n<meta name=\"robots\" content=\"index, follow, max-snippet:-1, max-image-preview:large, max-video-preview:-1\" \/>\n<link rel=\"canonical\" href=\"https:\/\/www.mentaymora.com\/index.php\/producto\/bano-de-burbujas-bifasico-de-cafe-y-chocolate\/\" \/>\n<meta property=\"og:locale\" content=\"es_ES\" \/>\n<meta property=\"og:type\" content=\"article\" \/>\n<meta property=\"og:title\" content=\"Ba\u00f1o de Burbujas Bif\u00e1sico de Caf\u00e9 y Chocolate - Menta y Mora - Tienda\" \/>\n<meta property=\"og:description\" content=\"Ba\u00f1o de Burbujas Bif\u00e1sico de Caf\u00e9 y Chocolate. Ba\u00f1o de burbujas bif\u00e1sico de caf\u00e9 y chocolate con 100% de ingredientes de origen natural.\" \/>\n<meta property=\"og:url\" content=\"https:\/\/www.mentaymora.com\/index.php\/producto\/bano-de-burbujas-bifasico-de-cafe-y-chocolate\/\" \/>\n<meta property=\"og:site_name\" content=\"Menta y Mora\" \/>\n<meta property=\"article:publisher\" content=\"https:\/\/es-es.facebook.com\/MentayMora\/\" \/>\n<meta property=\"article:modified_time\" content=\"2021-10-10T17:35:56+00:00\" \/>\n<meta property=\"og:image\" content=\"https:\/\/i0.wp.com\/www.mentaymora.com\/wp-content\/uploads\/2021\/10\/BANOBURBUJAS.jpg?fit=1100%2C1422&ssl=1\" \/>\n\t<meta property=\"og:image:width\" content=\"1100\" \/>\n\t<meta property=\"og:image:height\" content=\"1422\" \/>\n\t<meta property=\"og:image:type\" content=\"image\/jpeg\" \/>\n<meta name=\"twitter:card\" content=\"summary_large_image\" \/>\n<meta name=\"twitter:label1\" content=\"Tiempo de lectura\" \/>\n\t<meta name=\"twitter:data1\" content=\"1 minuto\" \/>\n<script type=\"application\/ld+json\" class=\"yoast-schema-graph\">{\"@context\":\"https:\\\/\\\/schema.org\",\"@graph\":[{\"@type\":\"WebPage\",\"@id\":\"https:\\\/\\\/www.mentaymora.com\\\/index.php\\\/producto\\\/bano-de-burbujas-bifasico-de-cafe-y-chocolate\\\/\",\"url\":\"https:\\\/\\\/www.mentaymora.com\\\/index.php\\\/producto\\\/bano-de-burbujas-bifasico-de-cafe-y-chocolate\\\/\",\"name\":\"Ba\u00f1o de Burbujas Bif\u00e1sico de Caf\u00e9 y Chocolate - Menta y Mora - Tienda\",\"isPartOf\":{\"@id\":\"https:\\\/\\\/www.mentaymora.com\\\/#website\"},\"primaryImageOfPage\":{\"@id\":\"https:\\\/\\\/www.mentaymora.com\\\/index.php\\\/producto\\\/bano-de-burbujas-bifasico-de-cafe-y-chocolate\\\/#primaryimage\"},\"image\":{\"@id\":\"https:\\\/\\\/www.mentaymora.com\\\/index.php\\\/producto\\\/bano-de-burbujas-bifasico-de-cafe-y-chocolate\\\/#primaryimage\"},\"thumbnailUrl\":\"https:\\\/\\\/www.mentaymora.com\\\/wp-content\\\/uploads\\\/2021\\\/10\\\/BANOBURBUJAS.jpg\",\"datePublished\":\"2021-10-10T17:29:48+00:00\",\"dateModified\":\"2021-10-10T17:35:56+00:00\",\"description\":\"Ba\u00f1o de Burbujas Bif\u00e1sico de Caf\u00e9 y Chocolate. Ba\u00f1o de burbujas bif\u00e1sico de caf\u00e9 y chocolate con 100% de ingredientes de origen natural.\",\"breadcrumb\":{\"@id\":\"https:\\\/\\\/www.mentaymora.com\\\/index.php\\\/producto\\\/bano-de-burbujas-bifasico-de-cafe-y-chocolate\\\/#breadcrumb\"},\"inLanguage\":\"es\",\"potentialAction\":[{\"@type\":\"ReadAction\",\"target\":[\"https:\\\/\\\/www.mentaymora.com\\\/index.php\\\/producto\\\/bano-de-burbujas-bifasico-de-cafe-y-chocolate\\\/\"]}]},{\"@type\":\"ImageObject\",\"inLanguage\":\"es\",\"@id\":\"https:\\\/\\\/www.mentaymora.com\\\/index.php\\\/producto\\\/bano-de-burbujas-bifasico-de-cafe-y-chocolate\\\/#primaryimage\",\"url\":\"https:\\\/\\\/www.mentaymora.com\\\/wp-content\\\/uploads\\\/2021\\\/10\\\/BANOBURBUJAS.jpg\",\"contentUrl\":\"https:\\\/\\\/www.mentaymora.com\\\/wp-content\\\/uploads\\\/2021\\\/10\\\/BANOBURBUJAS.jpg\",\"width\":1100,\"height\":1422,\"caption\":\"BANOBURBUJAS\"},{\"@type\":\"BreadcrumbList\",\"@id\":\"https:\\\/\\\/www.mentaymora.com\\\/index.php\\\/producto\\\/bano-de-burbujas-bifasico-de-cafe-y-chocolate\\\/#breadcrumb\",\"itemListElement\":[{\"@type\":\"ListItem\",\"position\":1,\"name\":\"Portada\",\"item\":\"https:\\\/\\\/www.mentaymora.com\\\/\"},{\"@type\":\"ListItem\",\"position\":2,\"name\":\"Productos\",\"item\":\"https:\\\/\\\/www.mentaymora.com\\\/index.php\\\/tienda\\\/\"},{\"@type\":\"ListItem\",\"position\":3,\"name\":\"Ba\u00f1o de Burbujas Bif\u00e1sico de Caf\u00e9 y Chocolate\"}]},{\"@type\":\"WebSite\",\"@id\":\"https:\\\/\\\/www.mentaymora.com\\\/#website\",\"url\":\"https:\\\/\\\/www.mentaymora.com\\\/\",\"name\":\"Menta y Mora\",\"description\":\"Regalos y Complementos\",\"publisher\":{\"@id\":\"https:\\\/\\\/www.mentaymora.com\\\/#organization\"},\"potentialAction\":[{\"@type\":\"SearchAction\",\"target\":{\"@type\":\"EntryPoint\",\"urlTemplate\":\"https:\\\/\\\/www.mentaymora.com\\\/?s={search_term_string}\"},\"query-input\":{\"@type\":\"PropertyValueSpecification\",\"valueRequired\":true,\"valueName\":\"search_term_string\"}}],\"inLanguage\":\"es\"},{\"@type\":\"Organization\",\"@id\":\"https:\\\/\\\/www.mentaymora.com\\\/#organization\",\"name\":\"Menta y Mora\",\"url\":\"https:\\\/\\\/www.mentaymora.com\\\/\",\"logo\":{\"@type\":\"ImageObject\",\"inLanguage\":\"es\",\"@id\":\"https:\\\/\\\/www.mentaymora.com\\\/#\\\/schema\\\/logo\\\/image\\\/\",\"url\":\"https:\\\/\\\/www.mentaymora.com\\\/wp-content\\\/uploads\\\/2021\\\/07\\\/Logo.jpg\",\"contentUrl\":\"https:\\\/\\\/www.mentaymora.com\\\/wp-content\\\/uploads\\\/2021\\\/07\\\/Logo.jpg\",\"width\":1172,\"height\":1172,\"caption\":\"Menta y Mora\"},\"image\":{\"@id\":\"https:\\\/\\\/www.mentaymora.com\\\/#\\\/schema\\\/logo\\\/image\\\/\"},\"sameAs\":[\"https:\\\/\\\/es-es.facebook.com\\\/MentayMora\\\/\",\"https:\\\/\\\/www.instagram.com\\\/mentaymora.illescas\\\/?hl=es\",\"https:\\\/\\\/www.youtube.com\\\/channel\\\/UCuMMtdck_1XS-MyW6ZnBAlw\"]}]}<\/script>\n<!-- \/ Yoast SEO plugin. -->","yoast_head_json":{"title":"Ba\u00f1o de Burbujas Bif\u00e1sico de Caf\u00e9 y Chocolate - Menta y Mora - Tienda","description":"Ba\u00f1o de Burbujas Bif\u00e1sico de Caf\u00e9 y Chocolate. Ba\u00f1o de burbujas bif\u00e1sico de caf\u00e9 y chocolate con 100% de ingredientes de origen natural.","robots":{"index":"index","follow":"follow","max-snippet":"max-snippet:-1","max-image-preview":"max-image-preview:large","max-video-preview":"max-video-preview:-1"},"canonical":"https:\/\/www.mentaymora.com\/index.php\/producto\/bano-de-burbujas-bifasico-de-cafe-y-chocolate\/","og_locale":"es_ES","og_type":"article","og_title":"Ba\u00f1o de Burbujas Bif\u00e1sico de Caf\u00e9 y Chocolate - Menta y Mora - Tienda","og_description":"Ba\u00f1o de Burbujas Bif\u00e1sico de Caf\u00e9 y Chocolate. Ba\u00f1o de burbujas bif\u00e1sico de caf\u00e9 y chocolate con 100% de ingredientes de origen natural.","og_url":"https:\/\/www.mentaymora.com\/index.php\/producto\/bano-de-burbujas-bifasico-de-cafe-y-chocolate\/","og_site_name":"Menta y Mora","article_publisher":"https:\/\/es-es.facebook.com\/MentayMora\/","article_modified_time":"2021-10-10T17:35:56+00:00","og_image":[{"width":1100,"height":1422,"url":"https:\/\/i0.wp.com\/www.mentaymora.com\/wp-content\/uploads\/2021\/10\/BANOBURBUJAS.jpg?fit=1100%2C1422&ssl=1","type":"image\/jpeg"}],"twitter_card":"summary_large_image","twitter_misc":{"Tiempo de lectura":"1 minuto"},"schema":{"@context":"https:\/\/schema.org","@graph":[{"@type":"WebPage","@id":"https:\/\/www.mentaymora.com\/index.php\/producto\/bano-de-burbujas-bifasico-de-cafe-y-chocolate\/","url":"https:\/\/www.mentaymora.com\/index.php\/producto\/bano-de-burbujas-bifasico-de-cafe-y-chocolate\/","name":"Ba\u00f1o de Burbujas Bif\u00e1sico de Caf\u00e9 y Chocolate - Menta y Mora - Tienda","isPartOf":{"@id":"https:\/\/www.mentaymora.com\/#website"},"primaryImageOfPage":{"@id":"https:\/\/www.mentaymora.com\/index.php\/producto\/bano-de-burbujas-bifasico-de-cafe-y-chocolate\/#primaryimage"},"image":{"@id":"https:\/\/www.mentaymora.com\/index.php\/producto\/bano-de-burbujas-bifasico-de-cafe-y-chocolate\/#primaryimage"},"thumbnailUrl":"https:\/\/www.mentaymora.com\/wp-content\/uploads\/2021\/10\/BANOBURBUJAS.jpg","datePublished":"2021-10-10T17:29:48+00:00","dateModified":"2021-10-10T17:35:56+00:00","description":"Ba\u00f1o de Burbujas Bif\u00e1sico de Caf\u00e9 y Chocolate. Ba\u00f1o de burbujas bif\u00e1sico de caf\u00e9 y chocolate con 100% de ingredientes de origen natural.","breadcrumb":{"@id":"https:\/\/www.mentaymora.com\/index.php\/producto\/bano-de-burbujas-bifasico-de-cafe-y-chocolate\/#breadcrumb"},"inLanguage":"es","potentialAction":[{"@type":"ReadAction","target":["https:\/\/www.mentaymora.com\/index.php\/producto\/bano-de-burbujas-bifasico-de-cafe-y-chocolate\/"]}]},{"@type":"ImageObject","inLanguage":"es","@id":"https:\/\/www.mentaymora.com\/index.php\/producto\/bano-de-burbujas-bifasico-de-cafe-y-chocolate\/#primaryimage","url":"https:\/\/www.mentaymora.com\/wp-content\/uploads\/2021\/10\/BANOBURBUJAS.jpg","contentUrl":"https:\/\/www.mentaymora.com\/wp-content\/uploads\/2021\/10\/BANOBURBUJAS.jpg","width":1100,"height":1422,"caption":"BANOBURBUJAS"},{"@type":"BreadcrumbList","@id":"https:\/\/www.mentaymora.com\/index.php\/producto\/bano-de-burbujas-bifasico-de-cafe-y-chocolate\/#breadcrumb","itemListElement":[{"@type":"ListItem","position":1,"name":"Portada","item":"https:\/\/www.mentaymora.com\/"},{"@type":"ListItem","position":2,"name":"Productos","item":"https:\/\/www.mentaymora.com\/index.php\/tienda\/"},{"@type":"ListItem","position":3,"name":"Ba\u00f1o de Burbujas Bif\u00e1sico de Caf\u00e9 y Chocolate"}]},{"@type":"WebSite","@id":"https:\/\/www.mentaymora.com\/#website","url":"https:\/\/www.mentaymora.com\/","name":"Menta y Mora","description":"Regalos y Complementos","publisher":{"@id":"https:\/\/www.mentaymora.com\/#organization"},"potentialAction":[{"@type":"SearchAction","target":{"@type":"EntryPoint","urlTemplate":"https:\/\/www.mentaymora.com\/?s={search_term_string}"},"query-input":{"@type":"PropertyValueSpecification","valueRequired":true,"valueName":"search_term_string"}}],"inLanguage":"es"},{"@type":"Organization","@id":"https:\/\/www.mentaymora.com\/#organization","name":"Menta y Mora","url":"https:\/\/www.mentaymora.com\/","logo":{"@type":"ImageObject","inLanguage":"es","@id":"https:\/\/www.mentaymora.com\/#\/schema\/logo\/image\/","url":"https:\/\/www.mentaymora.com\/wp-content\/uploads\/2021\/07\/Logo.jpg","contentUrl":"https:\/\/www.mentaymora.com\/wp-content\/uploads\/2021\/07\/Logo.jpg","width":1172,"height":1172,"caption":"Menta y Mora"},"image":{"@id":"https:\/\/www.mentaymora.com\/#\/schema\/logo\/image\/"},"sameAs":["https:\/\/es-es.facebook.com\/MentayMora\/","https:\/\/www.instagram.com\/mentaymora.illescas\/?hl=es","https:\/\/www.youtube.com\/channel\/UCuMMtdck_1XS-MyW6ZnBAlw"]}]}},"_links":{"self":[{"href":"https:\/\/www.mentaymora.com\/index.php\/wp-json\/wp\/v2\/product\/5654","targetHints":{"allow":["GET"]}}],"collection":[{"href":"https:\/\/www.mentaymora.com\/index.php\/wp-json\/wp\/v2\/product"}],"about":[{"href":"https:\/\/www.mentaymora.com\/index.php\/wp-json\/wp\/v2\/types\/product"}],"replies":[{"embeddable":true,"href":"https:\/\/www.mentaymora.com\/index.php\/wp-json\/wp\/v2\/comments?post=5654"}],"wp:featuredmedia":[{"embeddable":true,"href":"https:\/\/www.mentaymora.com\/index.php\/wp-json\/wp\/v2\/media\/5643"}],"wp:attachment":[{"href":"https:\/\/www.mentaymora.com\/index.php\/wp-json\/wp\/v2\/media?parent=5654"}],"wp:term":[{"taxonomy":"product_brand","embeddable":true,"href":"https:\/\/www.mentaymora.com\/index.php\/wp-json\/wp\/v2\/product_brand?post=5654"},{"taxonomy":"product_cat","embeddable":true,"href":"https:\/\/www.mentaymora.com\/index.php\/wp-json\/wp\/v2\/product_cat?post=5654"},{"taxonomy":"product_tag","embeddable":true,"href":"https:\/\/www.mentaymora.com\/index.php\/wp-json\/wp\/v2\/product_tag?post=5654"}],"curies":[{"name":"wp","href":"https:\/\/api.w.org\/{rel}","templated":true}]}}