{"id":752,"date":"2021-04-17T17:55:58","date_gmt":"2021-04-17T16:55:58","guid":{"rendered":"https:\/\/www.mentaymora.com\/?post_type=product&#038;p=752"},"modified":"2025-01-12T08:34:31","modified_gmt":"2025-01-12T07:34:31","slug":"bolsita-perfumada-infantil","status":"publish","type":"product","link":"https:\/\/www.mentaymora.com\/index.php\/producto\/bolsita-perfumada-infantil\/","title":{"rendered":"Bolsita perfumada Infantil"},"content":{"rendered":"<p>Bolsita perfumada Infantil<\/p>\n<p>Qu\u00e9 agradable sensaci\u00f3n es abrir un armario o un caj\u00f3n, sacar una prenda y que te sorprenda un delicioso aroma.<\/p>\n<p>A fresa, a beb\u00e9, a flores o simplemente, a limpio.<\/p>\n<p>Tanto los tejidos nuevos comos los ya usados, los tintes, &#8230;, todo huele aunque nosotros creamos que no y en espacios tan cerrados es cuando realmente nos damos cuenta de ello.<\/p>\n<p>Por eso es importante poner un punto de aroma dentro de estos lugares.<\/p>\n<p>Las bolsitas de Tul se encuentran rellenas con unas perlas ambientadas con gran intensidad.<\/p>\n<p><strong>Instrucciones de uso:<\/strong><\/p>\n<ul>\n<li>Coloca la bolsita perfumada dentro del caj\u00f3n.<\/li>\n<li>Sustituyela cuando no percibas apenas olor.<\/li>\n<\/ul>\n<p><strong>Nuestro consejo:<\/strong> una vez que deje pr\u00e1cticamente de oler, puedes aprovechar a\u00fan m\u00e1s el sobre poniendo una peque\u00f1a cantidad en la bolsa de tu aspirador, de esta manera a la vez que aspiras la casa podr\u00e1s ir dejando un agradable aroma.<\/p>\n<p><strong>Otras ideas:<\/strong><\/p>\n<ul>\n<li>Lleva una siempre en tu maleta cuando salgas de viaje. \u00bfQui\u00e9n no ha llegado alguna vez a un hotel en donde el armario no ol\u00eda precisamente bien?<\/li>\n<li>Una vez llegues a tu casa, deja la bolsita perfumada en la maleta, la mantendr\u00e1 perfumada hasta la pr\u00f3xima vez que la necesites.<\/li>\n<li>Su reducido tama\u00f1o la hacen muy apropiada para colgar del retrovisor.<\/li>\n<li>Colgada de los radiadores o pomos de las puertas.<\/li>\n<\/ul>\n<p>Si eres una loca de los aromas como nosotras y tienes m\u00e1s ideas, comp\u00e1rtelas con nosotras en comentarios.<\/p>\n<p>Bolsita perfumada Infantil<\/p>\n<p>Recuerda recomendar a\u00a0<a href=\"https:\/\/www.mentaymora.com\/\">Menta y Mora<\/a>\u00a0para ambientar tu hogar.<\/p>\n<p>S\u00edguenos en nuestras RRSS (<a href=\"https:\/\/es-es.facebook.com\/MentayMora\/\">Facebook<\/a>\u00a0e\u00a0<a href=\"https:\/\/www.instagram.com\/mentaymora.illescas\/?hl=es\">Instagram<\/a>)<\/p>\n<p>Si tienes alguna consulta,\u00a0<a href=\"mailto:%20info@mentaymora.com\">preg\u00fantanos<\/a>.<\/p>\n","protected":false},"excerpt":{"rendered":"<p>Mant\u00e9n perfumados tus armarios, cajones, maletas, &#8230;<\/p>\n<p>Lee abajo toda la info.<\/p>\n<ul>\n<li class=\"fusion-responsive-typography-calculated\" data-fontsize=\"16.38\" data-lineheight=\"26.208px\">\n<h4>Fresco<\/h4>\n<\/li>\n<\/ul>\n<p>La fragancia original Infantil llega sin cambios a tu hogar desde 1980. Envuelve de frescor a tus seres m\u00e1s queridos con esta fragancia, \u00a1El cl\u00e1sico de Boles d\u2019olor que m\u00e1s gusta a los ni\u00f1os!<\/p>\n<p><strong>Notas de fragancia<\/strong><\/p>\n<ul>\n<li><strong>Salida:\u00a0<\/strong>Mandarina, Naranja, Lim\u00f3n y Lima.<\/li>\n<li><strong>Coraz\u00f3n:\u00a0<\/strong>Hojas de Limonero, Citronela, Romero, Lavanda y Geranio.<\/li>\n<li><strong>Fondo:\u00a0<\/strong>Todo el esplendor del Almizcle.<\/li>\n<\/ul>\n","protected":false},"featured_media":744,"comment_status":"open","ping_status":"closed","template":"","meta":{"_acf_changed":false,"_joinchat":[]},"product_brand":[],"product_cat":[80,108,103],"product_tag":[107,57,105,106],"class_list":{"0":"post-752","1":"product","2":"type-product","3":"status-publish","4":"has-post-thumbnail","6":"product_cat-boles-dolor","7":"product_cat-bolsitas-perfumadas","8":"product_cat-perfuma-tu-armario","9":"product_tag-armarios","10":"product_tag-fresco","11":"product_tag-sachet","12":"product_tag-sobre-perfumado","13":"latest_post","15":"first","16":"instock","17":"taxable","18":"shipping-taxable","19":"purchasable","20":"product-type-simple"},"acf":[],"yoast_head":"<!-- This site is optimized with the Yoast SEO plugin v27.3 - https:\/\/yoast.com\/product\/yoast-seo-wordpress\/ -->\n<title>Bolsita perfumada Infantil - Menta y Mora - Tienda Online<\/title>\n<meta name=\"description\" content=\"Bolsita perfumada Bolsita perfumada Infantil. Qu\u00e9 agradable sensaci\u00f3n es abrir un armario o un caj\u00f3n, sacar una prenda y que te sorprenda un\" \/>\n<meta name=\"robots\" content=\"index, follow, max-snippet:-1, max-image-preview:large, max-video-preview:-1\" \/>\n<link rel=\"canonical\" href=\"https:\/\/www.mentaymora.com\/index.php\/producto\/bolsita-perfumada-infantil\/\" \/>\n<meta property=\"og:locale\" content=\"es_ES\" \/>\n<meta property=\"og:type\" content=\"article\" \/>\n<meta property=\"og:title\" content=\"Bolsita perfumada Infantil - Menta y Mora - Tienda Online\" \/>\n<meta property=\"og:description\" content=\"Bolsita perfumada Bolsita perfumada Infantil. Qu\u00e9 agradable sensaci\u00f3n es abrir un armario o un caj\u00f3n, sacar una prenda y que te sorprenda un\" \/>\n<meta property=\"og:url\" content=\"https:\/\/www.mentaymora.com\/index.php\/producto\/bolsita-perfumada-infantil\/\" \/>\n<meta property=\"og:site_name\" content=\"Menta y Mora\" \/>\n<meta property=\"article:publisher\" content=\"https:\/\/es-es.facebook.com\/MentayMora\/\" \/>\n<meta property=\"article:modified_time\" content=\"2025-01-12T07:34:31+00:00\" \/>\n<meta property=\"og:image\" content=\"https:\/\/www.mentaymora.com\/wp-content\/uploads\/2021\/04\/Mini-Resinas-Ambients-Infantil-0159010-scaled-e1644170730334.jpg\" \/>\n\t<meta property=\"og:image:width\" content=\"600\" \/>\n\t<meta property=\"og:image:height\" content=\"600\" \/>\n\t<meta property=\"og:image:type\" content=\"image\/jpeg\" \/>\n<meta name=\"twitter:card\" content=\"summary_large_image\" \/>\n<meta name=\"twitter:label1\" content=\"Tiempo de lectura\" \/>\n\t<meta name=\"twitter:data1\" content=\"2 minutos\" \/>\n<script type=\"application\/ld+json\" class=\"yoast-schema-graph\">{\"@context\":\"https:\\\/\\\/schema.org\",\"@graph\":[{\"@type\":\"WebPage\",\"@id\":\"https:\\\/\\\/www.mentaymora.com\\\/index.php\\\/producto\\\/bolsita-perfumada-infantil\\\/\",\"url\":\"https:\\\/\\\/www.mentaymora.com\\\/index.php\\\/producto\\\/bolsita-perfumada-infantil\\\/\",\"name\":\"Bolsita perfumada Infantil - Menta y Mora - Tienda Online\",\"isPartOf\":{\"@id\":\"https:\\\/\\\/www.mentaymora.com\\\/#website\"},\"primaryImageOfPage\":{\"@id\":\"https:\\\/\\\/www.mentaymora.com\\\/index.php\\\/producto\\\/bolsita-perfumada-infantil\\\/#primaryimage\"},\"image\":{\"@id\":\"https:\\\/\\\/www.mentaymora.com\\\/index.php\\\/producto\\\/bolsita-perfumada-infantil\\\/#primaryimage\"},\"thumbnailUrl\":\"https:\\\/\\\/www.mentaymora.com\\\/wp-content\\\/uploads\\\/2021\\\/04\\\/Mini-Resinas-Ambients-Infantil-0159010-scaled-e1644170730334.jpg\",\"datePublished\":\"2021-04-17T16:55:58+00:00\",\"dateModified\":\"2025-01-12T07:34:31+00:00\",\"description\":\"Bolsita perfumada Bolsita perfumada Infantil. Qu\u00e9 agradable sensaci\u00f3n es abrir un armario o un caj\u00f3n, sacar una prenda y que te sorprenda un\",\"breadcrumb\":{\"@id\":\"https:\\\/\\\/www.mentaymora.com\\\/index.php\\\/producto\\\/bolsita-perfumada-infantil\\\/#breadcrumb\"},\"inLanguage\":\"es\",\"potentialAction\":[{\"@type\":\"ReadAction\",\"target\":[\"https:\\\/\\\/www.mentaymora.com\\\/index.php\\\/producto\\\/bolsita-perfumada-infantil\\\/\"]}]},{\"@type\":\"ImageObject\",\"inLanguage\":\"es\",\"@id\":\"https:\\\/\\\/www.mentaymora.com\\\/index.php\\\/producto\\\/bolsita-perfumada-infantil\\\/#primaryimage\",\"url\":\"https:\\\/\\\/www.mentaymora.com\\\/wp-content\\\/uploads\\\/2021\\\/04\\\/Mini-Resinas-Ambients-Infantil-0159010-scaled-e1644170730334.jpg\",\"contentUrl\":\"https:\\\/\\\/www.mentaymora.com\\\/wp-content\\\/uploads\\\/2021\\\/04\\\/Mini-Resinas-Ambients-Infantil-0159010-scaled-e1644170730334.jpg\",\"width\":600,\"height\":600,\"caption\":\"Mini Resinas Ambients Infantil 0159010\"},{\"@type\":\"BreadcrumbList\",\"@id\":\"https:\\\/\\\/www.mentaymora.com\\\/index.php\\\/producto\\\/bolsita-perfumada-infantil\\\/#breadcrumb\",\"itemListElement\":[{\"@type\":\"ListItem\",\"position\":1,\"name\":\"Portada\",\"item\":\"https:\\\/\\\/www.mentaymora.com\\\/\"},{\"@type\":\"ListItem\",\"position\":2,\"name\":\"Productos\",\"item\":\"https:\\\/\\\/www.mentaymora.com\\\/index.php\\\/tienda\\\/\"},{\"@type\":\"ListItem\",\"position\":3,\"name\":\"Bolsita perfumada Infantil\"}]},{\"@type\":\"WebSite\",\"@id\":\"https:\\\/\\\/www.mentaymora.com\\\/#website\",\"url\":\"https:\\\/\\\/www.mentaymora.com\\\/\",\"name\":\"Menta y Mora\",\"description\":\"Regalos y Complementos\",\"publisher\":{\"@id\":\"https:\\\/\\\/www.mentaymora.com\\\/#organization\"},\"potentialAction\":[{\"@type\":\"SearchAction\",\"target\":{\"@type\":\"EntryPoint\",\"urlTemplate\":\"https:\\\/\\\/www.mentaymora.com\\\/?s={search_term_string}\"},\"query-input\":{\"@type\":\"PropertyValueSpecification\",\"valueRequired\":true,\"valueName\":\"search_term_string\"}}],\"inLanguage\":\"es\"},{\"@type\":\"Organization\",\"@id\":\"https:\\\/\\\/www.mentaymora.com\\\/#organization\",\"name\":\"Menta y Mora\",\"url\":\"https:\\\/\\\/www.mentaymora.com\\\/\",\"logo\":{\"@type\":\"ImageObject\",\"inLanguage\":\"es\",\"@id\":\"https:\\\/\\\/www.mentaymora.com\\\/#\\\/schema\\\/logo\\\/image\\\/\",\"url\":\"https:\\\/\\\/www.mentaymora.com\\\/wp-content\\\/uploads\\\/2021\\\/07\\\/Logo.jpg\",\"contentUrl\":\"https:\\\/\\\/www.mentaymora.com\\\/wp-content\\\/uploads\\\/2021\\\/07\\\/Logo.jpg\",\"width\":1172,\"height\":1172,\"caption\":\"Menta y Mora\"},\"image\":{\"@id\":\"https:\\\/\\\/www.mentaymora.com\\\/#\\\/schema\\\/logo\\\/image\\\/\"},\"sameAs\":[\"https:\\\/\\\/es-es.facebook.com\\\/MentayMora\\\/\",\"https:\\\/\\\/www.instagram.com\\\/mentaymora.illescas\\\/?hl=es\",\"https:\\\/\\\/www.youtube.com\\\/channel\\\/UCuMMtdck_1XS-MyW6ZnBAlw\"]}]}<\/script>\n<!-- \/ Yoast SEO plugin. -->","yoast_head_json":{"title":"Bolsita perfumada Infantil - Menta y Mora - Tienda Online","description":"Bolsita perfumada Bolsita perfumada Infantil. Qu\u00e9 agradable sensaci\u00f3n es abrir un armario o un caj\u00f3n, sacar una prenda y que te sorprenda un","robots":{"index":"index","follow":"follow","max-snippet":"max-snippet:-1","max-image-preview":"max-image-preview:large","max-video-preview":"max-video-preview:-1"},"canonical":"https:\/\/www.mentaymora.com\/index.php\/producto\/bolsita-perfumada-infantil\/","og_locale":"es_ES","og_type":"article","og_title":"Bolsita perfumada Infantil - Menta y Mora - Tienda Online","og_description":"Bolsita perfumada Bolsita perfumada Infantil. Qu\u00e9 agradable sensaci\u00f3n es abrir un armario o un caj\u00f3n, sacar una prenda y que te sorprenda un","og_url":"https:\/\/www.mentaymora.com\/index.php\/producto\/bolsita-perfumada-infantil\/","og_site_name":"Menta y Mora","article_publisher":"https:\/\/es-es.facebook.com\/MentayMora\/","article_modified_time":"2025-01-12T07:34:31+00:00","og_image":[{"width":600,"height":600,"url":"https:\/\/www.mentaymora.com\/wp-content\/uploads\/2021\/04\/Mini-Resinas-Ambients-Infantil-0159010-scaled-e1644170730334.jpg","type":"image\/jpeg"}],"twitter_card":"summary_large_image","twitter_misc":{"Tiempo de lectura":"2 minutos"},"schema":{"@context":"https:\/\/schema.org","@graph":[{"@type":"WebPage","@id":"https:\/\/www.mentaymora.com\/index.php\/producto\/bolsita-perfumada-infantil\/","url":"https:\/\/www.mentaymora.com\/index.php\/producto\/bolsita-perfumada-infantil\/","name":"Bolsita perfumada Infantil - Menta y Mora - Tienda Online","isPartOf":{"@id":"https:\/\/www.mentaymora.com\/#website"},"primaryImageOfPage":{"@id":"https:\/\/www.mentaymora.com\/index.php\/producto\/bolsita-perfumada-infantil\/#primaryimage"},"image":{"@id":"https:\/\/www.mentaymora.com\/index.php\/producto\/bolsita-perfumada-infantil\/#primaryimage"},"thumbnailUrl":"https:\/\/www.mentaymora.com\/wp-content\/uploads\/2021\/04\/Mini-Resinas-Ambients-Infantil-0159010-scaled-e1644170730334.jpg","datePublished":"2021-04-17T16:55:58+00:00","dateModified":"2025-01-12T07:34:31+00:00","description":"Bolsita perfumada Bolsita perfumada Infantil. Qu\u00e9 agradable sensaci\u00f3n es abrir un armario o un caj\u00f3n, sacar una prenda y que te sorprenda un","breadcrumb":{"@id":"https:\/\/www.mentaymora.com\/index.php\/producto\/bolsita-perfumada-infantil\/#breadcrumb"},"inLanguage":"es","potentialAction":[{"@type":"ReadAction","target":["https:\/\/www.mentaymora.com\/index.php\/producto\/bolsita-perfumada-infantil\/"]}]},{"@type":"ImageObject","inLanguage":"es","@id":"https:\/\/www.mentaymora.com\/index.php\/producto\/bolsita-perfumada-infantil\/#primaryimage","url":"https:\/\/www.mentaymora.com\/wp-content\/uploads\/2021\/04\/Mini-Resinas-Ambients-Infantil-0159010-scaled-e1644170730334.jpg","contentUrl":"https:\/\/www.mentaymora.com\/wp-content\/uploads\/2021\/04\/Mini-Resinas-Ambients-Infantil-0159010-scaled-e1644170730334.jpg","width":600,"height":600,"caption":"Mini Resinas Ambients Infantil 0159010"},{"@type":"BreadcrumbList","@id":"https:\/\/www.mentaymora.com\/index.php\/producto\/bolsita-perfumada-infantil\/#breadcrumb","itemListElement":[{"@type":"ListItem","position":1,"name":"Portada","item":"https:\/\/www.mentaymora.com\/"},{"@type":"ListItem","position":2,"name":"Productos","item":"https:\/\/www.mentaymora.com\/index.php\/tienda\/"},{"@type":"ListItem","position":3,"name":"Bolsita perfumada Infantil"}]},{"@type":"WebSite","@id":"https:\/\/www.mentaymora.com\/#website","url":"https:\/\/www.mentaymora.com\/","name":"Menta y Mora","description":"Regalos y Complementos","publisher":{"@id":"https:\/\/www.mentaymora.com\/#organization"},"potentialAction":[{"@type":"SearchAction","target":{"@type":"EntryPoint","urlTemplate":"https:\/\/www.mentaymora.com\/?s={search_term_string}"},"query-input":{"@type":"PropertyValueSpecification","valueRequired":true,"valueName":"search_term_string"}}],"inLanguage":"es"},{"@type":"Organization","@id":"https:\/\/www.mentaymora.com\/#organization","name":"Menta y Mora","url":"https:\/\/www.mentaymora.com\/","logo":{"@type":"ImageObject","inLanguage":"es","@id":"https:\/\/www.mentaymora.com\/#\/schema\/logo\/image\/","url":"https:\/\/www.mentaymora.com\/wp-content\/uploads\/2021\/07\/Logo.jpg","contentUrl":"https:\/\/www.mentaymora.com\/wp-content\/uploads\/2021\/07\/Logo.jpg","width":1172,"height":1172,"caption":"Menta y Mora"},"image":{"@id":"https:\/\/www.mentaymora.com\/#\/schema\/logo\/image\/"},"sameAs":["https:\/\/es-es.facebook.com\/MentayMora\/","https:\/\/www.instagram.com\/mentaymora.illescas\/?hl=es","https:\/\/www.youtube.com\/channel\/UCuMMtdck_1XS-MyW6ZnBAlw"]}]}},"_links":{"self":[{"href":"https:\/\/www.mentaymora.com\/index.php\/wp-json\/wp\/v2\/product\/752","targetHints":{"allow":["GET"]}}],"collection":[{"href":"https:\/\/www.mentaymora.com\/index.php\/wp-json\/wp\/v2\/product"}],"about":[{"href":"https:\/\/www.mentaymora.com\/index.php\/wp-json\/wp\/v2\/types\/product"}],"replies":[{"embeddable":true,"href":"https:\/\/www.mentaymora.com\/index.php\/wp-json\/wp\/v2\/comments?post=752"}],"wp:featuredmedia":[{"embeddable":true,"href":"https:\/\/www.mentaymora.com\/index.php\/wp-json\/wp\/v2\/media\/744"}],"wp:attachment":[{"href":"https:\/\/www.mentaymora.com\/index.php\/wp-json\/wp\/v2\/media?parent=752"}],"wp:term":[{"taxonomy":"product_brand","embeddable":true,"href":"https:\/\/www.mentaymora.com\/index.php\/wp-json\/wp\/v2\/product_brand?post=752"},{"taxonomy":"product_cat","embeddable":true,"href":"https:\/\/www.mentaymora.com\/index.php\/wp-json\/wp\/v2\/product_cat?post=752"},{"taxonomy":"product_tag","embeddable":true,"href":"https:\/\/www.mentaymora.com\/index.php\/wp-json\/wp\/v2\/product_tag?post=752"}],"curies":[{"name":"wp","href":"https:\/\/api.w.org\/{rel}","templated":true}]}}