{"id":818,"date":"2021-04-18T19:27:57","date_gmt":"2021-04-18T18:27:57","guid":{"rendered":"https:\/\/www.mentaymora.com\/?post_type=product&#038;p=818"},"modified":"2025-01-12T08:32:16","modified_gmt":"2025-01-12T07:32:16","slug":"genie-lamp-martini-olive-half-moon","status":"publish","type":"product","link":"https:\/\/www.mentaymora.com\/index.php\/producto\/genie-lamp-martini-olive-half-moon\/","title":{"rendered":"Genie Lamp Martini Olive Half Moon"},"content":{"rendered":"<p>Genie Lamp Martini Olive Half Moon<\/p>\n<p>Las L\u00e1mparas Catal\u00edticas de Boles d&#8217;olor son la soluci\u00f3n perfecta para aquellos que se preocupan por la calidad del aire que les rodea.<\/p>\n<p>Cuando conocimos este producto nos pareci\u00f3 maravilloso y quisimos investigar un poco m\u00e1s a fondo. Descubrimos que es una forma de purificar y desinfectar el aire de una habitaci\u00f3n o de toda la casa.<\/p>\n<p>Gracias al tipo de alcohol que usa (isopropilo) y al calor de la piedra volc\u00e1nica, tiene lugar la combusti\u00f3n catal\u00edtica.<\/p>\n<p>Dicho de manera com\u00fan, el aire de la habitaci\u00f3n pasa a trav\u00e9s de la piedra y vuelve al ambiente desinfactado.<\/p>\n<p>Este tipo de producto es capaz de eliminar hasta el 89% de virus, bacterias, hongos y esporas de hongos de un a habitaci\u00f3n.<\/p>\n<p><strong>Instrucciones de uso:\u00a0<\/strong><\/p>\n<ul>\n<li>Llena hasta las 2\/3 partes de la l\u00e1mpara con tu l\u00edquido de perfume favorito.<\/li>\n<li>Introduce la mecha en ella y mantenla tapada durante 20 minutos.<\/li>\n<li>Prende fuego la piedra durante 3 minutos; una vez transcurridos sopla la llama.<\/li>\n<li>Coloca el embellecedor y mant\u00e9n la l\u00e1mpara encendida 1 min\/m2.<\/li>\n<li>Para apagarla retira el embellecedor\u00a0 y coloca el tap\u00f3n de apagado.<\/li>\n<\/ul>\n<p><strong>Nuestro consejo:<\/strong><\/p>\n<ul>\n<li>Ten m\u00e1xima precauci\u00f3n cuando se mantenga la llama en la piedra.<\/li>\n<li>Enci\u00e9ndela en la habitaci\u00f3n unos minutos antes de dormir.<\/li>\n<\/ul>\n<p><strong>Recomendamos su uso en lugares donde haya:<\/strong><\/p>\n<ul>\n<li>Fumadores.<\/li>\n<li>Enfermos.<\/li>\n<li>Al\u00e9rgicos.<\/li>\n<li>Asm\u00e1ticos (usar aroma neutro).<\/li>\n<li>Olores intensos y persistentes.<\/li>\n<\/ul>\n<p>Si no conoces como funciona, te recomendamos ver el v\u00eddeo.<\/p>\n<p>Genie Lamp Martini Olive Half Moon<\/p>\n<p>Recuerda recomendar a\u00a0<a href=\"https:\/\/www.mentaymora.com\/\">Menta y Mora<\/a>\u00a0para ambientar tu hogar.<\/p>\n<p>S\u00edguenos en nuestras RRSS (<a href=\"https:\/\/es-es.facebook.com\/MentayMora\/\">Facebook<\/a>\u00a0e\u00a0<a href=\"https:\/\/www.instagram.com\/mentaymora.illescas\/?hl=es\">Instagram<\/a>)<\/p>\n<p>Si tienes alguna consulta,\u00a0<a href=\"mailto:%20info@mentaymora.com\">preg\u00fantanos<\/a>.<\/p>\n","protected":false},"excerpt":{"rendered":"<p>Capacidad: 425ml<\/p>\n<p><a href=\"https:\/\/www.youtube.com\/watch?v=CmNE1BXN-2U\" target=\"_blank\" rel=\"noopener\">VER VIDEO<\/a><\/p>\n<p>Purifica, perfuma y decora.<\/p>\n<p>Color: Oliva<\/p>\n","protected":false},"featured_media":805,"comment_status":"open","ping_status":"closed","template":"","meta":{"_acf_changed":false,"_joinchat":[]},"product_brand":[],"product_cat":[80,120,119],"product_tag":[118,123,122],"class_list":{"0":"post-818","1":"product","2":"type-product","3":"status-publish","4":"has-post-thumbnail","6":"product_cat-boles-dolor","7":"product_cat-lamparas","8":"product_cat-lamparas-cataliticas","9":"product_tag-desinfecta","10":"product_tag-genie-lamp","11":"product_tag-lampara-catalitica","12":"latest_post","14":"first","15":"instock","16":"taxable","17":"shipping-taxable","18":"purchasable","19":"product-type-simple"},"acf":[],"yoast_head":"<!-- This site is optimized with the Yoast SEO plugin v27.4 - https:\/\/yoast.com\/product\/yoast-seo-wordpress\/ -->\n<title>Genie Lamp Martini Olive Half Moon - Menta y Mora - Tienda Online<\/title>\n<meta name=\"description\" content=\"Genie Lamp Martini Olive Half Moon. Las L\u00e1mparas Catal\u00edticas de Boles d&#039;olor son la soluci\u00f3n perfecta para aquellos que se preocupan por la\" \/>\n<meta name=\"robots\" content=\"index, follow, max-snippet:-1, max-image-preview:large, max-video-preview:-1\" \/>\n<link rel=\"canonical\" href=\"https:\/\/www.mentaymora.com\/index.php\/producto\/genie-lamp-martini-olive-half-moon\/\" \/>\n<meta property=\"og:locale\" content=\"es_ES\" \/>\n<meta property=\"og:type\" content=\"article\" \/>\n<meta property=\"og:title\" content=\"Genie Lamp Martini Olive Half Moon - Menta y Mora - Tienda Online\" \/>\n<meta property=\"og:description\" content=\"Genie Lamp Martini Olive Half Moon. Las L\u00e1mparas Catal\u00edticas de Boles d&#039;olor son la soluci\u00f3n perfecta para aquellos que se preocupan por la\" \/>\n<meta property=\"og:url\" content=\"https:\/\/www.mentaymora.com\/index.php\/producto\/genie-lamp-martini-olive-half-moon\/\" \/>\n<meta property=\"og:site_name\" content=\"Menta y Mora\" \/>\n<meta property=\"article:publisher\" content=\"https:\/\/es-es.facebook.com\/MentayMora\/\" \/>\n<meta property=\"article:modified_time\" content=\"2025-01-12T07:32:16+00:00\" \/>\n<meta property=\"og:image\" content=\"https:\/\/www.mentaymora.com\/wp-content\/uploads\/2021\/04\/Genie-Lamp-Half-Moon-Martini-Olive-0299008-scaled-e1644171266584.jpg\" \/>\n\t<meta property=\"og:image:width\" content=\"600\" \/>\n\t<meta property=\"og:image:height\" content=\"600\" \/>\n\t<meta property=\"og:image:type\" content=\"image\/jpeg\" \/>\n<meta name=\"twitter:card\" content=\"summary_large_image\" \/>\n<meta name=\"twitter:label1\" content=\"Tiempo de lectura\" \/>\n\t<meta name=\"twitter:data1\" content=\"2 minutos\" \/>\n<script type=\"application\/ld+json\" class=\"yoast-schema-graph\">{\"@context\":\"https:\\\/\\\/schema.org\",\"@graph\":[{\"@type\":\"WebPage\",\"@id\":\"https:\\\/\\\/www.mentaymora.com\\\/index.php\\\/producto\\\/genie-lamp-martini-olive-half-moon\\\/\",\"url\":\"https:\\\/\\\/www.mentaymora.com\\\/index.php\\\/producto\\\/genie-lamp-martini-olive-half-moon\\\/\",\"name\":\"Genie Lamp Martini Olive Half Moon - Menta y Mora - Tienda Online\",\"isPartOf\":{\"@id\":\"https:\\\/\\\/www.mentaymora.com\\\/#website\"},\"primaryImageOfPage\":{\"@id\":\"https:\\\/\\\/www.mentaymora.com\\\/index.php\\\/producto\\\/genie-lamp-martini-olive-half-moon\\\/#primaryimage\"},\"image\":{\"@id\":\"https:\\\/\\\/www.mentaymora.com\\\/index.php\\\/producto\\\/genie-lamp-martini-olive-half-moon\\\/#primaryimage\"},\"thumbnailUrl\":\"https:\\\/\\\/www.mentaymora.com\\\/wp-content\\\/uploads\\\/2021\\\/04\\\/Genie-Lamp-Half-Moon-Martini-Olive-0299008-scaled-e1644171266584.jpg\",\"datePublished\":\"2021-04-18T18:27:57+00:00\",\"dateModified\":\"2025-01-12T07:32:16+00:00\",\"description\":\"Genie Lamp Martini Olive Half Moon. Las L\u00e1mparas Catal\u00edticas de Boles d'olor son la soluci\u00f3n perfecta para aquellos que se preocupan por la\",\"breadcrumb\":{\"@id\":\"https:\\\/\\\/www.mentaymora.com\\\/index.php\\\/producto\\\/genie-lamp-martini-olive-half-moon\\\/#breadcrumb\"},\"inLanguage\":\"es\",\"potentialAction\":[{\"@type\":\"ReadAction\",\"target\":[\"https:\\\/\\\/www.mentaymora.com\\\/index.php\\\/producto\\\/genie-lamp-martini-olive-half-moon\\\/\"]}]},{\"@type\":\"ImageObject\",\"inLanguage\":\"es\",\"@id\":\"https:\\\/\\\/www.mentaymora.com\\\/index.php\\\/producto\\\/genie-lamp-martini-olive-half-moon\\\/#primaryimage\",\"url\":\"https:\\\/\\\/www.mentaymora.com\\\/wp-content\\\/uploads\\\/2021\\\/04\\\/Genie-Lamp-Half-Moon-Martini-Olive-0299008-scaled-e1644171266584.jpg\",\"contentUrl\":\"https:\\\/\\\/www.mentaymora.com\\\/wp-content\\\/uploads\\\/2021\\\/04\\\/Genie-Lamp-Half-Moon-Martini-Olive-0299008-scaled-e1644171266584.jpg\",\"width\":600,\"height\":600,\"caption\":\"Genie Lamp Half Moon Martini Olive 0299008\"},{\"@type\":\"BreadcrumbList\",\"@id\":\"https:\\\/\\\/www.mentaymora.com\\\/index.php\\\/producto\\\/genie-lamp-martini-olive-half-moon\\\/#breadcrumb\",\"itemListElement\":[{\"@type\":\"ListItem\",\"position\":1,\"name\":\"Portada\",\"item\":\"https:\\\/\\\/www.mentaymora.com\\\/\"},{\"@type\":\"ListItem\",\"position\":2,\"name\":\"Productos\",\"item\":\"https:\\\/\\\/www.mentaymora.com\\\/index.php\\\/tienda\\\/\"},{\"@type\":\"ListItem\",\"position\":3,\"name\":\"Genie Lamp Martini Olive Half Moon\"}]},{\"@type\":\"WebSite\",\"@id\":\"https:\\\/\\\/www.mentaymora.com\\\/#website\",\"url\":\"https:\\\/\\\/www.mentaymora.com\\\/\",\"name\":\"Menta y Mora\",\"description\":\"Regalos y Complementos\",\"publisher\":{\"@id\":\"https:\\\/\\\/www.mentaymora.com\\\/#organization\"},\"potentialAction\":[{\"@type\":\"SearchAction\",\"target\":{\"@type\":\"EntryPoint\",\"urlTemplate\":\"https:\\\/\\\/www.mentaymora.com\\\/?s={search_term_string}\"},\"query-input\":{\"@type\":\"PropertyValueSpecification\",\"valueRequired\":true,\"valueName\":\"search_term_string\"}}],\"inLanguage\":\"es\"},{\"@type\":\"Organization\",\"@id\":\"https:\\\/\\\/www.mentaymora.com\\\/#organization\",\"name\":\"Menta y Mora\",\"url\":\"https:\\\/\\\/www.mentaymora.com\\\/\",\"logo\":{\"@type\":\"ImageObject\",\"inLanguage\":\"es\",\"@id\":\"https:\\\/\\\/www.mentaymora.com\\\/#\\\/schema\\\/logo\\\/image\\\/\",\"url\":\"https:\\\/\\\/www.mentaymora.com\\\/wp-content\\\/uploads\\\/2021\\\/07\\\/Logo.jpg\",\"contentUrl\":\"https:\\\/\\\/www.mentaymora.com\\\/wp-content\\\/uploads\\\/2021\\\/07\\\/Logo.jpg\",\"width\":1172,\"height\":1172,\"caption\":\"Menta y Mora\"},\"image\":{\"@id\":\"https:\\\/\\\/www.mentaymora.com\\\/#\\\/schema\\\/logo\\\/image\\\/\"},\"sameAs\":[\"https:\\\/\\\/es-es.facebook.com\\\/MentayMora\\\/\",\"https:\\\/\\\/www.instagram.com\\\/mentaymora.illescas\\\/?hl=es\",\"https:\\\/\\\/www.youtube.com\\\/channel\\\/UCuMMtdck_1XS-MyW6ZnBAlw\"]}]}<\/script>\n<!-- \/ Yoast SEO plugin. -->","yoast_head_json":{"title":"Genie Lamp Martini Olive Half Moon - Menta y Mora - Tienda Online","description":"Genie Lamp Martini Olive Half Moon. Las L\u00e1mparas Catal\u00edticas de Boles d'olor son la soluci\u00f3n perfecta para aquellos que se preocupan por la","robots":{"index":"index","follow":"follow","max-snippet":"max-snippet:-1","max-image-preview":"max-image-preview:large","max-video-preview":"max-video-preview:-1"},"canonical":"https:\/\/www.mentaymora.com\/index.php\/producto\/genie-lamp-martini-olive-half-moon\/","og_locale":"es_ES","og_type":"article","og_title":"Genie Lamp Martini Olive Half Moon - Menta y Mora - Tienda Online","og_description":"Genie Lamp Martini Olive Half Moon. Las L\u00e1mparas Catal\u00edticas de Boles d'olor son la soluci\u00f3n perfecta para aquellos que se preocupan por la","og_url":"https:\/\/www.mentaymora.com\/index.php\/producto\/genie-lamp-martini-olive-half-moon\/","og_site_name":"Menta y Mora","article_publisher":"https:\/\/es-es.facebook.com\/MentayMora\/","article_modified_time":"2025-01-12T07:32:16+00:00","og_image":[{"width":600,"height":600,"url":"https:\/\/www.mentaymora.com\/wp-content\/uploads\/2021\/04\/Genie-Lamp-Half-Moon-Martini-Olive-0299008-scaled-e1644171266584.jpg","type":"image\/jpeg"}],"twitter_card":"summary_large_image","twitter_misc":{"Tiempo de lectura":"2 minutos"},"schema":{"@context":"https:\/\/schema.org","@graph":[{"@type":"WebPage","@id":"https:\/\/www.mentaymora.com\/index.php\/producto\/genie-lamp-martini-olive-half-moon\/","url":"https:\/\/www.mentaymora.com\/index.php\/producto\/genie-lamp-martini-olive-half-moon\/","name":"Genie Lamp Martini Olive Half Moon - Menta y Mora - Tienda Online","isPartOf":{"@id":"https:\/\/www.mentaymora.com\/#website"},"primaryImageOfPage":{"@id":"https:\/\/www.mentaymora.com\/index.php\/producto\/genie-lamp-martini-olive-half-moon\/#primaryimage"},"image":{"@id":"https:\/\/www.mentaymora.com\/index.php\/producto\/genie-lamp-martini-olive-half-moon\/#primaryimage"},"thumbnailUrl":"https:\/\/www.mentaymora.com\/wp-content\/uploads\/2021\/04\/Genie-Lamp-Half-Moon-Martini-Olive-0299008-scaled-e1644171266584.jpg","datePublished":"2021-04-18T18:27:57+00:00","dateModified":"2025-01-12T07:32:16+00:00","description":"Genie Lamp Martini Olive Half Moon. Las L\u00e1mparas Catal\u00edticas de Boles d'olor son la soluci\u00f3n perfecta para aquellos que se preocupan por la","breadcrumb":{"@id":"https:\/\/www.mentaymora.com\/index.php\/producto\/genie-lamp-martini-olive-half-moon\/#breadcrumb"},"inLanguage":"es","potentialAction":[{"@type":"ReadAction","target":["https:\/\/www.mentaymora.com\/index.php\/producto\/genie-lamp-martini-olive-half-moon\/"]}]},{"@type":"ImageObject","inLanguage":"es","@id":"https:\/\/www.mentaymora.com\/index.php\/producto\/genie-lamp-martini-olive-half-moon\/#primaryimage","url":"https:\/\/www.mentaymora.com\/wp-content\/uploads\/2021\/04\/Genie-Lamp-Half-Moon-Martini-Olive-0299008-scaled-e1644171266584.jpg","contentUrl":"https:\/\/www.mentaymora.com\/wp-content\/uploads\/2021\/04\/Genie-Lamp-Half-Moon-Martini-Olive-0299008-scaled-e1644171266584.jpg","width":600,"height":600,"caption":"Genie Lamp Half Moon Martini Olive 0299008"},{"@type":"BreadcrumbList","@id":"https:\/\/www.mentaymora.com\/index.php\/producto\/genie-lamp-martini-olive-half-moon\/#breadcrumb","itemListElement":[{"@type":"ListItem","position":1,"name":"Portada","item":"https:\/\/www.mentaymora.com\/"},{"@type":"ListItem","position":2,"name":"Productos","item":"https:\/\/www.mentaymora.com\/index.php\/tienda\/"},{"@type":"ListItem","position":3,"name":"Genie Lamp Martini Olive Half Moon"}]},{"@type":"WebSite","@id":"https:\/\/www.mentaymora.com\/#website","url":"https:\/\/www.mentaymora.com\/","name":"Menta y Mora","description":"Regalos y Complementos","publisher":{"@id":"https:\/\/www.mentaymora.com\/#organization"},"potentialAction":[{"@type":"SearchAction","target":{"@type":"EntryPoint","urlTemplate":"https:\/\/www.mentaymora.com\/?s={search_term_string}"},"query-input":{"@type":"PropertyValueSpecification","valueRequired":true,"valueName":"search_term_string"}}],"inLanguage":"es"},{"@type":"Organization","@id":"https:\/\/www.mentaymora.com\/#organization","name":"Menta y Mora","url":"https:\/\/www.mentaymora.com\/","logo":{"@type":"ImageObject","inLanguage":"es","@id":"https:\/\/www.mentaymora.com\/#\/schema\/logo\/image\/","url":"https:\/\/www.mentaymora.com\/wp-content\/uploads\/2021\/07\/Logo.jpg","contentUrl":"https:\/\/www.mentaymora.com\/wp-content\/uploads\/2021\/07\/Logo.jpg","width":1172,"height":1172,"caption":"Menta y Mora"},"image":{"@id":"https:\/\/www.mentaymora.com\/#\/schema\/logo\/image\/"},"sameAs":["https:\/\/es-es.facebook.com\/MentayMora\/","https:\/\/www.instagram.com\/mentaymora.illescas\/?hl=es","https:\/\/www.youtube.com\/channel\/UCuMMtdck_1XS-MyW6ZnBAlw"]}]}},"_links":{"self":[{"href":"https:\/\/www.mentaymora.com\/index.php\/wp-json\/wp\/v2\/product\/818","targetHints":{"allow":["GET"]}}],"collection":[{"href":"https:\/\/www.mentaymora.com\/index.php\/wp-json\/wp\/v2\/product"}],"about":[{"href":"https:\/\/www.mentaymora.com\/index.php\/wp-json\/wp\/v2\/types\/product"}],"replies":[{"embeddable":true,"href":"https:\/\/www.mentaymora.com\/index.php\/wp-json\/wp\/v2\/comments?post=818"}],"wp:featuredmedia":[{"embeddable":true,"href":"https:\/\/www.mentaymora.com\/index.php\/wp-json\/wp\/v2\/media\/805"}],"wp:attachment":[{"href":"https:\/\/www.mentaymora.com\/index.php\/wp-json\/wp\/v2\/media?parent=818"}],"wp:term":[{"taxonomy":"product_brand","embeddable":true,"href":"https:\/\/www.mentaymora.com\/index.php\/wp-json\/wp\/v2\/product_brand?post=818"},{"taxonomy":"product_cat","embeddable":true,"href":"https:\/\/www.mentaymora.com\/index.php\/wp-json\/wp\/v2\/product_cat?post=818"},{"taxonomy":"product_tag","embeddable":true,"href":"https:\/\/www.mentaymora.com\/index.php\/wp-json\/wp\/v2\/product_tag?post=818"}],"curies":[{"name":"wp","href":"https:\/\/api.w.org\/{rel}","templated":true}]}}