{"id":8588,"date":"2022-04-07T18:37:10","date_gmt":"2022-04-07T17:37:10","guid":{"rendered":"https:\/\/www.mentaymora.com\/?post_type=product&#038;p=8588"},"modified":"2025-01-12T08:34:30","modified_gmt":"2025-01-12T07:34:30","slug":"sobre-perfumado-unicornio","status":"publish","type":"product","link":"https:\/\/www.mentaymora.com\/index.php\/producto\/sobre-perfumado-unicornio\/","title":{"rendered":"Sobre perfumado Unicornio"},"content":{"rendered":"<p>Sobre perfumado Unicornio<\/p>\n<p>Qu\u00e9 agradable sensaci\u00f3n es abrir un armario o un caj\u00f3n, sacar una prenda y que te sorprenda un delicioso aroma.<\/p>\n<p>A fresa, a beb\u00e9, a flores o simplemente, a limpio.<\/p>\n<p>Tanto los tejidos nuevos comos los ya usados, los tintes, &#8230;, todo huele aunque nosotros creamos que no y en espacios tan cerrados es cuando realmente nos damos cuenta de ello.<\/p>\n<p>Por eso es importante poner un punto de aroma dentro de estos lugares.<\/p>\n<p>Est\u00e1n elaborados con mini-resinas a una concentraci\u00f3n 300 veces superior que las mini-resinas tradicionales. Adem\u00e1s cuentan con un nuevo ingrediente para mantener la ropa libre de polillas y \u00e1caros.<\/p>\n<p><strong>Instrucciones de uso:<\/strong><\/p>\n<ul>\n<li>Corta el pl\u00e1stico del sobre a la mitad y cu\u00e9lgalo en el armario.<\/li>\n<li>Transcurridos 15 d\u00edas saca por completo el sobre del pl\u00e1stico y devu\u00e9lvelo a su lugar.<\/li>\n<\/ul>\n<p><strong>Nuestro consejo:<\/strong> una vez que deje pr\u00e1cticamente de oler, puedes aprovechar a\u00fan m\u00e1s el sobre poniendo una peque\u00f1a cantidad en la bolsa de tu aspirador, de esta manera a la vez que aspiras la casa podr\u00e1s ir dejando un agradable aroma.<\/p>\n<p><strong>Otras ideas:<\/strong><\/p>\n<ul>\n<li>Lleva uno siempre en tu maleta cuando salgas de viaje. \u00bfQui\u00e9n no ha llegado alguna vez a un hotel en donde el armario no ol\u00eda precisamente bien?<\/li>\n<li>Una vez llegues a tu casa, deja el sobre perfumado en la maleta, la mantendr\u00e1 perfumada hasta la pr\u00f3xima vez que la necesites.<\/li>\n<li>En el coche es un buen aliado, pero si ves que te molesta colgado del retrovisor, siempre puedes ponerlo debajo de las alfombrillas.<\/li>\n<li>Colgado de los radiadores o pomos de las puertas.<\/li>\n<\/ul>\n<p>Si eres una loca de los aromas como nosotras y tienes m\u00e1s ideas, comp\u00e1rtelas con nosotras en comentarios.<\/p>\n<p>Sobre perfumado Unicornio<\/p>\n<p>Recuerda recomendar a\u00a0<a href=\"https:\/\/www.mentaymora.com\/\">Menta y Mora<\/a>\u00a0para ambientar tu hogar.<\/p>\n<p>S\u00edguenos en nuestras RRSS (<a href=\"https:\/\/es-es.facebook.com\/MentayMora\/\">Facebook<\/a>\u00a0e\u00a0<a href=\"https:\/\/www.instagram.com\/mentaymora.illescas\/?hl=es\">Instagram<\/a>)<\/p>\n<p>Si tienes alguna consulta,\u00a0<a href=\"mailto:%20info@mentaymora.com\">preg\u00fantanos<\/a>.<\/p>\n","protected":false},"excerpt":{"rendered":"<p>Mant\u00e9n perfumados tus armarios, cajones, maletas, &#8230;<\/p>\n<p>Lee abajo toda la info.<\/p>\n<h4 class=\"fusion-responsive-typography-calculated\" data-fontsize=\"15.21\" data-lineheight=\"24.336px\">FLORAL \u25cf FRUTAL<\/h4>\n<p>Unicorn Dreams es refrescante, dulce, con un punto infantil, que apartar\u00e1 los pensamientos negativos y estimular\u00e1 tu esp\u00edritu para entrar en esta nueva \u00e9poca, que ser\u00e1 \u00a1m\u00e1s feliz que nunca!<\/p>\n<p><strong>Notas de fragancia<\/strong><\/p>\n<ul>\n<li><strong>Salida:\u00a0<\/strong>Frutas confitadas, Naranja amarga, Lima-Lim\u00f3n y Frutos Rojos.<\/li>\n<li><strong>Coraz\u00f3n:\u00a0<\/strong>Goma de mascar (chicle), Rosa Damascena, Ar\u00e1ndanos, Flor de Melocot\u00f3n, Jugosos Melocotones, Canela y Jengibre.<\/li>\n<li><strong>Fondo:\u00a0<\/strong>Almizcle, \u00c1mbar Gris y Cedro.<\/li>\n<\/ul>\n","protected":false},"featured_media":8586,"comment_status":"open","ping_status":"closed","template":"","meta":{"_acf_changed":false,"_joinchat":[]},"product_brand":[],"product_cat":[80,639,103,104],"product_tag":[107,112,114,105,106],"class_list":{"0":"post-8588","1":"product","2":"type-product","3":"status-publish","4":"has-post-thumbnail","6":"product_cat-boles-dolor","7":"product_cat-novedades-aromas","8":"product_cat-perfuma-tu-armario","9":"product_cat-sobres-perfumados","10":"product_tag-armarios","11":"product_tag-aroma-floral","12":"product_tag-aroma-fresco","13":"product_tag-sachet","14":"product_tag-sobre-perfumado","15":"latest_post","17":"first","18":"instock","19":"taxable","20":"shipping-taxable","21":"purchasable","22":"product-type-simple"},"acf":[],"yoast_head":"<!-- This site is optimized with the Yoast SEO plugin v27.4 - https:\/\/yoast.com\/product\/yoast-seo-wordpress\/ -->\n<title>Sobre perfumado Unicornio - Menta y Mora - Regalos y Complementos<\/title>\n<meta name=\"description\" content=\"Sobre perfumado Unicornio. Qu\u00e9 agradable sensaci\u00f3n es abrir un armario o un caj\u00f3n, sacar una prenda y que te sorprenda un delicioso aroma.\" \/>\n<meta name=\"robots\" content=\"index, follow, max-snippet:-1, max-image-preview:large, max-video-preview:-1\" \/>\n<link rel=\"canonical\" href=\"https:\/\/www.mentaymora.com\/index.php\/producto\/sobre-perfumado-unicornio\/\" \/>\n<meta property=\"og:locale\" content=\"es_ES\" \/>\n<meta property=\"og:type\" content=\"article\" \/>\n<meta property=\"og:title\" content=\"Sobre perfumado Unicornio - Menta y Mora - Regalos y Complementos\" \/>\n<meta property=\"og:description\" content=\"Sobre perfumado Unicornio. Qu\u00e9 agradable sensaci\u00f3n es abrir un armario o un caj\u00f3n, sacar una prenda y que te sorprenda un delicioso aroma.\" \/>\n<meta property=\"og:url\" content=\"https:\/\/www.mentaymora.com\/index.php\/producto\/sobre-perfumado-unicornio\/\" \/>\n<meta property=\"og:site_name\" content=\"Menta y Mora\" \/>\n<meta property=\"article:publisher\" content=\"https:\/\/es-es.facebook.com\/MentayMora\/\" \/>\n<meta property=\"article:modified_time\" content=\"2025-01-12T07:34:30+00:00\" \/>\n<meta property=\"og:image\" content=\"https:\/\/www.mentaymora.com\/wp-content\/uploads\/2022\/04\/Sachet-Perfumado-Ambients-Unicorn-Dreams-0136092.jpg\" \/>\n\t<meta property=\"og:image:width\" content=\"600\" \/>\n\t<meta property=\"og:image:height\" content=\"600\" \/>\n\t<meta property=\"og:image:type\" content=\"image\/jpeg\" \/>\n<meta name=\"twitter:card\" content=\"summary_large_image\" \/>\n<meta name=\"twitter:label1\" content=\"Tiempo de lectura\" \/>\n\t<meta name=\"twitter:data1\" content=\"2 minutos\" \/>\n<script type=\"application\/ld+json\" class=\"yoast-schema-graph\">{\"@context\":\"https:\\\/\\\/schema.org\",\"@graph\":[{\"@type\":\"WebPage\",\"@id\":\"https:\\\/\\\/www.mentaymora.com\\\/index.php\\\/producto\\\/sobre-perfumado-unicornio\\\/\",\"url\":\"https:\\\/\\\/www.mentaymora.com\\\/index.php\\\/producto\\\/sobre-perfumado-unicornio\\\/\",\"name\":\"Sobre perfumado Unicornio - Menta y Mora - Regalos y Complementos\",\"isPartOf\":{\"@id\":\"https:\\\/\\\/www.mentaymora.com\\\/#website\"},\"primaryImageOfPage\":{\"@id\":\"https:\\\/\\\/www.mentaymora.com\\\/index.php\\\/producto\\\/sobre-perfumado-unicornio\\\/#primaryimage\"},\"image\":{\"@id\":\"https:\\\/\\\/www.mentaymora.com\\\/index.php\\\/producto\\\/sobre-perfumado-unicornio\\\/#primaryimage\"},\"thumbnailUrl\":\"https:\\\/\\\/www.mentaymora.com\\\/wp-content\\\/uploads\\\/2022\\\/04\\\/Sachet-Perfumado-Ambients-Unicorn-Dreams-0136092.jpg\",\"datePublished\":\"2022-04-07T17:37:10+00:00\",\"dateModified\":\"2025-01-12T07:34:30+00:00\",\"description\":\"Sobre perfumado Unicornio. Qu\u00e9 agradable sensaci\u00f3n es abrir un armario o un caj\u00f3n, sacar una prenda y que te sorprenda un delicioso aroma.\",\"breadcrumb\":{\"@id\":\"https:\\\/\\\/www.mentaymora.com\\\/index.php\\\/producto\\\/sobre-perfumado-unicornio\\\/#breadcrumb\"},\"inLanguage\":\"es\",\"potentialAction\":[{\"@type\":\"ReadAction\",\"target\":[\"https:\\\/\\\/www.mentaymora.com\\\/index.php\\\/producto\\\/sobre-perfumado-unicornio\\\/\"]}]},{\"@type\":\"ImageObject\",\"inLanguage\":\"es\",\"@id\":\"https:\\\/\\\/www.mentaymora.com\\\/index.php\\\/producto\\\/sobre-perfumado-unicornio\\\/#primaryimage\",\"url\":\"https:\\\/\\\/www.mentaymora.com\\\/wp-content\\\/uploads\\\/2022\\\/04\\\/Sachet-Perfumado-Ambients-Unicorn-Dreams-0136092.jpg\",\"contentUrl\":\"https:\\\/\\\/www.mentaymora.com\\\/wp-content\\\/uploads\\\/2022\\\/04\\\/Sachet-Perfumado-Ambients-Unicorn-Dreams-0136092.jpg\",\"width\":600,\"height\":600,\"caption\":\"Sachet Perfumado Ambients Unicorn Dreams 0136092\"},{\"@type\":\"BreadcrumbList\",\"@id\":\"https:\\\/\\\/www.mentaymora.com\\\/index.php\\\/producto\\\/sobre-perfumado-unicornio\\\/#breadcrumb\",\"itemListElement\":[{\"@type\":\"ListItem\",\"position\":1,\"name\":\"Portada\",\"item\":\"https:\\\/\\\/www.mentaymora.com\\\/\"},{\"@type\":\"ListItem\",\"position\":2,\"name\":\"Productos\",\"item\":\"https:\\\/\\\/www.mentaymora.com\\\/index.php\\\/tienda\\\/\"},{\"@type\":\"ListItem\",\"position\":3,\"name\":\"Sobre perfumado Unicornio\"}]},{\"@type\":\"WebSite\",\"@id\":\"https:\\\/\\\/www.mentaymora.com\\\/#website\",\"url\":\"https:\\\/\\\/www.mentaymora.com\\\/\",\"name\":\"Menta y Mora\",\"description\":\"Regalos y Complementos\",\"publisher\":{\"@id\":\"https:\\\/\\\/www.mentaymora.com\\\/#organization\"},\"potentialAction\":[{\"@type\":\"SearchAction\",\"target\":{\"@type\":\"EntryPoint\",\"urlTemplate\":\"https:\\\/\\\/www.mentaymora.com\\\/?s={search_term_string}\"},\"query-input\":{\"@type\":\"PropertyValueSpecification\",\"valueRequired\":true,\"valueName\":\"search_term_string\"}}],\"inLanguage\":\"es\"},{\"@type\":\"Organization\",\"@id\":\"https:\\\/\\\/www.mentaymora.com\\\/#organization\",\"name\":\"Menta y Mora\",\"url\":\"https:\\\/\\\/www.mentaymora.com\\\/\",\"logo\":{\"@type\":\"ImageObject\",\"inLanguage\":\"es\",\"@id\":\"https:\\\/\\\/www.mentaymora.com\\\/#\\\/schema\\\/logo\\\/image\\\/\",\"url\":\"https:\\\/\\\/www.mentaymora.com\\\/wp-content\\\/uploads\\\/2021\\\/07\\\/Logo.jpg\",\"contentUrl\":\"https:\\\/\\\/www.mentaymora.com\\\/wp-content\\\/uploads\\\/2021\\\/07\\\/Logo.jpg\",\"width\":1172,\"height\":1172,\"caption\":\"Menta y Mora\"},\"image\":{\"@id\":\"https:\\\/\\\/www.mentaymora.com\\\/#\\\/schema\\\/logo\\\/image\\\/\"},\"sameAs\":[\"https:\\\/\\\/es-es.facebook.com\\\/MentayMora\\\/\",\"https:\\\/\\\/www.instagram.com\\\/mentaymora.illescas\\\/?hl=es\",\"https:\\\/\\\/www.youtube.com\\\/channel\\\/UCuMMtdck_1XS-MyW6ZnBAlw\"]}]}<\/script>\n<!-- \/ Yoast SEO plugin. -->","yoast_head_json":{"title":"Sobre perfumado Unicornio - Menta y Mora - Regalos y Complementos","description":"Sobre perfumado Unicornio. Qu\u00e9 agradable sensaci\u00f3n es abrir un armario o un caj\u00f3n, sacar una prenda y que te sorprenda un delicioso aroma.","robots":{"index":"index","follow":"follow","max-snippet":"max-snippet:-1","max-image-preview":"max-image-preview:large","max-video-preview":"max-video-preview:-1"},"canonical":"https:\/\/www.mentaymora.com\/index.php\/producto\/sobre-perfumado-unicornio\/","og_locale":"es_ES","og_type":"article","og_title":"Sobre perfumado Unicornio - Menta y Mora - Regalos y Complementos","og_description":"Sobre perfumado Unicornio. Qu\u00e9 agradable sensaci\u00f3n es abrir un armario o un caj\u00f3n, sacar una prenda y que te sorprenda un delicioso aroma.","og_url":"https:\/\/www.mentaymora.com\/index.php\/producto\/sobre-perfumado-unicornio\/","og_site_name":"Menta y Mora","article_publisher":"https:\/\/es-es.facebook.com\/MentayMora\/","article_modified_time":"2025-01-12T07:34:30+00:00","og_image":[{"width":600,"height":600,"url":"https:\/\/www.mentaymora.com\/wp-content\/uploads\/2022\/04\/Sachet-Perfumado-Ambients-Unicorn-Dreams-0136092.jpg","type":"image\/jpeg"}],"twitter_card":"summary_large_image","twitter_misc":{"Tiempo de lectura":"2 minutos"},"schema":{"@context":"https:\/\/schema.org","@graph":[{"@type":"WebPage","@id":"https:\/\/www.mentaymora.com\/index.php\/producto\/sobre-perfumado-unicornio\/","url":"https:\/\/www.mentaymora.com\/index.php\/producto\/sobre-perfumado-unicornio\/","name":"Sobre perfumado Unicornio - Menta y Mora - Regalos y Complementos","isPartOf":{"@id":"https:\/\/www.mentaymora.com\/#website"},"primaryImageOfPage":{"@id":"https:\/\/www.mentaymora.com\/index.php\/producto\/sobre-perfumado-unicornio\/#primaryimage"},"image":{"@id":"https:\/\/www.mentaymora.com\/index.php\/producto\/sobre-perfumado-unicornio\/#primaryimage"},"thumbnailUrl":"https:\/\/www.mentaymora.com\/wp-content\/uploads\/2022\/04\/Sachet-Perfumado-Ambients-Unicorn-Dreams-0136092.jpg","datePublished":"2022-04-07T17:37:10+00:00","dateModified":"2025-01-12T07:34:30+00:00","description":"Sobre perfumado Unicornio. Qu\u00e9 agradable sensaci\u00f3n es abrir un armario o un caj\u00f3n, sacar una prenda y que te sorprenda un delicioso aroma.","breadcrumb":{"@id":"https:\/\/www.mentaymora.com\/index.php\/producto\/sobre-perfumado-unicornio\/#breadcrumb"},"inLanguage":"es","potentialAction":[{"@type":"ReadAction","target":["https:\/\/www.mentaymora.com\/index.php\/producto\/sobre-perfumado-unicornio\/"]}]},{"@type":"ImageObject","inLanguage":"es","@id":"https:\/\/www.mentaymora.com\/index.php\/producto\/sobre-perfumado-unicornio\/#primaryimage","url":"https:\/\/www.mentaymora.com\/wp-content\/uploads\/2022\/04\/Sachet-Perfumado-Ambients-Unicorn-Dreams-0136092.jpg","contentUrl":"https:\/\/www.mentaymora.com\/wp-content\/uploads\/2022\/04\/Sachet-Perfumado-Ambients-Unicorn-Dreams-0136092.jpg","width":600,"height":600,"caption":"Sachet Perfumado Ambients Unicorn Dreams 0136092"},{"@type":"BreadcrumbList","@id":"https:\/\/www.mentaymora.com\/index.php\/producto\/sobre-perfumado-unicornio\/#breadcrumb","itemListElement":[{"@type":"ListItem","position":1,"name":"Portada","item":"https:\/\/www.mentaymora.com\/"},{"@type":"ListItem","position":2,"name":"Productos","item":"https:\/\/www.mentaymora.com\/index.php\/tienda\/"},{"@type":"ListItem","position":3,"name":"Sobre perfumado Unicornio"}]},{"@type":"WebSite","@id":"https:\/\/www.mentaymora.com\/#website","url":"https:\/\/www.mentaymora.com\/","name":"Menta y Mora","description":"Regalos y Complementos","publisher":{"@id":"https:\/\/www.mentaymora.com\/#organization"},"potentialAction":[{"@type":"SearchAction","target":{"@type":"EntryPoint","urlTemplate":"https:\/\/www.mentaymora.com\/?s={search_term_string}"},"query-input":{"@type":"PropertyValueSpecification","valueRequired":true,"valueName":"search_term_string"}}],"inLanguage":"es"},{"@type":"Organization","@id":"https:\/\/www.mentaymora.com\/#organization","name":"Menta y Mora","url":"https:\/\/www.mentaymora.com\/","logo":{"@type":"ImageObject","inLanguage":"es","@id":"https:\/\/www.mentaymora.com\/#\/schema\/logo\/image\/","url":"https:\/\/www.mentaymora.com\/wp-content\/uploads\/2021\/07\/Logo.jpg","contentUrl":"https:\/\/www.mentaymora.com\/wp-content\/uploads\/2021\/07\/Logo.jpg","width":1172,"height":1172,"caption":"Menta y Mora"},"image":{"@id":"https:\/\/www.mentaymora.com\/#\/schema\/logo\/image\/"},"sameAs":["https:\/\/es-es.facebook.com\/MentayMora\/","https:\/\/www.instagram.com\/mentaymora.illescas\/?hl=es","https:\/\/www.youtube.com\/channel\/UCuMMtdck_1XS-MyW6ZnBAlw"]}]}},"_links":{"self":[{"href":"https:\/\/www.mentaymora.com\/index.php\/wp-json\/wp\/v2\/product\/8588","targetHints":{"allow":["GET"]}}],"collection":[{"href":"https:\/\/www.mentaymora.com\/index.php\/wp-json\/wp\/v2\/product"}],"about":[{"href":"https:\/\/www.mentaymora.com\/index.php\/wp-json\/wp\/v2\/types\/product"}],"replies":[{"embeddable":true,"href":"https:\/\/www.mentaymora.com\/index.php\/wp-json\/wp\/v2\/comments?post=8588"}],"wp:featuredmedia":[{"embeddable":true,"href":"https:\/\/www.mentaymora.com\/index.php\/wp-json\/wp\/v2\/media\/8586"}],"wp:attachment":[{"href":"https:\/\/www.mentaymora.com\/index.php\/wp-json\/wp\/v2\/media?parent=8588"}],"wp:term":[{"taxonomy":"product_brand","embeddable":true,"href":"https:\/\/www.mentaymora.com\/index.php\/wp-json\/wp\/v2\/product_brand?post=8588"},{"taxonomy":"product_cat","embeddable":true,"href":"https:\/\/www.mentaymora.com\/index.php\/wp-json\/wp\/v2\/product_cat?post=8588"},{"taxonomy":"product_tag","embeddable":true,"href":"https:\/\/www.mentaymora.com\/index.php\/wp-json\/wp\/v2\/product_tag?post=8588"}],"curies":[{"name":"wp","href":"https:\/\/api.w.org\/{rel}","templated":true}]}}