{"id":8883,"date":"2022-05-16T17:30:27","date_gmt":"2022-05-16T16:30:27","guid":{"rendered":"https:\/\/www.mentaymora.com\/?post_type=product&#038;p=8883"},"modified":"2024-05-21T18:48:38","modified_gmt":"2024-05-21T17:48:38","slug":"taza-personalizada-gracias-profe-300ml","status":"publish","type":"product","link":"https:\/\/www.mentaymora.com\/index.php\/producto\/taza-personalizada-gracias-profe-300ml\/","title":{"rendered":"Taza PERSONALIZADA \u00abGRACIAS PROFE\u00bb 300ml"},"content":{"rendered":"<p>Taza PERSONALIZADA \u00abGRACIAS PROFE\u00bb 300ml<\/p>\n<p><b>Regalar tazas personalizadas a los profes es una forma de que pueda recordar a todos y cada uno de los alumnos que ha tenido durante el curso. <\/b><\/p>\n<p style=\"line-height: 115%;\"><b>Un detalle pr\u00e1ctico y econ\u00f3mico.<\/b><\/p>\n<p style=\"line-height: 115%;\"><span style=\"font-family: 'Calibri','sans-serif'; color: black;\">&#8211; Taza de cer\u00e1mica Calidad AAA.<\/span><\/p>\n<p style=\"line-height: 115%;\"><span style=\"font-family: 'Calibri','sans-serif'; color: black;\">&#8211; Capacidad: 330 ml.<\/span><\/p>\n<p style=\"line-height: 115%;\"><span style=\"color: #222222;\">&#8211; Tama\u00f1o de la taza:\u00a0<b>80\u00d8 X 95mm.<\/b><\/span><\/p>\n<p style=\"margin: 0cm; margin-bottom: .0001pt; line-height: 115%; background: white;\"><span style=\"font-family: 'Calibri','sans-serif'; color: black;\">&#8211; Impresi\u00f3n n\u00edtida a todo color mediante t\u00e9cnica de sublimaci\u00f3n.<\/span><\/p>\n<p style=\"margin: 0cm; margin-bottom: .0001pt; line-height: 115%; background: white;\"><span style=\"font-family: 'Calibri','sans-serif'; color: black;\">&#8211; Apta para lavavajillas<\/span><\/p>\n<p style=\"margin: 0cm; margin-bottom: .0001pt; line-height: 115%; background: white; word-spacing: 0px;\"><span style=\"font-family: 'Calibri','sans-serif'; color: black;\">&#8211; Apta para microondas.<\/span><\/p>\n<p style=\"line-height: 115%;\">Si te resulta m\u00e1s f\u00e1cil, una vez que hayas terminado la compra, puedes enviarnos un mail a <a href=\"mailto:illescas@mentaymora.com\">illescas@mentaymora.com<\/a> escribi\u00e9ndonos los datos que necesitamos para la personalizaci\u00f3n.<\/p>\n<p><b>Entrega en 4 d\u00edas h\u00e1biles<\/b><\/p>\n<p>Taza PERSONALIZADA \u00abGRACIAS PROFE\u00bb 300ml<\/p>\n<div class=\"woocommerce-tabs wc-tabs-wrapper\">\n<div id=\"tab-description\" class=\"woocommerce-Tabs-panel woocommerce-Tabs-panel--description panel entry-content wc-tab\" role=\"tabpanel\" aria-labelledby=\"tab-title-description\">\n<p>Visita\u00a0<a href=\"https:\/\/www.mentaymora.com\/\">Menta y Mora<\/a>\u00a0para hacer tus regalos.<\/p>\n<p>S\u00edguenos en nuestras RRSS (<a href=\"https:\/\/es-es.facebook.com\/MentayMora\/\">Facebook<\/a>\u00a0e\u00a0<a href=\"https:\/\/www.instagram.com\/mentaymora.illescas\/?hl=es\">Instagram<\/a>)<\/p>\n<p>Si tienes alguna consulta,\u00a0<a href=\"mailto:%20info@mentaymora.com\">preg\u00fantanos<\/a>.<\/p>\n<\/div>\n<\/div>\n<section class=\"related products\"><\/section>\n","protected":false},"excerpt":{"rendered":"<p><b>Regalar tazas personalizadas a los profes es una forma de que pueda recordar a todos y cada uno de los alumnos que ha tenido durante el curso. <\/b><\/p>\n<p style=\"line-height: 115%;\"><b>Un detalle pr\u00e1ctico y econ\u00f3mico.<\/b><\/p>\n","protected":false},"featured_media":8887,"comment_status":"open","ping_status":"closed","template":"","meta":{"_acf_changed":false,"_joinchat":[]},"product_brand":[],"product_cat":[1228],"product_tag":[],"class_list":{"0":"post-8883","1":"product","2":"type-product","3":"status-publish","4":"has-post-thumbnail","6":"product_cat-profes","7":"latest_post","9":"first","10":"instock","11":"featured","12":"taxable","13":"shipping-taxable","14":"purchasable","15":"product-type-simple"},"acf":[],"yoast_head":"<!-- This site is optimized with the Yoast SEO plugin v27.3 - https:\/\/yoast.com\/product\/yoast-seo-wordpress\/ -->\n<title>Taza PERSONALIZADA &quot;GRACIAS PROFE&quot; 300ml - Menta y Mora<\/title>\n<meta name=\"description\" content=\"Taza PERSONALIZADA &quot;GRACIAS PROFE&quot; 300ml Regalar tazas personalizadas a los profes es una forma de que pueda recordar a todos y cada uno de\" \/>\n<meta name=\"robots\" content=\"index, follow, max-snippet:-1, max-image-preview:large, max-video-preview:-1\" \/>\n<link rel=\"canonical\" href=\"https:\/\/www.mentaymora.com\/index.php\/producto\/taza-personalizada-gracias-profe-300ml\/\" \/>\n<meta property=\"og:locale\" content=\"es_ES\" \/>\n<meta property=\"og:type\" content=\"article\" \/>\n<meta property=\"og:title\" content=\"Taza PERSONALIZADA &quot;GRACIAS PROFE&quot; 300ml - Menta y Mora\" \/>\n<meta property=\"og:description\" content=\"Taza PERSONALIZADA &quot;GRACIAS PROFE&quot; 300ml Regalar tazas personalizadas a los profes es una forma de que pueda recordar a todos y cada uno de\" \/>\n<meta property=\"og:url\" content=\"https:\/\/www.mentaymora.com\/index.php\/producto\/taza-personalizada-gracias-profe-300ml\/\" \/>\n<meta property=\"og:site_name\" content=\"Menta y Mora\" \/>\n<meta property=\"article:publisher\" content=\"https:\/\/es-es.facebook.com\/MentayMora\/\" \/>\n<meta property=\"article:modified_time\" content=\"2024-05-21T17:48:38+00:00\" \/>\n<meta property=\"og:image\" content=\"https:\/\/www.mentaymora.com\/wp-content\/uploads\/2022\/05\/Taza-Profe-1.jpg\" \/>\n\t<meta property=\"og:image:width\" content=\"600\" \/>\n\t<meta property=\"og:image:height\" content=\"600\" \/>\n\t<meta property=\"og:image:type\" content=\"image\/jpeg\" \/>\n<meta name=\"twitter:card\" content=\"summary_large_image\" \/>\n<meta name=\"twitter:label1\" content=\"Tiempo de lectura\" \/>\n\t<meta name=\"twitter:data1\" content=\"1 minuto\" \/>\n<script type=\"application\/ld+json\" class=\"yoast-schema-graph\">{\"@context\":\"https:\\\/\\\/schema.org\",\"@graph\":[{\"@type\":\"WebPage\",\"@id\":\"https:\\\/\\\/www.mentaymora.com\\\/index.php\\\/producto\\\/taza-personalizada-gracias-profe-300ml\\\/\",\"url\":\"https:\\\/\\\/www.mentaymora.com\\\/index.php\\\/producto\\\/taza-personalizada-gracias-profe-300ml\\\/\",\"name\":\"Taza PERSONALIZADA \\\"GRACIAS PROFE\\\" 300ml - Menta y Mora\",\"isPartOf\":{\"@id\":\"https:\\\/\\\/www.mentaymora.com\\\/#website\"},\"primaryImageOfPage\":{\"@id\":\"https:\\\/\\\/www.mentaymora.com\\\/index.php\\\/producto\\\/taza-personalizada-gracias-profe-300ml\\\/#primaryimage\"},\"image\":{\"@id\":\"https:\\\/\\\/www.mentaymora.com\\\/index.php\\\/producto\\\/taza-personalizada-gracias-profe-300ml\\\/#primaryimage\"},\"thumbnailUrl\":\"https:\\\/\\\/www.mentaymora.com\\\/wp-content\\\/uploads\\\/2022\\\/05\\\/Taza-Profe-1.jpg\",\"datePublished\":\"2022-05-16T16:30:27+00:00\",\"dateModified\":\"2024-05-21T17:48:38+00:00\",\"description\":\"Taza PERSONALIZADA \\\"GRACIAS PROFE\\\" 300ml Regalar tazas personalizadas a los profes es una forma de que pueda recordar a todos y cada uno de\",\"breadcrumb\":{\"@id\":\"https:\\\/\\\/www.mentaymora.com\\\/index.php\\\/producto\\\/taza-personalizada-gracias-profe-300ml\\\/#breadcrumb\"},\"inLanguage\":\"es\",\"potentialAction\":[{\"@type\":\"ReadAction\",\"target\":[\"https:\\\/\\\/www.mentaymora.com\\\/index.php\\\/producto\\\/taza-personalizada-gracias-profe-300ml\\\/\"]}]},{\"@type\":\"ImageObject\",\"inLanguage\":\"es\",\"@id\":\"https:\\\/\\\/www.mentaymora.com\\\/index.php\\\/producto\\\/taza-personalizada-gracias-profe-300ml\\\/#primaryimage\",\"url\":\"https:\\\/\\\/www.mentaymora.com\\\/wp-content\\\/uploads\\\/2022\\\/05\\\/Taza-Profe-1.jpg\",\"contentUrl\":\"https:\\\/\\\/www.mentaymora.com\\\/wp-content\\\/uploads\\\/2022\\\/05\\\/Taza-Profe-1.jpg\",\"width\":600,\"height\":600,\"caption\":\"Taza Profe 1\"},{\"@type\":\"BreadcrumbList\",\"@id\":\"https:\\\/\\\/www.mentaymora.com\\\/index.php\\\/producto\\\/taza-personalizada-gracias-profe-300ml\\\/#breadcrumb\",\"itemListElement\":[{\"@type\":\"ListItem\",\"position\":1,\"name\":\"Portada\",\"item\":\"https:\\\/\\\/www.mentaymora.com\\\/\"},{\"@type\":\"ListItem\",\"position\":2,\"name\":\"Productos\",\"item\":\"https:\\\/\\\/www.mentaymora.com\\\/index.php\\\/tienda\\\/\"},{\"@type\":\"ListItem\",\"position\":3,\"name\":\"Taza PERSONALIZADA \u00abGRACIAS PROFE\u00bb 300ml\"}]},{\"@type\":\"WebSite\",\"@id\":\"https:\\\/\\\/www.mentaymora.com\\\/#website\",\"url\":\"https:\\\/\\\/www.mentaymora.com\\\/\",\"name\":\"Menta y Mora\",\"description\":\"Regalos y Complementos\",\"publisher\":{\"@id\":\"https:\\\/\\\/www.mentaymora.com\\\/#organization\"},\"potentialAction\":[{\"@type\":\"SearchAction\",\"target\":{\"@type\":\"EntryPoint\",\"urlTemplate\":\"https:\\\/\\\/www.mentaymora.com\\\/?s={search_term_string}\"},\"query-input\":{\"@type\":\"PropertyValueSpecification\",\"valueRequired\":true,\"valueName\":\"search_term_string\"}}],\"inLanguage\":\"es\"},{\"@type\":\"Organization\",\"@id\":\"https:\\\/\\\/www.mentaymora.com\\\/#organization\",\"name\":\"Menta y Mora\",\"url\":\"https:\\\/\\\/www.mentaymora.com\\\/\",\"logo\":{\"@type\":\"ImageObject\",\"inLanguage\":\"es\",\"@id\":\"https:\\\/\\\/www.mentaymora.com\\\/#\\\/schema\\\/logo\\\/image\\\/\",\"url\":\"https:\\\/\\\/www.mentaymora.com\\\/wp-content\\\/uploads\\\/2021\\\/07\\\/Logo.jpg\",\"contentUrl\":\"https:\\\/\\\/www.mentaymora.com\\\/wp-content\\\/uploads\\\/2021\\\/07\\\/Logo.jpg\",\"width\":1172,\"height\":1172,\"caption\":\"Menta y Mora\"},\"image\":{\"@id\":\"https:\\\/\\\/www.mentaymora.com\\\/#\\\/schema\\\/logo\\\/image\\\/\"},\"sameAs\":[\"https:\\\/\\\/es-es.facebook.com\\\/MentayMora\\\/\",\"https:\\\/\\\/www.instagram.com\\\/mentaymora.illescas\\\/?hl=es\",\"https:\\\/\\\/www.youtube.com\\\/channel\\\/UCuMMtdck_1XS-MyW6ZnBAlw\"]}]}<\/script>\n<!-- \/ Yoast SEO plugin. -->","yoast_head_json":{"title":"Taza PERSONALIZADA \"GRACIAS PROFE\" 300ml - Menta y Mora","description":"Taza PERSONALIZADA \"GRACIAS PROFE\" 300ml Regalar tazas personalizadas a los profes es una forma de que pueda recordar a todos y cada uno de","robots":{"index":"index","follow":"follow","max-snippet":"max-snippet:-1","max-image-preview":"max-image-preview:large","max-video-preview":"max-video-preview:-1"},"canonical":"https:\/\/www.mentaymora.com\/index.php\/producto\/taza-personalizada-gracias-profe-300ml\/","og_locale":"es_ES","og_type":"article","og_title":"Taza PERSONALIZADA \"GRACIAS PROFE\" 300ml - Menta y Mora","og_description":"Taza PERSONALIZADA \"GRACIAS PROFE\" 300ml Regalar tazas personalizadas a los profes es una forma de que pueda recordar a todos y cada uno de","og_url":"https:\/\/www.mentaymora.com\/index.php\/producto\/taza-personalizada-gracias-profe-300ml\/","og_site_name":"Menta y Mora","article_publisher":"https:\/\/es-es.facebook.com\/MentayMora\/","article_modified_time":"2024-05-21T17:48:38+00:00","og_image":[{"width":600,"height":600,"url":"https:\/\/www.mentaymora.com\/wp-content\/uploads\/2022\/05\/Taza-Profe-1.jpg","type":"image\/jpeg"}],"twitter_card":"summary_large_image","twitter_misc":{"Tiempo de lectura":"1 minuto"},"schema":{"@context":"https:\/\/schema.org","@graph":[{"@type":"WebPage","@id":"https:\/\/www.mentaymora.com\/index.php\/producto\/taza-personalizada-gracias-profe-300ml\/","url":"https:\/\/www.mentaymora.com\/index.php\/producto\/taza-personalizada-gracias-profe-300ml\/","name":"Taza PERSONALIZADA \"GRACIAS PROFE\" 300ml - Menta y Mora","isPartOf":{"@id":"https:\/\/www.mentaymora.com\/#website"},"primaryImageOfPage":{"@id":"https:\/\/www.mentaymora.com\/index.php\/producto\/taza-personalizada-gracias-profe-300ml\/#primaryimage"},"image":{"@id":"https:\/\/www.mentaymora.com\/index.php\/producto\/taza-personalizada-gracias-profe-300ml\/#primaryimage"},"thumbnailUrl":"https:\/\/www.mentaymora.com\/wp-content\/uploads\/2022\/05\/Taza-Profe-1.jpg","datePublished":"2022-05-16T16:30:27+00:00","dateModified":"2024-05-21T17:48:38+00:00","description":"Taza PERSONALIZADA \"GRACIAS PROFE\" 300ml Regalar tazas personalizadas a los profes es una forma de que pueda recordar a todos y cada uno de","breadcrumb":{"@id":"https:\/\/www.mentaymora.com\/index.php\/producto\/taza-personalizada-gracias-profe-300ml\/#breadcrumb"},"inLanguage":"es","potentialAction":[{"@type":"ReadAction","target":["https:\/\/www.mentaymora.com\/index.php\/producto\/taza-personalizada-gracias-profe-300ml\/"]}]},{"@type":"ImageObject","inLanguage":"es","@id":"https:\/\/www.mentaymora.com\/index.php\/producto\/taza-personalizada-gracias-profe-300ml\/#primaryimage","url":"https:\/\/www.mentaymora.com\/wp-content\/uploads\/2022\/05\/Taza-Profe-1.jpg","contentUrl":"https:\/\/www.mentaymora.com\/wp-content\/uploads\/2022\/05\/Taza-Profe-1.jpg","width":600,"height":600,"caption":"Taza Profe 1"},{"@type":"BreadcrumbList","@id":"https:\/\/www.mentaymora.com\/index.php\/producto\/taza-personalizada-gracias-profe-300ml\/#breadcrumb","itemListElement":[{"@type":"ListItem","position":1,"name":"Portada","item":"https:\/\/www.mentaymora.com\/"},{"@type":"ListItem","position":2,"name":"Productos","item":"https:\/\/www.mentaymora.com\/index.php\/tienda\/"},{"@type":"ListItem","position":3,"name":"Taza PERSONALIZADA \u00abGRACIAS PROFE\u00bb 300ml"}]},{"@type":"WebSite","@id":"https:\/\/www.mentaymora.com\/#website","url":"https:\/\/www.mentaymora.com\/","name":"Menta y Mora","description":"Regalos y Complementos","publisher":{"@id":"https:\/\/www.mentaymora.com\/#organization"},"potentialAction":[{"@type":"SearchAction","target":{"@type":"EntryPoint","urlTemplate":"https:\/\/www.mentaymora.com\/?s={search_term_string}"},"query-input":{"@type":"PropertyValueSpecification","valueRequired":true,"valueName":"search_term_string"}}],"inLanguage":"es"},{"@type":"Organization","@id":"https:\/\/www.mentaymora.com\/#organization","name":"Menta y Mora","url":"https:\/\/www.mentaymora.com\/","logo":{"@type":"ImageObject","inLanguage":"es","@id":"https:\/\/www.mentaymora.com\/#\/schema\/logo\/image\/","url":"https:\/\/www.mentaymora.com\/wp-content\/uploads\/2021\/07\/Logo.jpg","contentUrl":"https:\/\/www.mentaymora.com\/wp-content\/uploads\/2021\/07\/Logo.jpg","width":1172,"height":1172,"caption":"Menta y Mora"},"image":{"@id":"https:\/\/www.mentaymora.com\/#\/schema\/logo\/image\/"},"sameAs":["https:\/\/es-es.facebook.com\/MentayMora\/","https:\/\/www.instagram.com\/mentaymora.illescas\/?hl=es","https:\/\/www.youtube.com\/channel\/UCuMMtdck_1XS-MyW6ZnBAlw"]}]}},"_links":{"self":[{"href":"https:\/\/www.mentaymora.com\/index.php\/wp-json\/wp\/v2\/product\/8883","targetHints":{"allow":["GET"]}}],"collection":[{"href":"https:\/\/www.mentaymora.com\/index.php\/wp-json\/wp\/v2\/product"}],"about":[{"href":"https:\/\/www.mentaymora.com\/index.php\/wp-json\/wp\/v2\/types\/product"}],"replies":[{"embeddable":true,"href":"https:\/\/www.mentaymora.com\/index.php\/wp-json\/wp\/v2\/comments?post=8883"}],"wp:featuredmedia":[{"embeddable":true,"href":"https:\/\/www.mentaymora.com\/index.php\/wp-json\/wp\/v2\/media\/8887"}],"wp:attachment":[{"href":"https:\/\/www.mentaymora.com\/index.php\/wp-json\/wp\/v2\/media?parent=8883"}],"wp:term":[{"taxonomy":"product_brand","embeddable":true,"href":"https:\/\/www.mentaymora.com\/index.php\/wp-json\/wp\/v2\/product_brand?post=8883"},{"taxonomy":"product_cat","embeddable":true,"href":"https:\/\/www.mentaymora.com\/index.php\/wp-json\/wp\/v2\/product_cat?post=8883"},{"taxonomy":"product_tag","embeddable":true,"href":"https:\/\/www.mentaymora.com\/index.php\/wp-json\/wp\/v2\/product_tag?post=8883"}],"curies":[{"name":"wp","href":"https:\/\/api.w.org\/{rel}","templated":true}]}}