{"id":9120,"date":"2022-06-13T18:25:05","date_gmt":"2022-06-13T17:25:05","guid":{"rendered":"https:\/\/www.mentaymora.com\/?post_type=product&#038;p=9120"},"modified":"2022-10-31T18:40:03","modified_gmt":"2022-10-31T17:40:03","slug":"champu-natural-para-barba-300ml","status":"publish","type":"product","link":"https:\/\/www.mentaymora.com\/index.php\/producto\/champu-natural-para-barba-300ml\/","title":{"rendered":"Champ\u00fa Natural para Barba 300ml"},"content":{"rendered":"<p>Champ\u00fa Natural para Barba 300ml<\/p>\n<p style=\"background: white; text-align: justify;\"><b><span style=\"font-size: 10.5pt; font-family: 'Verdana','sans-serif'; color: black;\">Champ\u00fa para Barba y Bigote SYS\u00a0<\/span><\/b><span style=\"font-size: 10.5pt; font-family: 'Verdana','sans-serif'; color: black;\">ha sido formulado con cal\u00e9ndula, aloe vera y pantenol. Un producto para el\u00a0<b>cuidado de la barba,<\/b>\u00a0ha sido dise\u00f1ado para tener cada d\u00eda la barba limpia, suave y brillante. Hidrata y protege la piel y la barba de los agentes externos y la contaminaci\u00f3n.<\/p>\n<p>Re\u00fane las propiedades de los principios activos que la componen: Cal\u00e9ndula, Aloe Vera y Pantenol.<\/p>\n<p>La\u00a0<b>Cal\u00e9ndula<\/b>\u00a0ayuda a regenerar y nutrir el\u00a0<b>vello facial<\/b>, ideal para las pieles sensibles. Posee propiedades\u00a0<b>antiinflamatorias, analg\u00e9sicas y bactericidas<\/b>. La cal\u00e9ndula tambi\u00e9n es efectiva en el alivio de las quemaduras solares, como cicatrizante y calmante cut\u00e1neo. Suaviza pieles resecas, elimina escamas y previene l\u00edneas de deshidrataci\u00f3n.<\/p>\n<p>El\u00a0<b>Aloe Vera\u00a0<\/b>es un excelente limpiador y antis\u00e9ptico natural, es fungicida y antiinflamatorio, altamente nutritivo para la piel. Destaca por su gran poder\u00a0<b>regenerador celular, ayudar a la cicatrizaci\u00f3n de las peque\u00f1as heridas y es un potente tonificador<\/b>. Adem\u00e1s, expulsa al exterior las bacterias y los dep\u00f3sitos de grasa que taponan los\u00a0<b>fol\u00edculos pilosos<\/b>\u00a0de la piel.<\/p>\n<p>Por \u00faltimo, el\u00a0<b>Pantenol\u00a0<\/b>es una vitamina esencial para nuestro cuerpo. Destaca por sus propiedades calmantes y restauradoras, que evitan el da\u00f1o de la piel y es un excelente aliado\u00a0<b>para el cuidado de pieles sensibles<\/b>. Adem\u00e1s, aporta una gran hidrataci\u00f3n a la piel.<\/p>\n<p>Este producto especialmente dise\u00f1ado para los\u00a0<b>hombres con barba\u00a0<\/b>es un aliado perfecto para mantener siempre una\u00a0<b>barba sana<\/b>, cuidando la piel y el cuero cabelludo si decides aplicarlo tambi\u00e9n en tu pelo. Por sus propiedades calmantes, tonificantes y nutritivas, obtienes una sensaci\u00f3n de alivio con una barba totalmente hidratada y suave.<\/p>\n<p>Combina este producto con el\u00a0<a href=\"https:\/\/www.laboratoriosys.es\/producto\/aceite-barba\/\"><b><span style=\"color: #555555; text-decoration: none; text-underline: none;\">aceite para barba<\/span><\/b><\/a>\u00a0y el\u00a0<a href=\"https:\/\/www.laboratoriosys.es\/?s=gel+ducha&amp;post_type=product\"><b><span style=\"color: #555555; text-decoration: none; text-underline: none;\">gel de ducha<\/span><\/b><\/a>\u00a0que tu quieras para tener un rutina completa para tu cuidado.<\/p>\n<p><b>MODO DE EMPLEO<\/b><\/span><\/p>\n<p style=\"background: white;\"><span style=\"font-size: 10.5pt; font-family: 'Verdana','sans-serif'; color: black;\">Aplicar una peque\u00f1a cantidad en la barba, masajear hasta obtener abundante espuma y aclarar. Evitar contacto con los ojos.<\/span><\/p>\n<p style=\"margin-bottom: 7.5pt; background: white;\"><i><span style=\"font-size: 10.5pt; font-family: 'Verdana','sans-serif'; color: black;\">El Champ\u00fa Barba y Bigote SYS\u00a0<b>contiene un alto porcentaje de los principios activos que la componen<\/b>. <\/span><\/i><\/p>\n<p style=\"margin-bottom: 7.5pt; background: white;\"><i><span style=\"font-size: 10.5pt; font-family: 'Verdana','sans-serif'; color: black;\">Producto natural. Sin al\u00e9rgenos ni parabenos.<\/span><\/i><\/p>\n<p style=\"margin-bottom: 7.5pt; background: white;\"><i><span style=\"font-size: 10.5pt; font-family: 'Verdana','sans-serif'; color: black;\">Apta para todo tipo de pieles. Testada dermatol\u00f3gicamente. Producto fabricado en Espa\u00f1a.<\/span><\/i><\/p>\n<p>&nbsp;<\/p>\n<p>Champ\u00fa Natural para Barba 300ml<\/p>\n<p>Cuida tu piel con <a href=\"https:\/\/www.mentaymora.com\/\">Menta y Mora<\/a> .<\/p>\n<p>S\u00edguenos en nuestras RRSS (<a href=\"https:\/\/es-es.facebook.com\/MentayMora\/\">Facebook<\/a>\u00a0e\u00a0<a href=\"https:\/\/www.instagram.com\/mentaymora.illescas\/?hl=es\">Instagram<\/a>)<\/p>\n<p>Si tienes alguna consulta,\u00a0<a href=\"mailto:%20info@mentaymora.com\">preg\u00fantanos<\/a>.<\/p>\n","protected":false},"excerpt":{"rendered":"<p style=\"margin-bottom: 7.5pt; background: white;\"><i><span style=\"font-size: 10.5pt; font-family: 'Verdana','sans-serif'; color: black;\">El Champ\u00fa Barba y Bigote SYS\u00a0<b>contiene un alto porcentaje de los principios activos que la componen<\/b>. <\/span><\/i><\/p>\n<p style=\"margin-bottom: 7.5pt; background: white;\"><i><span style=\"font-size: 10.5pt; font-family: 'Verdana','sans-serif'; color: black;\">Producto natural. Sin al\u00e9rgenos ni parabenos.<\/span><\/i><\/p>\n<p style=\"margin-bottom: 7.5pt; background: white;\"><i><span style=\"font-size: 10.5pt; font-family: 'Verdana','sans-serif'; color: black;\">Apta para todo tipo de pieles. Testada dermatol\u00f3gicamente. Producto fabricado en Espa\u00f1a.<\/span><\/i><\/p>\n","protected":false},"featured_media":9126,"comment_status":"open","ping_status":"closed","template":"","meta":{"_acf_changed":false,"_joinchat":[]},"product_brand":[],"product_cat":[1108],"product_tag":[1106,1107],"class_list":{"0":"post-9120","1":"product","2":"type-product","3":"status-publish","4":"has-post-thumbnail","6":"product_cat-cuidado-barba","7":"product_tag-barba","8":"product_tag-bigote","9":"latest_post","11":"first","12":"instock","13":"taxable","14":"shipping-taxable","15":"purchasable","16":"product-type-simple"},"acf":[],"yoast_head":"<!-- This site is optimized with the Yoast SEO plugin v27.4 - https:\/\/yoast.com\/product\/yoast-seo-wordpress\/ -->\n<title>Champ\u00fa Natural para Barba 300ml - Menta y Mora - Regalos y...<\/title>\n<meta name=\"description\" content=\"Champ\u00fa Natural para Barba 300ml Champ\u00fa para Barba y Bigote SYS\u00a0ha sido formulado con cal\u00e9ndula, aloe vera y pantenol. Un producto para el\u00a0\" \/>\n<meta name=\"robots\" content=\"index, follow, max-snippet:-1, max-image-preview:large, max-video-preview:-1\" \/>\n<link rel=\"canonical\" href=\"https:\/\/www.mentaymora.com\/index.php\/producto\/champu-natural-para-barba-300ml\/\" \/>\n<meta property=\"og:locale\" content=\"es_ES\" \/>\n<meta property=\"og:type\" content=\"article\" \/>\n<meta property=\"og:title\" content=\"Champ\u00fa Natural para Barba 300ml - Menta y Mora - Regalos y...\" \/>\n<meta property=\"og:description\" content=\"Champ\u00fa Natural para Barba 300ml Champ\u00fa para Barba y Bigote SYS\u00a0ha sido formulado con cal\u00e9ndula, aloe vera y pantenol. Un producto para el\u00a0\" \/>\n<meta property=\"og:url\" content=\"https:\/\/www.mentaymora.com\/index.php\/producto\/champu-natural-para-barba-300ml\/\" \/>\n<meta property=\"og:site_name\" content=\"Menta y Mora\" \/>\n<meta property=\"article:publisher\" content=\"https:\/\/es-es.facebook.com\/MentayMora\/\" \/>\n<meta property=\"article:modified_time\" content=\"2022-10-31T17:40:03+00:00\" \/>\n<meta property=\"og:image\" content=\"https:\/\/www.mentaymora.com\/wp-content\/uploads\/2022\/06\/Champu-Barba-SyS.jpg\" \/>\n\t<meta property=\"og:image:width\" content=\"600\" \/>\n\t<meta property=\"og:image:height\" content=\"600\" \/>\n\t<meta property=\"og:image:type\" content=\"image\/jpeg\" \/>\n<meta name=\"twitter:card\" content=\"summary_large_image\" \/>\n<meta name=\"twitter:label1\" content=\"Tiempo de lectura\" \/>\n\t<meta name=\"twitter:data1\" content=\"2 minutos\" \/>\n<script type=\"application\/ld+json\" class=\"yoast-schema-graph\">{\"@context\":\"https:\\\/\\\/schema.org\",\"@graph\":[{\"@type\":\"WebPage\",\"@id\":\"https:\\\/\\\/www.mentaymora.com\\\/index.php\\\/producto\\\/champu-natural-para-barba-300ml\\\/\",\"url\":\"https:\\\/\\\/www.mentaymora.com\\\/index.php\\\/producto\\\/champu-natural-para-barba-300ml\\\/\",\"name\":\"Champ\u00fa Natural para Barba 300ml - Menta y Mora - Regalos y...\",\"isPartOf\":{\"@id\":\"https:\\\/\\\/www.mentaymora.com\\\/#website\"},\"primaryImageOfPage\":{\"@id\":\"https:\\\/\\\/www.mentaymora.com\\\/index.php\\\/producto\\\/champu-natural-para-barba-300ml\\\/#primaryimage\"},\"image\":{\"@id\":\"https:\\\/\\\/www.mentaymora.com\\\/index.php\\\/producto\\\/champu-natural-para-barba-300ml\\\/#primaryimage\"},\"thumbnailUrl\":\"https:\\\/\\\/www.mentaymora.com\\\/wp-content\\\/uploads\\\/2022\\\/06\\\/Champu-Barba-SyS.jpg\",\"datePublished\":\"2022-06-13T17:25:05+00:00\",\"dateModified\":\"2022-10-31T17:40:03+00:00\",\"description\":\"Champ\u00fa Natural para Barba 300ml Champ\u00fa para Barba y Bigote SYS\u00a0ha sido formulado con cal\u00e9ndula, aloe vera y pantenol. Un producto para el\u00a0\",\"breadcrumb\":{\"@id\":\"https:\\\/\\\/www.mentaymora.com\\\/index.php\\\/producto\\\/champu-natural-para-barba-300ml\\\/#breadcrumb\"},\"inLanguage\":\"es\",\"potentialAction\":[{\"@type\":\"ReadAction\",\"target\":[\"https:\\\/\\\/www.mentaymora.com\\\/index.php\\\/producto\\\/champu-natural-para-barba-300ml\\\/\"]}]},{\"@type\":\"ImageObject\",\"inLanguage\":\"es\",\"@id\":\"https:\\\/\\\/www.mentaymora.com\\\/index.php\\\/producto\\\/champu-natural-para-barba-300ml\\\/#primaryimage\",\"url\":\"https:\\\/\\\/www.mentaymora.com\\\/wp-content\\\/uploads\\\/2022\\\/06\\\/Champu-Barba-SyS.jpg\",\"contentUrl\":\"https:\\\/\\\/www.mentaymora.com\\\/wp-content\\\/uploads\\\/2022\\\/06\\\/Champu-Barba-SyS.jpg\",\"width\":600,\"height\":600,\"caption\":\"Champu Barba SyS\"},{\"@type\":\"BreadcrumbList\",\"@id\":\"https:\\\/\\\/www.mentaymora.com\\\/index.php\\\/producto\\\/champu-natural-para-barba-300ml\\\/#breadcrumb\",\"itemListElement\":[{\"@type\":\"ListItem\",\"position\":1,\"name\":\"Portada\",\"item\":\"https:\\\/\\\/www.mentaymora.com\\\/\"},{\"@type\":\"ListItem\",\"position\":2,\"name\":\"Productos\",\"item\":\"https:\\\/\\\/www.mentaymora.com\\\/index.php\\\/tienda\\\/\"},{\"@type\":\"ListItem\",\"position\":3,\"name\":\"Champ\u00fa Natural para Barba 300ml\"}]},{\"@type\":\"WebSite\",\"@id\":\"https:\\\/\\\/www.mentaymora.com\\\/#website\",\"url\":\"https:\\\/\\\/www.mentaymora.com\\\/\",\"name\":\"Menta y Mora\",\"description\":\"Regalos y Complementos\",\"publisher\":{\"@id\":\"https:\\\/\\\/www.mentaymora.com\\\/#organization\"},\"potentialAction\":[{\"@type\":\"SearchAction\",\"target\":{\"@type\":\"EntryPoint\",\"urlTemplate\":\"https:\\\/\\\/www.mentaymora.com\\\/?s={search_term_string}\"},\"query-input\":{\"@type\":\"PropertyValueSpecification\",\"valueRequired\":true,\"valueName\":\"search_term_string\"}}],\"inLanguage\":\"es\"},{\"@type\":\"Organization\",\"@id\":\"https:\\\/\\\/www.mentaymora.com\\\/#organization\",\"name\":\"Menta y Mora\",\"url\":\"https:\\\/\\\/www.mentaymora.com\\\/\",\"logo\":{\"@type\":\"ImageObject\",\"inLanguage\":\"es\",\"@id\":\"https:\\\/\\\/www.mentaymora.com\\\/#\\\/schema\\\/logo\\\/image\\\/\",\"url\":\"https:\\\/\\\/www.mentaymora.com\\\/wp-content\\\/uploads\\\/2021\\\/07\\\/Logo.jpg\",\"contentUrl\":\"https:\\\/\\\/www.mentaymora.com\\\/wp-content\\\/uploads\\\/2021\\\/07\\\/Logo.jpg\",\"width\":1172,\"height\":1172,\"caption\":\"Menta y Mora\"},\"image\":{\"@id\":\"https:\\\/\\\/www.mentaymora.com\\\/#\\\/schema\\\/logo\\\/image\\\/\"},\"sameAs\":[\"https:\\\/\\\/es-es.facebook.com\\\/MentayMora\\\/\",\"https:\\\/\\\/www.instagram.com\\\/mentaymora.illescas\\\/?hl=es\",\"https:\\\/\\\/www.youtube.com\\\/channel\\\/UCuMMtdck_1XS-MyW6ZnBAlw\"]}]}<\/script>\n<!-- \/ Yoast SEO plugin. -->","yoast_head_json":{"title":"Champ\u00fa Natural para Barba 300ml - Menta y Mora - Regalos y...","description":"Champ\u00fa Natural para Barba 300ml Champ\u00fa para Barba y Bigote SYS\u00a0ha sido formulado con cal\u00e9ndula, aloe vera y pantenol. Un producto para el\u00a0","robots":{"index":"index","follow":"follow","max-snippet":"max-snippet:-1","max-image-preview":"max-image-preview:large","max-video-preview":"max-video-preview:-1"},"canonical":"https:\/\/www.mentaymora.com\/index.php\/producto\/champu-natural-para-barba-300ml\/","og_locale":"es_ES","og_type":"article","og_title":"Champ\u00fa Natural para Barba 300ml - Menta y Mora - Regalos y...","og_description":"Champ\u00fa Natural para Barba 300ml Champ\u00fa para Barba y Bigote SYS\u00a0ha sido formulado con cal\u00e9ndula, aloe vera y pantenol. Un producto para el\u00a0","og_url":"https:\/\/www.mentaymora.com\/index.php\/producto\/champu-natural-para-barba-300ml\/","og_site_name":"Menta y Mora","article_publisher":"https:\/\/es-es.facebook.com\/MentayMora\/","article_modified_time":"2022-10-31T17:40:03+00:00","og_image":[{"width":600,"height":600,"url":"https:\/\/www.mentaymora.com\/wp-content\/uploads\/2022\/06\/Champu-Barba-SyS.jpg","type":"image\/jpeg"}],"twitter_card":"summary_large_image","twitter_misc":{"Tiempo de lectura":"2 minutos"},"schema":{"@context":"https:\/\/schema.org","@graph":[{"@type":"WebPage","@id":"https:\/\/www.mentaymora.com\/index.php\/producto\/champu-natural-para-barba-300ml\/","url":"https:\/\/www.mentaymora.com\/index.php\/producto\/champu-natural-para-barba-300ml\/","name":"Champ\u00fa Natural para Barba 300ml - Menta y Mora - Regalos y...","isPartOf":{"@id":"https:\/\/www.mentaymora.com\/#website"},"primaryImageOfPage":{"@id":"https:\/\/www.mentaymora.com\/index.php\/producto\/champu-natural-para-barba-300ml\/#primaryimage"},"image":{"@id":"https:\/\/www.mentaymora.com\/index.php\/producto\/champu-natural-para-barba-300ml\/#primaryimage"},"thumbnailUrl":"https:\/\/www.mentaymora.com\/wp-content\/uploads\/2022\/06\/Champu-Barba-SyS.jpg","datePublished":"2022-06-13T17:25:05+00:00","dateModified":"2022-10-31T17:40:03+00:00","description":"Champ\u00fa Natural para Barba 300ml Champ\u00fa para Barba y Bigote SYS\u00a0ha sido formulado con cal\u00e9ndula, aloe vera y pantenol. Un producto para el\u00a0","breadcrumb":{"@id":"https:\/\/www.mentaymora.com\/index.php\/producto\/champu-natural-para-barba-300ml\/#breadcrumb"},"inLanguage":"es","potentialAction":[{"@type":"ReadAction","target":["https:\/\/www.mentaymora.com\/index.php\/producto\/champu-natural-para-barba-300ml\/"]}]},{"@type":"ImageObject","inLanguage":"es","@id":"https:\/\/www.mentaymora.com\/index.php\/producto\/champu-natural-para-barba-300ml\/#primaryimage","url":"https:\/\/www.mentaymora.com\/wp-content\/uploads\/2022\/06\/Champu-Barba-SyS.jpg","contentUrl":"https:\/\/www.mentaymora.com\/wp-content\/uploads\/2022\/06\/Champu-Barba-SyS.jpg","width":600,"height":600,"caption":"Champu Barba SyS"},{"@type":"BreadcrumbList","@id":"https:\/\/www.mentaymora.com\/index.php\/producto\/champu-natural-para-barba-300ml\/#breadcrumb","itemListElement":[{"@type":"ListItem","position":1,"name":"Portada","item":"https:\/\/www.mentaymora.com\/"},{"@type":"ListItem","position":2,"name":"Productos","item":"https:\/\/www.mentaymora.com\/index.php\/tienda\/"},{"@type":"ListItem","position":3,"name":"Champ\u00fa Natural para Barba 300ml"}]},{"@type":"WebSite","@id":"https:\/\/www.mentaymora.com\/#website","url":"https:\/\/www.mentaymora.com\/","name":"Menta y Mora","description":"Regalos y Complementos","publisher":{"@id":"https:\/\/www.mentaymora.com\/#organization"},"potentialAction":[{"@type":"SearchAction","target":{"@type":"EntryPoint","urlTemplate":"https:\/\/www.mentaymora.com\/?s={search_term_string}"},"query-input":{"@type":"PropertyValueSpecification","valueRequired":true,"valueName":"search_term_string"}}],"inLanguage":"es"},{"@type":"Organization","@id":"https:\/\/www.mentaymora.com\/#organization","name":"Menta y Mora","url":"https:\/\/www.mentaymora.com\/","logo":{"@type":"ImageObject","inLanguage":"es","@id":"https:\/\/www.mentaymora.com\/#\/schema\/logo\/image\/","url":"https:\/\/www.mentaymora.com\/wp-content\/uploads\/2021\/07\/Logo.jpg","contentUrl":"https:\/\/www.mentaymora.com\/wp-content\/uploads\/2021\/07\/Logo.jpg","width":1172,"height":1172,"caption":"Menta y Mora"},"image":{"@id":"https:\/\/www.mentaymora.com\/#\/schema\/logo\/image\/"},"sameAs":["https:\/\/es-es.facebook.com\/MentayMora\/","https:\/\/www.instagram.com\/mentaymora.illescas\/?hl=es","https:\/\/www.youtube.com\/channel\/UCuMMtdck_1XS-MyW6ZnBAlw"]}]}},"_links":{"self":[{"href":"https:\/\/www.mentaymora.com\/index.php\/wp-json\/wp\/v2\/product\/9120","targetHints":{"allow":["GET"]}}],"collection":[{"href":"https:\/\/www.mentaymora.com\/index.php\/wp-json\/wp\/v2\/product"}],"about":[{"href":"https:\/\/www.mentaymora.com\/index.php\/wp-json\/wp\/v2\/types\/product"}],"replies":[{"embeddable":true,"href":"https:\/\/www.mentaymora.com\/index.php\/wp-json\/wp\/v2\/comments?post=9120"}],"wp:featuredmedia":[{"embeddable":true,"href":"https:\/\/www.mentaymora.com\/index.php\/wp-json\/wp\/v2\/media\/9126"}],"wp:attachment":[{"href":"https:\/\/www.mentaymora.com\/index.php\/wp-json\/wp\/v2\/media?parent=9120"}],"wp:term":[{"taxonomy":"product_brand","embeddable":true,"href":"https:\/\/www.mentaymora.com\/index.php\/wp-json\/wp\/v2\/product_brand?post=9120"},{"taxonomy":"product_cat","embeddable":true,"href":"https:\/\/www.mentaymora.com\/index.php\/wp-json\/wp\/v2\/product_cat?post=9120"},{"taxonomy":"product_tag","embeddable":true,"href":"https:\/\/www.mentaymora.com\/index.php\/wp-json\/wp\/v2\/product_tag?post=9120"}],"curies":[{"name":"wp","href":"https:\/\/api.w.org\/{rel}","templated":true}]}}