{"id":9322,"date":"2022-07-20T07:31:44","date_gmt":"2022-07-20T06:31:44","guid":{"rendered":"https:\/\/www.mentaymora.com\/?post_type=product&#038;p=9322"},"modified":"2025-08-07T12:58:57","modified_gmt":"2025-08-07T11:58:57","slug":"milano-brumizador-ultrasonico-c-bateria","status":"publish","type":"product","link":"https:\/\/www.mentaymora.com\/index.php\/producto\/milano-brumizador-ultrasonico-c-bateria\/","title":{"rendered":"Milano &#8211; Brumizador Ultras\u00f3nico c\/bater\u00eda"},"content":{"rendered":"<p>Milano &#8211; Brumizador Ultras\u00f3nico c\/bater\u00eda<\/p>\n<p>Difusor <strong>port\u00e1til<\/strong> con mango de cuero.<\/p>\n<p>Un verdadero concentrado de tecnolog\u00eda, el Milano tiene muchas ventajas para un difusor excepcional: n\u00f3mada inal\u00e1mbrico y funci\u00f3n de linterna para uso interior y exterior.<\/p>\n<p>Su bater\u00eda integrada le otorga hasta <strong><u>20 horas<\/u><\/strong> de transmisi\u00f3n <strong>inal\u00e1mbrica<\/strong>, combinando autonom\u00eda, tama\u00f1o reducido y eficiencia.<\/p>\n<p>Su asa de cuero y su carcasa a prueba de golpes te permiten usarlo donde quieras, cuando quieras.<\/p>\n<p>Otro activo importante, el Milano ofrece 2 modos de difusi\u00f3n (continua o alterna) y 2 modos de iluminaci\u00f3n (efecto farol o resplandor de vela). La difusi\u00f3n y la iluminaci\u00f3n se pueden seleccionar por separado.<\/p>\n<ul>\n<li><strong><u>Puntos fuertes:<\/u><\/strong><\/li>\n<\/ul>\n<p><strong>&#8211; Capacidad 160 ml.<\/strong><\/p>\n<p><strong>&#8211; 6 HORAS DE DIFUSI\u00d3N. <\/strong><\/p>\n<p><strong>&#8211; Tiempo de carga de la bater\u00eda. 4 horas. <\/strong><\/p>\n<p><strong>&#8211; Difusi\u00f3n hasta 40 m\u00b2.<\/strong><\/p>\n<p>&#8211; Difusi\u00f3n continua o alterna.\u00a0 Pulsar Bot\u00f3n (1 vez \u2013 FIJO \/ 2\u00aa vez &#8211; ALTERNA\/ 3\u00aa vez APAGADO)<\/p>\n<p>&#8211;\u00a0 Asa de cuero para mayor movilidad.<\/p>\n<p><strong>&#8211; \u00a0Inal\u00e1mbrico con bater\u00eda incorporada.<\/strong><\/p>\n<p>&#8211;\u00a0 Carcasa de metal cortado con l\u00e1ser con un acabado perfecto.<\/p>\n<ul>\n<li><strong><u>Caracter\u00edsticas t\u00e9cnicas<\/u><\/strong><\/li>\n<\/ul>\n<p>Di\u00e1metro: 17 cm<\/p>\n<p>Dimensiones: H21cm<\/p>\n<p>Material: PP y PBT<\/p>\n<p>Contenido: un difusor, un cable USB.<\/p>\n<p>Milano &#8211; Brumizador Ultras\u00f3nico c\/bater\u00eda<\/p>\n<p>Recuerda visitar <a href=\"https:\/\/www.mentaymora.com\/\">Menta y Mora<\/a>\u00a0para ambientar tu hogar.<\/p>\n<p>S\u00edguenos en nuestras RRSS (<a href=\"https:\/\/es-es.facebook.com\/MentayMora\/\">Facebook<\/a>\u00a0e\u00a0<a href=\"https:\/\/www.instagram.com\/mentaymora.illescas\/?hl=es\">Instagram<\/a>)<\/p>\n<p>Si tienes alguna consulta,\u00a0<a href=\"mailto:%20info@mentaymora.com\">preg\u00fantanos<\/a>.<\/p>\n","protected":false},"excerpt":{"rendered":"<p>Difusor <strong>port\u00e1til<\/strong> con mango de cuero.<\/p>\n<p><strong>&#8211; Capacidad 160 ml.<\/strong><\/p>\n<p><strong>&#8211; 6 HORAS DE DIFUSI\u00d3N. <\/strong><\/p>\n<p><strong>&#8211; Tiempo de carga de la bater\u00eda. 4 horas. <\/strong><\/p>\n<p><strong>&#8211; Difusi\u00f3n hasta 40 m\u00b2.<\/strong><\/p>\n<p>&#8211; Difusi\u00f3n cont\u00ednua o alterna.\u00a0 Pulsar Bot\u00f3n (1 vez \u2013 FIJO \/ 2\u00aa vez &#8211; ALTERNA\/ 3\u00aa vez APAGADO)<\/p>\n<p>&#8211;\u00a0 Asa de cuero para mayor movilidad.<\/p>\n<p><strong>&#8211; \u00a0Inal\u00e1mbrico con bater\u00eda incorporada.<\/strong><\/p>\n<p>&#8211;\u00a0 Carcasa de metal cortado con l\u00e1ser con un acabado perfecto.<\/p>\n","protected":false},"featured_media":9327,"comment_status":"open","ping_status":"closed","template":"","meta":{"_acf_changed":false,"_joinchat":[]},"product_brand":[],"product_cat":[1065],"product_tag":[1133,325,1066,1132],"class_list":{"0":"post-9322","1":"product","2":"type-product","3":"status-publish","4":"has-post-thumbnail","6":"product_cat-difusores-y-quemadores","7":"product_tag-bateria","8":"product_tag-brumizadores","9":"product_tag-difusores","10":"product_tag-milano","11":"latest_post","13":"first","14":"instock","15":"taxable","16":"shipping-taxable","17":"purchasable","18":"product-type-simple"},"acf":[],"yoast_head":"<!-- This site is optimized with the Yoast SEO plugin v27.4 - https:\/\/yoast.com\/product\/yoast-seo-wordpress\/ -->\n<title>Milano - Brumizador Ultras\u00f3nico c\/bater\u00eda - Menta y Mora<\/title>\n<meta name=\"description\" content=\"Milano - Brumizador Ultras\u00f3nico c\/bater\u00eda Difusor port\u00e1til con mango de cuero. Un verdadero concentrado de tecnolog\u00eda, el Milano tiene muchas\" \/>\n<meta name=\"robots\" content=\"index, follow, max-snippet:-1, max-image-preview:large, max-video-preview:-1\" \/>\n<link rel=\"canonical\" href=\"https:\/\/www.mentaymora.com\/index.php\/producto\/milano-brumizador-ultrasonico-c-bateria\/\" \/>\n<meta property=\"og:locale\" content=\"es_ES\" \/>\n<meta property=\"og:type\" content=\"article\" \/>\n<meta property=\"og:title\" content=\"Milano - Brumizador Ultras\u00f3nico c\/bater\u00eda - Menta y Mora\" \/>\n<meta property=\"og:description\" content=\"Milano - Brumizador Ultras\u00f3nico c\/bater\u00eda Difusor port\u00e1til con mango de cuero. Un verdadero concentrado de tecnolog\u00eda, el Milano tiene muchas\" \/>\n<meta property=\"og:url\" content=\"https:\/\/www.mentaymora.com\/index.php\/producto\/milano-brumizador-ultrasonico-c-bateria\/\" \/>\n<meta property=\"og:site_name\" content=\"Menta y Mora\" \/>\n<meta property=\"article:publisher\" content=\"https:\/\/es-es.facebook.com\/MentayMora\/\" \/>\n<meta property=\"article:modified_time\" content=\"2025-08-07T11:58:57+00:00\" \/>\n<meta property=\"og:image\" content=\"https:\/\/www.mentaymora.com\/wp-content\/uploads\/2022\/07\/Milano-Difusor.jpg\" \/>\n\t<meta property=\"og:image:width\" content=\"600\" \/>\n\t<meta property=\"og:image:height\" content=\"600\" \/>\n\t<meta property=\"og:image:type\" content=\"image\/jpeg\" \/>\n<meta name=\"twitter:card\" content=\"summary_large_image\" \/>\n<meta name=\"twitter:label1\" content=\"Tiempo de lectura\" \/>\n\t<meta name=\"twitter:data1\" content=\"2 minutos\" \/>\n<script type=\"application\/ld+json\" class=\"yoast-schema-graph\">{\"@context\":\"https:\\\/\\\/schema.org\",\"@graph\":[{\"@type\":\"WebPage\",\"@id\":\"https:\\\/\\\/www.mentaymora.com\\\/index.php\\\/producto\\\/milano-brumizador-ultrasonico-c-bateria\\\/\",\"url\":\"https:\\\/\\\/www.mentaymora.com\\\/index.php\\\/producto\\\/milano-brumizador-ultrasonico-c-bateria\\\/\",\"name\":\"Milano - Brumizador Ultras\u00f3nico c\\\/bater\u00eda - Menta y Mora\",\"isPartOf\":{\"@id\":\"https:\\\/\\\/www.mentaymora.com\\\/#website\"},\"primaryImageOfPage\":{\"@id\":\"https:\\\/\\\/www.mentaymora.com\\\/index.php\\\/producto\\\/milano-brumizador-ultrasonico-c-bateria\\\/#primaryimage\"},\"image\":{\"@id\":\"https:\\\/\\\/www.mentaymora.com\\\/index.php\\\/producto\\\/milano-brumizador-ultrasonico-c-bateria\\\/#primaryimage\"},\"thumbnailUrl\":\"https:\\\/\\\/www.mentaymora.com\\\/wp-content\\\/uploads\\\/2022\\\/07\\\/Milano-Difusor.jpg\",\"datePublished\":\"2022-07-20T06:31:44+00:00\",\"dateModified\":\"2025-08-07T11:58:57+00:00\",\"description\":\"Milano - Brumizador Ultras\u00f3nico c\\\/bater\u00eda Difusor port\u00e1til con mango de cuero. Un verdadero concentrado de tecnolog\u00eda, el Milano tiene muchas\",\"breadcrumb\":{\"@id\":\"https:\\\/\\\/www.mentaymora.com\\\/index.php\\\/producto\\\/milano-brumizador-ultrasonico-c-bateria\\\/#breadcrumb\"},\"inLanguage\":\"es\",\"potentialAction\":[{\"@type\":\"ReadAction\",\"target\":[\"https:\\\/\\\/www.mentaymora.com\\\/index.php\\\/producto\\\/milano-brumizador-ultrasonico-c-bateria\\\/\"]}]},{\"@type\":\"ImageObject\",\"inLanguage\":\"es\",\"@id\":\"https:\\\/\\\/www.mentaymora.com\\\/index.php\\\/producto\\\/milano-brumizador-ultrasonico-c-bateria\\\/#primaryimage\",\"url\":\"https:\\\/\\\/www.mentaymora.com\\\/wp-content\\\/uploads\\\/2022\\\/07\\\/Milano-Difusor.jpg\",\"contentUrl\":\"https:\\\/\\\/www.mentaymora.com\\\/wp-content\\\/uploads\\\/2022\\\/07\\\/Milano-Difusor.jpg\",\"width\":600,\"height\":600,\"caption\":\"Milano Difusor\"},{\"@type\":\"BreadcrumbList\",\"@id\":\"https:\\\/\\\/www.mentaymora.com\\\/index.php\\\/producto\\\/milano-brumizador-ultrasonico-c-bateria\\\/#breadcrumb\",\"itemListElement\":[{\"@type\":\"ListItem\",\"position\":1,\"name\":\"Portada\",\"item\":\"https:\\\/\\\/www.mentaymora.com\\\/\"},{\"@type\":\"ListItem\",\"position\":2,\"name\":\"Productos\",\"item\":\"https:\\\/\\\/www.mentaymora.com\\\/index.php\\\/tienda\\\/\"},{\"@type\":\"ListItem\",\"position\":3,\"name\":\"Milano &#8211; Brumizador Ultras\u00f3nico c\\\/bater\u00eda\"}]},{\"@type\":\"WebSite\",\"@id\":\"https:\\\/\\\/www.mentaymora.com\\\/#website\",\"url\":\"https:\\\/\\\/www.mentaymora.com\\\/\",\"name\":\"Menta y Mora\",\"description\":\"Regalos y Complementos\",\"publisher\":{\"@id\":\"https:\\\/\\\/www.mentaymora.com\\\/#organization\"},\"potentialAction\":[{\"@type\":\"SearchAction\",\"target\":{\"@type\":\"EntryPoint\",\"urlTemplate\":\"https:\\\/\\\/www.mentaymora.com\\\/?s={search_term_string}\"},\"query-input\":{\"@type\":\"PropertyValueSpecification\",\"valueRequired\":true,\"valueName\":\"search_term_string\"}}],\"inLanguage\":\"es\"},{\"@type\":\"Organization\",\"@id\":\"https:\\\/\\\/www.mentaymora.com\\\/#organization\",\"name\":\"Menta y Mora\",\"url\":\"https:\\\/\\\/www.mentaymora.com\\\/\",\"logo\":{\"@type\":\"ImageObject\",\"inLanguage\":\"es\",\"@id\":\"https:\\\/\\\/www.mentaymora.com\\\/#\\\/schema\\\/logo\\\/image\\\/\",\"url\":\"https:\\\/\\\/www.mentaymora.com\\\/wp-content\\\/uploads\\\/2021\\\/07\\\/Logo.jpg\",\"contentUrl\":\"https:\\\/\\\/www.mentaymora.com\\\/wp-content\\\/uploads\\\/2021\\\/07\\\/Logo.jpg\",\"width\":1172,\"height\":1172,\"caption\":\"Menta y Mora\"},\"image\":{\"@id\":\"https:\\\/\\\/www.mentaymora.com\\\/#\\\/schema\\\/logo\\\/image\\\/\"},\"sameAs\":[\"https:\\\/\\\/es-es.facebook.com\\\/MentayMora\\\/\",\"https:\\\/\\\/www.instagram.com\\\/mentaymora.illescas\\\/?hl=es\",\"https:\\\/\\\/www.youtube.com\\\/channel\\\/UCuMMtdck_1XS-MyW6ZnBAlw\"]}]}<\/script>\n<!-- \/ Yoast SEO plugin. -->","yoast_head_json":{"title":"Milano - Brumizador Ultras\u00f3nico c\/bater\u00eda - Menta y Mora","description":"Milano - Brumizador Ultras\u00f3nico c\/bater\u00eda Difusor port\u00e1til con mango de cuero. Un verdadero concentrado de tecnolog\u00eda, el Milano tiene muchas","robots":{"index":"index","follow":"follow","max-snippet":"max-snippet:-1","max-image-preview":"max-image-preview:large","max-video-preview":"max-video-preview:-1"},"canonical":"https:\/\/www.mentaymora.com\/index.php\/producto\/milano-brumizador-ultrasonico-c-bateria\/","og_locale":"es_ES","og_type":"article","og_title":"Milano - Brumizador Ultras\u00f3nico c\/bater\u00eda - Menta y Mora","og_description":"Milano - Brumizador Ultras\u00f3nico c\/bater\u00eda Difusor port\u00e1til con mango de cuero. Un verdadero concentrado de tecnolog\u00eda, el Milano tiene muchas","og_url":"https:\/\/www.mentaymora.com\/index.php\/producto\/milano-brumizador-ultrasonico-c-bateria\/","og_site_name":"Menta y Mora","article_publisher":"https:\/\/es-es.facebook.com\/MentayMora\/","article_modified_time":"2025-08-07T11:58:57+00:00","og_image":[{"width":600,"height":600,"url":"https:\/\/www.mentaymora.com\/wp-content\/uploads\/2022\/07\/Milano-Difusor.jpg","type":"image\/jpeg"}],"twitter_card":"summary_large_image","twitter_misc":{"Tiempo de lectura":"2 minutos"},"schema":{"@context":"https:\/\/schema.org","@graph":[{"@type":"WebPage","@id":"https:\/\/www.mentaymora.com\/index.php\/producto\/milano-brumizador-ultrasonico-c-bateria\/","url":"https:\/\/www.mentaymora.com\/index.php\/producto\/milano-brumizador-ultrasonico-c-bateria\/","name":"Milano - Brumizador Ultras\u00f3nico c\/bater\u00eda - Menta y Mora","isPartOf":{"@id":"https:\/\/www.mentaymora.com\/#website"},"primaryImageOfPage":{"@id":"https:\/\/www.mentaymora.com\/index.php\/producto\/milano-brumizador-ultrasonico-c-bateria\/#primaryimage"},"image":{"@id":"https:\/\/www.mentaymora.com\/index.php\/producto\/milano-brumizador-ultrasonico-c-bateria\/#primaryimage"},"thumbnailUrl":"https:\/\/www.mentaymora.com\/wp-content\/uploads\/2022\/07\/Milano-Difusor.jpg","datePublished":"2022-07-20T06:31:44+00:00","dateModified":"2025-08-07T11:58:57+00:00","description":"Milano - Brumizador Ultras\u00f3nico c\/bater\u00eda Difusor port\u00e1til con mango de cuero. Un verdadero concentrado de tecnolog\u00eda, el Milano tiene muchas","breadcrumb":{"@id":"https:\/\/www.mentaymora.com\/index.php\/producto\/milano-brumizador-ultrasonico-c-bateria\/#breadcrumb"},"inLanguage":"es","potentialAction":[{"@type":"ReadAction","target":["https:\/\/www.mentaymora.com\/index.php\/producto\/milano-brumizador-ultrasonico-c-bateria\/"]}]},{"@type":"ImageObject","inLanguage":"es","@id":"https:\/\/www.mentaymora.com\/index.php\/producto\/milano-brumizador-ultrasonico-c-bateria\/#primaryimage","url":"https:\/\/www.mentaymora.com\/wp-content\/uploads\/2022\/07\/Milano-Difusor.jpg","contentUrl":"https:\/\/www.mentaymora.com\/wp-content\/uploads\/2022\/07\/Milano-Difusor.jpg","width":600,"height":600,"caption":"Milano Difusor"},{"@type":"BreadcrumbList","@id":"https:\/\/www.mentaymora.com\/index.php\/producto\/milano-brumizador-ultrasonico-c-bateria\/#breadcrumb","itemListElement":[{"@type":"ListItem","position":1,"name":"Portada","item":"https:\/\/www.mentaymora.com\/"},{"@type":"ListItem","position":2,"name":"Productos","item":"https:\/\/www.mentaymora.com\/index.php\/tienda\/"},{"@type":"ListItem","position":3,"name":"Milano &#8211; Brumizador Ultras\u00f3nico c\/bater\u00eda"}]},{"@type":"WebSite","@id":"https:\/\/www.mentaymora.com\/#website","url":"https:\/\/www.mentaymora.com\/","name":"Menta y Mora","description":"Regalos y Complementos","publisher":{"@id":"https:\/\/www.mentaymora.com\/#organization"},"potentialAction":[{"@type":"SearchAction","target":{"@type":"EntryPoint","urlTemplate":"https:\/\/www.mentaymora.com\/?s={search_term_string}"},"query-input":{"@type":"PropertyValueSpecification","valueRequired":true,"valueName":"search_term_string"}}],"inLanguage":"es"},{"@type":"Organization","@id":"https:\/\/www.mentaymora.com\/#organization","name":"Menta y Mora","url":"https:\/\/www.mentaymora.com\/","logo":{"@type":"ImageObject","inLanguage":"es","@id":"https:\/\/www.mentaymora.com\/#\/schema\/logo\/image\/","url":"https:\/\/www.mentaymora.com\/wp-content\/uploads\/2021\/07\/Logo.jpg","contentUrl":"https:\/\/www.mentaymora.com\/wp-content\/uploads\/2021\/07\/Logo.jpg","width":1172,"height":1172,"caption":"Menta y Mora"},"image":{"@id":"https:\/\/www.mentaymora.com\/#\/schema\/logo\/image\/"},"sameAs":["https:\/\/es-es.facebook.com\/MentayMora\/","https:\/\/www.instagram.com\/mentaymora.illescas\/?hl=es","https:\/\/www.youtube.com\/channel\/UCuMMtdck_1XS-MyW6ZnBAlw"]}]}},"_links":{"self":[{"href":"https:\/\/www.mentaymora.com\/index.php\/wp-json\/wp\/v2\/product\/9322","targetHints":{"allow":["GET"]}}],"collection":[{"href":"https:\/\/www.mentaymora.com\/index.php\/wp-json\/wp\/v2\/product"}],"about":[{"href":"https:\/\/www.mentaymora.com\/index.php\/wp-json\/wp\/v2\/types\/product"}],"replies":[{"embeddable":true,"href":"https:\/\/www.mentaymora.com\/index.php\/wp-json\/wp\/v2\/comments?post=9322"}],"wp:featuredmedia":[{"embeddable":true,"href":"https:\/\/www.mentaymora.com\/index.php\/wp-json\/wp\/v2\/media\/9327"}],"wp:attachment":[{"href":"https:\/\/www.mentaymora.com\/index.php\/wp-json\/wp\/v2\/media?parent=9322"}],"wp:term":[{"taxonomy":"product_brand","embeddable":true,"href":"https:\/\/www.mentaymora.com\/index.php\/wp-json\/wp\/v2\/product_brand?post=9322"},{"taxonomy":"product_cat","embeddable":true,"href":"https:\/\/www.mentaymora.com\/index.php\/wp-json\/wp\/v2\/product_cat?post=9322"},{"taxonomy":"product_tag","embeddable":true,"href":"https:\/\/www.mentaymora.com\/index.php\/wp-json\/wp\/v2\/product_tag?post=9322"}],"curies":[{"name":"wp","href":"https:\/\/api.w.org\/{rel}","templated":true}]}}