{"id":9731,"date":"2022-10-02T17:52:00","date_gmt":"2022-10-02T16:52:00","guid":{"rendered":"https:\/\/www.mentaymora.com\/?post_type=product&#038;p=9731"},"modified":"2025-01-31T17:17:10","modified_gmt":"2025-01-31T16:17:10","slug":"vajilla-infantil-de-silicona-3pcs-gamberritos","status":"publish","type":"product","link":"https:\/\/www.mentaymora.com\/index.php\/producto\/vajilla-infantil-de-silicona-3pcs-gamberritos\/","title":{"rendered":"Vajilla Infantil de Silicona 3pcs &#8211; Gamberritos"},"content":{"rendered":"<p>Vajilla Infantil de Silicona 3pcs &#8211; Gamberritos<\/p>\n<p>Vajilla infantil de 3 piezas hecha en <strong>silicona<\/strong>. <strong>Recomendado +4m<\/strong><\/p>\n<p>Conjunto presentado <strong>en caja<\/strong> de acetato transparente con asa. <strong>Ideal para regalo<\/strong>.<\/p>\n<p>BPE Free. Antibacterias.<\/p>\n<ul>\n<li><span style=\"text-decoration: underline\"><strong>Recomendaciones generales:<\/strong><\/span>\n<ul>\n<li>Lavar con agua y jab\u00f3n antes del primer uso.<\/li>\n<li>No hervir para esterelizar.<\/li>\n<li>El ni\u00f1o debe usar este producto bajo supervisi\u00f3n de un adulto.<\/li>\n<li>Desechar en caso de deterioro.<\/li>\n<li>Comprobar la temperatura de los alimentos.<\/li>\n<li>No exponer a la luz solar ni fuentes de calor.<\/li>\n<li>Guardar en sitio limpio y seco.<\/li>\n<li>Apto para uso en el lavavajillas.<\/li>\n<li>Apto para uso en microondas.<\/li>\n<\/ul>\n<\/li>\n<\/ul>\n<p>Este producto cumple el Reglamento europeo (CE) 1935\/2004 y EN 14372:2005 (materiales en contacto con alimentos)<\/p>\n<p>Encuentra tu regalo en <a href=\"https:\/\/www.mentaymora.com\/\">Menta y Mora<\/a>\u00a0<\/p>\n<p>S\u00edguenos en nuestras RRSS (<a href=\"https:\/\/es-es.facebook.com\/MentayMora\/\">Facebook<\/a>\u00a0e\u00a0<a href=\"https:\/\/www.instagram.com\/mentaymora.illescas\/?hl=es\">Instagram<\/a>)<\/p>\n<p>Si tienes alguna consulta,\u00a0<a href=\"mailto:%20info@mentaymora.com\">preg\u00fantanos<\/a>.<\/p>\n","protected":false},"excerpt":{"rendered":"<p>Vajilla infantil de 3 piezas hecha en <strong>silicona<\/strong>. Consta de vaso, cuenco y cuchara. <strong>Recomendado +4m<\/strong><\/p>\n<p>Conjunto presentado <strong>en caja<\/strong> de acetato transparente con asa. <strong>Ideal para regalo<\/strong>.<\/p>\n<p>Consta de:<\/p>\n<ul>\n<li><strong>Vaso<\/strong> de <strong>silicona<\/strong> que ayudar\u00e1 a tu beb\u00e9 a beber sin miedo, a roturas o ca\u00eddas del vaso.<\/li>\n<li><strong>Plato<\/strong> con <strong>ventosa<\/strong> para bebes con succi\u00f3n de base completa, no se mover\u00e1 de donde la coloques y olv\u00eddate de vuelcos.<\/li>\n<li><strong>Cuchara<\/strong> <strong>anat\u00f3mica<\/strong> de aprendizaje para fomentar su autonom\u00eda.<\/li>\n<\/ul>\n<table style=\"border-collapse: collapse;width: 100%\">\n<tbody>\n<tr>\n<td style=\"width: 33.3333%\">\n<p><img fetchpriority=\"high\" decoding=\"async\" class=\"size-medium wp-image-9732\" title=\"Icono Eco Friendly\" src=\"https:\/\/www.mentaymora.com\/wp-content\/uploads\/2022\/10\/\u2014Pngtree\u2014circle-eco-friendly-with-leaf_7456311-300x300.png\" alt=\"Icono Eco Friendly\" width=\"300\" height=\"300\" srcset=\"https:\/\/www.mentaymora.com\/wp-content\/uploads\/2022\/10\/\u2014Pngtree\u2014circle-eco-friendly-with-leaf_7456311-300x300.png 300w, https:\/\/www.mentaymora.com\/wp-content\/uploads\/2022\/10\/\u2014Pngtree\u2014circle-eco-friendly-with-leaf_7456311-150x150.png 150w, https:\/\/www.mentaymora.com\/wp-content\/uploads\/2022\/10\/\u2014Pngtree\u2014circle-eco-friendly-with-leaf_7456311-100x100.png 100w, https:\/\/www.mentaymora.com\/wp-content\/uploads\/2022\/10\/\u2014Pngtree\u2014circle-eco-friendly-with-leaf_7456311.png 600w\" sizes=\"(max-width: 300px) 100vw, 300px\" \/><\/p>\n<\/td>\n<td style=\"width: 33.3333%\">\n<p><img decoding=\"async\" class=\"size-medium wp-image-9733\" title=\"BPA FREE Icono\" src=\"https:\/\/www.mentaymora.com\/wp-content\/uploads\/2022\/10\/pngwing.com-1-e1664729322635-300x264.png\" alt=\"BPA FREE Icono\" width=\"300\" height=\"264\" srcset=\"https:\/\/www.mentaymora.com\/wp-content\/uploads\/2022\/10\/pngwing.com-1-e1664729322635-300x264.png 300w, https:\/\/www.mentaymora.com\/wp-content\/uploads\/2022\/10\/pngwing.com-1-e1664729322635.png 532w\" sizes=\"(max-width: 300px) 100vw, 300px\" \/><\/p>\n<\/td>\n<td style=\"width: 33.3333%\">\n<p><img decoding=\"async\" class=\"size-medium wp-image-9734\" title=\"Icono Antibacteriano\" src=\"https:\/\/www.mentaymora.com\/wp-content\/uploads\/2022\/10\/1637_U1RVRElPIEtBVCAzNjktMzM-e1664729365603-300x300.jpg\" alt=\"Icono Antibacteriano\" width=\"300\" height=\"300\" srcset=\"https:\/\/www.mentaymora.com\/wp-content\/uploads\/2022\/10\/1637_U1RVRElPIEtBVCAzNjktMzM-e1664729365603-300x300.jpg 300w, https:\/\/www.mentaymora.com\/wp-content\/uploads\/2022\/10\/1637_U1RVRElPIEtBVCAzNjktMzM-e1664729365603-150x150.jpg 150w, https:\/\/www.mentaymora.com\/wp-content\/uploads\/2022\/10\/1637_U1RVRElPIEtBVCAzNjktMzM-e1664729365603-100x100.jpg 100w, https:\/\/www.mentaymora.com\/wp-content\/uploads\/2022\/10\/1637_U1RVRElPIEtBVCAzNjktMzM-e1664729365603.jpg 463w\" sizes=\"(max-width: 300px) 100vw, 300px\" \/><\/p>\n<\/td>\n<\/tr>\n<\/tbody>\n<\/table>\n","protected":false},"featured_media":10140,"comment_status":"open","ping_status":"closed","template":"","meta":{"_acf_changed":false,"_joinchat":[]},"product_brand":[],"product_cat":[1196],"product_tag":[852,1171],"class_list":{"0":"post-9731","1":"product","2":"type-product","3":"status-publish","4":"has-post-thumbnail","6":"product_cat-vajillas-de-silicona","7":"product_tag-infantil","8":"product_tag-vajilla","9":"latest_post","11":"first","12":"outofstock","13":"taxable","14":"shipping-taxable","15":"purchasable","16":"product-type-simple"},"acf":[],"yoast_head":"<!-- This site is optimized with the Yoast SEO plugin v27.4 - https:\/\/yoast.com\/product\/yoast-seo-wordpress\/ -->\n<title>Vajilla Infantil de Silicona 3pcs - Gamberritos - Menta y Mora<\/title>\n<meta name=\"description\" content=\"Vajilla Infantil de Silicona 3pcs - Gamberritos Vajilla infantil de 3 piezas hecha en silicona. Recomendado +4m Conjunto presentado en caja de acetato\" \/>\n<meta name=\"robots\" content=\"index, follow, max-snippet:-1, max-image-preview:large, max-video-preview:-1\" \/>\n<link rel=\"canonical\" href=\"https:\/\/www.mentaymora.com\/index.php\/producto\/vajilla-infantil-de-silicona-3pcs-gamberritos\/\" \/>\n<meta property=\"og:locale\" content=\"es_ES\" \/>\n<meta property=\"og:type\" content=\"article\" \/>\n<meta property=\"og:title\" content=\"Vajilla Infantil de Silicona 3pcs - Gamberritos - Menta y Mora\" \/>\n<meta property=\"og:description\" content=\"Vajilla Infantil de Silicona 3pcs - Gamberritos Vajilla infantil de 3 piezas hecha en silicona. Recomendado +4m Conjunto presentado en caja de acetato\" \/>\n<meta property=\"og:url\" content=\"https:\/\/www.mentaymora.com\/index.php\/producto\/vajilla-infantil-de-silicona-3pcs-gamberritos\/\" \/>\n<meta property=\"og:site_name\" content=\"Menta y Mora\" \/>\n<meta property=\"article:publisher\" content=\"https:\/\/es-es.facebook.com\/MentayMora\/\" \/>\n<meta property=\"article:modified_time\" content=\"2025-01-31T16:17:10+00:00\" \/>\n<meta property=\"og:image\" content=\"https:\/\/www.mentaymora.com\/wp-content\/uploads\/2022\/10\/10733-amarillo-e1669652563660.jpg\" \/>\n\t<meta property=\"og:image:width\" content=\"400\" \/>\n\t<meta property=\"og:image:height\" content=\"400\" \/>\n\t<meta property=\"og:image:type\" content=\"image\/jpeg\" \/>\n<meta name=\"twitter:card\" content=\"summary_large_image\" \/>\n<meta name=\"twitter:label1\" content=\"Tiempo de lectura\" \/>\n\t<meta name=\"twitter:data1\" content=\"1 minuto\" \/>\n<script type=\"application\/ld+json\" class=\"yoast-schema-graph\">{\"@context\":\"https:\\\/\\\/schema.org\",\"@graph\":[{\"@type\":\"WebPage\",\"@id\":\"https:\\\/\\\/www.mentaymora.com\\\/index.php\\\/producto\\\/vajilla-infantil-de-silicona-3pcs-gamberritos\\\/\",\"url\":\"https:\\\/\\\/www.mentaymora.com\\\/index.php\\\/producto\\\/vajilla-infantil-de-silicona-3pcs-gamberritos\\\/\",\"name\":\"Vajilla Infantil de Silicona 3pcs - Gamberritos - Menta y Mora\",\"isPartOf\":{\"@id\":\"https:\\\/\\\/www.mentaymora.com\\\/#website\"},\"primaryImageOfPage\":{\"@id\":\"https:\\\/\\\/www.mentaymora.com\\\/index.php\\\/producto\\\/vajilla-infantil-de-silicona-3pcs-gamberritos\\\/#primaryimage\"},\"image\":{\"@id\":\"https:\\\/\\\/www.mentaymora.com\\\/index.php\\\/producto\\\/vajilla-infantil-de-silicona-3pcs-gamberritos\\\/#primaryimage\"},\"thumbnailUrl\":\"https:\\\/\\\/www.mentaymora.com\\\/wp-content\\\/uploads\\\/2022\\\/10\\\/10733-amarillo-e1669652563660.jpg\",\"datePublished\":\"2022-10-02T16:52:00+00:00\",\"dateModified\":\"2025-01-31T16:17:10+00:00\",\"description\":\"Vajilla Infantil de Silicona 3pcs - Gamberritos Vajilla infantil de 3 piezas hecha en silicona. Recomendado +4m Conjunto presentado en caja de acetato\",\"breadcrumb\":{\"@id\":\"https:\\\/\\\/www.mentaymora.com\\\/index.php\\\/producto\\\/vajilla-infantil-de-silicona-3pcs-gamberritos\\\/#breadcrumb\"},\"inLanguage\":\"es\",\"potentialAction\":[{\"@type\":\"ReadAction\",\"target\":[\"https:\\\/\\\/www.mentaymora.com\\\/index.php\\\/producto\\\/vajilla-infantil-de-silicona-3pcs-gamberritos\\\/\"]}]},{\"@type\":\"ImageObject\",\"inLanguage\":\"es\",\"@id\":\"https:\\\/\\\/www.mentaymora.com\\\/index.php\\\/producto\\\/vajilla-infantil-de-silicona-3pcs-gamberritos\\\/#primaryimage\",\"url\":\"https:\\\/\\\/www.mentaymora.com\\\/wp-content\\\/uploads\\\/2022\\\/10\\\/10733-amarillo-e1669652563660.jpg\",\"contentUrl\":\"https:\\\/\\\/www.mentaymora.com\\\/wp-content\\\/uploads\\\/2022\\\/10\\\/10733-amarillo-e1669652563660.jpg\",\"width\":400,\"height\":400,\"caption\":\"10733 amarillo\"},{\"@type\":\"BreadcrumbList\",\"@id\":\"https:\\\/\\\/www.mentaymora.com\\\/index.php\\\/producto\\\/vajilla-infantil-de-silicona-3pcs-gamberritos\\\/#breadcrumb\",\"itemListElement\":[{\"@type\":\"ListItem\",\"position\":1,\"name\":\"Portada\",\"item\":\"https:\\\/\\\/www.mentaymora.com\\\/\"},{\"@type\":\"ListItem\",\"position\":2,\"name\":\"Productos\",\"item\":\"https:\\\/\\\/www.mentaymora.com\\\/index.php\\\/tienda\\\/\"},{\"@type\":\"ListItem\",\"position\":3,\"name\":\"Vajilla Infantil de Silicona 3pcs &#8211; Gamberritos\"}]},{\"@type\":\"WebSite\",\"@id\":\"https:\\\/\\\/www.mentaymora.com\\\/#website\",\"url\":\"https:\\\/\\\/www.mentaymora.com\\\/\",\"name\":\"Menta y Mora\",\"description\":\"Regalos y Complementos\",\"publisher\":{\"@id\":\"https:\\\/\\\/www.mentaymora.com\\\/#organization\"},\"potentialAction\":[{\"@type\":\"SearchAction\",\"target\":{\"@type\":\"EntryPoint\",\"urlTemplate\":\"https:\\\/\\\/www.mentaymora.com\\\/?s={search_term_string}\"},\"query-input\":{\"@type\":\"PropertyValueSpecification\",\"valueRequired\":true,\"valueName\":\"search_term_string\"}}],\"inLanguage\":\"es\"},{\"@type\":\"Organization\",\"@id\":\"https:\\\/\\\/www.mentaymora.com\\\/#organization\",\"name\":\"Menta y Mora\",\"url\":\"https:\\\/\\\/www.mentaymora.com\\\/\",\"logo\":{\"@type\":\"ImageObject\",\"inLanguage\":\"es\",\"@id\":\"https:\\\/\\\/www.mentaymora.com\\\/#\\\/schema\\\/logo\\\/image\\\/\",\"url\":\"https:\\\/\\\/www.mentaymora.com\\\/wp-content\\\/uploads\\\/2021\\\/07\\\/Logo.jpg\",\"contentUrl\":\"https:\\\/\\\/www.mentaymora.com\\\/wp-content\\\/uploads\\\/2021\\\/07\\\/Logo.jpg\",\"width\":1172,\"height\":1172,\"caption\":\"Menta y Mora\"},\"image\":{\"@id\":\"https:\\\/\\\/www.mentaymora.com\\\/#\\\/schema\\\/logo\\\/image\\\/\"},\"sameAs\":[\"https:\\\/\\\/es-es.facebook.com\\\/MentayMora\\\/\",\"https:\\\/\\\/www.instagram.com\\\/mentaymora.illescas\\\/?hl=es\",\"https:\\\/\\\/www.youtube.com\\\/channel\\\/UCuMMtdck_1XS-MyW6ZnBAlw\"]}]}<\/script>\n<!-- \/ Yoast SEO plugin. -->","yoast_head_json":{"title":"Vajilla Infantil de Silicona 3pcs - Gamberritos - Menta y Mora","description":"Vajilla Infantil de Silicona 3pcs - Gamberritos Vajilla infantil de 3 piezas hecha en silicona. Recomendado +4m Conjunto presentado en caja de acetato","robots":{"index":"index","follow":"follow","max-snippet":"max-snippet:-1","max-image-preview":"max-image-preview:large","max-video-preview":"max-video-preview:-1"},"canonical":"https:\/\/www.mentaymora.com\/index.php\/producto\/vajilla-infantil-de-silicona-3pcs-gamberritos\/","og_locale":"es_ES","og_type":"article","og_title":"Vajilla Infantil de Silicona 3pcs - Gamberritos - Menta y Mora","og_description":"Vajilla Infantil de Silicona 3pcs - Gamberritos Vajilla infantil de 3 piezas hecha en silicona. Recomendado +4m Conjunto presentado en caja de acetato","og_url":"https:\/\/www.mentaymora.com\/index.php\/producto\/vajilla-infantil-de-silicona-3pcs-gamberritos\/","og_site_name":"Menta y Mora","article_publisher":"https:\/\/es-es.facebook.com\/MentayMora\/","article_modified_time":"2025-01-31T16:17:10+00:00","og_image":[{"width":400,"height":400,"url":"https:\/\/www.mentaymora.com\/wp-content\/uploads\/2022\/10\/10733-amarillo-e1669652563660.jpg","type":"image\/jpeg"}],"twitter_card":"summary_large_image","twitter_misc":{"Tiempo de lectura":"1 minuto"},"schema":{"@context":"https:\/\/schema.org","@graph":[{"@type":"WebPage","@id":"https:\/\/www.mentaymora.com\/index.php\/producto\/vajilla-infantil-de-silicona-3pcs-gamberritos\/","url":"https:\/\/www.mentaymora.com\/index.php\/producto\/vajilla-infantil-de-silicona-3pcs-gamberritos\/","name":"Vajilla Infantil de Silicona 3pcs - Gamberritos - Menta y Mora","isPartOf":{"@id":"https:\/\/www.mentaymora.com\/#website"},"primaryImageOfPage":{"@id":"https:\/\/www.mentaymora.com\/index.php\/producto\/vajilla-infantil-de-silicona-3pcs-gamberritos\/#primaryimage"},"image":{"@id":"https:\/\/www.mentaymora.com\/index.php\/producto\/vajilla-infantil-de-silicona-3pcs-gamberritos\/#primaryimage"},"thumbnailUrl":"https:\/\/www.mentaymora.com\/wp-content\/uploads\/2022\/10\/10733-amarillo-e1669652563660.jpg","datePublished":"2022-10-02T16:52:00+00:00","dateModified":"2025-01-31T16:17:10+00:00","description":"Vajilla Infantil de Silicona 3pcs - Gamberritos Vajilla infantil de 3 piezas hecha en silicona. Recomendado +4m Conjunto presentado en caja de acetato","breadcrumb":{"@id":"https:\/\/www.mentaymora.com\/index.php\/producto\/vajilla-infantil-de-silicona-3pcs-gamberritos\/#breadcrumb"},"inLanguage":"es","potentialAction":[{"@type":"ReadAction","target":["https:\/\/www.mentaymora.com\/index.php\/producto\/vajilla-infantil-de-silicona-3pcs-gamberritos\/"]}]},{"@type":"ImageObject","inLanguage":"es","@id":"https:\/\/www.mentaymora.com\/index.php\/producto\/vajilla-infantil-de-silicona-3pcs-gamberritos\/#primaryimage","url":"https:\/\/www.mentaymora.com\/wp-content\/uploads\/2022\/10\/10733-amarillo-e1669652563660.jpg","contentUrl":"https:\/\/www.mentaymora.com\/wp-content\/uploads\/2022\/10\/10733-amarillo-e1669652563660.jpg","width":400,"height":400,"caption":"10733 amarillo"},{"@type":"BreadcrumbList","@id":"https:\/\/www.mentaymora.com\/index.php\/producto\/vajilla-infantil-de-silicona-3pcs-gamberritos\/#breadcrumb","itemListElement":[{"@type":"ListItem","position":1,"name":"Portada","item":"https:\/\/www.mentaymora.com\/"},{"@type":"ListItem","position":2,"name":"Productos","item":"https:\/\/www.mentaymora.com\/index.php\/tienda\/"},{"@type":"ListItem","position":3,"name":"Vajilla Infantil de Silicona 3pcs &#8211; Gamberritos"}]},{"@type":"WebSite","@id":"https:\/\/www.mentaymora.com\/#website","url":"https:\/\/www.mentaymora.com\/","name":"Menta y Mora","description":"Regalos y Complementos","publisher":{"@id":"https:\/\/www.mentaymora.com\/#organization"},"potentialAction":[{"@type":"SearchAction","target":{"@type":"EntryPoint","urlTemplate":"https:\/\/www.mentaymora.com\/?s={search_term_string}"},"query-input":{"@type":"PropertyValueSpecification","valueRequired":true,"valueName":"search_term_string"}}],"inLanguage":"es"},{"@type":"Organization","@id":"https:\/\/www.mentaymora.com\/#organization","name":"Menta y Mora","url":"https:\/\/www.mentaymora.com\/","logo":{"@type":"ImageObject","inLanguage":"es","@id":"https:\/\/www.mentaymora.com\/#\/schema\/logo\/image\/","url":"https:\/\/www.mentaymora.com\/wp-content\/uploads\/2021\/07\/Logo.jpg","contentUrl":"https:\/\/www.mentaymora.com\/wp-content\/uploads\/2021\/07\/Logo.jpg","width":1172,"height":1172,"caption":"Menta y Mora"},"image":{"@id":"https:\/\/www.mentaymora.com\/#\/schema\/logo\/image\/"},"sameAs":["https:\/\/es-es.facebook.com\/MentayMora\/","https:\/\/www.instagram.com\/mentaymora.illescas\/?hl=es","https:\/\/www.youtube.com\/channel\/UCuMMtdck_1XS-MyW6ZnBAlw"]}]}},"_links":{"self":[{"href":"https:\/\/www.mentaymora.com\/index.php\/wp-json\/wp\/v2\/product\/9731","targetHints":{"allow":["GET"]}}],"collection":[{"href":"https:\/\/www.mentaymora.com\/index.php\/wp-json\/wp\/v2\/product"}],"about":[{"href":"https:\/\/www.mentaymora.com\/index.php\/wp-json\/wp\/v2\/types\/product"}],"replies":[{"embeddable":true,"href":"https:\/\/www.mentaymora.com\/index.php\/wp-json\/wp\/v2\/comments?post=9731"}],"wp:featuredmedia":[{"embeddable":true,"href":"https:\/\/www.mentaymora.com\/index.php\/wp-json\/wp\/v2\/media\/10140"}],"wp:attachment":[{"href":"https:\/\/www.mentaymora.com\/index.php\/wp-json\/wp\/v2\/media?parent=9731"}],"wp:term":[{"taxonomy":"product_brand","embeddable":true,"href":"https:\/\/www.mentaymora.com\/index.php\/wp-json\/wp\/v2\/product_brand?post=9731"},{"taxonomy":"product_cat","embeddable":true,"href":"https:\/\/www.mentaymora.com\/index.php\/wp-json\/wp\/v2\/product_cat?post=9731"},{"taxonomy":"product_tag","embeddable":true,"href":"https:\/\/www.mentaymora.com\/index.php\/wp-json\/wp\/v2\/product_tag?post=9731"}],"curies":[{"name":"wp","href":"https:\/\/api.w.org\/{rel}","templated":true}]}}