{"id":9822,"date":"2022-10-08T18:20:58","date_gmt":"2022-10-08T17:20:58","guid":{"rendered":"https:\/\/www.mentaymora.com\/?post_type=product&#038;p=9822"},"modified":"2025-01-12T08:04:08","modified_gmt":"2025-01-12T07:04:08","slug":"bruma-rice-milk-peony-de-boles-dolor-50ml","status":"publish","type":"product","link":"https:\/\/www.mentaymora.com\/index.php\/producto\/bruma-rice-milk-peony-de-boles-dolor-50ml\/","title":{"rendered":"Bruma Rice Milk &#038; Peony de Boles d&#8217;olor &#8211; 50ml"},"content":{"rendered":"<p>Bruma Rice Milk &amp; Peony de Boles d&#8217;olor &#8211; 50ml<\/p>\n<p>Las brumas de ambiente de Boles d&#8217;olor son las mas indicadas para utilizar con los brumizadores y humidificadores de la marca.<\/p>\n<p>Estas brumas son Aceites Semi-Hidrosolubles, esto significa que una parte se mezcla con el agua para una perfecta difusi\u00f3n del aroma y una m\u00ednima parte forma una capa superficial sobre el agua que evita que el aroma se evapore en poco tiempo.<\/p>\n<p><strong>Instrucciones de Uso:<\/strong><\/p>\n<ul>\n<li>Llena el dep\u00f3sito de agua de tu unidad hasta la l\u00ednea de m\u00e1ximo.<\/li>\n<li>Pon las gotas necesarias en el agua:\n<ul>\n<li>Brumizador Essencials 400ml: hasta 6ml.<\/li>\n<li>Brumizador Essencials 600ml: hasta 8ml.<\/li>\n<li>Padma: hasta 3ml.<\/li>\n<li>EASY Woods: hasta 3ml.<\/li>\n<\/ul>\n<\/li>\n<li>Enchufa el aparato.<\/li>\n<li>Presiona el bot\u00f3n de encendido.<\/li>\n<li>Pon en marcha el temporizador si tu unidad cuenta con ello.<\/li>\n<\/ul>\n<p><strong>Nuestro truco:<\/strong> si eres valiente y te gusta innovar, recuerda que puedes mezclar diferentes brumas hasta conseguir un aroma personalizado. <em>\u00a1Pru\u00e9balo, es divertido!<\/em><\/p>\n<p><strong>Recomendaciones a tener en cuenta:<\/strong><\/p>\n<ul>\n<li>Mezclar preferiblemente con agua mineral.<\/li>\n<li>No dejar la bruma abierta, no se vaya a derramar.<\/li>\n<li>Col\u00f3cala lejos del alcance de los ni\u00f1os.<\/li>\n<li>Limpia r\u00e1pidamente cualquier gota derramada en la superficie para que no quede marca.<\/li>\n<\/ul>\n<p>S\u00f3lo te queda escoger una de sus cientos de aromas y disfrutar al m\u00e1ximo de su fragancia.<\/p>\n<p>Bruma Rice Milk &amp; Peony de Boles d&#8217;olor &#8211; 50ml<\/p>\n<p>Recuerda recomendar a\u00a0<a href=\"https:\/\/www.mentaymora.com\/\">Menta y Mora<\/a>\u00a0para ambientar tu hogar.<\/p>\n<p>S\u00edguenos en nuestras RRSS (<a href=\"https:\/\/es-es.facebook.com\/MentayMora\/\">Facebook<\/a>\u00a0e\u00a0<a href=\"https:\/\/www.instagram.com\/mentaymora.illescas\/?hl=es\">Instagram<\/a>)<\/p>\n<p>Si tienes alguna consulta,\u00a0<a href=\"mailto:%20info@mentaymora.com\">preg\u00fantanos<\/a>.<\/p>\n","protected":false},"excerpt":{"rendered":"<p>Contenido: 50 ml.<\/p>\n<p><em>Floral \u25cf Frutal<\/em><\/p>\n<p>Un perfume delicado, floral y cremoso. Rico y exuberante. Para dejar fuera de tu casa el invierno duro y riguroso y crear un jard\u00edn interior que huele a (expresa) abundancia, felicidad, optimismo, relax, seguridad y liberaci\u00f3n.<\/p>\n<p><strong>Notas de fragancia<\/strong><\/p>\n<ul>\n<li><strong>Salida:\u00a0<\/strong>Leche de Arroz, Lychee y Pimienta Rosa.<\/li>\n<li><strong>Coraz\u00f3n:\u00a0<\/strong>P\u00e9talos de Peonia, Rosa Damascena, Cerezo y Almendro.<\/li>\n<li><strong>Fondo:\u00a0<\/strong>Piel de Melocot\u00f3n, \u00c1mbar, Jazm\u00edn de Sambac y Vainilla<\/li>\n<\/ul>\n","protected":false},"featured_media":9824,"comment_status":"open","ping_status":"closed","template":"","meta":{"_acf_changed":false,"_joinchat":[]},"product_brand":[],"product_cat":[80,93,94,639],"product_tag":[53,91,54],"class_list":{"0":"post-9822","1":"product","2":"type-product","3":"status-publish","4":"has-post-thumbnail","6":"product_cat-boles-dolor","7":"product_cat-brumas","8":"product_cat-brumas-ambients-50ml","9":"product_cat-novedades-aromas","10":"product_tag-ambientador","11":"product_tag-bruma","12":"product_tag-floral","13":"latest_post","15":"first","16":"instock","17":"taxable","18":"shipping-taxable","19":"purchasable","20":"product-type-simple"},"acf":[],"yoast_head":"<!-- This site is optimized with the Yoast SEO plugin v27.4 - https:\/\/yoast.com\/product\/yoast-seo-wordpress\/ -->\n<title>Bruma Rice Milk &amp; Peony de Boles d&#039;olor - 50ml - Menta y Mora - Regalos y ...<\/title>\n<meta name=\"description\" content=\"Bruma Rice Milk &amp; Peony de Boles d&#039;olor - 50ml. Las brumas de ambiente de Boles d&#039;olor son las mas indicadas para utilizar con los brumizadores y\" \/>\n<meta name=\"robots\" content=\"noindex, follow\" \/>\n<meta property=\"og:locale\" content=\"es_ES\" \/>\n<meta property=\"og:type\" content=\"article\" \/>\n<meta property=\"og:title\" content=\"Bruma Rice Milk &amp; Peony de Boles d&#039;olor - 50ml - Menta y Mora - Regalos y ...\" \/>\n<meta property=\"og:description\" content=\"Bruma Rice Milk &amp; Peony de Boles d&#039;olor - 50ml. Las brumas de ambiente de Boles d&#039;olor son las mas indicadas para utilizar con los brumizadores y\" \/>\n<meta property=\"og:url\" content=\"https:\/\/www.mentaymora.com\/index.php\/producto\/bruma-rice-milk-peony-de-boles-dolor-50ml\/\" \/>\n<meta property=\"og:site_name\" content=\"Menta y Mora\" \/>\n<meta property=\"article:publisher\" content=\"https:\/\/es-es.facebook.com\/MentayMora\/\" \/>\n<meta property=\"article:modified_time\" content=\"2025-01-12T07:04:08+00:00\" \/>\n<meta property=\"og:image\" content=\"https:\/\/www.mentaymora.com\/wp-content\/uploads\/2022\/10\/Bruma-de-Ambiente-Ambients-Rice-Milk-Peony.jpg\" \/>\n\t<meta property=\"og:image:width\" content=\"600\" \/>\n\t<meta property=\"og:image:height\" content=\"600\" \/>\n\t<meta property=\"og:image:type\" content=\"image\/jpeg\" \/>\n<meta name=\"twitter:card\" content=\"summary_large_image\" \/>\n<meta name=\"twitter:label1\" content=\"Tiempo de lectura\" \/>\n\t<meta name=\"twitter:data1\" content=\"2 minutos\" \/>\n<script type=\"application\/ld+json\" class=\"yoast-schema-graph\">{\"@context\":\"https:\\\/\\\/schema.org\",\"@graph\":[{\"@type\":\"WebPage\",\"@id\":\"https:\\\/\\\/www.mentaymora.com\\\/index.php\\\/producto\\\/bruma-rice-milk-peony-de-boles-dolor-50ml\\\/\",\"url\":\"https:\\\/\\\/www.mentaymora.com\\\/index.php\\\/producto\\\/bruma-rice-milk-peony-de-boles-dolor-50ml\\\/\",\"name\":\"Bruma Rice Milk & Peony de Boles d'olor - 50ml - Menta y Mora - Regalos y ...\",\"isPartOf\":{\"@id\":\"https:\\\/\\\/www.mentaymora.com\\\/#website\"},\"primaryImageOfPage\":{\"@id\":\"https:\\\/\\\/www.mentaymora.com\\\/index.php\\\/producto\\\/bruma-rice-milk-peony-de-boles-dolor-50ml\\\/#primaryimage\"},\"image\":{\"@id\":\"https:\\\/\\\/www.mentaymora.com\\\/index.php\\\/producto\\\/bruma-rice-milk-peony-de-boles-dolor-50ml\\\/#primaryimage\"},\"thumbnailUrl\":\"https:\\\/\\\/www.mentaymora.com\\\/wp-content\\\/uploads\\\/2022\\\/10\\\/Bruma-de-Ambiente-Ambients-Rice-Milk-Peony.jpg\",\"datePublished\":\"2022-10-08T17:20:58+00:00\",\"dateModified\":\"2025-01-12T07:04:08+00:00\",\"description\":\"Bruma Rice Milk & Peony de Boles d'olor - 50ml. Las brumas de ambiente de Boles d'olor son las mas indicadas para utilizar con los brumizadores y\",\"breadcrumb\":{\"@id\":\"https:\\\/\\\/www.mentaymora.com\\\/index.php\\\/producto\\\/bruma-rice-milk-peony-de-boles-dolor-50ml\\\/#breadcrumb\"},\"inLanguage\":\"es\",\"potentialAction\":[{\"@type\":\"ReadAction\",\"target\":[\"https:\\\/\\\/www.mentaymora.com\\\/index.php\\\/producto\\\/bruma-rice-milk-peony-de-boles-dolor-50ml\\\/\"]}]},{\"@type\":\"ImageObject\",\"inLanguage\":\"es\",\"@id\":\"https:\\\/\\\/www.mentaymora.com\\\/index.php\\\/producto\\\/bruma-rice-milk-peony-de-boles-dolor-50ml\\\/#primaryimage\",\"url\":\"https:\\\/\\\/www.mentaymora.com\\\/wp-content\\\/uploads\\\/2022\\\/10\\\/Bruma-de-Ambiente-Ambients-Rice-Milk-Peony.jpg\",\"contentUrl\":\"https:\\\/\\\/www.mentaymora.com\\\/wp-content\\\/uploads\\\/2022\\\/10\\\/Bruma-de-Ambiente-Ambients-Rice-Milk-Peony.jpg\",\"width\":600,\"height\":600,\"caption\":\"Bruma de Ambiente Ambients Rice Milk Peony\"},{\"@type\":\"BreadcrumbList\",\"@id\":\"https:\\\/\\\/www.mentaymora.com\\\/index.php\\\/producto\\\/bruma-rice-milk-peony-de-boles-dolor-50ml\\\/#breadcrumb\",\"itemListElement\":[{\"@type\":\"ListItem\",\"position\":1,\"name\":\"Portada\",\"item\":\"https:\\\/\\\/www.mentaymora.com\\\/\"},{\"@type\":\"ListItem\",\"position\":2,\"name\":\"Productos\",\"item\":\"https:\\\/\\\/www.mentaymora.com\\\/index.php\\\/tienda\\\/\"},{\"@type\":\"ListItem\",\"position\":3,\"name\":\"Bruma Rice Milk &#038; Peony de Boles d&#8217;olor &#8211; 50ml\"}]},{\"@type\":\"WebSite\",\"@id\":\"https:\\\/\\\/www.mentaymora.com\\\/#website\",\"url\":\"https:\\\/\\\/www.mentaymora.com\\\/\",\"name\":\"Menta y Mora\",\"description\":\"Regalos y Complementos\",\"publisher\":{\"@id\":\"https:\\\/\\\/www.mentaymora.com\\\/#organization\"},\"potentialAction\":[{\"@type\":\"SearchAction\",\"target\":{\"@type\":\"EntryPoint\",\"urlTemplate\":\"https:\\\/\\\/www.mentaymora.com\\\/?s={search_term_string}\"},\"query-input\":{\"@type\":\"PropertyValueSpecification\",\"valueRequired\":true,\"valueName\":\"search_term_string\"}}],\"inLanguage\":\"es\"},{\"@type\":\"Organization\",\"@id\":\"https:\\\/\\\/www.mentaymora.com\\\/#organization\",\"name\":\"Menta y Mora\",\"url\":\"https:\\\/\\\/www.mentaymora.com\\\/\",\"logo\":{\"@type\":\"ImageObject\",\"inLanguage\":\"es\",\"@id\":\"https:\\\/\\\/www.mentaymora.com\\\/#\\\/schema\\\/logo\\\/image\\\/\",\"url\":\"https:\\\/\\\/www.mentaymora.com\\\/wp-content\\\/uploads\\\/2021\\\/07\\\/Logo.jpg\",\"contentUrl\":\"https:\\\/\\\/www.mentaymora.com\\\/wp-content\\\/uploads\\\/2021\\\/07\\\/Logo.jpg\",\"width\":1172,\"height\":1172,\"caption\":\"Menta y Mora\"},\"image\":{\"@id\":\"https:\\\/\\\/www.mentaymora.com\\\/#\\\/schema\\\/logo\\\/image\\\/\"},\"sameAs\":[\"https:\\\/\\\/es-es.facebook.com\\\/MentayMora\\\/\",\"https:\\\/\\\/www.instagram.com\\\/mentaymora.illescas\\\/?hl=es\",\"https:\\\/\\\/www.youtube.com\\\/channel\\\/UCuMMtdck_1XS-MyW6ZnBAlw\"]}]}<\/script>\n<!-- \/ Yoast SEO plugin. -->","yoast_head_json":{"title":"Bruma Rice Milk & Peony de Boles d'olor - 50ml - Menta y Mora - Regalos y ...","description":"Bruma Rice Milk & Peony de Boles d'olor - 50ml. Las brumas de ambiente de Boles d'olor son las mas indicadas para utilizar con los brumizadores y","robots":{"index":"noindex","follow":"follow"},"og_locale":"es_ES","og_type":"article","og_title":"Bruma Rice Milk & Peony de Boles d'olor - 50ml - Menta y Mora - Regalos y ...","og_description":"Bruma Rice Milk & Peony de Boles d'olor - 50ml. Las brumas de ambiente de Boles d'olor son las mas indicadas para utilizar con los brumizadores y","og_url":"https:\/\/www.mentaymora.com\/index.php\/producto\/bruma-rice-milk-peony-de-boles-dolor-50ml\/","og_site_name":"Menta y Mora","article_publisher":"https:\/\/es-es.facebook.com\/MentayMora\/","article_modified_time":"2025-01-12T07:04:08+00:00","og_image":[{"width":600,"height":600,"url":"https:\/\/www.mentaymora.com\/wp-content\/uploads\/2022\/10\/Bruma-de-Ambiente-Ambients-Rice-Milk-Peony.jpg","type":"image\/jpeg"}],"twitter_card":"summary_large_image","twitter_misc":{"Tiempo de lectura":"2 minutos"},"schema":{"@context":"https:\/\/schema.org","@graph":[{"@type":"WebPage","@id":"https:\/\/www.mentaymora.com\/index.php\/producto\/bruma-rice-milk-peony-de-boles-dolor-50ml\/","url":"https:\/\/www.mentaymora.com\/index.php\/producto\/bruma-rice-milk-peony-de-boles-dolor-50ml\/","name":"Bruma Rice Milk & Peony de Boles d'olor - 50ml - Menta y Mora - Regalos y ...","isPartOf":{"@id":"https:\/\/www.mentaymora.com\/#website"},"primaryImageOfPage":{"@id":"https:\/\/www.mentaymora.com\/index.php\/producto\/bruma-rice-milk-peony-de-boles-dolor-50ml\/#primaryimage"},"image":{"@id":"https:\/\/www.mentaymora.com\/index.php\/producto\/bruma-rice-milk-peony-de-boles-dolor-50ml\/#primaryimage"},"thumbnailUrl":"https:\/\/www.mentaymora.com\/wp-content\/uploads\/2022\/10\/Bruma-de-Ambiente-Ambients-Rice-Milk-Peony.jpg","datePublished":"2022-10-08T17:20:58+00:00","dateModified":"2025-01-12T07:04:08+00:00","description":"Bruma Rice Milk & Peony de Boles d'olor - 50ml. Las brumas de ambiente de Boles d'olor son las mas indicadas para utilizar con los brumizadores y","breadcrumb":{"@id":"https:\/\/www.mentaymora.com\/index.php\/producto\/bruma-rice-milk-peony-de-boles-dolor-50ml\/#breadcrumb"},"inLanguage":"es","potentialAction":[{"@type":"ReadAction","target":["https:\/\/www.mentaymora.com\/index.php\/producto\/bruma-rice-milk-peony-de-boles-dolor-50ml\/"]}]},{"@type":"ImageObject","inLanguage":"es","@id":"https:\/\/www.mentaymora.com\/index.php\/producto\/bruma-rice-milk-peony-de-boles-dolor-50ml\/#primaryimage","url":"https:\/\/www.mentaymora.com\/wp-content\/uploads\/2022\/10\/Bruma-de-Ambiente-Ambients-Rice-Milk-Peony.jpg","contentUrl":"https:\/\/www.mentaymora.com\/wp-content\/uploads\/2022\/10\/Bruma-de-Ambiente-Ambients-Rice-Milk-Peony.jpg","width":600,"height":600,"caption":"Bruma de Ambiente Ambients Rice Milk Peony"},{"@type":"BreadcrumbList","@id":"https:\/\/www.mentaymora.com\/index.php\/producto\/bruma-rice-milk-peony-de-boles-dolor-50ml\/#breadcrumb","itemListElement":[{"@type":"ListItem","position":1,"name":"Portada","item":"https:\/\/www.mentaymora.com\/"},{"@type":"ListItem","position":2,"name":"Productos","item":"https:\/\/www.mentaymora.com\/index.php\/tienda\/"},{"@type":"ListItem","position":3,"name":"Bruma Rice Milk &#038; Peony de Boles d&#8217;olor &#8211; 50ml"}]},{"@type":"WebSite","@id":"https:\/\/www.mentaymora.com\/#website","url":"https:\/\/www.mentaymora.com\/","name":"Menta y Mora","description":"Regalos y Complementos","publisher":{"@id":"https:\/\/www.mentaymora.com\/#organization"},"potentialAction":[{"@type":"SearchAction","target":{"@type":"EntryPoint","urlTemplate":"https:\/\/www.mentaymora.com\/?s={search_term_string}"},"query-input":{"@type":"PropertyValueSpecification","valueRequired":true,"valueName":"search_term_string"}}],"inLanguage":"es"},{"@type":"Organization","@id":"https:\/\/www.mentaymora.com\/#organization","name":"Menta y Mora","url":"https:\/\/www.mentaymora.com\/","logo":{"@type":"ImageObject","inLanguage":"es","@id":"https:\/\/www.mentaymora.com\/#\/schema\/logo\/image\/","url":"https:\/\/www.mentaymora.com\/wp-content\/uploads\/2021\/07\/Logo.jpg","contentUrl":"https:\/\/www.mentaymora.com\/wp-content\/uploads\/2021\/07\/Logo.jpg","width":1172,"height":1172,"caption":"Menta y Mora"},"image":{"@id":"https:\/\/www.mentaymora.com\/#\/schema\/logo\/image\/"},"sameAs":["https:\/\/es-es.facebook.com\/MentayMora\/","https:\/\/www.instagram.com\/mentaymora.illescas\/?hl=es","https:\/\/www.youtube.com\/channel\/UCuMMtdck_1XS-MyW6ZnBAlw"]}]}},"_links":{"self":[{"href":"https:\/\/www.mentaymora.com\/index.php\/wp-json\/wp\/v2\/product\/9822","targetHints":{"allow":["GET"]}}],"collection":[{"href":"https:\/\/www.mentaymora.com\/index.php\/wp-json\/wp\/v2\/product"}],"about":[{"href":"https:\/\/www.mentaymora.com\/index.php\/wp-json\/wp\/v2\/types\/product"}],"replies":[{"embeddable":true,"href":"https:\/\/www.mentaymora.com\/index.php\/wp-json\/wp\/v2\/comments?post=9822"}],"wp:featuredmedia":[{"embeddable":true,"href":"https:\/\/www.mentaymora.com\/index.php\/wp-json\/wp\/v2\/media\/9824"}],"wp:attachment":[{"href":"https:\/\/www.mentaymora.com\/index.php\/wp-json\/wp\/v2\/media?parent=9822"}],"wp:term":[{"taxonomy":"product_brand","embeddable":true,"href":"https:\/\/www.mentaymora.com\/index.php\/wp-json\/wp\/v2\/product_brand?post=9822"},{"taxonomy":"product_cat","embeddable":true,"href":"https:\/\/www.mentaymora.com\/index.php\/wp-json\/wp\/v2\/product_cat?post=9822"},{"taxonomy":"product_tag","embeddable":true,"href":"https:\/\/www.mentaymora.com\/index.php\/wp-json\/wp\/v2\/product_tag?post=9822"}],"curies":[{"name":"wp","href":"https:\/\/api.w.org\/{rel}","templated":true}]}}